{"id":932,"date":"2022-07-23T14:44:53","date_gmt":"2022-07-23T17:44:53","guid":{"rendered":"https:\/\/www.ufsm.br\/pet\/ciencia-da-computacao\/?page_id=932"},"modified":"2022-08-07T00:58:24","modified_gmt":"2022-08-07T03:58:24","slug":"nao-386","status":"publish","type":"page","link":"https:\/\/www.ufsm.br\/pet\/ciencia-da-computacao\/nao-386","title":{"rendered":"N\u00c3O"},"content":{"rendered":"\n\n\n<div class=\"wp-block-media-text alignwide is-stacked-on-mobile\" style=\"grid-template-columns:30% auto\"><figure class=\"wp-block-media-text__media\"><img fetchpriority=\"high\" decoding=\"async\" width=\"600\" height=\"600\" src=\"https:\/\/www.ufsm.br\/app\/uploads\/sites\/786\/2022\/05\/46.png\" alt=\"\" class=\"wp-image-631 size-full\" srcset=\"https:\/\/www.ufsm.br\/app\/uploads\/sites\/786\/2022\/05\/46.png 600w, https:\/\/www.ufsm.br\/app\/uploads\/sites\/786\/2022\/05\/46-300x300.png 300w, https:\/\/www.ufsm.br\/app\/uploads\/sites\/786\/2022\/05\/46-150x150.png 150w\" sizes=\"(max-width: 600px) 100vw, 600px\" \/><\/figure><div class=\"wp-block-media-text__content\">\n<p class=\"has-medium-font-size\">Ferva a \u00e1gua tratada por 5 minutos. Conte o tempo ap\u00f3s o in\u00edcio da fervura. O p\u00f3 deve ser misturado em \u00e1gua bem quente para evitar contamina\u00e7\u00e3o. Para isso, ap\u00f3s ferver, espere no m\u00e1ximo 15 minutos. N\u00e3o misture o p\u00f3 na \u00e1gua enquanto ela estiver fervendo, para evitar que ocorram mudan\u00e7as na composi\u00e7\u00e3o do leite.<\/p>\n<\/div><\/div>\n\n\n\n<p><span style=\"font-weight: 400\">Reconstitui\u00e7\u00e3o do leite para crian\u00e7as menores de 4 meses.<\/span><\/p>\n<p><b>Leite em p\u00f3 integral:<\/b><\/p>\n<p><span style=\"font-weight: 400\">1 colher das de sobremesa rasa para 100 ml de \u00e1gua.<\/span><\/p>\n<p><span style=\"font-weight: 400\">1 e 1\/2 colheres das de sobremesa rasa para 150 ml de \u00e1gua.<\/span><\/p>\n<p><span style=\"font-weight: 400\">2 colheres das de sobremesa rasa para 200 ml de \u00e1gua.<\/span><\/p>\n<p><span style=\"font-weight: 400\">Para preparar o leite em p\u00f3, ele deve ser dilu\u00eddo em pequena quantidade de \u00e1gua previamente fervida. Em seguida deve ser adicionado o restante da \u00e1gua.&nbsp;<\/span><\/p>\n\n\n\n<div class=\"wp-block-buttons is-content-justification-right is-layout-flex wp-container-core-buttons-is-layout-765c4724 wp-block-buttons-is-layout-flex\">\n<div class=\"wp-block-button\"><a class=\"wp-block-button__link\" href=\"https:\/\/www.ufsm.br\/pet\/ciencia-da-computacao\/voce-sabe-quais-cuidados-deve-ter-com-os-utensilios-utilizados-no-preparo-7\">Pr\u00f3xima pergunta<\/a><\/div>\n<\/div>\n\n\n\n\n\n<p><br> <\/p>\n\n\n<div class=\"wp-block-image\">\n<figure class=\"aligncenter size-full is-resized\"><img decoding=\"async\" src=\"https:\/\/www.ufsm.br\/app\/uploads\/sites\/786\/2023\/04\/cabecalho-12.jpg\" alt=\"\" class=\"wp-image-1283\" width=\"518\" height=\"99\" srcset=\"https:\/\/www.ufsm.br\/app\/uploads\/sites\/786\/2023\/04\/cabecalho-12.jpg 691w, https:\/\/www.ufsm.br\/app\/uploads\/sites\/786\/2023\/04\/cabecalho-12-300x57.jpg 300w\" sizes=\"(max-width: 518px) 100vw, 518px\" \/><\/figure>\n<\/div>\n\n\n<p class=\"has-text-align-right has-medium-font-size\"><a href=\"https:\/\/www.ufsm.br\/pet\/ciencia-da-computacao\/sumario\" data-type=\"URL\" data-id=\"https:\/\/www.ufsm.br\/pet\/ciencia-da-computacao\/sumario\">SUM\u00c1RIO<\/a><\/p>\n","protected":false},"excerpt":{"rendered":"<p>Ferva a \u00e1gua tratada por 5 minutos. Conte o tempo ap\u00f3s o in\u00edcio da fervura. O p\u00f3 deve ser misturado em \u00e1gua bem quente para evitar contamina\u00e7\u00e3o. Para isso, ap\u00f3s ferver, espere no m\u00e1ximo 15 minutos. N\u00e3o misture o p\u00f3 na \u00e1gua enquanto ela estiver fervendo, para evitar que ocorram mudan\u00e7as na composi\u00e7\u00e3o do leite. [&hellip;]<\/p>\n","protected":false},"author":4887,"featured_media":0,"parent":0,"menu_order":0,"comment_status":"closed","ping_status":"closed","template":"","meta":{"footnotes":""},"categories":[],"tags":[],"class_list":["post-932","page","type-page","status-publish","hentry"],"acf":[],"_links":{"self":[{"href":"https:\/\/www.ufsm.br\/pet\/ciencia-da-computacao\/wp-json\/wp\/v2\/pages\/932","targetHints":{"allow":["GET"]}}],"collection":[{"href":"https:\/\/www.ufsm.br\/pet\/ciencia-da-computacao\/wp-json\/wp\/v2\/pages"}],"about":[{"href":"https:\/\/www.ufsm.br\/pet\/ciencia-da-computacao\/wp-json\/wp\/v2\/types\/page"}],"author":[{"embeddable":true,"href":"https:\/\/www.ufsm.br\/pet\/ciencia-da-computacao\/wp-json\/wp\/v2\/users\/4887"}],"replies":[{"embeddable":true,"href":"https:\/\/www.ufsm.br\/pet\/ciencia-da-computacao\/wp-json\/wp\/v2\/comments?post=932"}],"version-history":[{"count":0,"href":"https:\/\/www.ufsm.br\/pet\/ciencia-da-computacao\/wp-json\/wp\/v2\/pages\/932\/revisions"}],"wp:attachment":[{"href":"https:\/\/www.ufsm.br\/pet\/ciencia-da-computacao\/wp-json\/wp\/v2\/media?parent=932"}],"wp:term":[{"taxonomy":"category","embeddable":true,"href":"https:\/\/www.ufsm.br\/pet\/ciencia-da-computacao\/wp-json\/wp\/v2\/categories?post=932"},{"taxonomy":"post_tag","embeddable":true,"href":"https:\/\/www.ufsm.br\/pet\/ciencia-da-computacao\/wp-json\/wp\/v2\/tags?post=932"}],"curies":[{"name":"wp","href":"https:\/\/api.w.org\/{rel}","templated":true}]}}