{"id":2,"date":"2019-05-14T15:59:30","date_gmt":"2019-05-14T18:59:30","guid":{"rendered":"https:\/\/www.ufsm.br\/laboratorios-larp\/?page_id=2"},"modified":"2020-10-02T10:56:09","modified_gmt":"2020-10-02T13:56:09","slug":"pagina-inicial","status":"publish","type":"page","link":"https:\/\/www.ufsm.br\/pet\/ciencias-agrarias\/","title":{"rendered":"P\u00e1gina inicial"},"content":{"rendered":"\t\t<div data-elementor-type=\"wp-post\" data-elementor-id=\"2\" class=\"elementor elementor-2\">\n\t\t\t\t\t\t<section class=\"elementor-section elementor-top-section elementor-element elementor-element-6e6b627 elementor-section-boxed elementor-section-height-default elementor-section-height-default\" data-id=\"6e6b627\" data-element_type=\"section\">\n\t\t\t\t\t\t<div class=\"elementor-container elementor-column-gap-default\">\n\t\t\t\t\t<div class=\"elementor-column elementor-col-100 elementor-top-column elementor-element elementor-element-e6a3f8d\" data-id=\"e6a3f8d\" data-element_type=\"column\">\n\t\t\t<div class=\"elementor-widget-wrap elementor-element-populated\">\n\t\t\t\t\t\t<div class=\"elementor-element elementor-element-e48e5ed elementor-widget elementor-widget-wp-widget-ufsm_noticias_widget\" data-id=\"e48e5ed\" data-element_type=\"widget\" data-widget_type=\"wp-widget-ufsm_noticias_widget.default\">\n\t\t\t\t<div class=\"elementor-widget-container\">\n\t\t\t<div id='ufsm-carousel-1775476973-995127321' class='carousel slide carousel-ufsm' data-bs-ride='carousel' aria-hidden='true'>\n    <div class='carousel-inner'>\n                    \n\n            <div class='carousel-item active' data-bs-interval='4000'>\n                                    <!-- Slider Image -->\n                    <img class='w-100'  style='max-height:250px; object-fit:cover;' alt=\"\" srcset=\"https:\/\/www.ufsm.br\/app\/uploads\/sites\/788\/2019\/05\/58616a20c5b84-300x199.jpg 300w, https:\/\/www.ufsm.br\/app\/uploads\/sites\/788\/2019\/05\/58616a20c5b84-1024x681.jpg 1024w, https:\/\/www.ufsm.br\/app\/uploads\/sites\/788\/2019\/05\/58616a20c5b84-768x511.jpg 768w, https:\/\/www.ufsm.br\/app\/uploads\/sites\/788\/2019\/05\/58616a20c5b84.jpg 1250w\">\n                \n                \n                                                            <\/div>\n                    <!-- Exibi Indicadores -->\n            <\/div>\n<\/div>\n<!-- Acessibilidade, apenas leitor de tela -->\n<ul class='visually-hidden'>\n    <li><a href='https:\/\/www.ufsm.br\/pet\/ciencias-agrarias\/2019\/05\/14\/banner1'>Banner1<\/a><\/li><\/ul>\n\t\t<\/div>\n\t\t\t\t<\/div>\n\t\t\t\t\t<\/div>\n\t\t<\/div>\n\t\t\t\t\t<\/div>\n\t\t<\/section>\n\t\t\t\t<section class=\"elementor-section elementor-top-section elementor-element elementor-element-31fda3f1 elementor-section-boxed elementor-section-height-default elementor-section-height-default\" data-id=\"31fda3f1\" data-element_type=\"section\">\n\t\t\t\t\t\t<div class=\"elementor-container elementor-column-gap-default\">\n\t\t\t\t\t<div class=\"elementor-column elementor-col-100 elementor-top-column elementor-element elementor-element-7c1b024\" data-id=\"7c1b024\" data-element_type=\"column\">\n\t\t\t<div class=\"elementor-widget-wrap elementor-element-populated\">\n\t\t\t\t\t\t<div class=\"elementor-element elementor-element-8d9b83a elementor-widget elementor-widget-heading\" data-id=\"8d9b83a\" data-element_type=\"widget\" data-widget_type=\"heading.default\">\n\t\t\t\t<div class=\"elementor-widget-container\">\n\t\t\t<h5 class=\"elementor-heading-title elementor-size-default\">Apresenta\u00e7\u00e3o<\/h5>\t\t<\/div>\n\t\t\t\t<\/div>\n\t\t\t\t<div class=\"elementor-element elementor-element-c8da605 elementor-widget elementor-widget-text-editor\" data-id=\"c8da605\" data-element_type=\"widget\" data-widget_type=\"text-editor.default\">\n\t\t\t\t<div class=\"elementor-widget-container\">\n\t\t\t\t\t\t\t<h3>O que \u00e9 o PET?<\/h3><p>\u00a0<\/p><p align=\"justify\">O Programa de Educa\u00e7\u00e3o Tutorial (PET) foi criado para apoiar atividades acad\u00eamicas que integram ensino, pesquisa e extens\u00e3o. Formado por grupos tutoriais de aprendizagem, o PET propicia aos alunos participantes, sob a orienta\u00e7\u00e3o de um tutor, a realiza\u00e7\u00e3o de atividades extracurriculares que complementem a forma\u00e7\u00e3o acad\u00eamica do estudante e atendam \u00e0s necessidades do pr\u00f3prio curso de gradua\u00e7\u00e3o. O estudante e o professor tutor recebem apoio financeiro de acordo com a Pol\u00edtica Nacional de Inicia\u00e7\u00e3o Cient\u00edfica.<\/p><p align=\"justify\"><strong>Objetivos<\/strong><\/p><p align=\"justify\">Contribuir para a eleva\u00e7\u00e3o da qualidade da forma\u00e7\u00e3o acad\u00eamica dos alunos de gradua\u00e7\u00e3o, tendo como estrat\u00e9gia o efeito multiplicador do petiano sobre os seus colegas estudantes da IES, principalmente aqueles do primeiro ano de gradua\u00e7\u00e3o.<\/p><p align=\"justify\"><strong>Estrat\u00e9gias<\/strong><\/p><p align=\"justify\">Quanto \u00e0s estrat\u00e9gias para a forma\u00e7\u00e3o diferenciada e qualificada dos estudantes est\u00e3o o est\u00edmulo ao esp\u00edrito cr\u00edtico, a atua\u00e7\u00e3o profissional pautada pela cidadania e pela fun\u00e7\u00e3o social da educa\u00e7\u00e3o superior bem como o est\u00edmulo da forma\u00e7\u00e3o de profissionais e docentes de elevada qualifica\u00e7\u00e3o t\u00e9cnica, cient\u00edfica, tecnol\u00f3gica e acad\u00eamica.<\/p>\t\t\t\t\t\t<\/div>\n\t\t\t\t<\/div>\n\t\t\t\t\t<\/div>\n\t\t<\/div>\n\t\t\t\t\t<\/div>\n\t\t<\/section>\n\t\t\t\t<section class=\"elementor-section elementor-top-section elementor-element elementor-element-95cfaa0 elementor-section-boxed elementor-section-height-default elementor-section-height-default\" data-id=\"95cfaa0\" data-element_type=\"section\">\n\t\t\t\t\t\t<div class=\"elementor-container elementor-column-gap-default\">\n\t\t\t\t\t<div class=\"elementor-column elementor-col-100 elementor-top-column elementor-element elementor-element-62177c6\" data-id=\"62177c6\" data-element_type=\"column\">\n\t\t\t<div class=\"elementor-widget-wrap elementor-element-populated\">\n\t\t\t\t\t\t<div class=\"elementor-element elementor-element-db29142 elementor-widget elementor-widget-heading\" data-id=\"db29142\" data-element_type=\"widget\" data-widget_type=\"heading.default\">\n\t\t\t\t<div class=\"elementor-widget-container\">\n\t\t\t<h5 class=\"elementor-heading-title elementor-size-default\">Utilidades<\/h5>\t\t<\/div>\n\t\t\t\t<\/div>\n\t\t\t\t\t<\/div>\n\t\t<\/div>\n\t\t\t\t\t<\/div>\n\t\t<\/section>\n\t\t\t\t<section class=\"elementor-section elementor-top-section elementor-element elementor-element-cbcbab1 elementor-section-boxed elementor-section-height-default elementor-section-height-default\" data-id=\"cbcbab1\" data-element_type=\"section\" data-settings=\"{&quot;background_background&quot;:&quot;classic&quot;}\">\n\t\t\t\t\t\t<div class=\"elementor-container elementor-column-gap-default\">\n\t\t\t\t\t<div class=\"elementor-column elementor-col-25 elementor-top-column elementor-element elementor-element-7ced7d9\" data-id=\"7ced7d9\" data-element_type=\"column\">\n\t\t\t<div class=\"elementor-widget-wrap elementor-element-populated\">\n\t\t\t\t\t\t<div class=\"elementor-element elementor-element-cb0c89a elementor-view-default elementor-position-top elementor-mobile-position-top elementor-widget elementor-widget-icon-box\" data-id=\"cb0c89a\" data-element_type=\"widget\" data-widget_type=\"icon-box.default\">\n\t\t\t\t<div class=\"elementor-widget-container\">\n\t\t\t\t\t<div class=\"elementor-icon-box-wrapper\">\n\n\t\t\t\t\t\t<div class=\"elementor-icon-box-icon\">\n\t\t\t\t<a href=\"https:\/\/www.ufsm.br\/pro-reitorias\/prograd\/pet\/ciencias-agrarias\/informacoes-gerais\/\" class=\"elementor-icon elementor-animation-bounce-in\" tabindex=\"-1\">\n\t\t\t\t<i aria-hidden=\"true\" class=\"fas fa-grin-hearts\"><\/i>\t\t\t\t<\/a>\n\t\t\t<\/div>\n\t\t\t\n\t\t\t\t\t\t<div class=\"elementor-icon-box-content\">\n\n\t\t\t\t\t\t\t\t\t<h3 class=\"elementor-icon-box-title\">\n\t\t\t\t\t\t<a href=\"https:\/\/www.ufsm.br\/pro-reitorias\/prograd\/pet\/ciencias-agrarias\/informacoes-gerais\/\" >\n\t\t\t\t\t\t\tSobre o PET\t\t\t\t\t\t<\/a>\n\t\t\t\t\t<\/h3>\n\t\t\t\t\n\t\t\t\t\n\t\t\t<\/div>\n\t\t\t\n\t\t<\/div>\n\t\t\t\t<\/div>\n\t\t\t\t<\/div>\n\t\t\t\t\t<\/div>\n\t\t<\/div>\n\t\t\t\t<div class=\"elementor-column elementor-col-25 elementor-top-column elementor-element elementor-element-1a42a37\" data-id=\"1a42a37\" data-element_type=\"column\">\n\t\t\t<div class=\"elementor-widget-wrap elementor-element-populated\">\n\t\t\t\t\t\t<div class=\"elementor-element elementor-element-a73846c elementor-view-default elementor-position-top elementor-mobile-position-top elementor-widget elementor-widget-icon-box\" data-id=\"a73846c\" data-element_type=\"widget\" data-widget_type=\"icon-box.default\">\n\t\t\t\t<div class=\"elementor-widget-container\">\n\t\t\t\t\t<div class=\"elementor-icon-box-wrapper\">\n\n\t\t\t\t\t\t<div class=\"elementor-icon-box-icon\">\n\t\t\t\t<a href=\"https:\/\/www.ufsm.br\/pro-reitorias\/prograd\/pet\/ciencias-agrarias\/integrantes\/\" class=\"elementor-icon elementor-animation-bounce-in\" tabindex=\"-1\">\n\t\t\t\t<i aria-hidden=\"true\" class=\"fas fa-people-carry\"><\/i>\t\t\t\t<\/a>\n\t\t\t<\/div>\n\t\t\t\n\t\t\t\t\t\t<div class=\"elementor-icon-box-content\">\n\n\t\t\t\t\t\t\t\t\t<h3 class=\"elementor-icon-box-title\">\n\t\t\t\t\t\t<a href=\"https:\/\/www.ufsm.br\/pro-reitorias\/prograd\/pet\/ciencias-agrarias\/integrantes\/\" >\n\t\t\t\t\t\t\tIntegrantes\t\t\t\t\t\t<\/a>\n\t\t\t\t\t<\/h3>\n\t\t\t\t\n\t\t\t\t\n\t\t\t<\/div>\n\t\t\t\n\t\t<\/div>\n\t\t\t\t<\/div>\n\t\t\t\t<\/div>\n\t\t\t\t\t<\/div>\n\t\t<\/div>\n\t\t\t\t<div class=\"elementor-column elementor-col-25 elementor-top-column elementor-element elementor-element-c12d264\" data-id=\"c12d264\" data-element_type=\"column\">\n\t\t\t<div class=\"elementor-widget-wrap elementor-element-populated\">\n\t\t\t\t\t\t<div class=\"elementor-element elementor-element-dd0590d elementor-view-default elementor-position-top elementor-mobile-position-top elementor-widget elementor-widget-icon-box\" data-id=\"dd0590d\" data-element_type=\"widget\" data-widget_type=\"icon-box.default\">\n\t\t\t\t<div class=\"elementor-widget-container\">\n\t\t\t\t\t<div class=\"elementor-icon-box-wrapper\">\n\n\t\t\t\t\t\t<div class=\"elementor-icon-box-icon\">\n\t\t\t\t<a href=\"https:\/\/www.ufsm.br\/pro-reitorias\/prograd\/pet\/ciencias-agrarias\/galeria\/\" class=\"elementor-icon elementor-animation-bounce-in\" tabindex=\"-1\">\n\t\t\t\t<i aria-hidden=\"true\" class=\"fas fa-camera-retro\"><\/i>\t\t\t\t<\/a>\n\t\t\t<\/div>\n\t\t\t\n\t\t\t\t\t\t<div class=\"elementor-icon-box-content\">\n\n\t\t\t\t\t\t\t\t\t<h3 class=\"elementor-icon-box-title\">\n\t\t\t\t\t\t<a href=\"https:\/\/www.ufsm.br\/pro-reitorias\/prograd\/pet\/ciencias-agrarias\/galeria\/\" >\n\t\t\t\t\t\t\tGaleria\t\t\t\t\t\t<\/a>\n\t\t\t\t\t<\/h3>\n\t\t\t\t\n\t\t\t\t\n\t\t\t<\/div>\n\t\t\t\n\t\t<\/div>\n\t\t\t\t<\/div>\n\t\t\t\t<\/div>\n\t\t\t\t\t<\/div>\n\t\t<\/div>\n\t\t\t\t<div class=\"elementor-column elementor-col-25 elementor-top-column elementor-element elementor-element-6bfb0cc\" data-id=\"6bfb0cc\" data-element_type=\"column\">\n\t\t\t<div class=\"elementor-widget-wrap elementor-element-populated\">\n\t\t\t\t\t\t<div class=\"elementor-element elementor-element-d3425ae elementor-view-default elementor-position-top elementor-mobile-position-top elementor-widget elementor-widget-icon-box\" data-id=\"d3425ae\" data-element_type=\"widget\" data-widget_type=\"icon-box.default\">\n\t\t\t\t<div class=\"elementor-widget-container\">\n\t\t\t\t\t<div class=\"elementor-icon-box-wrapper\">\n\n\t\t\t\t\t\t<div class=\"elementor-icon-box-icon\">\n\t\t\t\t<a href=\"https:\/\/www.ufsm.br\/pro-reitorias\/prograd\/pet\/ciencias-agrarias\/producao-cientifica\/\" class=\"elementor-icon elementor-animation-bounce-in\" tabindex=\"-1\">\n\t\t\t\t<i aria-hidden=\"true\" class=\"far fa-newspaper\"><\/i>\t\t\t\t<\/a>\n\t\t\t<\/div>\n\t\t\t\n\t\t\t\t\t\t<div class=\"elementor-icon-box-content\">\n\n\t\t\t\t\t\t\t\t\t<h3 class=\"elementor-icon-box-title\">\n\t\t\t\t\t\t<a href=\"https:\/\/www.ufsm.br\/pro-reitorias\/prograd\/pet\/ciencias-agrarias\/producao-cientifica\/\" >\n\t\t\t\t\t\t\tProdu\u00e7\u00e3o Cient\u00edfica\t\t\t\t\t\t<\/a>\n\t\t\t\t\t<\/h3>\n\t\t\t\t\n\t\t\t\t\n\t\t\t<\/div>\n\t\t\t\n\t\t<\/div>\n\t\t\t\t<\/div>\n\t\t\t\t<\/div>\n\t\t\t\t\t<\/div>\n\t\t<\/div>\n\t\t\t\t\t<\/div>\n\t\t<\/section>\n\t\t\t\t<section class=\"elementor-section elementor-top-section elementor-element elementor-element-88b985d elementor-section-boxed elementor-section-height-default elementor-section-height-default\" data-id=\"88b985d\" data-element_type=\"section\">\n\t\t\t\t\t\t<div class=\"elementor-container elementor-column-gap-default\">\n\t\t\t\t\t<div class=\"elementor-column elementor-col-100 elementor-top-column elementor-element elementor-element-6ada55a\" data-id=\"6ada55a\" data-element_type=\"column\">\n\t\t\t<div class=\"elementor-widget-wrap elementor-element-populated\">\n\t\t\t\t\t\t<div class=\"elementor-element elementor-element-1d9a11f elementor-widget elementor-widget-wp-widget-ufsm_noticias_widget\" data-id=\"1d9a11f\" data-element_type=\"widget\" data-widget_type=\"wp-widget-ufsm_noticias_widget.default\">\n\t\t\t\t<div class=\"elementor-widget-container\">\n\t\t\t<h5 class='titulo-conteudos'>Not\u00edcias<\/h5><div class='widget-noticias-inside'>\n                        <div class=\"row\">\n                                    <div class=\"col-12 col-lg-6 pb-4\">\n                                        \n                                        \n                    \n                    <a class=\"noticias-widget-title d-block \"  title=\"GUIA DE IDENTIFICA\u00c7\u00c3O DE CAMPO PARA LEPIDOPTEROS DE S\u00c3O PAULO.\" href=\"https:\/\/www.ufsm.br\/pet\/ciencias-agrarias\/2016\/04\/12\/guia-de-identificacao-de-campo-para-lepidopteros-de-sao-paulo\">\n                                                GUIA DE IDENTIFICA\u00c7\u00c3O DE CAMPO PARA LEPIDOPTEROS DE S\u00c3O PAULO.                    <\/a>\n                    \n                                            <div class=\"noticias-widget-introtext\">\n                            Dispon\u00edvel em:\u00a0https:\/\/netnature.wordpress.com\/2013\/08\/13\/guia-de-identificacao-de-campo-para-lepidopteros-de-sao-paulo\/                        <\/div>\n                    \n                                        \n                                        \n                                            \n                                                    <div title=\"Publicado em 12\/04\/2016 \" class=\"data-publicacao-widget\">\n                                <i  class=\"far fa-clock\"><\/i>\n                                12\/04\/2016                             <\/div>\n                                                                <\/div>\n                                    <div class=\"col-12 col-lg-6 pb-4\">\n                                        \n                                        \n                    \n                    <a class=\"noticias-widget-title d-block \"  title=\"O que \u00e9 agricultura de precis\u00e3o?\" href=\"https:\/\/www.ufsm.br\/pet\/ciencias-agrarias\/2016\/04\/12\/o-que-e-agricultura-de-precisao\">\n                                                O que \u00e9 agricultura de precis\u00e3o?                    <\/a>\n                    \n                                            <div class=\"noticias-widget-introtext\">\n                            Um conjunto de\u00a0ferramentas e tecnologias que possibilita ao produtor\u00a0conhecer toda a \u00e1rea para cultivo de maneira mais completa e que pode ajudar a aumentar o rendimento em at\u00e9 67%.\u00a0 Essa&hellip;                        <\/div>\n                    \n                                        \n                                        \n                                            \n                                                    <div title=\"Publicado em 12\/04\/2016 \" class=\"data-publicacao-widget\">\n                                <i  class=\"far fa-clock\"><\/i>\n                                12\/04\/2016                             <\/div>\n                                                                <\/div>\n                            <\/div>\n                    <div class=\"row\">\n                                    <div class=\"col-12 col-lg-6 pb-4\">\n                                        \n                                        \n                    \n                    <a class=\"noticias-widget-title d-block \"  title=\"9 motivos para usar fungo trichoderma na agricultura org\u00e2nica\" href=\"https:\/\/www.ufsm.br\/pet\/ciencias-agrarias\/2016\/04\/12\/9-motivos-para-usar-fungo-trichoderma-na-agricultura-organica\">\n                                                9 motivos para usar fungo trichoderma na agricultura org\u00e2nica                    <\/a>\n                    \n                                            <div class=\"noticias-widget-introtext\">\n                            1. Ciclagem de nutrientes Tem papel fundamental na nutri\u00e7\u00e3o e vigor da planta, gerando nutrientes 2. Prote\u00e7\u00e3o contra doen\u00e7as Capacidade de colonizar bem o sistema radicular e proteger as plantas&hellip;                        <\/div>\n                    \n                                        \n                                        \n                                            \n                                                    <div title=\"Publicado em 12\/04\/2016 \" class=\"data-publicacao-widget\">\n                                <i  class=\"far fa-clock\"><\/i>\n                                12\/04\/2016                             <\/div>\n                                                                <\/div>\n                                    <div class=\"col-12 col-lg-6 pb-4\">\n                                        \n                                        \n                    \n                    <a class=\"noticias-widget-title d-block \"  title=\"Parlamentares brasileiros aprovam retirada do termo &#8220;agrot\u00f3xico&#8221; de lei\" href=\"https:\/\/www.ufsm.br\/pet\/ciencias-agrarias\/2016\/04\/12\/parlamentares-brasileiros-aprovam-retirada-do-termo-agrotoxico-de-lei\">\n                                                Parlamentares brasileiros aprovam retirada do termo &#8220;agrot\u00f3xico&#8221; de lei                    <\/a>\n                    \n                                            <div class=\"noticias-widget-introtext\">\n                            \u201cO projeto tem objetivo de facilitar os neg\u00f3cios de produtos brasileiros no Mercosul, alinhando as nomenclaturas usadas pelos produtores agr\u00edcolas brasileiros e os de pa\u00edses vizinhos\u201d, informa nota divulgada pela&hellip;                        <\/div>\n                    \n                                        \n                                        \n                                            \n                                                    <div title=\"Publicado em 12\/04\/2016 \" class=\"data-publicacao-widget\">\n                                <i  class=\"far fa-clock\"><\/i>\n                                12\/04\/2016                             <\/div>\n                                                                <\/div>\n                            <\/div>\n                    <div class=\"row\">\n                                    <div class=\"col-12 col-lg-6 pb-4\">\n                                        \n                                        \n                    \n                    <a class=\"noticias-widget-title d-block \"  title=\"PET FAZ POR VOC\u00ca!\" href=\"https:\/\/www.ufsm.br\/pet\/ciencias-agrarias\/2016\/03\/18\/pet-faz-por-voce\">\n                                                PET FAZ POR VOC\u00ca!                    <\/a>\n                    \n                                            <div class=\"noticias-widget-introtext\">\n                                                    <\/div>\n                    \n                                        \n                                        \n                                            \n                                                    <div title=\"Publicado em 18\/03\/2016 \" class=\"data-publicacao-widget\">\n                                <i  class=\"far fa-clock\"><\/i>\n                                18\/03\/2016                             <\/div>\n                                                                <\/div>\n                                    <div class=\"col-12 col-lg-6 pb-4\">\n                                        \n                                        \n                    \n                    <a class=\"noticias-widget-title d-block \"  title=\"ATEN\u00c7\u00c3O\" href=\"https:\/\/www.ufsm.br\/pet\/ciencias-agrarias\/2016\/03\/18\/atencao-3\">\n                                                ATEN\u00c7\u00c3O                    <\/a>\n                    \n                                            <div class=\"noticias-widget-introtext\">\n                                                    <\/div>\n                    \n                                        \n                                        \n                                            \n                                                    <div title=\"Publicado em 18\/03\/2016 \" class=\"data-publicacao-widget\">\n                                <i  class=\"far fa-clock\"><\/i>\n                                18\/03\/2016                             <\/div>\n                                                                <\/div>\n                            <\/div>\n            <\/div>\n<div class=\"leia-mais p-1\">\n                <a href=\"https:\/\/www.ufsm.br\/pro-reitorias\/prograd\/pet\/ciencias-agrarias\/category\/noticias\/\">\n            LEIA MAIS            <span class=\"icon-box\">\n                <span class=\"bg-ufsm-widget-icon\">\n                    <i class=\"fas fa-chevron-right\" aria-hidden=\"true\"><\/i>\n                <\/span>\n            <\/span>\n        <\/a>\n    <\/div>\n\t\t<\/div>\n\t\t\t\t<\/div>\n\t\t\t\t\t<\/div>\n\t\t<\/div>\n\t\t\t\t\t<\/div>\n\t\t<\/section>\n\t\t\t\t<\/div>\n\t\t","protected":false},"excerpt":{"rendered":"<p>Apresenta\u00e7\u00e3o O que \u00e9 o PET? \u00a0 O Programa de Educa\u00e7\u00e3o Tutorial (PET) foi criado para apoiar atividades acad\u00eamicas que integram ensino, pesquisa e extens\u00e3o. Formado por grupos tutoriais de aprendizagem, o PET propicia aos alunos participantes, sob a orienta\u00e7\u00e3o de um tutor, a realiza\u00e7\u00e3o de atividades extracurriculares que complementem a forma\u00e7\u00e3o acad\u00eamica do estudante [&hellip;]<\/p>\n","protected":false},"author":26,"featured_media":0,"parent":0,"menu_order":0,"comment_status":"closed","ping_status":"open","template":"","meta":{"footnotes":""},"categories":[],"tags":[],"class_list":["post-2","page","type-page","status-publish","hentry"],"acf":[],"_links":{"self":[{"href":"https:\/\/www.ufsm.br\/pet\/ciencias-agrarias\/wp-json\/wp\/v2\/pages\/2","targetHints":{"allow":["GET"]}}],"collection":[{"href":"https:\/\/www.ufsm.br\/pet\/ciencias-agrarias\/wp-json\/wp\/v2\/pages"}],"about":[{"href":"https:\/\/www.ufsm.br\/pet\/ciencias-agrarias\/wp-json\/wp\/v2\/types\/page"}],"author":[{"embeddable":true,"href":"https:\/\/www.ufsm.br\/pet\/ciencias-agrarias\/wp-json\/wp\/v2\/users\/26"}],"replies":[{"embeddable":true,"href":"https:\/\/www.ufsm.br\/pet\/ciencias-agrarias\/wp-json\/wp\/v2\/comments?post=2"}],"version-history":[{"count":0,"href":"https:\/\/www.ufsm.br\/pet\/ciencias-agrarias\/wp-json\/wp\/v2\/pages\/2\/revisions"}],"wp:attachment":[{"href":"https:\/\/www.ufsm.br\/pet\/ciencias-agrarias\/wp-json\/wp\/v2\/media?parent=2"}],"wp:term":[{"taxonomy":"category","embeddable":true,"href":"https:\/\/www.ufsm.br\/pet\/ciencias-agrarias\/wp-json\/wp\/v2\/categories?post=2"},{"taxonomy":"post_tag","embeddable":true,"href":"https:\/\/www.ufsm.br\/pet\/ciencias-agrarias\/wp-json\/wp\/v2\/tags?post=2"}],"curies":[{"name":"wp","href":"https:\/\/api.w.org\/{rel}","templated":true}]}}