{"id":101,"date":"2020-11-22T23:29:52","date_gmt":"2020-11-23T02:29:52","guid":{"rendered":"https:\/\/www.ufsm.br\/pet\/comunicacao-social\/?page_id=101"},"modified":"2026-03-02T13:43:16","modified_gmt":"2026-03-02T16:43:16","slug":"processo-seletivo","status":"publish","type":"page","link":"https:\/\/www.ufsm.br\/pet\/comunicacao-social\/processo-seletivo","title":{"rendered":"Processo seletivo"},"content":{"rendered":"\t\t<div data-elementor-type=\"wp-page\" data-elementor-id=\"101\" class=\"elementor elementor-101\">\n\t\t\t\t\t\t<section class=\"elementor-section elementor-top-section elementor-element elementor-element-77e843a5 elementor-section-boxed elementor-section-height-default elementor-section-height-default\" data-id=\"77e843a5\" data-element_type=\"section\">\n\t\t\t\t\t\t<div class=\"elementor-container elementor-column-gap-default\">\n\t\t\t\t\t<div class=\"elementor-column elementor-col-100 elementor-top-column elementor-element elementor-element-28aa9a7\" data-id=\"28aa9a7\" data-element_type=\"column\">\n\t\t\t<div class=\"elementor-widget-wrap elementor-element-populated\">\n\t\t\t\t\t\t<div class=\"elementor-element elementor-element-397b4b89 elementor-widget elementor-widget-text-editor\" data-id=\"397b4b89\" data-element_type=\"widget\" data-widget_type=\"text-editor.default\">\n\t\t\t\t<div class=\"elementor-widget-container\">\n\t\t\t\t\t\t\t<!-- wp:tadv\/classic-paragraph \/-->\t\t\t\t\t\t<\/div>\n\t\t\t\t<\/div>\n\t\t\t\t<div class=\"elementor-element elementor-element-a3bedcc elementor-widget elementor-widget-text-editor\" data-id=\"a3bedcc\" data-element_type=\"widget\" data-widget_type=\"text-editor.default\">\n\t\t\t\t<div class=\"elementor-widget-container\">\n\t\t\t\t\t\t\t<p>O PET Comunica\u00e7\u00e3o Social da UFSM costuma realizar anualmente o seu processo seletivo para novos integrantes do Programa.<\/p>\n<p>Abaixo voc\u00ea pode conferir o edital das \u00faltimas edi\u00e7\u00f5es:<\/p>\n<p><em><strong>O processo seletivo atualmente em aberto \u00e9 o 01\/2026.<\/strong><\/em><\/p>\t\t\t\t\t\t<\/div>\n\t\t\t\t<\/div>\n\t\t\t\t\t<\/div>\n\t\t<\/div>\n\t\t\t\t\t<\/div>\n\t\t<\/section>\n\t\t\t\t<section class=\"elementor-section elementor-top-section elementor-element elementor-element-682cffc elementor-section-boxed elementor-section-height-default elementor-section-height-default\" data-id=\"682cffc\" data-element_type=\"section\">\n\t\t\t\t\t\t<div class=\"elementor-container elementor-column-gap-default\">\n\t\t\t\t\t<div class=\"elementor-column elementor-col-100 elementor-top-column elementor-element elementor-element-b9a9cf2\" data-id=\"b9a9cf2\" data-element_type=\"column\">\n\t\t\t<div class=\"elementor-widget-wrap elementor-element-populated\">\n\t\t\t\t\t\t<div class=\"elementor-element elementor-element-12f5a38 elementor-widget elementor-widget-wp-widget-ufsm_editais_widget\" data-id=\"12f5a38\" data-element_type=\"widget\" data-widget_type=\"wp-widget-ufsm_editais_widget.default\">\n\t\t\t\t<div class=\"elementor-widget-container\">\n\t\t\t<h2 class='titulo-conteudos'>Editais<\/h2><div class='row'>\n            <div class=\"col-lg-12 px-3 pb-3\">\n            \n                            <span class='categoria-publicacao-widget'>Geral<\/span>\n                <br>\n                        \n            <a title=\"01\/2026 - Sele\u00e7\u00e3o de estudantes n\u00e3o bolsistas do Programa de Educa\u00e7\u00e3o Tutorial (PET) Comunica\u00e7\u00e3o Social\" href=\"https:\/\/www.ufsm.br\/pet\/comunicacao-social\/editais\/001-2026\">\n                <span class=\"titulo-publicacao-widget\">01\/2026 - Sele\u00e7\u00e3o de estudantes n\u00e3o bolsistas do Programa de Educa\u00e7\u00e3o Tutorial (PET) Comunica\u00e7\u00e3o Social<\/span>\n                <br>\n            <\/a>\n\n                        \n                \n        <\/div>\n            <div class=\"col-lg-12 px-3 pb-3\">\n            \n                            <span class='categoria-publicacao-widget'>Geral<\/span>\n                <br>\n                        \n            <a title=\"1\/2025 - Sele\u00e7\u00e3o de estudantes n\u00e3o bolsistas do Programa de Educa\u00e7\u00e3o Tutorial (PET) Comunica\u00e7\u00e3o Social\" href=\"https:\/\/www.ufsm.br\/pet\/comunicacao-social\/editais\/001-2025-2\">\n                <span class=\"titulo-publicacao-widget\">1\/2025 - Sele\u00e7\u00e3o de estudantes n\u00e3o bolsistas do Programa de Educa\u00e7\u00e3o Tutorial (PET) Comunica\u00e7\u00e3o Social<\/span>\n                <br>\n            <\/a>\n\n                        \n                \n        <\/div>\n            <div class=\"col-lg-12 px-3 pb-3\">\n            \n                            <span class='categoria-publicacao-widget'>Geral<\/span>\n                <br>\n                        \n            <a title=\"1\/2024 - Sele\u00e7\u00e3o de estudantes n\u00e3o bolsistas do Programa de Educa\u00e7\u00e3o Tutorial (PET) Comunica\u00e7\u00e3o Social\" href=\"https:\/\/www.ufsm.br\/pet\/comunicacao-social\/editais\/001-2024\">\n                <span class=\"titulo-publicacao-widget\">1\/2024 - Sele\u00e7\u00e3o de estudantes n\u00e3o bolsistas do Programa de Educa\u00e7\u00e3o Tutorial (PET) Comunica\u00e7\u00e3o Social<\/span>\n                <br>\n            <\/a>\n\n                        \n                \n        <\/div>\n            <div class=\"col-lg-12 px-3 pb-3\">\n            \n                            <span class='categoria-publicacao-widget'>Geral<\/span>\n                <br>\n                        \n            <a title=\"1\/2023 - Sele\u00e7\u00e3o de estudantes bolsistas e n\u00e3o bolsistas do Programa de Educa\u00e7\u00e3o Tutorial (PET) Comunica\u00e7\u00e3o Social - Chamada de Suplente\" href=\"https:\/\/www.ufsm.br\/pet\/comunicacao-social\/editais\/001-2023-4\">\n                <span class=\"titulo-publicacao-widget\">1\/2023 - Sele\u00e7\u00e3o de estudantes bolsistas e n\u00e3o bolsistas do Programa de Educa\u00e7\u00e3o Tutorial (PET) Comunica\u00e7\u00e3o Social - Chamada de Suplente<\/span>\n                <br>\n            <\/a>\n\n                        \n                \n        <\/div>\n            <div class=\"col-lg-12 px-3 pb-3\">\n            \n                            <span class='categoria-publicacao-widget'>Geral<\/span>\n                <br>\n                        \n            <a title=\"1\/2023 - Sele\u00e7\u00e3o de estudantes bolsistas e n\u00e3o bolsistas do Programa de Educa\u00e7\u00e3o Tutorial (PET) Comunica\u00e7\u00e3o Social - Resultado Final\" href=\"https:\/\/www.ufsm.br\/pet\/comunicacao-social\/editais\/001-2023-3\">\n                <span class=\"titulo-publicacao-widget\">1\/2023 - Sele\u00e7\u00e3o de estudantes bolsistas e n\u00e3o bolsistas do Programa de Educa\u00e7\u00e3o Tutorial (PET) Comunica\u00e7\u00e3o Social - Resultado Final<\/span>\n                <br>\n            <\/a>\n\n                        \n                \n        <\/div>\n    <\/div>\n\t\t<\/div>\n\t\t\t\t<\/div>\n\t\t\t\t\t<\/div>\n\t\t<\/div>\n\t\t\t\t\t<\/div>\n\t\t<\/section>\n\t\t\t\t<section class=\"elementor-section elementor-top-section elementor-element elementor-element-6f4d85d elementor-section-boxed elementor-section-height-default elementor-section-height-default\" data-id=\"6f4d85d\" data-element_type=\"section\">\n\t\t\t\t\t\t<div class=\"elementor-container elementor-column-gap-default\">\n\t\t\t\t\t<div class=\"elementor-column elementor-col-100 elementor-top-column elementor-element elementor-element-fed8072\" data-id=\"fed8072\" data-element_type=\"column\">\n\t\t\t<div class=\"elementor-widget-wrap elementor-element-populated\">\n\t\t\t\t\t\t<div class=\"elementor-element elementor-element-313d974 elementor-arrows-position-inside elementor-pagination-position-outside elementor-widget elementor-widget-image-carousel\" data-id=\"313d974\" data-element_type=\"widget\" data-settings=\"{&quot;navigation&quot;:&quot;both&quot;,&quot;autoplay&quot;:&quot;yes&quot;,&quot;pause_on_hover&quot;:&quot;yes&quot;,&quot;pause_on_interaction&quot;:&quot;yes&quot;,&quot;autoplay_speed&quot;:5000,&quot;infinite&quot;:&quot;yes&quot;,&quot;speed&quot;:500}\" data-widget_type=\"image-carousel.default\">\n\t\t\t\t<div class=\"elementor-widget-container\">\n\t\t\t\t\t<div class=\"elementor-image-carousel-wrapper swiper\" dir=\"ltr\">\n\t\t\t<div class=\"elementor-image-carousel swiper-wrapper\" aria-live=\"off\">\n\t\t\t\t\t\t\t\t<div class=\"swiper-slide\" role=\"group\" aria-roledescription=\"slide\" aria-label=\"1 of 1\"><figure class=\"swiper-slide-inner\"><img decoding=\"async\" class=\"swiper-slide-image\" src=\"https:\/\/www.ufsm.br\/app\/uploads\/sites\/781\/2020\/11\/processo-seletivo.png\" alt=\"processo-seletivo\" \/><\/figure><\/div>\t\t\t<\/div>\n\t\t\t\t\t<\/div>\n\t\t\t\t<\/div>\n\t\t\t\t<\/div>\n\t\t\t\t\t<\/div>\n\t\t<\/div>\n\t\t\t\t\t<\/div>\n\t\t<\/section>\n\t\t\t\t<\/div>\n\t\t","protected":false},"excerpt":{"rendered":"<p>O PET Comunica\u00e7\u00e3o Social da UFSM costuma realizar anualmente o seu processo seletivo para novos integrantes do Programa. Abaixo voc\u00ea pode conferir o edital das \u00faltimas edi\u00e7\u00f5es: O processo seletivo atualmente em aberto \u00e9 o 01\/2026.<\/p>\n","protected":false},"author":2740,"featured_media":0,"parent":0,"menu_order":0,"comment_status":"closed","ping_status":"closed","template":"","meta":{"footnotes":""},"categories":[],"tags":[],"class_list":["post-101","page","type-page","status-publish","hentry"],"acf":[],"_links":{"self":[{"href":"https:\/\/www.ufsm.br\/pet\/comunicacao-social\/wp-json\/wp\/v2\/pages\/101","targetHints":{"allow":["GET"]}}],"collection":[{"href":"https:\/\/www.ufsm.br\/pet\/comunicacao-social\/wp-json\/wp\/v2\/pages"}],"about":[{"href":"https:\/\/www.ufsm.br\/pet\/comunicacao-social\/wp-json\/wp\/v2\/types\/page"}],"author":[{"embeddable":true,"href":"https:\/\/www.ufsm.br\/pet\/comunicacao-social\/wp-json\/wp\/v2\/users\/2740"}],"replies":[{"embeddable":true,"href":"https:\/\/www.ufsm.br\/pet\/comunicacao-social\/wp-json\/wp\/v2\/comments?post=101"}],"version-history":[{"count":0,"href":"https:\/\/www.ufsm.br\/pet\/comunicacao-social\/wp-json\/wp\/v2\/pages\/101\/revisions"}],"wp:attachment":[{"href":"https:\/\/www.ufsm.br\/pet\/comunicacao-social\/wp-json\/wp\/v2\/media?parent=101"}],"wp:term":[{"taxonomy":"category","embeddable":true,"href":"https:\/\/www.ufsm.br\/pet\/comunicacao-social\/wp-json\/wp\/v2\/categories?post=101"},{"taxonomy":"post_tag","embeddable":true,"href":"https:\/\/www.ufsm.br\/pet\/comunicacao-social\/wp-json\/wp\/v2\/tags?post=101"}],"curies":[{"name":"wp","href":"https:\/\/api.w.org\/{rel}","templated":true}]}}