{"id":125,"date":"2020-10-22T10:15:05","date_gmt":"2020-10-22T13:15:05","guid":{"rendered":"https:\/\/www.ufsm.br\/pet\/comunicacao-social\/?page_id=125"},"modified":"2025-07-25T10:11:59","modified_gmt":"2025-07-25T13:11:59","slug":"pet-ajuda","status":"publish","type":"page","link":"https:\/\/www.ufsm.br\/pet\/comunicacao-social\/pet-ajuda","title":{"rendered":"PET Ajuda"},"content":{"rendered":"\t\t<div data-elementor-type=\"wp-page\" data-elementor-id=\"125\" class=\"elementor elementor-125\">\n\t\t\t\t\t\t<section class=\"elementor-section elementor-top-section elementor-element elementor-element-7a3156d5 elementor-section-boxed elementor-section-height-default elementor-section-height-default\" data-id=\"7a3156d5\" data-element_type=\"section\">\n\t\t\t\t\t\t<div class=\"elementor-container elementor-column-gap-default\">\n\t\t\t\t\t<div class=\"elementor-column elementor-col-100 elementor-top-column elementor-element elementor-element-58bc5d71\" data-id=\"58bc5d71\" data-element_type=\"column\">\n\t\t\t<div class=\"elementor-widget-wrap elementor-element-populated\">\n\t\t\t\t\t\t<div class=\"elementor-element elementor-element-315061fd elementor-widget elementor-widget-text-editor\" data-id=\"315061fd\" data-element_type=\"widget\" data-widget_type=\"text-editor.default\">\n\t\t\t\t<div class=\"elementor-widget-container\">\n\t\t\t\t\t\t\t<p><!-- wp:tadv\/classic-paragraph --><\/p>\n<p><span style=\"font-weight: 400\">O PET Ajuda consiste em um projeto de ensino voltado para a comunidade acad\u00eamica da Universidade Federal de Santa Maria, com aten\u00e7\u00e3o especial aos integrantes de outros grupos PET da institui\u00e7\u00e3o, com&nbsp; finalidade de capacitar seus participantes sobre no\u00e7\u00f5es b\u00e1sicas de comunica\u00e7\u00e3o e relacionamento com p\u00fablicos. Por meio de oficinas pr\u00e1ticas, o projeto objetiva estender os conhecimentos t\u00e9cnicos dos integrantes do PETCom que se relacionam com as pr\u00e1ticas profissionais dos tr\u00eas cursos de Comunica\u00e7\u00e3o Social que comp\u00f5em o programa: Jornalismo, Publicidade e Propaganda e Rela\u00e7\u00f5es P\u00fablicas.<\/span><\/p>\n<p><span style=\"font-weight: 400\">O projeto tamb\u00e9m contribui para que outros grupos PET tenham acesso aos conte\u00fados e possam aplic\u00e1-los no seu dia a dia, possibilitando que os participantes se tornem profissionais com um maior n\u00famero de habilidades e, atrav\u00e9s das oficinas, capacita os integrantes do PETCom para organizarem uma atividade direcionado ao p\u00fablico diverso, al\u00e9m de permitir que ocupem a posi\u00e7\u00e3o de educadores ao ministr\u00e1-las. Dentre algumas das atividades j\u00e1 realizadas est\u00e3o: Oficina de Produ\u00e7\u00e3o de Not\u00edcia, Oficina Photoshop e Oficina de Premiere.&nbsp;<\/span><\/p>\n<p>Acompanhe as atividades do PET Ajuda atrav\u00e9s do nosso perfil no <a href=\"https:\/\/www.instagram.com\/petcomufsm?utm_source=ig_web_button_share_sheet&amp;igsh=NzFhdXo5bjczYzgz\">Instagram<\/a>.<\/p>\n<p><!-- \/wp:tadv\/classic-paragraph --><\/p>\t\t\t\t\t\t<\/div>\n\t\t\t\t<\/div>\n\t\t\t\t\t<\/div>\n\t\t<\/div>\n\t\t\t\t\t<\/div>\n\t\t<\/section>\n\t\t\t\t<section class=\"elementor-section elementor-top-section elementor-element elementor-element-9bddab9 elementor-section-boxed elementor-section-height-default elementor-section-height-default\" data-id=\"9bddab9\" data-element_type=\"section\">\n\t\t\t\t\t\t<div class=\"elementor-container elementor-column-gap-default\">\n\t\t\t\t\t<div class=\"elementor-column elementor-col-100 elementor-top-column elementor-element elementor-element-7e29e31\" data-id=\"7e29e31\" data-element_type=\"column\">\n\t\t\t<div class=\"elementor-widget-wrap elementor-element-populated\">\n\t\t\t\t\t\t<div class=\"elementor-element elementor-element-f719e62 elementor-widget elementor-widget-image\" data-id=\"f719e62\" data-element_type=\"widget\" data-widget_type=\"image.default\">\n\t\t\t\t<div class=\"elementor-widget-container\">\n\t\t\t\t\t\t\t\t\t\t\t\t\t<img fetchpriority=\"high\" decoding=\"async\" width=\"1024\" height=\"379\" src=\"https:\/\/www.ufsm.br\/app\/uploads\/sites\/781\/2020\/10\/PETAjuda-capa-projetos-1024x379.png\" class=\"attachment-large size-large wp-image-176\" alt=\"\" srcset=\"https:\/\/www.ufsm.br\/app\/uploads\/sites\/781\/2020\/10\/PETAjuda-capa-projetos-1024x379.png 1024w, https:\/\/www.ufsm.br\/app\/uploads\/sites\/781\/2020\/10\/PETAjuda-capa-projetos-300x111.png 300w, https:\/\/www.ufsm.br\/app\/uploads\/sites\/781\/2020\/10\/PETAjuda-capa-projetos-768x284.png 768w, https:\/\/www.ufsm.br\/app\/uploads\/sites\/781\/2020\/10\/PETAjuda-capa-projetos.png 1200w\" sizes=\"(max-width: 1024px) 100vw, 1024px\" \/>\t\t\t\t\t\t\t\t\t\t\t\t\t<\/div>\n\t\t\t\t<\/div>\n\t\t\t\t\t<\/div>\n\t\t<\/div>\n\t\t\t\t\t<\/div>\n\t\t<\/section>\n\t\t\t\t<\/div>\n\t\t","protected":false},"excerpt":{"rendered":"<p>O PET Ajuda consiste em um projeto de ensino voltado para a comunidade acad\u00eamica da Universidade Federal de Santa Maria, com aten\u00e7\u00e3o especial aos integrantes de outros grupos PET da institui\u00e7\u00e3o, com&nbsp; finalidade de capacitar seus participantes sobre no\u00e7\u00f5es b\u00e1sicas de comunica\u00e7\u00e3o e relacionamento com p\u00fablicos. Por meio de oficinas pr\u00e1ticas, o projeto objetiva estender [&hellip;]<\/p>\n","protected":false},"author":2740,"featured_media":0,"parent":0,"menu_order":0,"comment_status":"closed","ping_status":"closed","template":"","meta":{"footnotes":""},"categories":[24],"tags":[],"class_list":["post-125","page","type-page","status-publish","hentry","category-projetos"],"acf":[],"_links":{"self":[{"href":"https:\/\/www.ufsm.br\/pet\/comunicacao-social\/wp-json\/wp\/v2\/pages\/125","targetHints":{"allow":["GET"]}}],"collection":[{"href":"https:\/\/www.ufsm.br\/pet\/comunicacao-social\/wp-json\/wp\/v2\/pages"}],"about":[{"href":"https:\/\/www.ufsm.br\/pet\/comunicacao-social\/wp-json\/wp\/v2\/types\/page"}],"author":[{"embeddable":true,"href":"https:\/\/www.ufsm.br\/pet\/comunicacao-social\/wp-json\/wp\/v2\/users\/2740"}],"replies":[{"embeddable":true,"href":"https:\/\/www.ufsm.br\/pet\/comunicacao-social\/wp-json\/wp\/v2\/comments?post=125"}],"version-history":[{"count":0,"href":"https:\/\/www.ufsm.br\/pet\/comunicacao-social\/wp-json\/wp\/v2\/pages\/125\/revisions"}],"wp:attachment":[{"href":"https:\/\/www.ufsm.br\/pet\/comunicacao-social\/wp-json\/wp\/v2\/media?parent=125"}],"wp:term":[{"taxonomy":"category","embeddable":true,"href":"https:\/\/www.ufsm.br\/pet\/comunicacao-social\/wp-json\/wp\/v2\/categories?post=125"},{"taxonomy":"post_tag","embeddable":true,"href":"https:\/\/www.ufsm.br\/pet\/comunicacao-social\/wp-json\/wp\/v2\/tags?post=125"}],"curies":[{"name":"wp","href":"https:\/\/api.w.org\/{rel}","templated":true}]}}