{"id":127,"date":"2020-10-22T10:15:32","date_gmt":"2020-10-22T13:15:32","guid":{"rendered":"https:\/\/www.ufsm.br\/pet\/comunicacao-social\/?page_id=127"},"modified":"2025-07-25T10:21:16","modified_gmt":"2025-07-25T13:21:16","slug":"pesquisa-individual","status":"publish","type":"page","link":"https:\/\/www.ufsm.br\/pet\/comunicacao-social\/pesquisa-individual","title":{"rendered":"Pesquisa Individual"},"content":{"rendered":"\t\t<div data-elementor-type=\"wp-page\" data-elementor-id=\"127\" class=\"elementor elementor-127\">\n\t\t\t\t\t\t<section class=\"elementor-section elementor-top-section elementor-element elementor-element-22d35a29 elementor-section-boxed elementor-section-height-default elementor-section-height-default\" data-id=\"22d35a29\" data-element_type=\"section\">\n\t\t\t\t\t\t<div class=\"elementor-container elementor-column-gap-default\">\n\t\t\t\t\t<div class=\"elementor-column elementor-col-100 elementor-top-column elementor-element elementor-element-e495498\" data-id=\"e495498\" data-element_type=\"column\">\n\t\t\t<div class=\"elementor-widget-wrap elementor-element-populated\">\n\t\t\t\t\t\t<div class=\"elementor-element elementor-element-17e5c44c elementor-widget elementor-widget-text-editor\" data-id=\"17e5c44c\" data-element_type=\"widget\" data-widget_type=\"text-editor.default\">\n\t\t\t\t<div class=\"elementor-widget-container\">\n\t\t\t\t\t\t\t<p><span style=\"font-weight: 400\">A pesquisa <\/span><span style=\"font-weight: 400\">encontra-se<\/span><span style=\"font-weight: 400\"> dentro da tr\u00edade da universidade (ensino, pesquisa e extens\u00e3o). Por esse motivo integrantes do PET &#8211; Comunica\u00e7\u00e3o Social desenvolvem pesquisas individuais. O prop\u00f3sito da pr\u00e1tica pertence ao desenvolvimento e qualidade intelectual e social dos cursos da \u00e1rea da comunica\u00e7\u00e3o.<\/span><\/p>\n<p><span style=\"font-weight: 400\">As abordagens e temas das pesquisas individuais s\u00e3o m\u00faltiplas, atingindo as \u00e1reas de Jornalismo, Publicidade e Propaganda e Rela\u00e7\u00f5es P\u00fablicas. Os estudantes realizam as pesquisas por meio de Grupos de Pesquisa da Universidades e tamb\u00e9m na realiza\u00e7\u00e3o de Trabalho de Conclus\u00e3o de Curso.<\/span><\/p>\n<p><!-- \/wp:tadv\/classic-paragraph --><\/p>\t\t\t\t\t\t<\/div>\n\t\t\t\t<\/div>\n\t\t\t\t\t<\/div>\n\t\t<\/div>\n\t\t\t\t\t<\/div>\n\t\t<\/section>\n\t\t\t\t<\/div>\n\t\t","protected":false},"excerpt":{"rendered":"<p>A pesquisa encontra-se dentro da tr\u00edade da universidade (ensino, pesquisa e extens\u00e3o). Por esse motivo integrantes do PET &#8211; Comunica\u00e7\u00e3o Social desenvolvem pesquisas individuais. O prop\u00f3sito da pr\u00e1tica pertence ao desenvolvimento e qualidade intelectual e social dos cursos da \u00e1rea da comunica\u00e7\u00e3o. As abordagens e temas das pesquisas individuais s\u00e3o m\u00faltiplas, atingindo as \u00e1reas de [&hellip;]<\/p>\n","protected":false},"author":2740,"featured_media":0,"parent":0,"menu_order":0,"comment_status":"closed","ping_status":"closed","template":"","meta":{"footnotes":""},"categories":[25],"tags":[],"class_list":["post-127","page","type-page","status-publish","hentry","category-pesquisa"],"acf":[],"_links":{"self":[{"href":"https:\/\/www.ufsm.br\/pet\/comunicacao-social\/wp-json\/wp\/v2\/pages\/127","targetHints":{"allow":["GET"]}}],"collection":[{"href":"https:\/\/www.ufsm.br\/pet\/comunicacao-social\/wp-json\/wp\/v2\/pages"}],"about":[{"href":"https:\/\/www.ufsm.br\/pet\/comunicacao-social\/wp-json\/wp\/v2\/types\/page"}],"author":[{"embeddable":true,"href":"https:\/\/www.ufsm.br\/pet\/comunicacao-social\/wp-json\/wp\/v2\/users\/2740"}],"replies":[{"embeddable":true,"href":"https:\/\/www.ufsm.br\/pet\/comunicacao-social\/wp-json\/wp\/v2\/comments?post=127"}],"version-history":[{"count":0,"href":"https:\/\/www.ufsm.br\/pet\/comunicacao-social\/wp-json\/wp\/v2\/pages\/127\/revisions"}],"wp:attachment":[{"href":"https:\/\/www.ufsm.br\/pet\/comunicacao-social\/wp-json\/wp\/v2\/media?parent=127"}],"wp:term":[{"taxonomy":"category","embeddable":true,"href":"https:\/\/www.ufsm.br\/pet\/comunicacao-social\/wp-json\/wp\/v2\/categories?post=127"},{"taxonomy":"post_tag","embeddable":true,"href":"https:\/\/www.ufsm.br\/pet\/comunicacao-social\/wp-json\/wp\/v2\/tags?post=127"}],"curies":[{"name":"wp","href":"https:\/\/api.w.org\/{rel}","templated":true}]}}