{"id":130,"date":"2020-10-22T10:17:36","date_gmt":"2020-10-22T13:17:36","guid":{"rendered":"https:\/\/www.ufsm.br\/pet\/comunicacao-social\/?page_id=130"},"modified":"2026-04-23T20:48:58","modified_gmt":"2026-04-23T23:48:58","slug":"projeto-diz-ai-pet","status":"publish","type":"page","link":"https:\/\/www.ufsm.br\/pet\/comunicacao-social\/projeto-diz-ai-pet","title":{"rendered":"Diz A\u00ed, PETCom"},"content":{"rendered":"\t\t<div data-elementor-type=\"wp-page\" data-elementor-id=\"130\" class=\"elementor elementor-130\">\n\t\t\t\t\t\t<section class=\"elementor-section elementor-top-section elementor-element elementor-element-f14a988 elementor-section-boxed elementor-section-height-default elementor-section-height-default\" data-id=\"f14a988\" data-element_type=\"section\">\n\t\t\t\t\t\t<div class=\"elementor-container elementor-column-gap-default\">\n\t\t\t\t\t<div class=\"elementor-column elementor-col-100 elementor-top-column elementor-element elementor-element-6f260182\" data-id=\"6f260182\" data-element_type=\"column\">\n\t\t\t<div class=\"elementor-widget-wrap elementor-element-populated\">\n\t\t\t\t\t\t<div class=\"elementor-element elementor-element-7c968ed9 elementor-widget elementor-widget-text-editor\" data-id=\"7c968ed9\" data-element_type=\"widget\" data-widget_type=\"text-editor.default\">\n\t\t\t\t<div class=\"elementor-widget-container\">\n\t\t\t\t\t\t\t<p><span style=\"font-weight: 400\">O Diz A\u00ed, PETCom \u00e9 um projeto de ensino e respons\u00e1vel pela gest\u00e3o e cria\u00e7\u00e3o de conte\u00fados do grupo, que tem como objetivo manter a comunica\u00e7\u00e3o do PETCom com a comunidade acad\u00eamica e com a sociedade como um todo. Com o uso das redes sociais e atualiza\u00e7\u00f5es no site oficial, o projeto garante que as atividades de ensino, pesquisa e extens\u00e3o realizadas pelo grupo PETCom sejam divulgadas e registradas, atrav\u00e9s de v\u00eddeos, fotos, cria\u00e7\u00e3o de not\u00edcias e conte\u00fados est\u00e1ticos.\u00a0\u00a0<\/span><\/p>\n<p><span style=\"font-weight: 400\">Al\u00e9m disso, como grupo PET na \u00e1rea da comunica\u00e7\u00e3o, o projeto Diz A\u00ed agrega conhecimento pr\u00e1tico na forma\u00e7\u00e3o dos estudantes integrantes do projeto, pois realizam atividades como an\u00e1lises, planejamentos, pesquisas, dire\u00e7\u00e3o de arte, escrita de not\u00edcias, edi\u00e7\u00e3o e capta\u00e7\u00e3o de v\u00eddeos e estrutura\u00e7\u00e3o da comunica\u00e7\u00e3o institucional mantida pelo Programa, proporcionando visibilidade em busca de legitimidade social das a\u00e7\u00f5es e projetos.<\/span><\/p>\t\t\t\t\t\t<\/div>\n\t\t\t\t<\/div>\n\t\t\t\t\t<\/div>\n\t\t<\/div>\n\t\t\t\t\t<\/div>\n\t\t<\/section>\n\t\t\t\t<\/div>\n\t\t","protected":false},"excerpt":{"rendered":"<p>O Diz A\u00ed, PETCom \u00e9 um projeto de ensino e respons\u00e1vel pela gest\u00e3o e cria\u00e7\u00e3o de conte\u00fados do grupo, que tem como objetivo manter a comunica\u00e7\u00e3o do PETCom com a comunidade acad\u00eamica e com a sociedade como um todo. Com o uso das redes sociais e atualiza\u00e7\u00f5es no site oficial, o projeto garante que as [&hellip;]<\/p>\n","protected":false},"author":2740,"featured_media":0,"parent":0,"menu_order":0,"comment_status":"closed","ping_status":"closed","template":"","meta":{"footnotes":""},"categories":[24],"tags":[],"class_list":["post-130","page","type-page","status-publish","hentry","category-projetos"],"acf":[],"_links":{"self":[{"href":"https:\/\/www.ufsm.br\/pet\/comunicacao-social\/wp-json\/wp\/v2\/pages\/130","targetHints":{"allow":["GET"]}}],"collection":[{"href":"https:\/\/www.ufsm.br\/pet\/comunicacao-social\/wp-json\/wp\/v2\/pages"}],"about":[{"href":"https:\/\/www.ufsm.br\/pet\/comunicacao-social\/wp-json\/wp\/v2\/types\/page"}],"author":[{"embeddable":true,"href":"https:\/\/www.ufsm.br\/pet\/comunicacao-social\/wp-json\/wp\/v2\/users\/2740"}],"replies":[{"embeddable":true,"href":"https:\/\/www.ufsm.br\/pet\/comunicacao-social\/wp-json\/wp\/v2\/comments?post=130"}],"version-history":[{"count":0,"href":"https:\/\/www.ufsm.br\/pet\/comunicacao-social\/wp-json\/wp\/v2\/pages\/130\/revisions"}],"wp:attachment":[{"href":"https:\/\/www.ufsm.br\/pet\/comunicacao-social\/wp-json\/wp\/v2\/media?parent=130"}],"wp:term":[{"taxonomy":"category","embeddable":true,"href":"https:\/\/www.ufsm.br\/pet\/comunicacao-social\/wp-json\/wp\/v2\/categories?post=130"},{"taxonomy":"post_tag","embeddable":true,"href":"https:\/\/www.ufsm.br\/pet\/comunicacao-social\/wp-json\/wp\/v2\/tags?post=130"}],"curies":[{"name":"wp","href":"https:\/\/api.w.org\/{rel}","templated":true}]}}