{"id":131,"date":"2020-10-22T10:18:01","date_gmt":"2020-10-22T13:18:01","guid":{"rendered":"https:\/\/www.ufsm.br\/pet\/comunicacao-social\/?page_id=131"},"modified":"2025-07-25T10:22:19","modified_gmt":"2025-07-25T13:22:19","slug":"projeto-ecolandia","status":"publish","type":"page","link":"https:\/\/www.ufsm.br\/pet\/comunicacao-social\/projeto-ecolandia","title":{"rendered":"Ecol\u00e2ndia"},"content":{"rendered":"\t\t<div data-elementor-type=\"wp-page\" data-elementor-id=\"131\" class=\"elementor elementor-131\">\n\t\t\t\t\t\t<section class=\"elementor-section elementor-top-section elementor-element elementor-element-4dadc911 elementor-section-boxed elementor-section-height-default elementor-section-height-default\" data-id=\"4dadc911\" data-element_type=\"section\">\n\t\t\t\t\t\t<div class=\"elementor-container elementor-column-gap-default\">\n\t\t\t\t\t<div class=\"elementor-column elementor-col-100 elementor-top-column elementor-element elementor-element-652a9393\" data-id=\"652a9393\" data-element_type=\"column\">\n\t\t\t<div class=\"elementor-widget-wrap elementor-element-populated\">\n\t\t\t\t\t\t<div class=\"elementor-element elementor-element-28fd34b8 elementor-widget elementor-widget-text-editor\" data-id=\"28fd34b8\" data-element_type=\"widget\" data-widget_type=\"text-editor.default\">\n\t\t\t\t<div class=\"elementor-widget-container\">\n\t\t\t\t\t\t\t<p><!-- wp:tadv\/classic-paragraph --><\/p>\n<p><span style=\"font-weight: 400\">O Ecol\u00e2ndia \u00e9 um projeto de extens\u00e3o que h\u00e1 mais de treze anos promove cidadania e qualidade de vida para a popula\u00e7\u00e3o. Por meio de um programa semanal veiculado na R\u00e1dio Cara\u00ed 106.3 FM o projeto busca produzir informa\u00e7\u00f5es de cunho social que atendam as demandas da zona sul\/oeste de Santa Maria\/RS, gerando a aproxima\u00e7\u00e3o entre os acad\u00eamicos envolvidos no projeto e os moradores da regi\u00e3o.&nbsp;<\/span><\/p>\n<p><span style=\"font-weight: 400\">Permite que&nbsp; os estudantes vivenciem a rotina de uma r\u00e1dio fora da sala de aula e exercitem as t\u00e9cnicas aprendidas na universidade, em uma constante troca de conhecimentos entre as habilita\u00e7\u00f5es da Comunica\u00e7\u00e3o Social. Al\u00e9m disso, busca-se gerar reflex\u00f5es sobre as atividades que est\u00e3o sendo desenvolvidas na comunidade, a fim de formar cidad\u00e3os mais cr\u00edticos e bem informados e profissionais mais capacitados para o mercado de trabalho.<\/span><\/p>\n<p><span style=\"font-weight: 400\">O projeto cumpre um importante papel tanto junto \u00e0 comunidade em que est\u00e1 inserido, quanto com os estudantes universit\u00e1rios que est\u00e3o envolvidos em sua produ\u00e7\u00e3o, vivenciando a rotina de uma r\u00e1dio na pr\u00e1tica, compartilhando experi\u00eancias e crescendo como cidad\u00e3os. Por meio de quadros como entrevista, microfone aberto, not\u00edcias, reportagens e previs\u00e3o do tempo, s\u00e3o abordados temas de relev\u00e2ncia social, com quest\u00f5es ligadas ao meio ambiente, \u00e0 cidadania e \u00e0 qualidade de vida. Alguns dos temas j\u00e1 trabalhados pelo projeto foram: Leitura na Inf\u00e2ncia, Ado\u00e7\u00e3o e Doa\u00e7\u00e3o de Sangue.<\/span><\/p>\n<p><!-- \/wp:tadv\/classic-paragraph --><\/p>\t\t\t\t\t\t<\/div>\n\t\t\t\t<\/div>\n\t\t\t\t\t<\/div>\n\t\t<\/div>\n\t\t\t\t\t<\/div>\n\t\t<\/section>\n\t\t\t\t<section class=\"elementor-section elementor-top-section elementor-element elementor-element-e119213 elementor-section-boxed elementor-section-height-default elementor-section-height-default\" data-id=\"e119213\" data-element_type=\"section\">\n\t\t\t\t\t\t<div class=\"elementor-container elementor-column-gap-default\">\n\t\t\t\t\t<div class=\"elementor-column elementor-col-100 elementor-top-column elementor-element elementor-element-9c849bc\" data-id=\"9c849bc\" data-element_type=\"column\">\n\t\t\t<div class=\"elementor-widget-wrap elementor-element-populated\">\n\t\t\t\t\t\t<div class=\"elementor-element elementor-element-a8d3b9a elementor-widget elementor-widget-image\" data-id=\"a8d3b9a\" data-element_type=\"widget\" data-widget_type=\"image.default\">\n\t\t\t\t<div class=\"elementor-widget-container\">\n\t\t\t\t\t\t\t\t\t\t\t\t\t<img fetchpriority=\"high\" decoding=\"async\" width=\"1024\" height=\"379\" src=\"https:\/\/www.ufsm.br\/app\/uploads\/sites\/781\/2020\/10\/ecolandia-capa-projetos-1024x379.png\" class=\"attachment-large size-large wp-image-172\" alt=\"\" srcset=\"https:\/\/www.ufsm.br\/app\/uploads\/sites\/781\/2020\/10\/ecolandia-capa-projetos-1024x379.png 1024w, https:\/\/www.ufsm.br\/app\/uploads\/sites\/781\/2020\/10\/ecolandia-capa-projetos-300x111.png 300w, https:\/\/www.ufsm.br\/app\/uploads\/sites\/781\/2020\/10\/ecolandia-capa-projetos-768x284.png 768w, https:\/\/www.ufsm.br\/app\/uploads\/sites\/781\/2020\/10\/ecolandia-capa-projetos.png 1200w\" sizes=\"(max-width: 1024px) 100vw, 1024px\" \/>\t\t\t\t\t\t\t\t\t\t\t\t\t<\/div>\n\t\t\t\t<\/div>\n\t\t\t\t\t<\/div>\n\t\t<\/div>\n\t\t\t\t\t<\/div>\n\t\t<\/section>\n\t\t\t\t<\/div>\n\t\t","protected":false},"excerpt":{"rendered":"<p>O Ecol\u00e2ndia \u00e9 um projeto de extens\u00e3o que h\u00e1 mais de treze anos promove cidadania e qualidade de vida para a popula\u00e7\u00e3o. Por meio de um programa semanal veiculado na R\u00e1dio Cara\u00ed 106.3 FM o projeto busca produzir informa\u00e7\u00f5es de cunho social que atendam as demandas da zona sul\/oeste de Santa Maria\/RS, gerando a aproxima\u00e7\u00e3o [&hellip;]<\/p>\n","protected":false},"author":2740,"featured_media":0,"parent":0,"menu_order":0,"comment_status":"closed","ping_status":"closed","template":"","meta":{"footnotes":""},"categories":[24],"tags":[],"class_list":["post-131","page","type-page","status-publish","hentry","category-projetos"],"acf":[],"_links":{"self":[{"href":"https:\/\/www.ufsm.br\/pet\/comunicacao-social\/wp-json\/wp\/v2\/pages\/131","targetHints":{"allow":["GET"]}}],"collection":[{"href":"https:\/\/www.ufsm.br\/pet\/comunicacao-social\/wp-json\/wp\/v2\/pages"}],"about":[{"href":"https:\/\/www.ufsm.br\/pet\/comunicacao-social\/wp-json\/wp\/v2\/types\/page"}],"author":[{"embeddable":true,"href":"https:\/\/www.ufsm.br\/pet\/comunicacao-social\/wp-json\/wp\/v2\/users\/2740"}],"replies":[{"embeddable":true,"href":"https:\/\/www.ufsm.br\/pet\/comunicacao-social\/wp-json\/wp\/v2\/comments?post=131"}],"version-history":[{"count":0,"href":"https:\/\/www.ufsm.br\/pet\/comunicacao-social\/wp-json\/wp\/v2\/pages\/131\/revisions"}],"wp:attachment":[{"href":"https:\/\/www.ufsm.br\/pet\/comunicacao-social\/wp-json\/wp\/v2\/media?parent=131"}],"wp:term":[{"taxonomy":"category","embeddable":true,"href":"https:\/\/www.ufsm.br\/pet\/comunicacao-social\/wp-json\/wp\/v2\/categories?post=131"},{"taxonomy":"post_tag","embeddable":true,"href":"https:\/\/www.ufsm.br\/pet\/comunicacao-social\/wp-json\/wp\/v2\/tags?post=131"}],"curies":[{"name":"wp","href":"https:\/\/api.w.org\/{rel}","templated":true}]}}