{"id":26,"date":"2019-05-14T17:03:27","date_gmt":"2019-05-14T20:03:27","guid":{"rendered":"https:\/\/www.ufsm.br\/template-laboratprio\/?page_id=26"},"modified":"2020-10-22T10:55:08","modified_gmt":"2020-10-22T13:55:08","slug":"contato","status":"publish","type":"page","link":"https:\/\/www.ufsm.br\/pet\/comunicacao-social\/contato","title":{"rendered":"Contato"},"content":{"rendered":"\n<p style=\"text-align: center\"><strong>Alguma d\u00favida?<\/strong> Entre em contato com a gente pelos seguintes canais:<\/p>\n<p style=\"text-align: center\">Email: petcomunicacaosocial@ufsm.br<br \/>Facebook: <a href=\"https:\/\/www.facebook.com\/petcomufsm\">PET Comunica\u00e7\u00e3o Social<\/a><br \/>Instagram: <a href=\"https:\/\/www.instagram.com\/petcomufsm\/\">@petcomufsm<\/a><\/p>\n","protected":false},"excerpt":{"rendered":"<p>Alguma d\u00favida? Entre em contato com a gente pelos seguintes canais: Email: petcomunicacaosocial@ufsm.brFacebook: PET Comunica\u00e7\u00e3o SocialInstagram: @petcomufsm<\/p>\n","protected":false},"author":124,"featured_media":0,"parent":0,"menu_order":0,"comment_status":"closed","ping_status":"closed","template":"","meta":{"footnotes":""},"categories":[],"tags":[],"class_list":["post-26","page","type-page","status-publish","hentry"],"acf":[],"_links":{"self":[{"href":"https:\/\/www.ufsm.br\/pet\/comunicacao-social\/wp-json\/wp\/v2\/pages\/26","targetHints":{"allow":["GET"]}}],"collection":[{"href":"https:\/\/www.ufsm.br\/pet\/comunicacao-social\/wp-json\/wp\/v2\/pages"}],"about":[{"href":"https:\/\/www.ufsm.br\/pet\/comunicacao-social\/wp-json\/wp\/v2\/types\/page"}],"author":[{"embeddable":true,"href":"https:\/\/www.ufsm.br\/pet\/comunicacao-social\/wp-json\/wp\/v2\/users\/124"}],"replies":[{"embeddable":true,"href":"https:\/\/www.ufsm.br\/pet\/comunicacao-social\/wp-json\/wp\/v2\/comments?post=26"}],"version-history":[{"count":0,"href":"https:\/\/www.ufsm.br\/pet\/comunicacao-social\/wp-json\/wp\/v2\/pages\/26\/revisions"}],"wp:attachment":[{"href":"https:\/\/www.ufsm.br\/pet\/comunicacao-social\/wp-json\/wp\/v2\/media?parent=26"}],"wp:term":[{"taxonomy":"category","embeddable":true,"href":"https:\/\/www.ufsm.br\/pet\/comunicacao-social\/wp-json\/wp\/v2\/categories?post=26"},{"taxonomy":"post_tag","embeddable":true,"href":"https:\/\/www.ufsm.br\/pet\/comunicacao-social\/wp-json\/wp\/v2\/tags?post=26"}],"curies":[{"name":"wp","href":"https:\/\/api.w.org\/{rel}","templated":true}]}}