{"id":824,"date":"2026-04-23T20:40:06","date_gmt":"2026-04-23T23:40:06","guid":{"rendered":"https:\/\/www.ufsm.br\/pet\/comunicacao-social\/?page_id=824"},"modified":"2026-04-23T20:41:16","modified_gmt":"2026-04-23T23:41:16","slug":"rpet","status":"publish","type":"page","link":"https:\/\/www.ufsm.br\/pet\/comunicacao-social\/rpet","title":{"rendered":"RPET"},"content":{"rendered":"\t\t<div data-elementor-type=\"wp-page\" data-elementor-id=\"824\" class=\"elementor elementor-824\">\n\t\t\t\t\t\t<section class=\"elementor-section elementor-top-section elementor-element elementor-element-8b03eb4 elementor-section-boxed elementor-section-height-default elementor-section-height-default\" data-id=\"8b03eb4\" data-element_type=\"section\">\n\t\t\t\t\t\t<div class=\"elementor-container elementor-column-gap-default\">\n\t\t\t\t\t<div class=\"elementor-column elementor-col-100 elementor-top-column elementor-element elementor-element-0353685\" data-id=\"0353685\" data-element_type=\"column\">\n\t\t\t<div class=\"elementor-widget-wrap elementor-element-populated\">\n\t\t\t\t\t\t<div class=\"elementor-element elementor-element-b7a35b4 elementor-widget elementor-widget-text-editor\" data-id=\"b7a35b4\" data-element_type=\"widget\" data-widget_type=\"text-editor.default\">\n\t\t\t\t<div class=\"elementor-widget-container\">\n\t\t\t\t\t\t\t<p><span style=\"font-weight: 400\">O RPET \u00e9 um projeto do PETCom situado no eixo de ensino.<\/span> <span style=\"font-weight: 400\">A ideia de sua execu\u00e7\u00e3o surge a partir da necessidade de qualificar e sistematizar os processos administrativos do grupo PETCom, garantindo maior organiza\u00e7\u00e3o.Considerando o crescimento das demandas internas e a complexidade das atividades desenvolvidas pelo grupo, o projeto busca estruturar fluxos de trabalho mais eficientes e acess\u00edveis a todos os integrantes.&nbsp;<\/span><\/p><p><span style=\"font-size: 1rem\">O projeto trabalha na organiza\u00e7\u00e3o e padroniza\u00e7\u00e3o de documentos, no monitoramento da frequ\u00eancia e das entregas dos petianos, bem como na cria\u00e7\u00e3o de ferramentas de acompanhamento e planejamento das atividades. Al\u00e9m disso, o projeto promove momentos de forma\u00e7\u00e3o interna e integra\u00e7\u00e3o entre os membros, fortalecendo a din\u00e2mica coletiva do grupo.<\/span><span style=\"font-size: 1rem\"> <\/span><span style=\"font-size: 1rem\">A tem\u00e1tica abordada envolve gest\u00e3o colaborativa, organiza\u00e7\u00e3o institucional e otimiza\u00e7\u00e3o de processos.<\/span><\/p>\n<p><span style=\"font-weight: 400\">Dentre os objetivos do RPET, ele visa aprimorar a gest\u00e3o interna do PETCom, garantir maior efici\u00eancia na execu\u00e7\u00e3o das atividades, facilitar a comunica\u00e7\u00e3o entre os membros e contribuir para a forma\u00e7\u00e3o dos petianos em pr\u00e1ticas organizacionais e de trabalho em equipe.<\/span> <span style=\"font-weight: 400\">Al\u00e9m disso, o projeto fortalece a qualidade das a\u00e7\u00f5es de ensino, pesquisa e extens\u00e3o desenvolvidas pelo grupo, garantindo maior consist\u00eancia, continuidade e efetividade nas iniciativas promovidas pelo PETCom. <\/span><\/p>\t\t\t\t\t\t<\/div>\n\t\t\t\t<\/div>\n\t\t\t\t\t<\/div>\n\t\t<\/div>\n\t\t\t\t\t<\/div>\n\t\t<\/section>\n\t\t\t\t<\/div>\n\t\t","protected":false},"excerpt":{"rendered":"<p>O RPET \u00e9 um projeto do PETCom situado no eixo de ensino. A ideia de sua execu\u00e7\u00e3o surge a partir da necessidade de qualificar e sistematizar os processos administrativos do grupo PETCom, garantindo maior organiza\u00e7\u00e3o.Considerando o crescimento das demandas internas e a complexidade das atividades desenvolvidas pelo grupo, o projeto busca estruturar fluxos de trabalho [&hellip;]<\/p>\n","protected":false},"author":8401,"featured_media":0,"parent":0,"menu_order":0,"comment_status":"closed","ping_status":"closed","template":"","meta":{"footnotes":""},"categories":[],"tags":[],"class_list":["post-824","page","type-page","status-publish","hentry"],"acf":[],"_links":{"self":[{"href":"https:\/\/www.ufsm.br\/pet\/comunicacao-social\/wp-json\/wp\/v2\/pages\/824","targetHints":{"allow":["GET"]}}],"collection":[{"href":"https:\/\/www.ufsm.br\/pet\/comunicacao-social\/wp-json\/wp\/v2\/pages"}],"about":[{"href":"https:\/\/www.ufsm.br\/pet\/comunicacao-social\/wp-json\/wp\/v2\/types\/page"}],"author":[{"embeddable":true,"href":"https:\/\/www.ufsm.br\/pet\/comunicacao-social\/wp-json\/wp\/v2\/users\/8401"}],"replies":[{"embeddable":true,"href":"https:\/\/www.ufsm.br\/pet\/comunicacao-social\/wp-json\/wp\/v2\/comments?post=824"}],"version-history":[{"count":0,"href":"https:\/\/www.ufsm.br\/pet\/comunicacao-social\/wp-json\/wp\/v2\/pages\/824\/revisions"}],"wp:attachment":[{"href":"https:\/\/www.ufsm.br\/pet\/comunicacao-social\/wp-json\/wp\/v2\/media?parent=824"}],"wp:term":[{"taxonomy":"category","embeddable":true,"href":"https:\/\/www.ufsm.br\/pet\/comunicacao-social\/wp-json\/wp\/v2\/categories?post=824"},{"taxonomy":"post_tag","embeddable":true,"href":"https:\/\/www.ufsm.br\/pet\/comunicacao-social\/wp-json\/wp\/v2\/tags?post=824"}],"curies":[{"name":"wp","href":"https:\/\/api.w.org\/{rel}","templated":true}]}}