{"id":196,"date":"2023-03-24T15:57:28","date_gmt":"2023-03-24T18:57:28","guid":{"rendered":"https:\/\/www.ufsm.br\/pet\/educacao-fisica\/?page_id=196"},"modified":"2023-03-24T15:57:36","modified_gmt":"2023-03-24T18:57:36","slug":"atividades-de-ensino-junto-ao-sesc-santa-maria-rs","status":"publish","type":"page","link":"https:\/\/www.ufsm.br\/pet\/educacao-fisica\/atividades-de-ensino-junto-ao-sesc-santa-maria-rs","title":{"rendered":"ATIVIDADES DE ENSINO JUNTO AO SESC SANTA MARIA &#8211; RS"},"content":{"rendered":"\t\t<div data-elementor-type=\"wp-page\" data-elementor-id=\"196\" class=\"elementor elementor-196\">\n\t\t\t\t\t\t<section class=\"elementor-section elementor-top-section elementor-element elementor-element-8edc84b elementor-section-boxed elementor-section-height-default elementor-section-height-default\" data-id=\"8edc84b\" data-element_type=\"section\">\n\t\t\t\t\t\t<div class=\"elementor-container elementor-column-gap-default\">\n\t\t\t\t\t<div class=\"elementor-column elementor-col-100 elementor-top-column elementor-element elementor-element-a51c609\" data-id=\"a51c609\" data-element_type=\"column\">\n\t\t\t<div class=\"elementor-widget-wrap elementor-element-populated\">\n\t\t\t\t\t\t<div class=\"elementor-element elementor-element-3037f84 elementor-widget elementor-widget-text-editor\" data-id=\"3037f84\" data-element_type=\"widget\" data-widget_type=\"text-editor.default\">\n\t\t\t\t<div class=\"elementor-widget-container\">\n\t\t\t\t\t\t\t<p><strong>Introdu\u00e7\u00e3o<\/strong><\/p><p>Em conson\u00e2ncia com a parceria j\u00e1 consolidada entre o PET Educa\u00e7\u00e3o F\u00edsica e o SESC Santa Maria &#8211; RS, a proposta vem ao encontro do estabelecimento de atividades de ensino junto \u00e0 escola. Assim, podendo ser um campo de forma\u00e7\u00e3o considerado importante, contribuindo para a forma\u00e7\u00e3o acad\u00eamica dos Petianos e das Petianas, uma vez que se torna um campo de pr\u00e1tica docente. Portanto, tra\u00e7ar a\u00e7\u00f5es em torno de atividades f\u00edsicas em forma de brincadeiras e esporte em parceria com o SESC Santa Maria \u00e9 ben\u00e9fico para amplia\u00e7\u00e3o do escopo de atua\u00e7\u00e3o do PET Educa\u00e7\u00e3o F\u00edsica.<\/p><p><strong>Metodologia<\/strong><\/p><p>A atividade ser\u00e1 realizada atrav\u00e9s da participa\u00e7\u00e3o no projeto Brincando nas F\u00e9rias &#8211; Col\u00f4nia de f\u00e9rias Sesc Santa Maria &#8211; RS 2023 e na Atividade Dia das Crian\u00e7as. Al\u00e9m disso, ir\u00e1 enfatizar a forma\u00e7\u00e3o para professores de Educa\u00e7\u00e3o F\u00edsica.<\/p><p><strong>Resultados esperados<\/strong><\/p><p>Estima-se, com a atividade, a cria\u00e7\u00e3o de espa\u00e7os formativos para os Petianos e Petianas, atrav\u00e9s de campos de atua\u00e7\u00e3o, viv\u00eancia com planejamento, gest\u00e3o e execu\u00e7\u00e3o de eventos de lazer e recrea\u00e7\u00e3o. Fortalecimento do brincar como elemento fundamental ao desenvolvimento das crian\u00e7as. E a estimula\u00e7\u00e3o da criatividade infantil atrav\u00e9s da cria\u00e7\u00e3o de novas oportunidades de movimento.<\/p>\t\t\t\t\t\t<\/div>\n\t\t\t\t<\/div>\n\t\t\t\t\t<\/div>\n\t\t<\/div>\n\t\t\t\t\t<\/div>\n\t\t<\/section>\n\t\t\t\t<\/div>\n\t\t","protected":false},"excerpt":{"rendered":"<p>Introdu\u00e7\u00e3o Em conson\u00e2ncia com a parceria j\u00e1 consolidada entre o PET Educa\u00e7\u00e3o F\u00edsica e o SESC Santa Maria &#8211; RS, a proposta vem ao encontro do estabelecimento de atividades de ensino junto \u00e0 escola. Assim, podendo ser um campo de forma\u00e7\u00e3o considerado importante, contribuindo para a forma\u00e7\u00e3o acad\u00eamica dos Petianos e das Petianas, uma vez [&hellip;]<\/p>\n","protected":false},"author":4287,"featured_media":0,"parent":0,"menu_order":0,"comment_status":"closed","ping_status":"closed","template":"","meta":{"footnotes":""},"categories":[],"tags":[],"class_list":["post-196","page","type-page","status-publish","hentry"],"acf":[],"_links":{"self":[{"href":"https:\/\/www.ufsm.br\/pet\/educacao-fisica\/wp-json\/wp\/v2\/pages\/196","targetHints":{"allow":["GET"]}}],"collection":[{"href":"https:\/\/www.ufsm.br\/pet\/educacao-fisica\/wp-json\/wp\/v2\/pages"}],"about":[{"href":"https:\/\/www.ufsm.br\/pet\/educacao-fisica\/wp-json\/wp\/v2\/types\/page"}],"author":[{"embeddable":true,"href":"https:\/\/www.ufsm.br\/pet\/educacao-fisica\/wp-json\/wp\/v2\/users\/4287"}],"replies":[{"embeddable":true,"href":"https:\/\/www.ufsm.br\/pet\/educacao-fisica\/wp-json\/wp\/v2\/comments?post=196"}],"version-history":[{"count":0,"href":"https:\/\/www.ufsm.br\/pet\/educacao-fisica\/wp-json\/wp\/v2\/pages\/196\/revisions"}],"wp:attachment":[{"href":"https:\/\/www.ufsm.br\/pet\/educacao-fisica\/wp-json\/wp\/v2\/media?parent=196"}],"wp:term":[{"taxonomy":"category","embeddable":true,"href":"https:\/\/www.ufsm.br\/pet\/educacao-fisica\/wp-json\/wp\/v2\/categories?post=196"},{"taxonomy":"post_tag","embeddable":true,"href":"https:\/\/www.ufsm.br\/pet\/educacao-fisica\/wp-json\/wp\/v2\/tags?post=196"}],"curies":[{"name":"wp","href":"https:\/\/api.w.org\/{rel}","templated":true}]}}