{"id":197,"date":"2023-03-24T16:00:13","date_gmt":"2023-03-24T19:00:13","guid":{"rendered":"https:\/\/www.ufsm.br\/pet\/educacao-fisica\/?page_id=197"},"modified":"2023-03-24T16:00:20","modified_gmt":"2023-03-24T19:00:20","slug":"organizacao-do-interpet-ufsm-2023","status":"publish","type":"page","link":"https:\/\/www.ufsm.br\/pet\/educacao-fisica\/organizacao-do-interpet-ufsm-2023","title":{"rendered":"ORGANIZA\u00c7\u00c3O DO INTERPET UFSM 2023"},"content":{"rendered":"\t\t<div data-elementor-type=\"wp-page\" data-elementor-id=\"197\" class=\"elementor elementor-197\">\n\t\t\t\t\t\t<section class=\"elementor-section elementor-top-section elementor-element elementor-element-4990263 elementor-section-boxed elementor-section-height-default elementor-section-height-default\" data-id=\"4990263\" data-element_type=\"section\">\n\t\t\t\t\t\t<div class=\"elementor-container elementor-column-gap-default\">\n\t\t\t\t\t<div class=\"elementor-column elementor-col-100 elementor-top-column elementor-element elementor-element-36f82b6\" data-id=\"36f82b6\" data-element_type=\"column\">\n\t\t\t<div class=\"elementor-widget-wrap elementor-element-populated\">\n\t\t\t\t\t\t<div class=\"elementor-element elementor-element-6dce3fe elementor-widget elementor-widget-text-editor\" data-id=\"6dce3fe\" data-element_type=\"widget\" data-widget_type=\"text-editor.default\">\n\t\t\t\t<div class=\"elementor-widget-container\">\n\t\t\t\t\t\t\t<p><strong>Introdu\u00e7\u00e3o<\/strong><\/p><p>Ao considerar o contexto das rela\u00e7\u00f5es produzidas a partir dos interesses pr\u00e1ticos estabelecidos no mundo vivido dos sujeitos, a UFSM, atrav\u00e9s do seu Plano de Desenvolvimento Institucional (PDI 2016-2026), compromete-se com o incremento de uma educa\u00e7\u00e3o integral e da inclus\u00e3o dos cidad\u00e3os ao ensino universit\u00e1rio; com o ensino voltado ao aperfei\u00e7oamento de profissionais, t\u00e9cnicos e pesquisadores de alto n\u00edvel. Al\u00e9m disso, a Institui\u00e7\u00e3o promove a pesquisa pura e aplicada, assim como a cria\u00e7\u00e3o cultural e o desenvolvimento do esp\u00edrito cient\u00edfico e do pensamento reflexivo, calcado em uma educa\u00e7\u00e3o profissional nos diversos n\u00edveis.<\/p><p><strong>Metodologia<\/strong><\/p><p>A atividade ser\u00e1 realizada configurando um dos eventos da programa\u00e7\u00e3o anual dos grupos PET UFSM (INTERPET). Os dois grupos sorteados no in\u00edcio do ano, PET EDUCA\u00c7\u00c3O F\u00cdSICA e o outro Grupo PET, assumem a organiza\u00e7\u00e3o do encontro para os demais grupos. Os dois grupos devem elencar uma tem\u00e1tica de discuss\u00e3o para propor aos demais, encaminhando previamente para a prepara\u00e7\u00e3o de todos, propiciando dinamismos articulados durante a realiza\u00e7\u00e3o do evento.<\/p><p><strong>Resultados esperados<\/strong><\/p><p>A cada nova a\u00e7\u00e3o produzida tanto individualmente como no processo coletivo, priorizar-se-\u00e1 a originalidade na constru\u00e7\u00e3o de conceitos e no\u00e7\u00f5es, ligada \u00e0s experi\u00eancias que, em coopera\u00e7\u00e3o ser\u00e3o desenvolvidas. Na base de um processo de a\u00e7\u00e3o participativa de pessoas interagindo em fun\u00e7\u00e3o de necessidades, interesses e objetivos comuns. Fundamentalmente, buscar-se-\u00e1 um maior envolvimento nas a\u00e7\u00f5es de ensino, pesquisa e extens\u00e3o, se considerando a responsabilidade de toda comunidade acad\u00eamica.<\/p>\t\t\t\t\t\t<\/div>\n\t\t\t\t<\/div>\n\t\t\t\t\t<\/div>\n\t\t<\/div>\n\t\t\t\t\t<\/div>\n\t\t<\/section>\n\t\t\t\t<\/div>\n\t\t","protected":false},"excerpt":{"rendered":"<p>Introdu\u00e7\u00e3o Ao considerar o contexto das rela\u00e7\u00f5es produzidas a partir dos interesses pr\u00e1ticos estabelecidos no mundo vivido dos sujeitos, a UFSM, atrav\u00e9s do seu Plano de Desenvolvimento Institucional (PDI 2016-2026), compromete-se com o incremento de uma educa\u00e7\u00e3o integral e da inclus\u00e3o dos cidad\u00e3os ao ensino universit\u00e1rio; com o ensino voltado ao aperfei\u00e7oamento de profissionais, t\u00e9cnicos [&hellip;]<\/p>\n","protected":false},"author":4287,"featured_media":0,"parent":0,"menu_order":0,"comment_status":"closed","ping_status":"closed","template":"","meta":{"footnotes":""},"categories":[],"tags":[],"class_list":["post-197","page","type-page","status-publish","hentry"],"acf":[],"_links":{"self":[{"href":"https:\/\/www.ufsm.br\/pet\/educacao-fisica\/wp-json\/wp\/v2\/pages\/197","targetHints":{"allow":["GET"]}}],"collection":[{"href":"https:\/\/www.ufsm.br\/pet\/educacao-fisica\/wp-json\/wp\/v2\/pages"}],"about":[{"href":"https:\/\/www.ufsm.br\/pet\/educacao-fisica\/wp-json\/wp\/v2\/types\/page"}],"author":[{"embeddable":true,"href":"https:\/\/www.ufsm.br\/pet\/educacao-fisica\/wp-json\/wp\/v2\/users\/4287"}],"replies":[{"embeddable":true,"href":"https:\/\/www.ufsm.br\/pet\/educacao-fisica\/wp-json\/wp\/v2\/comments?post=197"}],"version-history":[{"count":0,"href":"https:\/\/www.ufsm.br\/pet\/educacao-fisica\/wp-json\/wp\/v2\/pages\/197\/revisions"}],"wp:attachment":[{"href":"https:\/\/www.ufsm.br\/pet\/educacao-fisica\/wp-json\/wp\/v2\/media?parent=197"}],"wp:term":[{"taxonomy":"category","embeddable":true,"href":"https:\/\/www.ufsm.br\/pet\/educacao-fisica\/wp-json\/wp\/v2\/categories?post=197"},{"taxonomy":"post_tag","embeddable":true,"href":"https:\/\/www.ufsm.br\/pet\/educacao-fisica\/wp-json\/wp\/v2\/tags?post=197"}],"curies":[{"name":"wp","href":"https:\/\/api.w.org\/{rel}","templated":true}]}}