{"id":199,"date":"2023-03-24T16:05:11","date_gmt":"2023-03-24T19:05:11","guid":{"rendered":"https:\/\/www.ufsm.br\/pet\/educacao-fisica\/?page_id=199"},"modified":"2023-03-24T16:05:19","modified_gmt":"2023-03-24T19:05:19","slug":"participacao-no-encontro-nacional-dos-grupos-pet-enapet-2023","status":"publish","type":"page","link":"https:\/\/www.ufsm.br\/pet\/educacao-fisica\/participacao-no-encontro-nacional-dos-grupos-pet-enapet-2023","title":{"rendered":"PARTICIPA\u00c7\u00c3O NO ENCONTRO NACIONAL DOS GRUPOS PET &#8211; ENAPET 2023"},"content":{"rendered":"\t\t<div data-elementor-type=\"wp-page\" data-elementor-id=\"199\" class=\"elementor elementor-199\">\n\t\t\t\t\t\t<section class=\"elementor-section elementor-top-section elementor-element elementor-element-5b722ca elementor-section-boxed elementor-section-height-default elementor-section-height-default\" data-id=\"5b722ca\" data-element_type=\"section\">\n\t\t\t\t\t\t<div class=\"elementor-container elementor-column-gap-default\">\n\t\t\t\t\t<div class=\"elementor-column elementor-col-100 elementor-top-column elementor-element elementor-element-f0d7cfe\" data-id=\"f0d7cfe\" data-element_type=\"column\">\n\t\t\t<div class=\"elementor-widget-wrap elementor-element-populated\">\n\t\t\t\t\t\t<div class=\"elementor-element elementor-element-a9c2a06 elementor-widget elementor-widget-text-editor\" data-id=\"a9c2a06\" data-element_type=\"widget\" data-widget_type=\"text-editor.default\">\n\t\t\t\t<div class=\"elementor-widget-container\">\n\t\t\t\t\t\t\t<p><strong>Introdu\u00e7\u00e3o<\/strong><\/p><p>O evento intitulado Encontro Nacional do Grupos do Programa de Educa\u00e7\u00e3o Tutorial (ENAPET), congrega a reuni\u00e3o anual dos grupos PET vinculados ao Minist\u00e9rio da Educa\u00e7\u00e3o e todos os outros grupos e programas envolvidos com a educa\u00e7\u00e3o tutorial. Com mais de 40 anos de hist\u00f3ria \u00e9 considerado o Programa mais antigo de apoio a gradua\u00e7\u00e3o no pa\u00eds. A possibilidade de participa\u00e7\u00e3o no evento \u00e9 de fundamental import\u00e2ncia, para que o reconhecimento de novas perspectivas e abordagens de desenvolvimento, geradas para a educa\u00e7\u00e3o tutorial brasileira.<\/p><p><strong>Metodologia<\/strong><\/p><p>O desenvolvimento da atividade ocorrer\u00e1 atrav\u00e9s da organiza\u00e7\u00e3o pr\u00e9via, junto \u00e0s reuni\u00f5es do Grupo, para a participa\u00e7\u00e3o do grupo PET EDUCA\u00c7\u00c3O F\u00cdSCA no ENAPET 2023. Considerando a apresenta\u00e7\u00e3o de ideias e trabalhos em desenvolvimento e j\u00e1 consolidados pelos Petianos. Para tanto, considerar-se-\u00e1 as condi\u00e7\u00f5es remota ou presencial, na otimiza\u00e7\u00e3o e no desenvolvimento das participa\u00e7\u00f5es junto ao evento.<\/p><p><strong>Resultados esperados<\/strong><\/p><p>Melhoria e amplia\u00e7\u00e3o no entendimento e funcionamento do Programa de Educa\u00e7\u00e3o Tutorial, no pa\u00eds. Sustenta\u00e7\u00e3o de uma linha din\u00e2mica de comunica\u00e7\u00e3o constante com os demais Petianos e Grupos brasileiros. E a aquisi\u00e7\u00e3o de perspectivas renovadas para atuar de forma colaborativa, junto aos cursos de Licenciatura e Bacharelado do CEFD\/UFSM.<\/p>\t\t\t\t\t\t<\/div>\n\t\t\t\t<\/div>\n\t\t\t\t\t<\/div>\n\t\t<\/div>\n\t\t\t\t\t<\/div>\n\t\t<\/section>\n\t\t\t\t<\/div>\n\t\t","protected":false},"excerpt":{"rendered":"<p>Introdu\u00e7\u00e3o O evento intitulado Encontro Nacional do Grupos do Programa de Educa\u00e7\u00e3o Tutorial (ENAPET), congrega a reuni\u00e3o anual dos grupos PET vinculados ao Minist\u00e9rio da Educa\u00e7\u00e3o e todos os outros grupos e programas envolvidos com a educa\u00e7\u00e3o tutorial. Com mais de 40 anos de hist\u00f3ria \u00e9 considerado o Programa mais antigo de apoio a gradua\u00e7\u00e3o [&hellip;]<\/p>\n","protected":false},"author":4287,"featured_media":0,"parent":0,"menu_order":0,"comment_status":"closed","ping_status":"closed","template":"","meta":{"footnotes":""},"categories":[],"tags":[],"class_list":["post-199","page","type-page","status-publish","hentry"],"acf":[],"_links":{"self":[{"href":"https:\/\/www.ufsm.br\/pet\/educacao-fisica\/wp-json\/wp\/v2\/pages\/199","targetHints":{"allow":["GET"]}}],"collection":[{"href":"https:\/\/www.ufsm.br\/pet\/educacao-fisica\/wp-json\/wp\/v2\/pages"}],"about":[{"href":"https:\/\/www.ufsm.br\/pet\/educacao-fisica\/wp-json\/wp\/v2\/types\/page"}],"author":[{"embeddable":true,"href":"https:\/\/www.ufsm.br\/pet\/educacao-fisica\/wp-json\/wp\/v2\/users\/4287"}],"replies":[{"embeddable":true,"href":"https:\/\/www.ufsm.br\/pet\/educacao-fisica\/wp-json\/wp\/v2\/comments?post=199"}],"version-history":[{"count":0,"href":"https:\/\/www.ufsm.br\/pet\/educacao-fisica\/wp-json\/wp\/v2\/pages\/199\/revisions"}],"wp:attachment":[{"href":"https:\/\/www.ufsm.br\/pet\/educacao-fisica\/wp-json\/wp\/v2\/media?parent=199"}],"wp:term":[{"taxonomy":"category","embeddable":true,"href":"https:\/\/www.ufsm.br\/pet\/educacao-fisica\/wp-json\/wp\/v2\/categories?post=199"},{"taxonomy":"post_tag","embeddable":true,"href":"https:\/\/www.ufsm.br\/pet\/educacao-fisica\/wp-json\/wp\/v2\/tags?post=199"}],"curies":[{"name":"wp","href":"https:\/\/api.w.org\/{rel}","templated":true}]}}