{"id":201,"date":"2023-03-24T16:10:00","date_gmt":"2023-03-24T19:10:00","guid":{"rendered":"https:\/\/www.ufsm.br\/pet\/educacao-fisica\/?page_id=201"},"modified":"2023-03-24T16:10:08","modified_gmt":"2023-03-24T19:10:08","slug":"atividades-de-extensao-junto-ao-iv-workshop-do-pet-educacao-fisica","status":"publish","type":"page","link":"https:\/\/www.ufsm.br\/pet\/educacao-fisica\/atividades-de-extensao-junto-ao-iv-workshop-do-pet-educacao-fisica","title":{"rendered":"ATIVIDADES DE EXTENS\u00c3O JUNTO AO IV WORKSHOP DO PET EDUCA\u00c7\u00c3O F\u00cdSICA"},"content":{"rendered":"\t\t<div data-elementor-type=\"wp-page\" data-elementor-id=\"201\" class=\"elementor elementor-201\">\n\t\t\t\t\t\t<section class=\"elementor-section elementor-top-section elementor-element elementor-element-d88d77c elementor-section-boxed elementor-section-height-default elementor-section-height-default\" data-id=\"d88d77c\" data-element_type=\"section\">\n\t\t\t\t\t\t<div class=\"elementor-container elementor-column-gap-default\">\n\t\t\t\t\t<div class=\"elementor-column elementor-col-100 elementor-top-column elementor-element elementor-element-72c21ac\" data-id=\"72c21ac\" data-element_type=\"column\">\n\t\t\t<div class=\"elementor-widget-wrap elementor-element-populated\">\n\t\t\t\t\t\t<div class=\"elementor-element elementor-element-46299a8 elementor-widget elementor-widget-text-editor\" data-id=\"46299a8\" data-element_type=\"widget\" data-widget_type=\"text-editor.default\">\n\t\t\t\t<div class=\"elementor-widget-container\">\n\t\t\t\t\t\t\t<p><strong>Introdu\u00e7\u00e3o<\/strong><\/p><p>O evento foi editado a primeira vez, no formato remoto, em 2020 e contou com uma excelente ades\u00e3o por parte do p\u00fablico, pois se tornou uma oportunidade para estudantes e profissionais de Educa\u00e7\u00e3o F\u00edsica, tanto Licenciatura como bacharelado, agregar conhecimento sobre a prescri\u00e7\u00e3o de exerc\u00edcios f\u00edsicos para p\u00fablicos espec\u00edficos. Na oportunidade o mote de estrutura\u00e7\u00e3o e apresenta\u00e7\u00e3o trouxe importantes contribui\u00e7\u00f5es para que os professores produzissem seus treinamentos com os cuidados e orienta\u00e7\u00f5es necess\u00e1rias. Ao se deparar com grupos espec\u00edficos e visando a individualidade de cada aluno, evita-se poss\u00edveis imprevistos na prescri\u00e7\u00e3o de exerc\u00edcios f\u00edsicos. Neste sentido e por conta da repercuss\u00e3o do evento, o grupo PET EDUCA\u00c7\u00c3O F\u00cdSCA organizar\u00e1 a quarta edi\u00e7\u00e3o, ampliando as abordagens tem\u00e1ticas e a proposta de formata\u00e7\u00e3o do Workshop.<\/p><p><strong>Metodologia<\/strong><\/p><p>Os Petianos contar\u00e3o com o apoio do Laborat\u00f3rio de An\u00e1lise dos Cen\u00e1rios Esportivos na M\u00eddia para formatar as condi\u00e7\u00f5es tecnol\u00f3gicas que envolvem o evento, bem como o reposit\u00f3rio, junto ao FAROL UFSM e ao Canal do PET EF no YouTube, para acesso posterior ao material produzido. Ao final de cada semestre letivo o Petiano deve produzir pelo menos um trabalho\/relat\u00f3rio de extens\u00e3o para apresentar em semin\u00e1rios internos ou externos, encontros, congressos de extens\u00e3o ou jornadas acad\u00eamicas de cunho extensionista.<\/p><p><strong>Resultados esperados<\/strong><\/p><p>Espera-se que, com a reedi\u00e7\u00e3o do evento, os integrantes do grupo PET EDUCA\u00c7\u00c3O F\u00cdSICA possam adquirir maior experi\u00eancia acerca da realiza\u00e7\u00e3o de eventos cient\u00edficos, al\u00e9m de promover e incentivar a autonomia e a comunica\u00e7\u00e3o do Grupo. Estima-se a satisfa\u00e7\u00e3o do p\u00fablico acerca das tem\u00e1ticas expostas e tamb\u00e9m a absor\u00e7\u00e3o efetiva do conhecimento para aplica\u00e7\u00e3o na pr\u00e1tica profissional.<\/p>\t\t\t\t\t\t<\/div>\n\t\t\t\t<\/div>\n\t\t\t\t\t<\/div>\n\t\t<\/div>\n\t\t\t\t\t<\/div>\n\t\t<\/section>\n\t\t\t\t<\/div>\n\t\t","protected":false},"excerpt":{"rendered":"<p>Introdu\u00e7\u00e3o O evento foi editado a primeira vez, no formato remoto, em 2020 e contou com uma excelente ades\u00e3o por parte do p\u00fablico, pois se tornou uma oportunidade para estudantes e profissionais de Educa\u00e7\u00e3o F\u00edsica, tanto Licenciatura como bacharelado, agregar conhecimento sobre a prescri\u00e7\u00e3o de exerc\u00edcios f\u00edsicos para p\u00fablicos espec\u00edficos. Na oportunidade o mote de [&hellip;]<\/p>\n","protected":false},"author":4287,"featured_media":0,"parent":0,"menu_order":0,"comment_status":"closed","ping_status":"closed","template":"","meta":{"footnotes":""},"categories":[],"tags":[],"class_list":["post-201","page","type-page","status-publish","hentry"],"acf":[],"_links":{"self":[{"href":"https:\/\/www.ufsm.br\/pet\/educacao-fisica\/wp-json\/wp\/v2\/pages\/201","targetHints":{"allow":["GET"]}}],"collection":[{"href":"https:\/\/www.ufsm.br\/pet\/educacao-fisica\/wp-json\/wp\/v2\/pages"}],"about":[{"href":"https:\/\/www.ufsm.br\/pet\/educacao-fisica\/wp-json\/wp\/v2\/types\/page"}],"author":[{"embeddable":true,"href":"https:\/\/www.ufsm.br\/pet\/educacao-fisica\/wp-json\/wp\/v2\/users\/4287"}],"replies":[{"embeddable":true,"href":"https:\/\/www.ufsm.br\/pet\/educacao-fisica\/wp-json\/wp\/v2\/comments?post=201"}],"version-history":[{"count":0,"href":"https:\/\/www.ufsm.br\/pet\/educacao-fisica\/wp-json\/wp\/v2\/pages\/201\/revisions"}],"wp:attachment":[{"href":"https:\/\/www.ufsm.br\/pet\/educacao-fisica\/wp-json\/wp\/v2\/media?parent=201"}],"wp:term":[{"taxonomy":"category","embeddable":true,"href":"https:\/\/www.ufsm.br\/pet\/educacao-fisica\/wp-json\/wp\/v2\/categories?post=201"},{"taxonomy":"post_tag","embeddable":true,"href":"https:\/\/www.ufsm.br\/pet\/educacao-fisica\/wp-json\/wp\/v2\/tags?post=201"}],"curies":[{"name":"wp","href":"https:\/\/api.w.org\/{rel}","templated":true}]}}