{"id":202,"date":"2023-03-24T16:12:04","date_gmt":"2023-03-24T19:12:04","guid":{"rendered":"https:\/\/www.ufsm.br\/pet\/educacao-fisica\/?page_id=202"},"modified":"2023-03-24T16:12:10","modified_gmt":"2023-03-24T19:12:10","slug":"participacao-em-disciplinas-dos-cursos-de-graduacao-educacao-fisica-do-cefd-ufsm","status":"publish","type":"page","link":"https:\/\/www.ufsm.br\/pet\/educacao-fisica\/participacao-em-disciplinas-dos-cursos-de-graduacao-educacao-fisica-do-cefd-ufsm","title":{"rendered":"PARTICIPA\u00c7\u00c3O EM DISCIPLINAS DOS CURSOS DE GRADUA\u00c7\u00c3O &#8211; EDUCA\u00c7\u00c3O F\u00cdSICA DO CEFD UFSM"},"content":{"rendered":"\t\t<div data-elementor-type=\"wp-page\" data-elementor-id=\"202\" class=\"elementor elementor-202\">\n\t\t\t\t\t\t<section class=\"elementor-section elementor-top-section elementor-element elementor-element-30c1f25 elementor-section-boxed elementor-section-height-default elementor-section-height-default\" data-id=\"30c1f25\" data-element_type=\"section\">\n\t\t\t\t\t\t<div class=\"elementor-container elementor-column-gap-default\">\n\t\t\t\t\t<div class=\"elementor-column elementor-col-100 elementor-top-column elementor-element elementor-element-97102a8\" data-id=\"97102a8\" data-element_type=\"column\">\n\t\t\t<div class=\"elementor-widget-wrap elementor-element-populated\">\n\t\t\t\t\t\t<div class=\"elementor-element elementor-element-f80f21f elementor-widget elementor-widget-text-editor\" data-id=\"f80f21f\" data-element_type=\"widget\" data-widget_type=\"text-editor.default\">\n\t\t\t\t<div class=\"elementor-widget-container\">\n\t\t\t\t\t\t\t<p><strong>Introdu\u00e7\u00e3o<\/strong><\/p><p>O grupo PET EDUCA\u00c7\u00c3O F\u00cdSICA contribui \u00e0 aproxima\u00e7\u00e3o dos curr\u00edculos dos cursos de Licenciatura e Bacharelado atrav\u00e9s do desenvolvimento cient\u00edfico, cultural, art\u00edstico e tecnol\u00f3gico. Demarcando a situa\u00e7\u00e3o da UFSM dentro de um horizonte futuro e apresentando algumas respostas \u00e0s demandas das comunidades em seu entorno, por interm\u00e9dio de proposi\u00e7\u00f5es inovadoras e do estabelecimento de compromissos com a prepara\u00e7\u00e3o acad\u00eamica voltada para o futuro campo de atua\u00e7\u00e3o profissional.<\/p><p><strong>Metodologia<\/strong><\/p><p>A atividade ser\u00e1 realizada por interm\u00e9dio de interven\u00e7\u00f5es previamente definidas nas reuni\u00f5es do Grupo, dentro de um planejamento cooperativo com os professores do CEFD UFSM, com vistas a discuss\u00e3o de uma a forma\u00e7\u00e3o ampliada, indo para al\u00e9m da forma\u00e7\u00e3o t\u00e9cnica, estabelecendo novas compet\u00eancias de car\u00e1ter s\u00f3cio-pol\u00edtico, bem como o desenvolvimento de capacidades, tais como a lideran\u00e7a, a comunica\u00e7\u00e3o e o trabalho em equipe, entre outras, exigidas pelo mundo do trabalho.<\/p><p><strong>Resultados esperados<\/strong><\/p><p>O processo de produ\u00e7\u00e3o do conhecimento coletivo e cooperativo orienta-se nas diferentes fases evolutivas e culturais existentes. A ci\u00eancia \u00e9 uma parte integrante das pr\u00e1ticas sociais e das teorias cient\u00edficas e n\u00e3o evolui sem as devidas correspond\u00eancias. A constru\u00e7\u00e3o do conhecimento deve preservar valores e respeitar direitos individuais e coletivos, articulando elementos da vida comunit\u00e1ria, estabelecendo refor\u00e7os \u00e0s identidades pessoais, atrav\u00e9s da experi\u00eancia coletiva e cooperativa. As compet\u00eancias t\u00e9cnicas n\u00e3o podem se restringir ao dom\u00ednio da racionalidade instrumental da cogni\u00e7\u00e3o. Os resultados estimados com a participa\u00e7\u00e3o dos Petianos nas disciplinas de gradua\u00e7\u00e3o, devem proporcionar uma transposi\u00e7\u00e3o dos aspectos instrumentais caracter\u00edsticos da \u00e1rea e atingir novos caminhos para a composi\u00e7\u00e3o da identidade da Educa\u00e7\u00e3o F\u00edsica, como campo de atua\u00e7\u00e3o profissional.<\/p>\t\t\t\t\t\t<\/div>\n\t\t\t\t<\/div>\n\t\t\t\t\t<\/div>\n\t\t<\/div>\n\t\t\t\t\t<\/div>\n\t\t<\/section>\n\t\t\t\t<\/div>\n\t\t","protected":false},"excerpt":{"rendered":"<p>Introdu\u00e7\u00e3o O grupo PET EDUCA\u00c7\u00c3O F\u00cdSICA contribui \u00e0 aproxima\u00e7\u00e3o dos curr\u00edculos dos cursos de Licenciatura e Bacharelado atrav\u00e9s do desenvolvimento cient\u00edfico, cultural, art\u00edstico e tecnol\u00f3gico. Demarcando a situa\u00e7\u00e3o da UFSM dentro de um horizonte futuro e apresentando algumas respostas \u00e0s demandas das comunidades em seu entorno, por interm\u00e9dio de proposi\u00e7\u00f5es inovadoras e do estabelecimento de [&hellip;]<\/p>\n","protected":false},"author":4287,"featured_media":0,"parent":0,"menu_order":0,"comment_status":"closed","ping_status":"closed","template":"","meta":{"footnotes":""},"categories":[],"tags":[],"class_list":["post-202","page","type-page","status-publish","hentry"],"acf":[],"_links":{"self":[{"href":"https:\/\/www.ufsm.br\/pet\/educacao-fisica\/wp-json\/wp\/v2\/pages\/202","targetHints":{"allow":["GET"]}}],"collection":[{"href":"https:\/\/www.ufsm.br\/pet\/educacao-fisica\/wp-json\/wp\/v2\/pages"}],"about":[{"href":"https:\/\/www.ufsm.br\/pet\/educacao-fisica\/wp-json\/wp\/v2\/types\/page"}],"author":[{"embeddable":true,"href":"https:\/\/www.ufsm.br\/pet\/educacao-fisica\/wp-json\/wp\/v2\/users\/4287"}],"replies":[{"embeddable":true,"href":"https:\/\/www.ufsm.br\/pet\/educacao-fisica\/wp-json\/wp\/v2\/comments?post=202"}],"version-history":[{"count":0,"href":"https:\/\/www.ufsm.br\/pet\/educacao-fisica\/wp-json\/wp\/v2\/pages\/202\/revisions"}],"wp:attachment":[{"href":"https:\/\/www.ufsm.br\/pet\/educacao-fisica\/wp-json\/wp\/v2\/media?parent=202"}],"wp:term":[{"taxonomy":"category","embeddable":true,"href":"https:\/\/www.ufsm.br\/pet\/educacao-fisica\/wp-json\/wp\/v2\/categories?post=202"},{"taxonomy":"post_tag","embeddable":true,"href":"https:\/\/www.ufsm.br\/pet\/educacao-fisica\/wp-json\/wp\/v2\/tags?post=202"}],"curies":[{"name":"wp","href":"https:\/\/api.w.org\/{rel}","templated":true}]}}