{"id":203,"date":"2023-03-24T16:14:09","date_gmt":"2023-03-24T19:14:09","guid":{"rendered":"https:\/\/www.ufsm.br\/pet\/educacao-fisica\/?page_id=203"},"modified":"2023-03-24T16:14:15","modified_gmt":"2023-03-24T19:14:15","slug":"seminarios-de-pesquisa-do-pet-educacao-fisica-2","status":"publish","type":"page","link":"https:\/\/www.ufsm.br\/pet\/educacao-fisica\/seminarios-de-pesquisa-do-pet-educacao-fisica-2","title":{"rendered":"SEMIN\u00c1RIOS DE PESQUISA DO PET EDUCA\u00c7\u00c3O F\u00cdSICA"},"content":{"rendered":"\t\t<div data-elementor-type=\"wp-page\" data-elementor-id=\"203\" class=\"elementor elementor-203\">\n\t\t\t\t\t\t<section class=\"elementor-section elementor-top-section elementor-element elementor-element-01b6320 elementor-section-boxed elementor-section-height-default elementor-section-height-default\" data-id=\"01b6320\" data-element_type=\"section\">\n\t\t\t\t\t\t<div class=\"elementor-container elementor-column-gap-default\">\n\t\t\t\t\t<div class=\"elementor-column elementor-col-100 elementor-top-column elementor-element elementor-element-1919666\" data-id=\"1919666\" data-element_type=\"column\">\n\t\t\t<div class=\"elementor-widget-wrap elementor-element-populated\">\n\t\t\t\t\t\t<div class=\"elementor-element elementor-element-24abbcd elementor-widget elementor-widget-text-editor\" data-id=\"24abbcd\" data-element_type=\"widget\" data-widget_type=\"text-editor.default\">\n\t\t\t\t<div class=\"elementor-widget-container\">\n\t\t\t\t\t\t\t<p><strong>Introdu\u00e7\u00e3o<\/strong><\/p><p>A proposta se orienta na rela\u00e7\u00e3o com interesses pr\u00e1ticos advindos do mundo em que os sujeitos vivem, bem como de problemas profissionais encontrados na rela\u00e7\u00e3o \u00e0s contextualiza\u00e7\u00f5es reais. Na contram\u00e3o definida por opera\u00e7\u00f5es em que os docentes desenvolvem conceitos j\u00e1 aprendidos, em um processo de reprodu\u00e7\u00e3o cont\u00ednuo, os Petianos buscar\u00e3o ressignificar os conceitos e as tematiza\u00e7\u00f5es a partir dos objetos escolhidos para suas investiga\u00e7\u00f5es.<\/p><p><strong>Metodologia<\/strong><\/p><p>O Petiano ser\u00e1 estimulado a refletir sobre sua forma\u00e7\u00e3o, de forma cr\u00edtica dentro dos cursos de Licenciatura e Bacharelado, a partir do entendimento das implica\u00e7\u00f5es sist\u00eamicas, estruturais e educacionais que envolvem uma forma\u00e7\u00e3o integral e global. Com vistas ao desenvolvimento cient\u00edfico e human\u00edstico, enfatizando fundamentos da \u00e9tica e da cidadania a serem considerados para cada \u00e1rea do conhecimento, esclarecendo abrang\u00eancias da heterogeneidade social necess\u00e1rias \u00e0 constitui\u00e7\u00e3o de uma conscientiza\u00e7\u00e3o mais apurada.<\/p><p><strong>Resultados esperados<\/strong><\/p><p>Reorganiza\u00e7\u00e3o constante dos acad\u00eamicos \u00e0s diferentes etapas do conhecimento e sua extens\u00e3o no intuito de ampliar as perspectivas de atua\u00e7\u00e3o profissional. Estimulando a elabora\u00e7\u00e3o de investiga\u00e7\u00f5es com caracter\u00edsticas multi e interdisciplinares, permitindo uma vis\u00e3o global do campo de trabalho e suas alternativas. Despertando o interesse dos Petianos \u00e0 produ\u00e7\u00e3o cient\u00edfica, para al\u00e9m do trabalho investigativo, a exemplo de resumos, artigos, ensaios e cap\u00edtulos de livros.<\/p>\t\t\t\t\t\t<\/div>\n\t\t\t\t<\/div>\n\t\t\t\t\t<\/div>\n\t\t<\/div>\n\t\t\t\t\t<\/div>\n\t\t<\/section>\n\t\t\t\t<\/div>\n\t\t","protected":false},"excerpt":{"rendered":"<p>Introdu\u00e7\u00e3o A proposta se orienta na rela\u00e7\u00e3o com interesses pr\u00e1ticos advindos do mundo em que os sujeitos vivem, bem como de problemas profissionais encontrados na rela\u00e7\u00e3o \u00e0s contextualiza\u00e7\u00f5es reais. Na contram\u00e3o definida por opera\u00e7\u00f5es em que os docentes desenvolvem conceitos j\u00e1 aprendidos, em um processo de reprodu\u00e7\u00e3o cont\u00ednuo, os Petianos buscar\u00e3o ressignificar os conceitos e [&hellip;]<\/p>\n","protected":false},"author":4287,"featured_media":0,"parent":0,"menu_order":0,"comment_status":"closed","ping_status":"closed","template":"","meta":{"footnotes":""},"categories":[],"tags":[],"class_list":["post-203","page","type-page","status-publish","hentry"],"acf":[],"_links":{"self":[{"href":"https:\/\/www.ufsm.br\/pet\/educacao-fisica\/wp-json\/wp\/v2\/pages\/203","targetHints":{"allow":["GET"]}}],"collection":[{"href":"https:\/\/www.ufsm.br\/pet\/educacao-fisica\/wp-json\/wp\/v2\/pages"}],"about":[{"href":"https:\/\/www.ufsm.br\/pet\/educacao-fisica\/wp-json\/wp\/v2\/types\/page"}],"author":[{"embeddable":true,"href":"https:\/\/www.ufsm.br\/pet\/educacao-fisica\/wp-json\/wp\/v2\/users\/4287"}],"replies":[{"embeddable":true,"href":"https:\/\/www.ufsm.br\/pet\/educacao-fisica\/wp-json\/wp\/v2\/comments?post=203"}],"version-history":[{"count":0,"href":"https:\/\/www.ufsm.br\/pet\/educacao-fisica\/wp-json\/wp\/v2\/pages\/203\/revisions"}],"wp:attachment":[{"href":"https:\/\/www.ufsm.br\/pet\/educacao-fisica\/wp-json\/wp\/v2\/media?parent=203"}],"wp:term":[{"taxonomy":"category","embeddable":true,"href":"https:\/\/www.ufsm.br\/pet\/educacao-fisica\/wp-json\/wp\/v2\/categories?post=203"},{"taxonomy":"post_tag","embeddable":true,"href":"https:\/\/www.ufsm.br\/pet\/educacao-fisica\/wp-json\/wp\/v2\/tags?post=203"}],"curies":[{"name":"wp","href":"https:\/\/api.w.org\/{rel}","templated":true}]}}