{"id":205,"date":"2023-03-24T16:19:00","date_gmt":"2023-03-24T19:19:00","guid":{"rendered":"https:\/\/www.ufsm.br\/pet\/educacao-fisica\/?page_id=205"},"modified":"2023-03-24T16:19:09","modified_gmt":"2023-03-24T19:19:09","slug":"participacao-na-jornada-academica-integrada-jai-ufsm-2023","status":"publish","type":"page","link":"https:\/\/www.ufsm.br\/pet\/educacao-fisica\/participacao-na-jornada-academica-integrada-jai-ufsm-2023","title":{"rendered":"PARTICIPA\u00c7\u00c3O NA JORNADA ACAD\u00caMICA INTEGRADA &#8211; JAI UFSM 2023"},"content":{"rendered":"\t\t<div data-elementor-type=\"wp-page\" data-elementor-id=\"205\" class=\"elementor elementor-205\">\n\t\t\t\t\t\t<section class=\"elementor-section elementor-top-section elementor-element elementor-element-e1b7947 elementor-section-boxed elementor-section-height-default elementor-section-height-default\" data-id=\"e1b7947\" data-element_type=\"section\">\n\t\t\t\t\t\t<div class=\"elementor-container elementor-column-gap-default\">\n\t\t\t\t\t<div class=\"elementor-column elementor-col-100 elementor-top-column elementor-element elementor-element-2c8107f\" data-id=\"2c8107f\" data-element_type=\"column\">\n\t\t\t<div class=\"elementor-widget-wrap elementor-element-populated\">\n\t\t\t\t\t\t<div class=\"elementor-element elementor-element-08280c4 elementor-widget elementor-widget-text-editor\" data-id=\"08280c4\" data-element_type=\"widget\" data-widget_type=\"text-editor.default\">\n\t\t\t\t<div class=\"elementor-widget-container\">\n\t\t\t\t\t\t\t<p><strong>Introdu\u00e7\u00e3o<\/strong><\/p><p>O evento Jornada Acad\u00eamica Integrada da Universidade Federal de Santa Maria, integra o calend\u00e1rio da Institui\u00e7\u00e3o e visa exercitar a inicia\u00e7\u00e3o cient\u00edfica acad\u00eamica; intermediada na troca de experi\u00eancias entre os acad\u00eamicos dos diversos cursos e de outras institui\u00e7\u00f5es de ensino, baseado na divulga\u00e7\u00e3o de trabalhos de ensino, pesquisa e extens\u00e3o, no formato expositivo de banners e apresenta\u00e7\u00f5es orais. Estima-se o acr\u00e9scimo para o conhecimento individual e coletivo do grupo PET EDUCA\u00c7\u00c3O F\u00cdSICA, permitindo aos bolsistas e n\u00e3o bolsistas um contato mais pr\u00f3ximo com a inicia\u00e7\u00e3o e produ\u00e7\u00e3o de trabalhos de pesquisa, ensino e extens\u00e3o, vislumbrando a qualifica\u00e7\u00e3o acad\u00eamica e a complementa\u00e7\u00e3o curricular.<\/p><p><strong>Metodologia<\/strong><\/p><p>A atividade ser\u00e1 desenvolvida atrav\u00e9s da exposi\u00e7\u00e3o das ideias e do desenvolvimento dos trabalhos (resumos, banners e apresenta\u00e7\u00f5es orais), em reuni\u00f5es do Grupo, considerando o cadastramento dos Petianos junto aos projetos registrados no GAP\/CEFD; na forma de trabalhos e publica\u00e7\u00f5es nos anais do evento. Para tanto, considerar-se-\u00e1 as condi\u00e7\u00f5es para a otimiza\u00e7\u00e3o e o desenvolvimento das participa\u00e7\u00f5es junto ao evento.<\/p><p><strong>Resultados esperados<\/strong><\/p><p>Estima-se sedimentar a visibilidade para o grupo PET EDUCA\u00c7\u00c3O F\u00cdSICA atrav\u00e9s da divulga\u00e7\u00e3o do que foi desenvolvido at\u00e9 o momento, observando-se o tratamento necess\u00e1rio \u00e0 produ\u00e7\u00e3o de trabalhos publicados e\/ou apresentados em reuni\u00f5es cient\u00edficas. Analisando as melhorias junto aos processos formativos, envolvendo os cursos de gradua\u00e7\u00e3o: licenciatura e bacharelado do Centro de Educa\u00e7\u00e3o F\u00edsica e Desportos.<\/p>\t\t\t\t\t\t<\/div>\n\t\t\t\t<\/div>\n\t\t\t\t\t<\/div>\n\t\t<\/div>\n\t\t\t\t\t<\/div>\n\t\t<\/section>\n\t\t\t\t<\/div>\n\t\t","protected":false},"excerpt":{"rendered":"<p>Introdu\u00e7\u00e3o O evento Jornada Acad\u00eamica Integrada da Universidade Federal de Santa Maria, integra o calend\u00e1rio da Institui\u00e7\u00e3o e visa exercitar a inicia\u00e7\u00e3o cient\u00edfica acad\u00eamica; intermediada na troca de experi\u00eancias entre os acad\u00eamicos dos diversos cursos e de outras institui\u00e7\u00f5es de ensino, baseado na divulga\u00e7\u00e3o de trabalhos de ensino, pesquisa e extens\u00e3o, no formato expositivo de [&hellip;]<\/p>\n","protected":false},"author":4287,"featured_media":0,"parent":0,"menu_order":0,"comment_status":"closed","ping_status":"closed","template":"","meta":{"footnotes":""},"categories":[],"tags":[],"class_list":["post-205","page","type-page","status-publish","hentry"],"acf":[],"_links":{"self":[{"href":"https:\/\/www.ufsm.br\/pet\/educacao-fisica\/wp-json\/wp\/v2\/pages\/205","targetHints":{"allow":["GET"]}}],"collection":[{"href":"https:\/\/www.ufsm.br\/pet\/educacao-fisica\/wp-json\/wp\/v2\/pages"}],"about":[{"href":"https:\/\/www.ufsm.br\/pet\/educacao-fisica\/wp-json\/wp\/v2\/types\/page"}],"author":[{"embeddable":true,"href":"https:\/\/www.ufsm.br\/pet\/educacao-fisica\/wp-json\/wp\/v2\/users\/4287"}],"replies":[{"embeddable":true,"href":"https:\/\/www.ufsm.br\/pet\/educacao-fisica\/wp-json\/wp\/v2\/comments?post=205"}],"version-history":[{"count":0,"href":"https:\/\/www.ufsm.br\/pet\/educacao-fisica\/wp-json\/wp\/v2\/pages\/205\/revisions"}],"wp:attachment":[{"href":"https:\/\/www.ufsm.br\/pet\/educacao-fisica\/wp-json\/wp\/v2\/media?parent=205"}],"wp:term":[{"taxonomy":"category","embeddable":true,"href":"https:\/\/www.ufsm.br\/pet\/educacao-fisica\/wp-json\/wp\/v2\/categories?post=205"},{"taxonomy":"post_tag","embeddable":true,"href":"https:\/\/www.ufsm.br\/pet\/educacao-fisica\/wp-json\/wp\/v2\/tags?post=205"}],"curies":[{"name":"wp","href":"https:\/\/api.w.org\/{rel}","templated":true}]}}