{"id":207,"date":"2023-03-24T16:24:34","date_gmt":"2023-03-24T19:24:34","guid":{"rendered":"https:\/\/www.ufsm.br\/pet\/educacao-fisica\/?page_id=207"},"modified":"2023-03-24T16:24:43","modified_gmt":"2023-03-24T19:24:43","slug":"avaliacao-interna-do-pet-educacao-fisica-2","status":"publish","type":"page","link":"https:\/\/www.ufsm.br\/pet\/educacao-fisica\/avaliacao-interna-do-pet-educacao-fisica-2","title":{"rendered":"AVALIA\u00c7\u00c3O INTERNA DO PET EDUCA\u00c7\u00c3O F\u00cdSICA"},"content":{"rendered":"\t\t<div data-elementor-type=\"wp-page\" data-elementor-id=\"207\" class=\"elementor elementor-207\">\n\t\t\t\t\t\t<section class=\"elementor-section elementor-top-section elementor-element elementor-element-491e77b elementor-section-boxed elementor-section-height-default elementor-section-height-default\" data-id=\"491e77b\" data-element_type=\"section\">\n\t\t\t\t\t\t<div class=\"elementor-container elementor-column-gap-default\">\n\t\t\t\t\t<div class=\"elementor-column elementor-col-100 elementor-top-column elementor-element elementor-element-05dde39\" data-id=\"05dde39\" data-element_type=\"column\">\n\t\t\t<div class=\"elementor-widget-wrap elementor-element-populated\">\n\t\t\t\t\t\t<div class=\"elementor-element elementor-element-38fd306 elementor-widget elementor-widget-text-editor\" data-id=\"38fd306\" data-element_type=\"widget\" data-widget_type=\"text-editor.default\">\n\t\t\t\t<div class=\"elementor-widget-container\">\n\t\t\t\t\t\t\t<p><strong>Introdu\u00e7\u00e3o<\/strong><\/p><p>A atividade consiste na avalia\u00e7\u00e3o interna do grupo PET EDUCA\u00c7\u00c3O F\u00cdSICA, na busca de melhorias para as respectivas desenvolturas junto ao ensino, \u00e0 pesquisa, \u00e0 extens\u00e3o e \u00e0 gest\u00e3o, ligadas aos integrantes do Grupo, bem como para a estrutura\u00e7\u00e3o e desenvolvimento das atividades realizadas.<\/p><p><strong>Metodologia<\/strong><\/p><p>A realiza\u00e7\u00e3o da atividade recobre o desenvolvimento conjunto de estrat\u00e9gias para a avalia\u00e7\u00e3o, em acordo ao reconhecimento das necessidades processuais encontradas a cada atividade desenvolvida. O processo de avalia\u00e7\u00e3o \u00e9 um caminho que necessita de dedica\u00e7\u00e3o e constante verifica\u00e7\u00e3o para a sua melhor adequa\u00e7\u00e3o e aplica\u00e7\u00e3o.<\/p><p><strong>Resultados esperados<\/strong><\/p><p>A maior preocupa\u00e7\u00e3o \u00e9 a garantia de um processo democr\u00e1tico para a descri\u00e7\u00e3o e a an\u00e1lise das necessidades individuais e coletivas, se observando, para tanto, as normativas existentes e hierarquias previamente estabelecidas. Tamb\u00e9m se estima que os direitos e os deveres ganhem o devido entendimento conjunto para a proje\u00e7\u00e3o da excel\u00eancia do grupo PET EDUCA\u00c7\u00c3O F\u00cdSCA.<\/p>\t\t\t\t\t\t<\/div>\n\t\t\t\t<\/div>\n\t\t\t\t\t<\/div>\n\t\t<\/div>\n\t\t\t\t\t<\/div>\n\t\t<\/section>\n\t\t\t\t<\/div>\n\t\t","protected":false},"excerpt":{"rendered":"<p>Introdu\u00e7\u00e3o A atividade consiste na avalia\u00e7\u00e3o interna do grupo PET EDUCA\u00c7\u00c3O F\u00cdSICA, na busca de melhorias para as respectivas desenvolturas junto ao ensino, \u00e0 pesquisa, \u00e0 extens\u00e3o e \u00e0 gest\u00e3o, ligadas aos integrantes do Grupo, bem como para a estrutura\u00e7\u00e3o e desenvolvimento das atividades realizadas. Metodologia A realiza\u00e7\u00e3o da atividade recobre o desenvolvimento conjunto de [&hellip;]<\/p>\n","protected":false},"author":4287,"featured_media":0,"parent":0,"menu_order":0,"comment_status":"closed","ping_status":"closed","template":"","meta":{"footnotes":""},"categories":[],"tags":[],"class_list":["post-207","page","type-page","status-publish","hentry"],"acf":[],"_links":{"self":[{"href":"https:\/\/www.ufsm.br\/pet\/educacao-fisica\/wp-json\/wp\/v2\/pages\/207","targetHints":{"allow":["GET"]}}],"collection":[{"href":"https:\/\/www.ufsm.br\/pet\/educacao-fisica\/wp-json\/wp\/v2\/pages"}],"about":[{"href":"https:\/\/www.ufsm.br\/pet\/educacao-fisica\/wp-json\/wp\/v2\/types\/page"}],"author":[{"embeddable":true,"href":"https:\/\/www.ufsm.br\/pet\/educacao-fisica\/wp-json\/wp\/v2\/users\/4287"}],"replies":[{"embeddable":true,"href":"https:\/\/www.ufsm.br\/pet\/educacao-fisica\/wp-json\/wp\/v2\/comments?post=207"}],"version-history":[{"count":0,"href":"https:\/\/www.ufsm.br\/pet\/educacao-fisica\/wp-json\/wp\/v2\/pages\/207\/revisions"}],"wp:attachment":[{"href":"https:\/\/www.ufsm.br\/pet\/educacao-fisica\/wp-json\/wp\/v2\/media?parent=207"}],"wp:term":[{"taxonomy":"category","embeddable":true,"href":"https:\/\/www.ufsm.br\/pet\/educacao-fisica\/wp-json\/wp\/v2\/categories?post=207"},{"taxonomy":"post_tag","embeddable":true,"href":"https:\/\/www.ufsm.br\/pet\/educacao-fisica\/wp-json\/wp\/v2\/tags?post=207"}],"curies":[{"name":"wp","href":"https:\/\/api.w.org\/{rel}","templated":true}]}}