{"id":208,"date":"2023-03-24T16:28:03","date_gmt":"2023-03-24T19:28:03","guid":{"rendered":"https:\/\/www.ufsm.br\/pet\/educacao-fisica\/?page_id=208"},"modified":"2023-03-24T16:28:09","modified_gmt":"2023-03-24T19:28:09","slug":"segundo-evento-anual-dos-grupos-pet-ufsm-junto-a-jai","status":"publish","type":"page","link":"https:\/\/www.ufsm.br\/pet\/educacao-fisica\/segundo-evento-anual-dos-grupos-pet-ufsm-junto-a-jai","title":{"rendered":"SEGUNDO EVENTO ANUAL DOS GRUPOS PET UFSM JUNTO \u00c0 JAI"},"content":{"rendered":"\t\t<div data-elementor-type=\"wp-page\" data-elementor-id=\"208\" class=\"elementor elementor-208\">\n\t\t\t\t\t\t<section class=\"elementor-section elementor-top-section elementor-element elementor-element-3c0859b elementor-section-boxed elementor-section-height-default elementor-section-height-default\" data-id=\"3c0859b\" data-element_type=\"section\">\n\t\t\t\t\t\t<div class=\"elementor-container elementor-column-gap-default\">\n\t\t\t\t\t<div class=\"elementor-column elementor-col-100 elementor-top-column elementor-element elementor-element-c2be661\" data-id=\"c2be661\" data-element_type=\"column\">\n\t\t\t<div class=\"elementor-widget-wrap elementor-element-populated\">\n\t\t\t\t\t\t<div class=\"elementor-element elementor-element-5f31172 elementor-widget elementor-widget-text-editor\" data-id=\"5f31172\" data-element_type=\"widget\" data-widget_type=\"text-editor.default\">\n\t\t\t\t<div class=\"elementor-widget-container\">\n\t\t\t\t\t\t\t<p><strong>Introdu\u00e7\u00e3o<\/strong><\/p><p>O segundo Evento Anual dos Grupos PET da Universidade Federal de Santa Maria, integra a realiza\u00e7\u00e3o de dois grandes eventos, acordados por todos os grupos e organizado a partir do INTERPET realizado no m\u00eas de novembro de 2022. A finalidade do evento \u00e9 de produzir e apresentar o que o Programa de Educa\u00e7\u00e3o Tutorial vem desenvolvendo a partir da UFSM, dentro da programa\u00e7\u00e3o da Jornada Acad\u00eamica Integrada da UFSM (JAI), tornado o evento uma atividade regular do Programa junto \u00e0 comunidade universit\u00e1ria.<\/p><p><strong>Metodologia<\/strong><\/p><p>A metodologia para a realiza\u00e7\u00e3o da atividade, parte da ideia de partilha entre todos os PETs da UFSM e do estabelecimento de grupos de trabalho (GT&#8217;s), para a defini\u00e7\u00e3o de a\u00e7\u00f5es a serem compartilhadas e discutidas nas reuni\u00f5es ordin\u00e1rias dos grupos. Ap\u00f3s o compartilhamento, inicia-se a defini\u00e7\u00e3o de metas de atua\u00e7\u00e3o, com o evento se estruturando desde a PROGRAD e passando a ser divulgado junto \u00e0 comunidade universit\u00e1ria. As atividades ser\u00e3o baseadas nas carater\u00edsticas e peculiaridades de cada Grupo PET, bem como na esteira de intera\u00e7\u00e3o entre eles, com o intuito de desenvolver atividades multidisciplinares entre os grupos.<\/p><p><strong>Resultados esperados<\/strong><\/p><p>Com a realiza\u00e7\u00e3o de um evento de maior porte, estima-se um aumento significativo na produ\u00e7\u00e3o de resumos, ensaios e artigos referentes ao campo de conhecimento relativo \u00e0 Educa\u00e7\u00e3o F\u00edsica junto \u00e0 JAI da UFSM e o estabelecimento de novas perspectivas acad\u00eamicas e epistemol\u00f3gicas em fun\u00e7\u00e3o das possibilidades renovadas de parcerias com outras \u00e1reas de conhecimento. Tamb\u00e9m faz parte da expectativa de resultados, a discuss\u00e3o de novos rumos curriculares para os diferentes cursos envolvidos.<\/p>\t\t\t\t\t\t<\/div>\n\t\t\t\t<\/div>\n\t\t\t\t\t<\/div>\n\t\t<\/div>\n\t\t\t\t\t<\/div>\n\t\t<\/section>\n\t\t\t\t<\/div>\n\t\t","protected":false},"excerpt":{"rendered":"<p>Introdu\u00e7\u00e3o O segundo Evento Anual dos Grupos PET da Universidade Federal de Santa Maria, integra a realiza\u00e7\u00e3o de dois grandes eventos, acordados por todos os grupos e organizado a partir do INTERPET realizado no m\u00eas de novembro de 2022. A finalidade do evento \u00e9 de produzir e apresentar o que o Programa de Educa\u00e7\u00e3o Tutorial [&hellip;]<\/p>\n","protected":false},"author":4287,"featured_media":0,"parent":0,"menu_order":0,"comment_status":"closed","ping_status":"closed","template":"","meta":{"footnotes":""},"categories":[],"tags":[],"class_list":["post-208","page","type-page","status-publish","hentry"],"acf":[],"_links":{"self":[{"href":"https:\/\/www.ufsm.br\/pet\/educacao-fisica\/wp-json\/wp\/v2\/pages\/208","targetHints":{"allow":["GET"]}}],"collection":[{"href":"https:\/\/www.ufsm.br\/pet\/educacao-fisica\/wp-json\/wp\/v2\/pages"}],"about":[{"href":"https:\/\/www.ufsm.br\/pet\/educacao-fisica\/wp-json\/wp\/v2\/types\/page"}],"author":[{"embeddable":true,"href":"https:\/\/www.ufsm.br\/pet\/educacao-fisica\/wp-json\/wp\/v2\/users\/4287"}],"replies":[{"embeddable":true,"href":"https:\/\/www.ufsm.br\/pet\/educacao-fisica\/wp-json\/wp\/v2\/comments?post=208"}],"version-history":[{"count":0,"href":"https:\/\/www.ufsm.br\/pet\/educacao-fisica\/wp-json\/wp\/v2\/pages\/208\/revisions"}],"wp:attachment":[{"href":"https:\/\/www.ufsm.br\/pet\/educacao-fisica\/wp-json\/wp\/v2\/media?parent=208"}],"wp:term":[{"taxonomy":"category","embeddable":true,"href":"https:\/\/www.ufsm.br\/pet\/educacao-fisica\/wp-json\/wp\/v2\/categories?post=208"},{"taxonomy":"post_tag","embeddable":true,"href":"https:\/\/www.ufsm.br\/pet\/educacao-fisica\/wp-json\/wp\/v2\/tags?post=208"}],"curies":[{"name":"wp","href":"https:\/\/api.w.org\/{rel}","templated":true}]}}