{"id":209,"date":"2023-03-24T16:30:27","date_gmt":"2023-03-24T19:30:27","guid":{"rendered":"https:\/\/www.ufsm.br\/pet\/educacao-fisica\/?page_id=209"},"modified":"2023-03-24T16:30:34","modified_gmt":"2023-03-24T19:30:34","slug":"participacao-do-grupo-pet-educacao-fisica-no-projeto-ufsm-integra","status":"publish","type":"page","link":"https:\/\/www.ufsm.br\/pet\/educacao-fisica\/participacao-do-grupo-pet-educacao-fisica-no-projeto-ufsm-integra","title":{"rendered":"PARTICIPA\u00c7\u00c3O DO GRUPO PET EDUCA\u00c7\u00c3O F\u00cdSICA NO PROJETO UFSM INTEGRA"},"content":{"rendered":"\t\t<div data-elementor-type=\"wp-page\" data-elementor-id=\"209\" class=\"elementor elementor-209\">\n\t\t\t\t\t\t<section class=\"elementor-section elementor-top-section elementor-element elementor-element-3c405ea elementor-section-boxed elementor-section-height-default elementor-section-height-default\" data-id=\"3c405ea\" data-element_type=\"section\">\n\t\t\t\t\t\t<div class=\"elementor-container elementor-column-gap-default\">\n\t\t\t\t\t<div class=\"elementor-column elementor-col-100 elementor-top-column elementor-element elementor-element-46ac11c\" data-id=\"46ac11c\" data-element_type=\"column\">\n\t\t\t<div class=\"elementor-widget-wrap elementor-element-populated\">\n\t\t\t\t\t\t<div class=\"elementor-element elementor-element-9267e81 elementor-widget elementor-widget-text-editor\" data-id=\"9267e81\" data-element_type=\"widget\" data-widget_type=\"text-editor.default\">\n\t\t\t\t<div class=\"elementor-widget-container\">\n\t\t\t\t\t\t\t<p><strong>Introdu\u00e7\u00e3o<\/strong><\/p><p>O Projeto UFSM INTEGRA \u00e9 uma a\u00e7\u00e3o conjunta da Pr\u00f3-Reitoria de Gradua\u00e7\u00e3o (PROGRAD) da Universidade Federal de Santa Maria, da Pr\u00f3-Reitoria de Planejamento (PROPLAN) e do Centro de Processamento de Dados (CPD). A finalidade \u00e9 a de reduzir a evas\u00e3o e estimular a perman\u00eancia dos estudantes nos cursos de gradua\u00e7\u00e3o da UFSM. A a\u00e7\u00e3o central \u00e9 a de acompanhar a vida dos alunos na UFSM desde o seu ingresso at\u00e9 o seu desligamento. O Projeto prev\u00ea a coleta de dados quantitativos, o desenvolvimento de um aplicativo, um painel de indicadores para acompanhamento e avalia\u00e7\u00e3o pelos gestores e uma campanha de comunica\u00e7\u00e3o.<\/p><p><strong>Metodologia<\/strong><\/p><p>A metodologia ser\u00e1 orientada pelos dados qualitativos e quantitativos produzidos a partir do Projeto UFSM INTEGRA, observando as necessidades espec\u00edficas apresentadas para os Cursos de Licenciatura e Bacharelado do CEFD. A especificidade e as necessidades de atua\u00e7\u00e3o junto \u00e0 evas\u00e3o e ao abandono ser\u00e3o determinantes para o processo metodol\u00f3gico de abordagem e de desenvolvimento das atividades integrativas.<\/p><p><strong>Resultados esperados<\/strong><\/p><p>Estima-se colaborar de forma efetiva e regular junto aos processos de evas\u00e3o e abandono, existentes na UFSM e especificamente no CEFD. O Programa de Educa\u00e7\u00e3o Tutorial tem um papel determinante na revitaliza\u00e7\u00e3o de estrat\u00e9gias integrativas para a melhoria do interesse e da motiva\u00e7\u00e3o da comunidade acad\u00eamica. Para tanto, os produtos estruturados, devem recobrir lacunas existentes no processo formativo de constru\u00e7\u00e3o dos perfis profissionais para a Educa\u00e7\u00e3o F\u00edsica.<\/p>\t\t\t\t\t\t<\/div>\n\t\t\t\t<\/div>\n\t\t\t\t\t<\/div>\n\t\t<\/div>\n\t\t\t\t\t<\/div>\n\t\t<\/section>\n\t\t\t\t<\/div>\n\t\t","protected":false},"excerpt":{"rendered":"<p>Introdu\u00e7\u00e3o O Projeto UFSM INTEGRA \u00e9 uma a\u00e7\u00e3o conjunta da Pr\u00f3-Reitoria de Gradua\u00e7\u00e3o (PROGRAD) da Universidade Federal de Santa Maria, da Pr\u00f3-Reitoria de Planejamento (PROPLAN) e do Centro de Processamento de Dados (CPD). A finalidade \u00e9 a de reduzir a evas\u00e3o e estimular a perman\u00eancia dos estudantes nos cursos de gradua\u00e7\u00e3o da UFSM. A a\u00e7\u00e3o [&hellip;]<\/p>\n","protected":false},"author":4287,"featured_media":0,"parent":0,"menu_order":0,"comment_status":"closed","ping_status":"closed","template":"","meta":{"footnotes":""},"categories":[],"tags":[],"class_list":["post-209","page","type-page","status-publish","hentry"],"acf":[],"_links":{"self":[{"href":"https:\/\/www.ufsm.br\/pet\/educacao-fisica\/wp-json\/wp\/v2\/pages\/209","targetHints":{"allow":["GET"]}}],"collection":[{"href":"https:\/\/www.ufsm.br\/pet\/educacao-fisica\/wp-json\/wp\/v2\/pages"}],"about":[{"href":"https:\/\/www.ufsm.br\/pet\/educacao-fisica\/wp-json\/wp\/v2\/types\/page"}],"author":[{"embeddable":true,"href":"https:\/\/www.ufsm.br\/pet\/educacao-fisica\/wp-json\/wp\/v2\/users\/4287"}],"replies":[{"embeddable":true,"href":"https:\/\/www.ufsm.br\/pet\/educacao-fisica\/wp-json\/wp\/v2\/comments?post=209"}],"version-history":[{"count":0,"href":"https:\/\/www.ufsm.br\/pet\/educacao-fisica\/wp-json\/wp\/v2\/pages\/209\/revisions"}],"wp:attachment":[{"href":"https:\/\/www.ufsm.br\/pet\/educacao-fisica\/wp-json\/wp\/v2\/media?parent=209"}],"wp:term":[{"taxonomy":"category","embeddable":true,"href":"https:\/\/www.ufsm.br\/pet\/educacao-fisica\/wp-json\/wp\/v2\/categories?post=209"},{"taxonomy":"post_tag","embeddable":true,"href":"https:\/\/www.ufsm.br\/pet\/educacao-fisica\/wp-json\/wp\/v2\/tags?post=209"}],"curies":[{"name":"wp","href":"https:\/\/api.w.org\/{rel}","templated":true}]}}