{"id":210,"date":"2023-03-24T16:32:55","date_gmt":"2023-03-24T19:32:55","guid":{"rendered":"https:\/\/www.ufsm.br\/pet\/educacao-fisica\/?page_id=210"},"modified":"2023-03-24T16:33:02","modified_gmt":"2023-03-24T19:33:02","slug":"diversifica-pet-educacao-fisica","status":"publish","type":"page","link":"https:\/\/www.ufsm.br\/pet\/educacao-fisica\/diversifica-pet-educacao-fisica","title":{"rendered":"DIVERSIFICA PET EDUCA\u00c7\u00c3O F\u00cdSICA"},"content":{"rendered":"\t\t<div data-elementor-type=\"wp-page\" data-elementor-id=\"210\" class=\"elementor elementor-210\">\n\t\t\t\t\t\t<section class=\"elementor-section elementor-top-section elementor-element elementor-element-3db63f2 elementor-section-boxed elementor-section-height-default elementor-section-height-default\" data-id=\"3db63f2\" data-element_type=\"section\">\n\t\t\t\t\t\t<div class=\"elementor-container elementor-column-gap-default\">\n\t\t\t\t\t<div class=\"elementor-column elementor-col-100 elementor-top-column elementor-element elementor-element-b21088d\" data-id=\"b21088d\" data-element_type=\"column\">\n\t\t\t<div class=\"elementor-widget-wrap elementor-element-populated\">\n\t\t\t\t\t\t<div class=\"elementor-element elementor-element-82ee845 elementor-widget elementor-widget-text-editor\" data-id=\"82ee845\" data-element_type=\"widget\" data-widget_type=\"text-editor.default\">\n\t\t\t\t<div class=\"elementor-widget-container\">\n\t\t\t\t\t\t\t<p><strong>Introdu\u00e7\u00e3o<\/strong><\/p><p>Em conson\u00e2ncia com as atividades da Comiss\u00e3o Nacional do DiversificaPet e diante da relev\u00e2ncia em rela\u00e7\u00e3o a sensibiliza\u00e7\u00e3o das pautas LGBTQIA+, pessoas negras, ind\u00edgenas, mulheres e pessoas com defici\u00eancia, bem como a\u00e7\u00f5es afirmativas, o PET Educa\u00e7\u00e3o F\u00edsica, desenvolve planos de acolhimento e amplia\u00e7\u00e3o de rela\u00e7\u00e3o com os mais variados grupos sociais e suas singularidades para serem trabalhados e debatidos dentro do PET Educa\u00e7\u00e3o F\u00edsica e demais Grupos PET da UFSM. Considera-se como um fator important\u00edssimo n\u00e3o s\u00f3 para a forma\u00e7\u00e3o acad\u00eamica dos Petianos mas tamb\u00e9m para o fortalecimento da humaniza\u00e7\u00e3o nos diversos ambientes de ensino institucionalizados. Portanto, tra\u00e7ar a\u00e7\u00f5es em torno de atividades que ampliem formas de acolher e fazer parte de uma regulariza\u00e7\u00e3o efetiva \u00e0s lutas minorit\u00e1rias, nunca se fez t\u00e3o importante diante o contexto atual que vivemos.<\/p><p><strong>Metodologia<\/strong><\/p><p>Fortalecimento e ajustes na realiza\u00e7\u00e3o de semin\u00e1rios, minicurso, rodas de conversa, eventos presenciais (Defesa pessoal para mulheres e p\u00fablico LGBTQIA+), eventos EAD sobre a diversidade no esporte e a\u00e7\u00f5es de interven\u00e7\u00e3o junto ao CEFD UFSM, aos Grupos PET UFSM e junto \u00e0 comunidade de uma forma geral.<\/p><p><strong>Resultados esperados<\/strong><\/p><p>Estima-se ampliar e regularizar \u00e0 produ\u00e7\u00e3o de melhorias para os Cursos de Licenciatura e Bacharelado do CEFD UFSM, para o Programa de Educa\u00e7\u00e3o Tutorial da UFSM e para a sociedade; intermediadas por processos educacionais e meios \u00e0 socializa\u00e7\u00e3o dos resultados, publica\u00e7\u00f5es e discuss\u00f5es atualizadas sobre o assunto.<\/p>\t\t\t\t\t\t<\/div>\n\t\t\t\t<\/div>\n\t\t\t\t\t<\/div>\n\t\t<\/div>\n\t\t\t\t\t<\/div>\n\t\t<\/section>\n\t\t\t\t<\/div>\n\t\t","protected":false},"excerpt":{"rendered":"<p>Introdu\u00e7\u00e3o Em conson\u00e2ncia com as atividades da Comiss\u00e3o Nacional do DiversificaPet e diante da relev\u00e2ncia em rela\u00e7\u00e3o a sensibiliza\u00e7\u00e3o das pautas LGBTQIA+, pessoas negras, ind\u00edgenas, mulheres e pessoas com defici\u00eancia, bem como a\u00e7\u00f5es afirmativas, o PET Educa\u00e7\u00e3o F\u00edsica, desenvolve planos de acolhimento e amplia\u00e7\u00e3o de rela\u00e7\u00e3o com os mais variados grupos sociais e suas singularidades [&hellip;]<\/p>\n","protected":false},"author":4287,"featured_media":0,"parent":0,"menu_order":0,"comment_status":"closed","ping_status":"closed","template":"","meta":{"footnotes":""},"categories":[],"tags":[],"class_list":["post-210","page","type-page","status-publish","hentry"],"acf":[],"_links":{"self":[{"href":"https:\/\/www.ufsm.br\/pet\/educacao-fisica\/wp-json\/wp\/v2\/pages\/210","targetHints":{"allow":["GET"]}}],"collection":[{"href":"https:\/\/www.ufsm.br\/pet\/educacao-fisica\/wp-json\/wp\/v2\/pages"}],"about":[{"href":"https:\/\/www.ufsm.br\/pet\/educacao-fisica\/wp-json\/wp\/v2\/types\/page"}],"author":[{"embeddable":true,"href":"https:\/\/www.ufsm.br\/pet\/educacao-fisica\/wp-json\/wp\/v2\/users\/4287"}],"replies":[{"embeddable":true,"href":"https:\/\/www.ufsm.br\/pet\/educacao-fisica\/wp-json\/wp\/v2\/comments?post=210"}],"version-history":[{"count":0,"href":"https:\/\/www.ufsm.br\/pet\/educacao-fisica\/wp-json\/wp\/v2\/pages\/210\/revisions"}],"wp:attachment":[{"href":"https:\/\/www.ufsm.br\/pet\/educacao-fisica\/wp-json\/wp\/v2\/media?parent=210"}],"wp:term":[{"taxonomy":"category","embeddable":true,"href":"https:\/\/www.ufsm.br\/pet\/educacao-fisica\/wp-json\/wp\/v2\/categories?post=210"},{"taxonomy":"post_tag","embeddable":true,"href":"https:\/\/www.ufsm.br\/pet\/educacao-fisica\/wp-json\/wp\/v2\/tags?post=210"}],"curies":[{"name":"wp","href":"https:\/\/api.w.org\/{rel}","templated":true}]}}