{"id":214,"date":"2023-03-26T13:14:33","date_gmt":"2023-03-26T16:14:33","guid":{"rendered":"https:\/\/www.ufsm.br\/pet\/educacao-fisica\/?page_id=214"},"modified":"2023-03-26T13:14:41","modified_gmt":"2023-03-26T16:14:41","slug":"atividades-de-pesquisa-dos-petianos-pet-educacao-fisica-2","status":"publish","type":"page","link":"https:\/\/www.ufsm.br\/pet\/educacao-fisica\/atividades-de-pesquisa-dos-petianos-pet-educacao-fisica-2","title":{"rendered":"ATIVIDADES DE PESQUISA DOS PETIANOS &#8211; PET EDUCA\u00c7\u00c3O F\u00cdSICA"},"content":{"rendered":"\t\t<div data-elementor-type=\"wp-page\" data-elementor-id=\"214\" class=\"elementor elementor-214\">\n\t\t\t\t\t\t<section class=\"elementor-section elementor-top-section elementor-element elementor-element-6e13ec6 elementor-section-boxed elementor-section-height-default elementor-section-height-default\" data-id=\"6e13ec6\" data-element_type=\"section\">\n\t\t\t\t\t\t<div class=\"elementor-container elementor-column-gap-default\">\n\t\t\t\t\t<div class=\"elementor-column elementor-col-100 elementor-top-column elementor-element elementor-element-4a03621\" data-id=\"4a03621\" data-element_type=\"column\">\n\t\t\t<div class=\"elementor-widget-wrap elementor-element-populated\">\n\t\t\t\t\t\t<div class=\"elementor-element elementor-element-6e3f5d4 elementor-widget elementor-widget-text-editor\" data-id=\"6e3f5d4\" data-element_type=\"widget\" data-widget_type=\"text-editor.default\">\n\t\t\t\t<div class=\"elementor-widget-container\">\n\t\t\t\t\t\t\t<p><strong>Introdu\u00e7\u00e3o<\/strong><\/p><p>Os grupos PET se caracterizam pelo envolvimento com pesquisas cient\u00edficas. Neste contexto, cada Petiano deve se vincular a um projeto de pesquisa, com registro pertinente junto ao Gabinete de Projetos do Centro de Educa\u00e7\u00e3o F\u00edsica e Desportos da UFSM. Com o intuito de inicialmente ingressar em uma pesquisa, sob a orienta\u00e7\u00e3o e supervis\u00e3o de um professor\/pesquisador dos cursos de Licenciatura e Bacharelado, para posteriormente desenvolver o seu projeto de pesquisa (Laborat\u00f3rio de an\u00e1lise dos cen\u00e1rios esportivos na m\u00eddia (LACEM), Laborat\u00f3rio de aprendizagem motora, Laborat\u00f3rio de biomec\u00e2nica &#8211; LABIOMEC, Laborat\u00f3rio de bioqu\u00edmica do exerc\u00edcio &#8211; BIOEX, Laborat\u00f3rio de cineantropometria &#8211; LABCINE, Laborat\u00f3rio de desenvolvimento motor, Laborat\u00f3rio de improvisa\u00e7\u00e3o e coreografia &#8211; LICOR, Laborat\u00f3rio de performance em ambiente simulado &#8211; LAPAS, Laborat\u00f3rio interdisciplinar de ergonomia e cineantropometria &#8211; LABINTEC, Laborat\u00f3rio interdisciplinar de postura e cineatropometria\/LABOR e qualidade de vida &#8211; LABINPEC\/LAQUAVI e Laborat\u00f3rio investigativo de cria\u00e7\u00f5es contempor\u00e2neas em Dan\u00e7a &#8211; LICCDA).<\/p><p><strong>Metodologia<\/strong><\/p><p>Os Petianos devem buscar Professores\/Pesquisadores junto aos cursos de Licenciatura e Bacharelado do CEFD\/UFSM para participarem de pesquisas individuais ou em grupos de pesquisa, em um projeto novo ou em andamento registrado no GAP\/CEFD. Ao final de cada semestre letivo o Petiano deve produzir pelo menos um trabalho\/relat\u00f3rio de inicia\u00e7\u00e3o cient\u00edfica para apresentar em semin\u00e1rios internos ou externos, encontros, congressos de inicia\u00e7\u00e3o cient\u00edfica ou jornadas acad\u00eamicas.<\/p><p><strong>Resultados esperados<\/strong><\/p><p>A atividade busca a estimula\u00e7\u00e3o progressiva para os membros do grupo PET EDUCA\u00c7\u00c3O F\u00cdSCA, no sentido de lev\u00e1-los a percorrer diversos caminhos de pesquisa, aumentando o conhecimento espec\u00edfico na \u00e1rea de atua\u00e7\u00e3o, bem como gerando uma participa\u00e7\u00e3o regular junto ao universo investigativo, atrav\u00e9s de publica\u00e7\u00f5es e na forma\u00e7\u00e3o de jovens pesquisadores.<\/p>\t\t\t\t\t\t<\/div>\n\t\t\t\t<\/div>\n\t\t\t\t\t<\/div>\n\t\t<\/div>\n\t\t\t\t\t<\/div>\n\t\t<\/section>\n\t\t\t\t<\/div>\n\t\t","protected":false},"excerpt":{"rendered":"<p>Introdu\u00e7\u00e3o Os grupos PET se caracterizam pelo envolvimento com pesquisas cient\u00edficas. Neste contexto, cada Petiano deve se vincular a um projeto de pesquisa, com registro pertinente junto ao Gabinete de Projetos do Centro de Educa\u00e7\u00e3o F\u00edsica e Desportos da UFSM. Com o intuito de inicialmente ingressar em uma pesquisa, sob a orienta\u00e7\u00e3o e supervis\u00e3o de [&hellip;]<\/p>\n","protected":false},"author":4287,"featured_media":0,"parent":0,"menu_order":0,"comment_status":"closed","ping_status":"closed","template":"","meta":{"footnotes":""},"categories":[],"tags":[],"class_list":["post-214","page","type-page","status-publish","hentry"],"acf":[],"_links":{"self":[{"href":"https:\/\/www.ufsm.br\/pet\/educacao-fisica\/wp-json\/wp\/v2\/pages\/214","targetHints":{"allow":["GET"]}}],"collection":[{"href":"https:\/\/www.ufsm.br\/pet\/educacao-fisica\/wp-json\/wp\/v2\/pages"}],"about":[{"href":"https:\/\/www.ufsm.br\/pet\/educacao-fisica\/wp-json\/wp\/v2\/types\/page"}],"author":[{"embeddable":true,"href":"https:\/\/www.ufsm.br\/pet\/educacao-fisica\/wp-json\/wp\/v2\/users\/4287"}],"replies":[{"embeddable":true,"href":"https:\/\/www.ufsm.br\/pet\/educacao-fisica\/wp-json\/wp\/v2\/comments?post=214"}],"version-history":[{"count":0,"href":"https:\/\/www.ufsm.br\/pet\/educacao-fisica\/wp-json\/wp\/v2\/pages\/214\/revisions"}],"wp:attachment":[{"href":"https:\/\/www.ufsm.br\/pet\/educacao-fisica\/wp-json\/wp\/v2\/media?parent=214"}],"wp:term":[{"taxonomy":"category","embeddable":true,"href":"https:\/\/www.ufsm.br\/pet\/educacao-fisica\/wp-json\/wp\/v2\/categories?post=214"},{"taxonomy":"post_tag","embeddable":true,"href":"https:\/\/www.ufsm.br\/pet\/educacao-fisica\/wp-json\/wp\/v2\/tags?post=214"}],"curies":[{"name":"wp","href":"https:\/\/api.w.org\/{rel}","templated":true}]}}