{"id":22,"date":"2019-05-14T17:01:42","date_gmt":"2019-05-14T20:01:42","guid":{"rendered":"https:\/\/www.ufsm.br\/template-laboratprio\/?page_id=22"},"modified":"2021-07-15T15:54:35","modified_gmt":"2021-07-15T18:54:35","slug":"sobre","status":"publish","type":"page","link":"https:\/\/www.ufsm.br\/pet\/educacao-fisica\/sobre","title":{"rendered":"Sobre"},"content":{"rendered":"\t\t<div data-elementor-type=\"wp-page\" data-elementor-id=\"22\" class=\"elementor elementor-22\">\n\t\t\t\t\t\t<section class=\"elementor-section elementor-top-section elementor-element elementor-element-5877ce5a elementor-section-boxed elementor-section-height-default elementor-section-height-default\" data-id=\"5877ce5a\" data-element_type=\"section\">\n\t\t\t\t\t\t<div class=\"elementor-container elementor-column-gap-default\">\n\t\t\t\t\t<div class=\"elementor-column elementor-col-100 elementor-top-column elementor-element elementor-element-3ad97da6\" data-id=\"3ad97da6\" data-element_type=\"column\">\n\t\t\t<div class=\"elementor-widget-wrap elementor-element-populated\">\n\t\t\t\t\t\t<div class=\"elementor-element elementor-element-680ad1dc elementor-widget elementor-widget-text-editor\" data-id=\"680ad1dc\" data-element_type=\"widget\" data-widget_type=\"text-editor.default\">\n\t\t\t\t<div class=\"elementor-widget-container\">\n\t\t\t\t\t\t\t<p>O PET Educa\u00e7\u00e3o F\u00edsica se originou em 14 de dezembro de 2010. Por este j\u00e1 passaram 3 tutores e aproximadamente 74 bolsistas e n\u00e3o bolsistas, os quais desenvolvem trabalhos nas tr\u00eas grandes \u00e1reas: ensino, pesquisa e extens\u00e3o, por demandas do grupo se originou uma quarta \u00e1rea de atua\u00e7\u00e3o, denominada gest\u00e3o. O<span style=\"color: #000000;font-size: 16px\"> grupo PET EF deve complementar a forma\u00e7\u00e3o acad\u00eamica dos integrantes e ampliar os objetivos e os conte\u00fados program\u00e1ticos que integram sua grade curricular de seus cursos. <\/span><\/p>\n<p><span style=\"color: #1c1c1c;font-size: 16px\">Atrav\u00e9s dos diversos debates em relevo, criados via planejamento, principalmente quando se protagoniza a participa\u00e7\u00e3o de diversos profissionais; se constitui a base para que os Petianos ultrapassem atitudes rotineiras. E ao se debru\u00e7ar sobre assuntos diferentes, ficam mais predispostos a absorver novas informa\u00e7\u00f5es e tamb\u00e9m novas culturas.<\/span><\/p>\n<p>Os participantes do Grupo PET Educa\u00e7\u00e3o F\u00edsica, realizam as atividades com a versatilidade de sua forma\u00e7\u00e3o e da disponibilidade de experi\u00eancias de excelente qualidade, contando com a participa\u00e7\u00e3o dos docentes, discentes e colaboradores do CEFD e da UFSM. Desta maneira, o desenvolvimento planejado prima por uma forma\u00e7\u00e3o integral do Petiano, observando os aspectos \u00e9ticos, t\u00e9cnicos, cient\u00edficos, culturais, sociais e pol\u00edticos necess\u00e1rios para a adequada atua\u00e7\u00e3o do futuro profissional de Educa\u00e7\u00e3o F\u00edsica.<\/p>\n<p><span style=\"color: #1c1c1c;font-size: 16px\">Dessa forma, o programa permite a forma\u00e7\u00e3o global do aluno no contexto da pr\u00f3 atividade com base na excel\u00eancia. Contamos com um planejamento anual que contempla 18 atividades distribu\u00eddas entre as \u00e1reas de ensino, pesquisa e extens\u00e3o e mediadas pela \u00e1rea de gest\u00e3o, dentro da qual, cada atividade conta com um petiano coordenador e um vice coordenador auxiliados pelo tutor.<\/span><\/p>\t\t\t\t\t\t<\/div>\n\t\t\t\t<\/div>\n\t\t\t\t\t<\/div>\n\t\t<\/div>\n\t\t\t\t\t<\/div>\n\t\t<\/section>\n\t\t\t\t<\/div>\n\t\t","protected":false},"excerpt":{"rendered":"<p>O PET Educa\u00e7\u00e3o F\u00edsica se originou em 14 de dezembro de 2010. Por este j\u00e1 passaram 3 tutores e aproximadamente 74 bolsistas e n\u00e3o bolsistas, os quais desenvolvem trabalhos nas tr\u00eas grandes \u00e1reas: ensino, pesquisa e extens\u00e3o, por demandas do grupo se originou uma quarta \u00e1rea de atua\u00e7\u00e3o, denominada gest\u00e3o. O grupo PET EF deve [&hellip;]<\/p>\n","protected":false},"author":8,"featured_media":0,"parent":0,"menu_order":0,"comment_status":"closed","ping_status":"closed","template":"","meta":{"footnotes":""},"categories":[],"tags":[],"class_list":["post-22","page","type-page","status-publish","hentry"],"acf":[],"_links":{"self":[{"href":"https:\/\/www.ufsm.br\/pet\/educacao-fisica\/wp-json\/wp\/v2\/pages\/22","targetHints":{"allow":["GET"]}}],"collection":[{"href":"https:\/\/www.ufsm.br\/pet\/educacao-fisica\/wp-json\/wp\/v2\/pages"}],"about":[{"href":"https:\/\/www.ufsm.br\/pet\/educacao-fisica\/wp-json\/wp\/v2\/types\/page"}],"author":[{"embeddable":true,"href":"https:\/\/www.ufsm.br\/pet\/educacao-fisica\/wp-json\/wp\/v2\/users\/8"}],"replies":[{"embeddable":true,"href":"https:\/\/www.ufsm.br\/pet\/educacao-fisica\/wp-json\/wp\/v2\/comments?post=22"}],"version-history":[{"count":0,"href":"https:\/\/www.ufsm.br\/pet\/educacao-fisica\/wp-json\/wp\/v2\/pages\/22\/revisions"}],"wp:attachment":[{"href":"https:\/\/www.ufsm.br\/pet\/educacao-fisica\/wp-json\/wp\/v2\/media?parent=22"}],"wp:term":[{"taxonomy":"category","embeddable":true,"href":"https:\/\/www.ufsm.br\/pet\/educacao-fisica\/wp-json\/wp\/v2\/categories?post=22"},{"taxonomy":"post_tag","embeddable":true,"href":"https:\/\/www.ufsm.br\/pet\/educacao-fisica\/wp-json\/wp\/v2\/tags?post=22"}],"curies":[{"name":"wp","href":"https:\/\/api.w.org\/{rel}","templated":true}]}}