{"id":33,"date":"2019-05-24T15:38:58","date_gmt":"2019-05-24T18:38:58","guid":{"rendered":"https:\/\/www.ufsm.br\/template-laboratprio\/?page_id=33"},"modified":"2021-06-24T16:01:54","modified_gmt":"2021-06-24T19:01:54","slug":"producao-cientifica","status":"publish","type":"page","link":"https:\/\/www.ufsm.br\/pet\/educacao-fisica\/producao-cientifica","title":{"rendered":"Produ\u00e7\u00e3o Cient\u00edfica"},"content":{"rendered":"\t\t<div data-elementor-type=\"wp-page\" data-elementor-id=\"33\" class=\"elementor elementor-33\">\n\t\t\t\t\t\t<section class=\"elementor-section elementor-top-section elementor-element elementor-element-d7df338 elementor-section-boxed elementor-section-height-default elementor-section-height-default\" data-id=\"d7df338\" data-element_type=\"section\">\n\t\t\t\t\t\t<div class=\"elementor-container elementor-column-gap-default\">\n\t\t\t\t\t<div class=\"elementor-column elementor-col-100 elementor-top-column elementor-element elementor-element-ed2737c\" data-id=\"ed2737c\" data-element_type=\"column\">\n\t\t\t<div class=\"elementor-widget-wrap elementor-element-populated\">\n\t\t\t\t\t\t<div class=\"elementor-element elementor-element-74dc269 elementor-widget elementor-widget-toggle\" data-id=\"74dc269\" data-element_type=\"widget\" data-widget_type=\"toggle.default\">\n\t\t\t\t<div class=\"elementor-widget-container\">\n\t\t\t\t\t<div class=\"elementor-toggle\">\n\t\t\t\t\t\t\t<div class=\"elementor-toggle-item\">\n\t\t\t\t\t<h5 id=\"elementor-tab-title-1221\" class=\"elementor-tab-title\" data-tab=\"1\" role=\"button\" aria-controls=\"elementor-tab-content-1221\" aria-expanded=\"false\">\n\t\t\t\t\t\t\t\t\t\t\t\t<span class=\"elementor-toggle-icon elementor-toggle-icon-left\" aria-hidden=\"true\">\n\t\t\t\t\t\t\t\t\t\t\t\t\t\t\t<span class=\"elementor-toggle-icon-closed\"><i class=\"fas fa-caret-right\"><\/i><\/span>\n\t\t\t\t\t\t\t\t<span class=\"elementor-toggle-icon-opened\"><i class=\"elementor-toggle-icon-opened fas fa-caret-up\"><\/i><\/span>\n\t\t\t\t\t\t\t\t\t\t\t\t\t<\/span>\n\t\t\t\t\t\t\t\t\t\t\t\t<a class=\"elementor-toggle-title\" tabindex=\"0\">Jornada Acad\u00eamica Integrada: JAI UFSM<\/a>\n\t\t\t\t\t<\/h5>\n\n\t\t\t\t\t<div id=\"elementor-tab-content-1221\" class=\"elementor-tab-content elementor-clearfix\" data-tab=\"1\" role=\"region\" aria-labelledby=\"elementor-tab-title-1221\"><p><b>O que \u00e9?<\/b><\/p>\n<p style=\"text-align: justify\">O evento Jornada Acad\u00eamica Integrada da Universidade Federal de Santa Maria, integra o calend\u00e1rio da Institui\u00e7\u00e3o e visa exercitar a inicia\u00e7\u00e3o cient\u00edfica acad\u00eamica; intermediada na troca de experi\u00eancias entre os acad\u00eamicos dos diversos cursos e de outras institui\u00e7\u00f5es de ensino, baseado na divulga\u00e7\u00e3o de trabalhos de ensino, pesquisa e extens\u00e3o, no formato expositivo de banners e apresenta\u00e7\u00f5es orais. A justificativa encerra o acr\u00e9scimo para o conhecimento individual e coletivo do grupo PET EDUCA\u00c7\u00c3O F\u00cdSICA, permitindo aos bolsistas e n\u00e3o bolsistas um contato mais pr\u00f3ximo com a inicia\u00e7\u00e3o e produ\u00e7\u00e3o de trabalhos de pesquisa, ensino e extens\u00e3o, vislumbrando a qualifica\u00e7\u00e3o acad\u00eamica e a complementa\u00e7\u00e3o curricular.<\/p>\n<p style=\"text-align: justify\"><b>Metodologia<\/b><\/p>\n<p style=\"text-align: justify\">A atividade ser\u00e1 desenvolvida, atrav\u00e9s da exposi\u00e7\u00e3o das ideias e do desenvolvimento dos trabalhos (resumos, banners e apresenta\u00e7\u00f5es orais), em reuni\u00f5es do Grupo, considerando o cadastramento dos Petianos junto aos projetos registrados no GAP\/CEFD; concretizando os mesmos, na forma de trabalhos e publica\u00e7\u00f5es nos anais do evento. Para tanto, considerar-se-\u00e1 as condi\u00e7\u00f5es remota ou presencial, na otimiza\u00e7\u00e3o e no desenvolvimento das participa\u00e7\u00f5es junto ao evento.<\/p>\n<p style=\"text-align: justify\"><b>Resultados esperados<\/b><\/p>\n<p><\/p>\n<p style=\"text-align: justify\">Resultados \/ produtos esperados com a atividade: melhorias para o Curso, para a Educa\u00e7\u00e3o, para a sociedade, meios para a socializa\u00e7\u00e3o dos resultados, publica\u00e7\u00f5es, etc: Se estima ampliar a visibilidade para o grupo PET EDUCA\u00c7\u00c3O F\u00cdSICA, atrav\u00e9s da divulga\u00e7\u00e3o do que foi desenvolvido. Observando-se o tratamento necess\u00e1rio, \u00e0 produ\u00e7\u00e3o de trabalhos publicados e\/ou apresentados em reuni\u00f5es cient\u00edficas. Analisando as melhorias junto aos processos formativos, envolvendo os cursos de gradua\u00e7\u00e3o (Licenciatura e Bacharelado) do Centro de Educa\u00e7\u00e3o F\u00edsica e Desportos.<\/p>\n<p style=\"text-align: justify\"><a href=\"https:\/\/www.ufsm.br\/pet\/educacao-fisica\/participacao-do-pet-educacao-fisica-na-jai-ufsm-2021\/\" target=\"_blank\">PARTICIPA\u00c7\u00c3O DO PET EDUCA\u00c7\u00c3O F\u00b4\u00cdSICA NA JAI UFSM 2021<\/a><br><\/p><\/div>\n\t\t\t\t<\/div>\n\t\t\t\t\t\t\t<div class=\"elementor-toggle-item\">\n\t\t\t\t\t<h5 id=\"elementor-tab-title-1222\" class=\"elementor-tab-title\" data-tab=\"2\" role=\"button\" aria-controls=\"elementor-tab-content-1222\" aria-expanded=\"false\">\n\t\t\t\t\t\t\t\t\t\t\t\t<span class=\"elementor-toggle-icon elementor-toggle-icon-left\" aria-hidden=\"true\">\n\t\t\t\t\t\t\t\t\t\t\t\t\t\t\t<span class=\"elementor-toggle-icon-closed\"><i class=\"fas fa-caret-right\"><\/i><\/span>\n\t\t\t\t\t\t\t\t<span class=\"elementor-toggle-icon-opened\"><i class=\"elementor-toggle-icon-opened fas fa-caret-up\"><\/i><\/span>\n\t\t\t\t\t\t\t\t\t\t\t\t\t<\/span>\n\t\t\t\t\t\t\t\t\t\t\t\t<a class=\"elementor-toggle-title\" tabindex=\"0\">Encontro Nacional dos Grupos PET: ENAPET<\/a>\n\t\t\t\t\t<\/h5>\n\n\t\t\t\t\t<div id=\"elementor-tab-content-1222\" class=\"elementor-tab-content elementor-clearfix\" data-tab=\"2\" role=\"region\" aria-labelledby=\"elementor-tab-title-1222\"><p style=\"text-align: justify\"><b>O que \u00e9?<\/b><\/p>\n<p style=\"text-align: justify\">O evento intitulado Encontro Nacional do Grupos do Programa de Educa\u00e7\u00e3o Tutorial (ENAPET), congrega a reuni\u00e3o anual dos grupos PET\/MEC e todos os outros grupos e programas envolvidos com a educa\u00e7\u00e3o tutorial. Com mais de 40 anos de hist\u00f3ria \u00e9 considerado o Programa mais antigo de apoio a gradua\u00e7\u00e3o no pa\u00eds. A possibilidade de participa\u00e7\u00e3o no evento \u00e9 de fundamental import\u00e2ncia, para que os Petianos reconhe\u00e7am novas perspectivas e abordagens de desenvolvimento, geradas para a educa\u00e7\u00e3o tutorial brasileira.<\/p>\n<p style=\"text-align: justify\"><b>Metodologia<\/b><\/p>\n<p style=\"text-align: justify\">O desenvolvimento da atividade ocorrer\u00e1 atrav\u00e9s da organiza\u00e7\u00e3o pr\u00e9via, junto \u00e0s reuni\u00f5es do Grupo, para a participa\u00e7\u00e3o do grupo PET EDUCA\u00c7\u00c3O F\u00cdSCA no ENAPET 2021. Considerando a apresenta\u00e7\u00e3o de ideias e trabalhos em desenvolvimento e j\u00e1 consolidados pelos Petianos. Para tanto, considerar-se-\u00e1 as condi\u00e7\u00f5es remota ou presencial, na otimiza\u00e7\u00e3o e no desenvolvimento das participa\u00e7\u00f5es junto ao evento.<\/p>\n<p style=\"text-align: justify\"><b>Resultados esperados<\/b><\/p>\n<p style=\"text-align: justify\">O desenvolvimento da atividade ocorrer\u00e1 atrav\u00e9s da organiza\u00e7\u00e3o pr\u00e9via, junto \u00e0s reuni\u00f5es do Grupo, para a participa\u00e7\u00e3o do grupo PET EDUCA\u00c7\u00c3O F\u00cdSCA no ENAPET 2021. Considerando a apresenta\u00e7\u00e3o de ideias e trabalhos em desenvolvimento e j\u00e1 consolidados pelos Petianos. Para tanto, considerar-se-\u00e1 as condi\u00e7\u00f5es remota ou presencial, na otimiza\u00e7\u00e3o e no desenvolvimento das participa\u00e7\u00f5es junto ao evento.<\/p>\n<p style=\"text-align: justify\"><span><a href=\"https:\/\/www.ufsm.br\/pet\/educacao-fisica\/participacao-do-pet-educacao-fisica-no-enapet-2021\/\">PARTICIPA\u00c7\u00c3O DO PET EDUCA\u00c7\u00c3O F\u00cdSICA NO ENAPET 2021<\/a><\/span><\/p><\/div>\n\t\t\t\t<\/div>\n\t\t\t\t\t\t\t<div class=\"elementor-toggle-item\">\n\t\t\t\t\t<h5 id=\"elementor-tab-title-1223\" class=\"elementor-tab-title\" data-tab=\"3\" role=\"button\" aria-controls=\"elementor-tab-content-1223\" aria-expanded=\"false\">\n\t\t\t\t\t\t\t\t\t\t\t\t<span class=\"elementor-toggle-icon elementor-toggle-icon-left\" aria-hidden=\"true\">\n\t\t\t\t\t\t\t\t\t\t\t\t\t\t\t<span class=\"elementor-toggle-icon-closed\"><i class=\"fas fa-caret-right\"><\/i><\/span>\n\t\t\t\t\t\t\t\t<span class=\"elementor-toggle-icon-opened\"><i class=\"elementor-toggle-icon-opened fas fa-caret-up\"><\/i><\/span>\n\t\t\t\t\t\t\t\t\t\t\t\t\t<\/span>\n\t\t\t\t\t\t\t\t\t\t\t\t<a class=\"elementor-toggle-title\" tabindex=\"0\">Encontro Regional dos Grupos PET da Regi\u00e3o Sul: SULPET<\/a>\n\t\t\t\t\t<\/h5>\n\n\t\t\t\t\t<div id=\"elementor-tab-content-1223\" class=\"elementor-tab-content elementor-clearfix\" data-tab=\"3\" role=\"region\" aria-labelledby=\"elementor-tab-title-1223\"><p style=\"text-align:justify\"><b>O que \u00e9?<\/b><\/p><p style=\"text-align:justify\">O evento fortalece a uni\u00e3o dos\nGrupos do Programa de Educa\u00e7\u00e3o Tutorial; considerando que a caracteriza\u00e7\u00e3o\nregional do evento, permite aos Grupos, o interc\u00e2mbio de importantes debates e\nexperi\u00eancias comuns. A altern\u00e2ncia na realiza\u00e7\u00e3o do evento entre as IES, tamb\u00e9m\ncolabora para um fluxo cont\u00ednuo de debates, com vistas a participa\u00e7\u00e3o no evento\nnacional (ENAPET), bem como sedimenta a apresenta\u00e7\u00e3o regional dos Grupos no\nevento.<\/p><p style=\"text-align:justify\"><b>Metodologia<\/b><\/p><p style=\"text-align:justify\">A atividade ser\u00e1 desenvolvida,\npor interm\u00e9dio de apresenta\u00e7\u00f5es e da exposi\u00e7\u00e3o das ideias e do desenvolvimento\nde atividades realizadas no INTERPET institucional. A apresenta\u00e7\u00e3o e a\nparticipa\u00e7\u00e3o, por parte do grupo PET EDUCA\u00c7\u00c3O F\u00cdSICA, levar\u00e1 em considera\u00e7\u00e3o o\ncontexto remoto ou presencial organizado para a participa\u00e7\u00e3o no evento.<\/p><p style=\"text-align:justify\"><b>Resultados esperados<\/b><\/p><p>\n\n\n\n\n\n\n\n\n\n<\/p><p style=\"text-align:justify\">Resultados \/ produtos esperados\ncom a atividade: melhorias para o Curso, para a Educa\u00e7\u00e3o, para a sociedade,\nmeios para a socializa\u00e7\u00e3o dos resultados, publica\u00e7\u00f5es, etc: Se estima ampliar a\nas discuss\u00f5es acerca do compartilhamento de experi\u00eancias em encontros\nestaduais, assim como elaborar novas ideias que fortale\u00e7am os encontros e suas\nrealiza\u00e7\u00f5es; ponderando a import\u00e2ncia e a particularidades dos INTERPETs e\ndesafios existentes \u00e0 organiza\u00e7\u00e3o de eventos locais.<\/p>\n<p style=\"text-align: justify\"><a href=\"https:\/\/www.ufsm.br\/pet\/educacao-fisica\/participacao-do-pet-educacao-fisica-no-sulpet-2021\/\" target=\"_blank\" rel=\"noopener\">PARTICIPA\u00c7\u00c3O DO PET EDUCA\u00c7\u00c3O F\u00cdSICA NO SULPET 2021<\/a><\/p><\/div>\n\t\t\t\t<\/div>\n\t\t\t\t\t\t\t\t<\/div>\n\t\t\t\t<\/div>\n\t\t\t\t<\/div>\n\t\t\t\t\t<\/div>\n\t\t<\/div>\n\t\t\t\t\t<\/div>\n\t\t<\/section>\n\t\t\t\t<\/div>\n\t\t","protected":false},"excerpt":{"rendered":"<p>Jornada Acad\u00eamica Integrada: JAI UFSM O que \u00e9? O evento Jornada Acad\u00eamica Integrada da Universidade Federal de Santa Maria, integra o calend\u00e1rio da Institui\u00e7\u00e3o e visa exercitar a inicia\u00e7\u00e3o cient\u00edfica acad\u00eamica; intermediada na troca de experi\u00eancias entre os acad\u00eamicos dos diversos cursos e de outras institui\u00e7\u00f5es de ensino, baseado na divulga\u00e7\u00e3o de trabalhos de ensino, [&hellip;]<\/p>\n","protected":false},"author":25,"featured_media":0,"parent":0,"menu_order":0,"comment_status":"closed","ping_status":"closed","template":"","meta":{"footnotes":""},"categories":[],"tags":[],"class_list":["post-33","page","type-page","status-publish","hentry"],"acf":[],"_links":{"self":[{"href":"https:\/\/www.ufsm.br\/pet\/educacao-fisica\/wp-json\/wp\/v2\/pages\/33","targetHints":{"allow":["GET"]}}],"collection":[{"href":"https:\/\/www.ufsm.br\/pet\/educacao-fisica\/wp-json\/wp\/v2\/pages"}],"about":[{"href":"https:\/\/www.ufsm.br\/pet\/educacao-fisica\/wp-json\/wp\/v2\/types\/page"}],"author":[{"embeddable":true,"href":"https:\/\/www.ufsm.br\/pet\/educacao-fisica\/wp-json\/wp\/v2\/users\/25"}],"replies":[{"embeddable":true,"href":"https:\/\/www.ufsm.br\/pet\/educacao-fisica\/wp-json\/wp\/v2\/comments?post=33"}],"version-history":[{"count":0,"href":"https:\/\/www.ufsm.br\/pet\/educacao-fisica\/wp-json\/wp\/v2\/pages\/33\/revisions"}],"wp:attachment":[{"href":"https:\/\/www.ufsm.br\/pet\/educacao-fisica\/wp-json\/wp\/v2\/media?parent=33"}],"wp:term":[{"taxonomy":"category","embeddable":true,"href":"https:\/\/www.ufsm.br\/pet\/educacao-fisica\/wp-json\/wp\/v2\/categories?post=33"},{"taxonomy":"post_tag","embeddable":true,"href":"https:\/\/www.ufsm.br\/pet\/educacao-fisica\/wp-json\/wp\/v2\/tags?post=33"}],"curies":[{"name":"wp","href":"https:\/\/api.w.org\/{rel}","templated":true}]}}