{"id":43,"date":"2020-01-07T10:36:12","date_gmt":"2020-01-07T13:36:12","guid":{"rendered":"https:\/\/www.ufsm.br\/pet-educacao-fisica\/?page_id=43"},"modified":"2021-06-24T15:19:59","modified_gmt":"2021-06-24T18:19:59","slug":"atividades","status":"publish","type":"page","link":"https:\/\/www.ufsm.br\/pet\/educacao-fisica\/atividades","title":{"rendered":"Atividades 2021"},"content":{"rendered":"\t\t<div data-elementor-type=\"wp-page\" data-elementor-id=\"43\" class=\"elementor elementor-43\">\n\t\t\t\t\t\t<section class=\"elementor-section elementor-top-section elementor-element elementor-element-09854c7 elementor-section-boxed elementor-section-height-default elementor-section-height-default\" data-id=\"09854c7\" data-element_type=\"section\">\n\t\t\t\t\t\t<div class=\"elementor-container elementor-column-gap-default\">\n\t\t\t\t\t<div class=\"elementor-column elementor-col-100 elementor-top-column elementor-element elementor-element-33e68c9\" data-id=\"33e68c9\" data-element_type=\"column\">\n\t\t\t<div class=\"elementor-widget-wrap elementor-element-populated\">\n\t\t\t\t\t\t<div class=\"elementor-element elementor-element-abdb952 elementor-widget elementor-widget-toggle\" data-id=\"abdb952\" data-element_type=\"widget\" data-widget_type=\"toggle.default\">\n\t\t\t\t<div class=\"elementor-widget-container\">\n\t\t\t\t\t<div class=\"elementor-toggle\">\n\t\t\t\t\t\t\t<div class=\"elementor-toggle-item\">\n\t\t\t\t\t<h5 id=\"elementor-tab-title-1801\" class=\"elementor-tab-title\" data-tab=\"1\" role=\"button\" aria-controls=\"elementor-tab-content-1801\" aria-expanded=\"false\">\n\t\t\t\t\t\t\t\t\t\t\t\t<span class=\"elementor-toggle-icon elementor-toggle-icon-left\" aria-hidden=\"true\">\n\t\t\t\t\t\t\t\t\t\t\t\t\t\t\t<span class=\"elementor-toggle-icon-closed\"><i class=\"fas fa-caret-right\"><\/i><\/span>\n\t\t\t\t\t\t\t\t<span class=\"elementor-toggle-icon-opened\"><i class=\"elementor-toggle-icon-opened fas fa-caret-up\"><\/i><\/span>\n\t\t\t\t\t\t\t\t\t\t\t\t\t<\/span>\n\t\t\t\t\t\t\t\t\t\t\t\t<a class=\"elementor-toggle-title\" tabindex=\"0\">Ensino<\/a>\n\t\t\t\t\t<\/h5>\n\n\t\t\t\t\t<div id=\"elementor-tab-content-1801\" class=\"elementor-tab-content elementor-clearfix\" data-tab=\"1\" role=\"region\" aria-labelledby=\"elementor-tab-title-1801\"><p><a href=\"https:\/\/www.ufsm.br\/pet\/educacao-fisica\/petianos-participacao-disciplinas-educacao-fisica\/\">A PARTICIPA\u00c7\u00c3O DOS PETIANOS NAS DISCIPLINAS DE PROFESSORES DOS CURSOS DE GRADUA\u00c7\u00c3O EDUCA\u00c7\u00c3O F\u00cdSICA DO CEFD\/UFSM<\/a><\/p><p><a href=\"https:\/\/www.ufsm.br\/pet\/educacao-fisica\/atividades-de-ensino-junto-ao-programa-de-licenciaturas-do-cefd-ufsm\/\">ATIVIDADES DE ENSINO JUNTO AO PROGRAMA DE LICENCIATURAS DO CEFD UFSM<\/a><\/p><p><a href=\"https:\/\/www.ufsm.br\/pet\/educacao-fisica\/atividades-de-ensino-junto-ao-programa-institucional-de-bolsas-de-iniciacao-a-docencia-pibid-do-cefd-ufsm\/\">ATIVIDADES DE ENSINO JUNTO AO PROGRAMA INSTITUCIONAL DE BOLSAS DE INICIA\u00c7\u00c3O \u00c0 DOC\u00caNCIA PIBID DO CEFD UFSM<\/a><\/p><p><a href=\"https:\/\/www.ufsm.br\/pet\/educacao-fisica\/atividades-de-ensino-junto-ao-programa-de-residencia-pedagogica-do-cefd-ufsm\/\">ATIVIDADES DE ENSINO JUNTO AO PROGRAMA DE RESID\u00caNCIA PEDAG\u00d3GICA DO CEFD UFSM<\/a><\/p><\/div>\n\t\t\t\t<\/div>\n\t\t\t\t\t\t\t<div class=\"elementor-toggle-item\">\n\t\t\t\t\t<h5 id=\"elementor-tab-title-1802\" class=\"elementor-tab-title\" data-tab=\"2\" role=\"button\" aria-controls=\"elementor-tab-content-1802\" aria-expanded=\"false\">\n\t\t\t\t\t\t\t\t\t\t\t\t<span class=\"elementor-toggle-icon elementor-toggle-icon-left\" aria-hidden=\"true\">\n\t\t\t\t\t\t\t\t\t\t\t\t\t\t\t<span class=\"elementor-toggle-icon-closed\"><i class=\"fas fa-caret-right\"><\/i><\/span>\n\t\t\t\t\t\t\t\t<span class=\"elementor-toggle-icon-opened\"><i class=\"elementor-toggle-icon-opened fas fa-caret-up\"><\/i><\/span>\n\t\t\t\t\t\t\t\t\t\t\t\t\t<\/span>\n\t\t\t\t\t\t\t\t\t\t\t\t<a class=\"elementor-toggle-title\" tabindex=\"0\">Pesquisa<\/a>\n\t\t\t\t\t<\/h5>\n\n\t\t\t\t\t<div id=\"elementor-tab-content-1802\" class=\"elementor-tab-content elementor-clearfix\" data-tab=\"2\" role=\"region\" aria-labelledby=\"elementor-tab-title-1802\"><p><a href=\"https:\/\/www.ufsm.br\/pet\/educacao-fisica\/atividades-de-pesquisa-dos-petianos-pet-educacao-fisica\/\" target=\"_blank\" rel=\"noopener\">ATIVIDADES DE PESQUISA DOS PETIANOS: PET EDUCA\u00c7\u00c3O F\u00cdSICA<\/a><\/p><p><a href=\"https:\/\/www.ufsm.br\/pet\/educacao-fisica\/seminarios-de-pesquisa-do-pet-educacao-fisica\/\" target=\"_blank\" rel=\"noopener\">SEMIN\u00c1RIOS DE PESQUISA DO PET EDUCA\u00c7\u00c3O F\u00cdSICA<\/a><\/p><\/div>\n\t\t\t\t<\/div>\n\t\t\t\t\t\t\t<div class=\"elementor-toggle-item\">\n\t\t\t\t\t<h5 id=\"elementor-tab-title-1803\" class=\"elementor-tab-title\" data-tab=\"3\" role=\"button\" aria-controls=\"elementor-tab-content-1803\" aria-expanded=\"false\">\n\t\t\t\t\t\t\t\t\t\t\t\t<span class=\"elementor-toggle-icon elementor-toggle-icon-left\" aria-hidden=\"true\">\n\t\t\t\t\t\t\t\t\t\t\t\t\t\t\t<span class=\"elementor-toggle-icon-closed\"><i class=\"fas fa-caret-right\"><\/i><\/span>\n\t\t\t\t\t\t\t\t<span class=\"elementor-toggle-icon-opened\"><i class=\"elementor-toggle-icon-opened fas fa-caret-up\"><\/i><\/span>\n\t\t\t\t\t\t\t\t\t\t\t\t\t<\/span>\n\t\t\t\t\t\t\t\t\t\t\t\t<a class=\"elementor-toggle-title\" tabindex=\"0\">Extens\u00e3o<\/a>\n\t\t\t\t\t<\/h5>\n\n\t\t\t\t\t<div id=\"elementor-tab-content-1803\" class=\"elementor-tab-content elementor-clearfix\" data-tab=\"3\" role=\"region\" aria-labelledby=\"elementor-tab-title-1803\"><p><a href=\"https:\/\/www.ufsm.br\/pet\/educacao-fisica\/descubra2021\/\">DESCUBRA UFSM 2021<\/a><\/p>\n<p><a href=\"https:\/\/www.ufsm.br\/pet\/educacao-fisica\/elementor-85\/\">ATIVIDADES DE EXTENS\u00c3O JUNTO AO II WORKSHOP DE PRESCRI\u00c7\u00c3O DE EXERC\u00cdCIOS F\u00cdSICOS<\/a><\/p>\n<p><a href=\"https:\/\/www.ufsm.br\/pet\/educacao-fisica\/elementor-86\/\">ATIVIDADES DE EXTENS\u00c3O JUNTO AO N\u00daCLEO DE ESTUDOS EM MEDIDAS E AVALIA\u00c7\u00c3O DOS EXERC\u00cdCIOS F\u00cdSICOS E SA\u00daDE<\/a><\/p>\n<p><a href=\"https:\/\/www.ufsm.br\/pet\/educacao-fisica\/elementor-87\/\">ORGANIZA\u00c7\u00c3O DO INTERPET UFSM MAR\u00c7O 2021<\/a><\/p>\n<p><a href=\"https:\/\/www.ufsm.br\/pet\/educacao-fisica\/elementor-88\/\">ELABORA\u00c7\u00c3O DE OFICINAS, MINI CURSOS, WORKSHOPS ENTRE OUTRAS ATIVIDADES<\/a><\/p>\n<p><a href=\"https:\/\/www.ufsm.br\/pet\/educacao-fisica\/participacao-do-grupo-pet-educacaofisica-no-projeto-institucional-geoparque-quarta-colonia\/\" target=\"_blank\">PARTICIPA\u00c7\u00c3O DO GRUPO PET EDUCA\u00c7\u00c3O F\u00cdSICA NO PROJETO INSTITUCIONAL GEOPARQUE QUARTA COL\u00d4NIA<\/a><br><\/p><\/div>\n\t\t\t\t<\/div>\n\t\t\t\t\t\t\t<div class=\"elementor-toggle-item\">\n\t\t\t\t\t<h5 id=\"elementor-tab-title-1804\" class=\"elementor-tab-title\" data-tab=\"4\" role=\"button\" aria-controls=\"elementor-tab-content-1804\" aria-expanded=\"false\">\n\t\t\t\t\t\t\t\t\t\t\t\t<span class=\"elementor-toggle-icon elementor-toggle-icon-left\" aria-hidden=\"true\">\n\t\t\t\t\t\t\t\t\t\t\t\t\t\t\t<span class=\"elementor-toggle-icon-closed\"><i class=\"fas fa-caret-right\"><\/i><\/span>\n\t\t\t\t\t\t\t\t<span class=\"elementor-toggle-icon-opened\"><i class=\"elementor-toggle-icon-opened fas fa-caret-up\"><\/i><\/span>\n\t\t\t\t\t\t\t\t\t\t\t\t\t<\/span>\n\t\t\t\t\t\t\t\t\t\t\t\t<a class=\"elementor-toggle-title\" tabindex=\"0\">Gest\u00e3o <\/a>\n\t\t\t\t\t<\/h5>\n\n\t\t\t\t\t<div id=\"elementor-tab-content-1804\" class=\"elementor-tab-content elementor-clearfix\" data-tab=\"4\" role=\"region\" aria-labelledby=\"elementor-tab-title-1804\"><p><a href=\"https:\/\/www.ufsm.br\/pet\/educacao-fisica\/reunioes-semanais\/\" target=\"_blank\" rel=\"noopener\">REUNI\u00d5ES SEMANAIS<\/a><\/p>\n<p><a href=\"https:\/\/www.ufsm.br\/pet\/educacao-fisica\/avaliacao-interna-do-pet-educacao-fisica\/\" target=\"_blank\" rel=\"noopener\">AVALIA\u00c7\u00c3O INTERNA DO PET EDUCA\u00c7\u00c3O F\u00cdSICA<\/a><\/p>\n<h1 class=\"entry-title\" style=\"font-size: 2.5rem;color: #21376b\"><a href=\"https:\/\/www.ufsm.br\/pet\/educacao-fisica\/elaboracao-de-um-plano-de-midia-para-o-grupo-pet-educacao-fisica\/\" target=\"_blank\" rel=\"noopener\">ELABORA\u00c7\u00c3O DE UM PLANO DE M\u00cdDIA PARA O GRUPO PET EDUCA\u00c7\u00c3O F\u00cdSICA<\/a><\/h1>\n<div><br><\/div><\/div>\n\t\t\t\t<\/div>\n\t\t\t\t\t\t\t\t<\/div>\n\t\t\t\t<\/div>\n\t\t\t\t<\/div>\n\t\t\t\t\t<\/div>\n\t\t<\/div>\n\t\t\t\t\t<\/div>\n\t\t<\/section>\n\t\t\t\t<\/div>\n\t\t","protected":false},"excerpt":{"rendered":"<p>Ensino A PARTICIPA\u00c7\u00c3O DOS PETIANOS NAS DISCIPLINAS DE PROFESSORES DOS CURSOS DE GRADUA\u00c7\u00c3O EDUCA\u00c7\u00c3O F\u00cdSICA DO CEFD\/UFSM ATIVIDADES DE ENSINO JUNTO AO PROGRAMA DE LICENCIATURAS DO CEFD UFSM ATIVIDADES DE ENSINO JUNTO AO PROGRAMA INSTITUCIONAL DE BOLSAS DE INICIA\u00c7\u00c3O \u00c0 DOC\u00caNCIA PIBID DO CEFD UFSM ATIVIDADES DE ENSINO JUNTO AO PROGRAMA DE RESID\u00caNCIA PEDAG\u00d3GICA DO [&hellip;]<\/p>\n","protected":false},"author":2223,"featured_media":0,"parent":0,"menu_order":0,"comment_status":"closed","ping_status":"closed","template":"","meta":{"footnotes":""},"categories":[],"tags":[],"class_list":["post-43","page","type-page","status-publish","hentry"],"acf":[],"_links":{"self":[{"href":"https:\/\/www.ufsm.br\/pet\/educacao-fisica\/wp-json\/wp\/v2\/pages\/43","targetHints":{"allow":["GET"]}}],"collection":[{"href":"https:\/\/www.ufsm.br\/pet\/educacao-fisica\/wp-json\/wp\/v2\/pages"}],"about":[{"href":"https:\/\/www.ufsm.br\/pet\/educacao-fisica\/wp-json\/wp\/v2\/types\/page"}],"author":[{"embeddable":true,"href":"https:\/\/www.ufsm.br\/pet\/educacao-fisica\/wp-json\/wp\/v2\/users\/2223"}],"replies":[{"embeddable":true,"href":"https:\/\/www.ufsm.br\/pet\/educacao-fisica\/wp-json\/wp\/v2\/comments?post=43"}],"version-history":[{"count":0,"href":"https:\/\/www.ufsm.br\/pet\/educacao-fisica\/wp-json\/wp\/v2\/pages\/43\/revisions"}],"wp:attachment":[{"href":"https:\/\/www.ufsm.br\/pet\/educacao-fisica\/wp-json\/wp\/v2\/media?parent=43"}],"wp:term":[{"taxonomy":"category","embeddable":true,"href":"https:\/\/www.ufsm.br\/pet\/educacao-fisica\/wp-json\/wp\/v2\/categories?post=43"},{"taxonomy":"post_tag","embeddable":true,"href":"https:\/\/www.ufsm.br\/pet\/educacao-fisica\/wp-json\/wp\/v2\/tags?post=43"}],"curies":[{"name":"wp","href":"https:\/\/api.w.org\/{rel}","templated":true}]}}