{"id":75,"date":"2021-06-10T14:47:49","date_gmt":"2021-06-10T17:47:49","guid":{"rendered":"https:\/\/www.ufsm.br\/pet\/educacao-fisica\/?page_id=75"},"modified":"2021-06-24T16:10:52","modified_gmt":"2021-06-24T19:10:52","slug":"descubra2021","status":"publish","type":"page","link":"https:\/\/www.ufsm.br\/pet\/educacao-fisica\/descubra2021","title":{"rendered":"DESCUBRA UFSM 2021"},"content":{"rendered":"\t\t<div data-elementor-type=\"wp-page\" data-elementor-id=\"75\" class=\"elementor elementor-75\">\n\t\t\t\t\t\t<section class=\"elementor-section elementor-top-section elementor-element elementor-element-94ea652 elementor-section-boxed elementor-section-height-default elementor-section-height-default\" data-id=\"94ea652\" data-element_type=\"section\">\n\t\t\t\t\t\t<div class=\"elementor-container elementor-column-gap-default\">\n\t\t\t\t\t<div class=\"elementor-column elementor-col-100 elementor-top-column elementor-element elementor-element-07b6c05\" data-id=\"07b6c05\" data-element_type=\"column\">\n\t\t\t<div class=\"elementor-widget-wrap elementor-element-populated\">\n\t\t\t\t\t\t<div class=\"elementor-element elementor-element-55a1318 elementor-widget elementor-widget-heading\" data-id=\"55a1318\" data-element_type=\"widget\" data-widget_type=\"heading.default\">\n\t\t\t\t<div class=\"elementor-widget-container\">\n\t\t\t<h2 class=\"elementor-heading-title elementor-size-default\">Introdu\u00e7\u00e3o<\/h2>\t\t<\/div>\n\t\t\t\t<\/div>\n\t\t\t\t<div class=\"elementor-element elementor-element-1b643a9 elementor-widget elementor-widget-text-editor\" data-id=\"1b643a9\" data-element_type=\"widget\" data-widget_type=\"text-editor.default\">\n\t\t\t\t<div class=\"elementor-widget-container\">\n\t\t\t\t\t\t\t<p>O evento intitulado Descubra UFSM, concentra atividades relativas a uma feira de profiss\u00f5es que apresenta aos futuros alunos e alunas, a estrutura dos cursos da Universidade Federal de Santa Maria. Neste contexto, a UFSM aproxima seus cursos \u00e0 comunidade, estimulando os novos pretendentes a carreira universit\u00e1ria, com uma ampla exposi\u00e7\u00e3o das atividades acad\u00eamicas em curso no ambiente institucional.<\/p>\t\t\t\t\t\t<\/div>\n\t\t\t\t<\/div>\n\t\t\t\t\t<\/div>\n\t\t<\/div>\n\t\t\t\t\t<\/div>\n\t\t<\/section>\n\t\t\t\t<section class=\"elementor-section elementor-top-section elementor-element elementor-element-31c0caf elementor-section-boxed elementor-section-height-default elementor-section-height-default\" data-id=\"31c0caf\" data-element_type=\"section\">\n\t\t\t\t\t\t<div class=\"elementor-container elementor-column-gap-default\">\n\t\t\t\t\t<div class=\"elementor-column elementor-col-100 elementor-top-column elementor-element elementor-element-28c0f40\" data-id=\"28c0f40\" data-element_type=\"column\">\n\t\t\t<div class=\"elementor-widget-wrap elementor-element-populated\">\n\t\t\t\t\t\t<div class=\"elementor-element elementor-element-a5db877 elementor-widget elementor-widget-heading\" data-id=\"a5db877\" data-element_type=\"widget\" data-widget_type=\"heading.default\">\n\t\t\t\t<div class=\"elementor-widget-container\">\n\t\t\t<h2 class=\"elementor-heading-title elementor-size-default\">Metodologia<\/h2>\t\t<\/div>\n\t\t\t\t<\/div>\n\t\t\t\t<div class=\"elementor-element elementor-element-3b9cd76 elementor-widget elementor-widget-text-editor\" data-id=\"3b9cd76\" data-element_type=\"widget\" data-widget_type=\"text-editor.default\">\n\t\t\t\t<div class=\"elementor-widget-container\">\n\t\t\t\t\t\t\t<p>A atividade consiste na estrutura\u00e7\u00e3o de estrat\u00e9gias para chamar a aten\u00e7\u00e3o dos visitantes do evento, promovendo a elabora\u00e7\u00e3o de produtos caracterizados pela facilidade de compreens\u00e3o, baseados em processos comunicacionais com linguagens vers\u00e1teis, visando uma abordagem junto aos espectadores, pautada em no\u00e7\u00f5es e conceitos importantes para a Educa\u00e7\u00e3o F\u00edsica.<\/p>\t\t\t\t\t\t<\/div>\n\t\t\t\t<\/div>\n\t\t\t\t\t<\/div>\n\t\t<\/div>\n\t\t\t\t\t<\/div>\n\t\t<\/section>\n\t\t\t\t<section class=\"elementor-section elementor-top-section elementor-element elementor-element-909f9c1 elementor-section-boxed elementor-section-height-default elementor-section-height-default\" data-id=\"909f9c1\" data-element_type=\"section\">\n\t\t\t\t\t\t<div class=\"elementor-container elementor-column-gap-default\">\n\t\t\t\t\t<div class=\"elementor-column elementor-col-100 elementor-top-column elementor-element elementor-element-6ae4398\" data-id=\"6ae4398\" data-element_type=\"column\">\n\t\t\t<div class=\"elementor-widget-wrap elementor-element-populated\">\n\t\t\t\t\t\t<div class=\"elementor-element elementor-element-22cdd5b elementor-widget elementor-widget-heading\" data-id=\"22cdd5b\" data-element_type=\"widget\" data-widget_type=\"heading.default\">\n\t\t\t\t<div class=\"elementor-widget-container\">\n\t\t\t<h2 class=\"elementor-heading-title elementor-size-default\">Resultados esperados<\/h2>\t\t<\/div>\n\t\t\t\t<\/div>\n\t\t\t\t<div class=\"elementor-element elementor-element-f5ac537 elementor-widget elementor-widget-text-editor\" data-id=\"f5ac537\" data-element_type=\"widget\" data-widget_type=\"text-editor.default\">\n\t\t\t\t<div class=\"elementor-widget-container\">\n\t\t\t\t\t\t\t<p>Resultados \/ produtos esperados com a atividade: melhorias para o Curso, para a Educa\u00e7\u00e3o, para a sociedade, meios para a socializa\u00e7\u00e3o dos resultados, publica\u00e7\u00f5es, etc: Melhoria progressiva e regular, na inser\u00e7\u00e3o do grupo PET Educa\u00e7\u00e3o F\u00edsica, na contextualiza\u00e7\u00e3o das atividades acad\u00eamicas desenvolvidas pelo CEFD de uma forma geral. Manuten\u00e7\u00e3o de uma linha de comunica\u00e7\u00e3o din\u00e2mica e constante com os alunos do ensino m\u00e9dio, ampliando o entendimento para o campo profissional da Educa\u00e7\u00e3o F\u00edsica e diminuindo as d\u00favidas existentes em rela\u00e7\u00e3o a op\u00e7\u00e3o em seguir a carreira. Apontar novas perspectivas para a abordagem e a apresenta\u00e7\u00e3o dos cursos de Licenciatura e Bacharelado do CEFD\/UFSM no evento.\u00a0<\/p>\t\t\t\t\t\t<\/div>\n\t\t\t\t<\/div>\n\t\t\t\t\t<\/div>\n\t\t<\/div>\n\t\t\t\t\t<\/div>\n\t\t<\/section>\n\t\t\t\t<section class=\"elementor-section elementor-top-section elementor-element elementor-element-92a3608 elementor-section-boxed elementor-section-height-default elementor-section-height-default\" data-id=\"92a3608\" data-element_type=\"section\">\n\t\t\t\t\t\t<div class=\"elementor-container elementor-column-gap-default\">\n\t\t\t\t\t<div class=\"elementor-column elementor-col-100 elementor-top-column elementor-element elementor-element-7e7f6e3\" data-id=\"7e7f6e3\" data-element_type=\"column\">\n\t\t\t<div class=\"elementor-widget-wrap elementor-element-populated\">\n\t\t\t\t\t\t<div class=\"elementor-element elementor-element-a5c2849 elementor-widget elementor-widget-heading\" data-id=\"a5c2849\" data-element_type=\"widget\" data-widget_type=\"heading.default\">\n\t\t\t\t<div class=\"elementor-widget-container\">\n\t\t\t<h2 class=\"elementor-heading-title elementor-size-default\">Resultados obtidos<\/h2>\t\t<\/div>\n\t\t\t\t<\/div>\n\t\t\t\t\t<\/div>\n\t\t<\/div>\n\t\t\t\t\t<\/div>\n\t\t<\/section>\n\t\t\t\t<\/div>\n\t\t","protected":false},"excerpt":{"rendered":"<p>Introdu\u00e7\u00e3o O evento intitulado Descubra UFSM, concentra atividades relativas a uma feira de profiss\u00f5es que apresenta aos futuros alunos e alunas, a estrutura dos cursos da Universidade Federal de Santa Maria. Neste contexto, a UFSM aproxima seus cursos \u00e0 comunidade, estimulando os novos pretendentes a carreira universit\u00e1ria, com uma ampla exposi\u00e7\u00e3o das atividades acad\u00eamicas em [&hellip;]<\/p>\n","protected":false},"author":4289,"featured_media":0,"parent":0,"menu_order":0,"comment_status":"closed","ping_status":"closed","template":"","meta":{"footnotes":""},"categories":[],"tags":[],"class_list":["post-75","page","type-page","status-publish","hentry"],"acf":[],"_links":{"self":[{"href":"https:\/\/www.ufsm.br\/pet\/educacao-fisica\/wp-json\/wp\/v2\/pages\/75","targetHints":{"allow":["GET"]}}],"collection":[{"href":"https:\/\/www.ufsm.br\/pet\/educacao-fisica\/wp-json\/wp\/v2\/pages"}],"about":[{"href":"https:\/\/www.ufsm.br\/pet\/educacao-fisica\/wp-json\/wp\/v2\/types\/page"}],"author":[{"embeddable":true,"href":"https:\/\/www.ufsm.br\/pet\/educacao-fisica\/wp-json\/wp\/v2\/users\/4289"}],"replies":[{"embeddable":true,"href":"https:\/\/www.ufsm.br\/pet\/educacao-fisica\/wp-json\/wp\/v2\/comments?post=75"}],"version-history":[{"count":0,"href":"https:\/\/www.ufsm.br\/pet\/educacao-fisica\/wp-json\/wp\/v2\/pages\/75\/revisions"}],"wp:attachment":[{"href":"https:\/\/www.ufsm.br\/pet\/educacao-fisica\/wp-json\/wp\/v2\/media?parent=75"}],"wp:term":[{"taxonomy":"category","embeddable":true,"href":"https:\/\/www.ufsm.br\/pet\/educacao-fisica\/wp-json\/wp\/v2\/categories?post=75"},{"taxonomy":"post_tag","embeddable":true,"href":"https:\/\/www.ufsm.br\/pet\/educacao-fisica\/wp-json\/wp\/v2\/tags?post=75"}],"curies":[{"name":"wp","href":"https:\/\/api.w.org\/{rel}","templated":true}]}}