{"id":77,"date":"2021-06-14T17:44:00","date_gmt":"2021-06-14T20:44:00","guid":{"rendered":"https:\/\/www.ufsm.br\/pet\/educacao-fisica\/?page_id=77"},"modified":"2021-06-14T22:34:44","modified_gmt":"2021-06-15T01:34:44","slug":"elaboracao-oficinas-minicursos-workshops","status":"publish","type":"page","link":"https:\/\/www.ufsm.br\/pet\/educacao-fisica\/elaboracao-oficinas-minicursos-workshops","title":{"rendered":"ELABORA\u00c7\u00c3O DE OFICINAS, MINI CURSOS, WORKSHOPS ENTRE OUTRAS ATIVIDADES"},"content":{"rendered":"\t\t<div data-elementor-type=\"wp-page\" data-elementor-id=\"77\" class=\"elementor elementor-77\">\n\t\t\t\t\t\t<section class=\"elementor-section elementor-top-section elementor-element elementor-element-05a514c elementor-section-boxed elementor-section-height-default elementor-section-height-default\" data-id=\"05a514c\" data-element_type=\"section\">\n\t\t\t\t\t\t<div class=\"elementor-container elementor-column-gap-default\">\n\t\t\t\t\t<div class=\"elementor-column elementor-col-100 elementor-top-column elementor-element elementor-element-79b6cc4\" data-id=\"79b6cc4\" data-element_type=\"column\">\n\t\t\t<div class=\"elementor-widget-wrap elementor-element-populated\">\n\t\t\t\t\t\t<div class=\"elementor-element elementor-element-6224cf6 elementor-widget elementor-widget-text-editor\" data-id=\"6224cf6\" data-element_type=\"widget\" data-widget_type=\"text-editor.default\">\n\t\t\t\t<div class=\"elementor-widget-container\">\n\t\t\t\t\t\t\t<p>A import\u00e2ncia gerada atrav\u00e9s do novo Projeto Pedag\u00f3gico dos Cursos de Educa\u00e7\u00e3o F\u00edsica\u00a0<span style=\"color: black;font-size: 1rem\">(Licenciatura e Bacharelado) do CEFD\/UFSM alicer\u00e7a-se em aspectos legais e no conjunto de\u00a0<\/span><span style=\"color: black;font-size: 1rem\">conhecimentos cient\u00edficos, de compet\u00eancias t\u00e9cnicas, de pr\u00e1ticas pedag\u00f3gicas e do processo\u00a0<\/span><span style=\"color: black;font-size: 1rem\">cont\u00ednuo de reflex\u00e3o filos\u00f3fica, baseado na forma\u00e7\u00e3o integral. O processo de produ\u00e7\u00e3o do\u00a0<\/span><span style=\"color: black;font-size: 1rem\">conhecimento deve orientar-se nas diferentes fases evolutivas e culturais existentes. A ci\u00eancia \u00e9 uma\u00a0<\/span><span style=\"color: black;font-size: 1rem\">parte integrante das pr\u00e1ticas sociais e das teorias cient\u00edficas e n\u00e3o evolui sem as devidas\u00a0<\/span><span style=\"color: black;font-size: 1rem\">correspond\u00eancias. A constru\u00e7\u00e3o do conhecimento deve preservar valores e respeitar direitos\u00a0<\/span><span style=\"color: black;font-size: 1rem\">individuais e coletivos, articulando elementos da vida comunit\u00e1ria, estabelecendo refor\u00e7os \u00e0s\u00a0<\/span><span style=\"color: black;font-size: 1rem\">identidades pessoais, atrav\u00e9s da experi\u00eancia coletiva e cooperativa. Portanto, a justificativa encerra\u00a0<\/span><span style=\"color: black;font-size: 1rem\">a participa\u00e7\u00e3o do grupo PET EDUCA\u00c7\u00c3O F\u00cdSICA, atrav\u00e9s da promo\u00e7\u00e3o de mini cursos, oficinas e\u00a0<\/span><span style=\"color: black;font-size: 1rem\">workshops, interativamente, junto aos cursos de Licenciatura e Bacharelado, no sentido de recobrir\u00a0<\/span><span style=\"color: black;font-size: 1rem\">necessidades complementares e lacunas existentes no processo formativo dos acad\u00eamicos<\/span><span style=\"color: #000000;font-size: 16px\">O objetivo da atividade \u00e9 identificar as necessidades de complementa\u00e7\u00e3o epistemol\u00f3gica e refor\u00e7o curricular existentes nos\u00a0<\/span><span style=\"color: black;font-size: 1rem\">cursos de Licenciatura e Bacharelado. Atuar de forma interativa junto \u00e0 melhoria dos Cursos do\u00a0<\/span><span style=\"color: black;font-size: 1rem\">CEFD\/UFSM. Promover regularmente atividades formativas, no sentido de atender os anseios dos\u00a0<\/span><span style=\"color: black;font-size: 1rem\">acad\u00eamicos, nos diferentes momentos da sua gradua\u00e7\u00e3o.\u00a0<\/span><span style=\"color: #000000;font-size: 16px\">As metodologias de constru\u00e7\u00e3o dos eventos (mini cursos, oficinas, worshops, entre outros)\u00a0<\/span><span style=\"color: black;font-size: 1rem\">produzidas pelos alunos PET ser\u00e3o ampliadas aos demais alunos dos Cursos atrav\u00e9s das a\u00e7\u00f5es\u00a0<\/span><span style=\"color: black;font-size: 1rem\">integradoras e de apoio. A contribui\u00e7\u00e3o \u00e0s coordena\u00e7\u00f5es pretende se constituir em momentos de\u00a0<\/span><span style=\"color: black;font-size: 1rem\">atividades culturais, intelectuais, formativas e avaliativas quanto ao processo de desenvolvimento\u00a0<\/span><span style=\"color: black;font-size: 1rem\">curricular, integrando os demais discentes, bem como os p\u00f3s-graduandos, professores e\u00a0<\/span><span style=\"color: black;font-size: 1rem\">colaboradores.<\/span><\/p>\t\t\t\t\t\t<\/div>\n\t\t\t\t<\/div>\n\t\t\t\t\t<\/div>\n\t\t<\/div>\n\t\t\t\t\t<\/div>\n\t\t<\/section>\n\t\t\t\t<\/div>\n\t\t","protected":false},"excerpt":{"rendered":"<p>A import\u00e2ncia gerada atrav\u00e9s do novo Projeto Pedag\u00f3gico dos Cursos de Educa\u00e7\u00e3o F\u00edsica&nbsp;(Licenciatura e Bacharelado) do CEFD\/UFSM alicer\u00e7a-se em aspectos legais e no conjunto de&nbsp;conhecimentos cient\u00edficos, de compet\u00eancias t\u00e9cnicas, de pr\u00e1ticas pedag\u00f3gicas e do processo&nbsp;cont\u00ednuo de reflex\u00e3o filos\u00f3fica, baseado na forma\u00e7\u00e3o integral. O processo de produ\u00e7\u00e3o do&nbsp;conhecimento deve orientar-se nas diferentes fases evolutivas e culturais [&hellip;]<\/p>\n","protected":false},"author":4288,"featured_media":0,"parent":0,"menu_order":0,"comment_status":"closed","ping_status":"closed","template":"","meta":{"footnotes":""},"categories":[],"tags":[],"class_list":["post-77","page","type-page","status-publish","hentry"],"acf":[],"_links":{"self":[{"href":"https:\/\/www.ufsm.br\/pet\/educacao-fisica\/wp-json\/wp\/v2\/pages\/77","targetHints":{"allow":["GET"]}}],"collection":[{"href":"https:\/\/www.ufsm.br\/pet\/educacao-fisica\/wp-json\/wp\/v2\/pages"}],"about":[{"href":"https:\/\/www.ufsm.br\/pet\/educacao-fisica\/wp-json\/wp\/v2\/types\/page"}],"author":[{"embeddable":true,"href":"https:\/\/www.ufsm.br\/pet\/educacao-fisica\/wp-json\/wp\/v2\/users\/4288"}],"replies":[{"embeddable":true,"href":"https:\/\/www.ufsm.br\/pet\/educacao-fisica\/wp-json\/wp\/v2\/comments?post=77"}],"version-history":[{"count":0,"href":"https:\/\/www.ufsm.br\/pet\/educacao-fisica\/wp-json\/wp\/v2\/pages\/77\/revisions"}],"wp:attachment":[{"href":"https:\/\/www.ufsm.br\/pet\/educacao-fisica\/wp-json\/wp\/v2\/media?parent=77"}],"wp:term":[{"taxonomy":"category","embeddable":true,"href":"https:\/\/www.ufsm.br\/pet\/educacao-fisica\/wp-json\/wp\/v2\/categories?post=77"},{"taxonomy":"post_tag","embeddable":true,"href":"https:\/\/www.ufsm.br\/pet\/educacao-fisica\/wp-json\/wp\/v2\/tags?post=77"}],"curies":[{"name":"wp","href":"https:\/\/api.w.org\/{rel}","templated":true}]}}