{"id":78,"date":"2021-06-14T18:28:44","date_gmt":"2021-06-14T21:28:44","guid":{"rendered":"https:\/\/www.ufsm.br\/pet\/educacao-fisica\/?page_id=78"},"modified":"2021-06-24T13:26:43","modified_gmt":"2021-06-24T16:26:43","slug":"petianos-participacao-disciplinas-educacao-fisica","status":"publish","type":"page","link":"https:\/\/www.ufsm.br\/pet\/educacao-fisica\/petianos-participacao-disciplinas-educacao-fisica","title":{"rendered":"A PARTICIPA\u00c7\u00c3O DOS PETIANOS NAS DISCIPLINAS DE PROFESSORES DOS CURSOS DE GRADUA\u00c7\u00c3O EDUCA\u00c7\u00c3O F\u00cdSICA DO CEFD\/UFSM"},"content":{"rendered":"\t\t<div data-elementor-type=\"wp-page\" data-elementor-id=\"78\" class=\"elementor elementor-78\">\n\t\t\t\t\t\t<section class=\"elementor-section elementor-top-section elementor-element elementor-element-4b757f8 elementor-section-boxed elementor-section-height-default elementor-section-height-default\" data-id=\"4b757f8\" data-element_type=\"section\">\n\t\t\t\t\t\t<div class=\"elementor-container elementor-column-gap-default\">\n\t\t\t\t\t<div class=\"elementor-column elementor-col-100 elementor-top-column elementor-element elementor-element-425ae6d\" data-id=\"425ae6d\" data-element_type=\"column\">\n\t\t\t<div class=\"elementor-widget-wrap elementor-element-populated\">\n\t\t\t\t\t\t<div class=\"elementor-element elementor-element-020c421 elementor-widget elementor-widget-heading\" data-id=\"020c421\" data-element_type=\"widget\" data-widget_type=\"heading.default\">\n\t\t\t\t<div class=\"elementor-widget-container\">\n\t\t\t<h2 class=\"elementor-heading-title elementor-size-default\">Introdu\u00e7\u00e3o <\/h2>\t\t<\/div>\n\t\t\t\t<\/div>\n\t\t\t\t<div class=\"elementor-element elementor-element-6a0149d elementor-widget elementor-widget-text-editor\" data-id=\"6a0149d\" data-element_type=\"widget\" data-widget_type=\"text-editor.default\">\n\t\t\t\t<div class=\"elementor-widget-container\">\n\t\t\t\t\t\t\t<p><span style=\"color: #000000;font-size: 16px\">O grupo PET Educa\u00e7\u00e3o F\u00edsica intenciona contribuir de forma pioneira \u00e0 aproxima\u00e7\u00e3o dos\u00a0<\/span><span style=\"color: black;font-size: 1rem\">curr\u00edculos dos cursos de Licenciatura e Bacharelado atrav\u00e9s do desenvolvimento cient\u00edfico, cultural,\u00a0<\/span><span style=\"color: black;font-size: 1rem\">art\u00edstico e tecnol\u00f3gico.<\/span><span style=\"color: black;font-size: 1rem\">\u00a0Diante disso, a atividade pretende desenvolver a atua\u00e7\u00e3o dos alunos de forma objetiva no apoio\u00a0<\/span><span style=\"color: black;font-size: 1rem\">a reformula\u00e7\u00e3o curricular em desenvolvimento nos cursos de\u00a0<\/span><span style=\"color: black;font-size: 1rem\">Licenciatura e Bacharelado do CEFD\/UFSM.\u00a0<\/span><\/p>\t\t\t\t\t\t<\/div>\n\t\t\t\t<\/div>\n\t\t\t\t\t<\/div>\n\t\t<\/div>\n\t\t\t\t\t<\/div>\n\t\t<\/section>\n\t\t\t\t<section class=\"elementor-section elementor-top-section elementor-element elementor-element-eed3b79 elementor-section-boxed elementor-section-height-default elementor-section-height-default\" data-id=\"eed3b79\" data-element_type=\"section\">\n\t\t\t\t\t\t<div class=\"elementor-container elementor-column-gap-default\">\n\t\t\t\t\t<div class=\"elementor-column elementor-col-100 elementor-top-column elementor-element elementor-element-6e381be\" data-id=\"6e381be\" data-element_type=\"column\">\n\t\t\t<div class=\"elementor-widget-wrap elementor-element-populated\">\n\t\t\t\t\t\t<div class=\"elementor-element elementor-element-f160c8e elementor-widget elementor-widget-heading\" data-id=\"f160c8e\" data-element_type=\"widget\" data-widget_type=\"heading.default\">\n\t\t\t\t<div class=\"elementor-widget-container\">\n\t\t\t<h2 class=\"elementor-heading-title elementor-size-default\">Metodologia <\/h2>\t\t<\/div>\n\t\t\t\t<\/div>\n\t\t\t\t<div class=\"elementor-element elementor-element-2480b77 elementor-widget elementor-widget-text-editor\" data-id=\"2480b77\" data-element_type=\"widget\" data-widget_type=\"text-editor.default\">\n\t\t\t\t<div class=\"elementor-widget-container\">\n\t\t\t\t\t\t\t<p><span style=\"color: #000000;font-size: 16px\">Acreditamos que a<\/span><span style=\"font-size: 1rem;color: black\">proximar docentes e acad\u00eamicos, atrav\u00e9s de\u00a0<\/span><span style=\"font-size: 1rem;color: black\">processos participativos,\u00a0<\/span><span style=\"font-size: 1rem;color: black\">em diversos n\u00edveis de reflex\u00e3o e debate sobre a\u00a0<\/span><span style=\"font-size: 1rem;color: black\">estrutura\u00e7\u00e3o curricular dos Cursos seja muito importante. Com isso, a atividade ser\u00e1 realizada a partir do\u00a0<\/span><span style=\"font-size: 1rem;color: black\">interm\u00e9dio de pautas, previamente definidas nas reuni\u00f5es do\u00a0<\/span><span style=\"font-size: 1rem;color: black\">Grupo, dentro de um planejamento operativo, com vistas a discuss\u00e3o de uma a forma\u00e7\u00e3o ampliada,\u00a0<\/span><span style=\"font-size: 1rem;color: black\">para al\u00e9m da forma\u00e7\u00e3o t\u00e9cnica, estabelecendo novas compet\u00eancias de car\u00e1ter s\u00f3cio-pol\u00edtico.\u00a0<\/span><\/p>\t\t\t\t\t\t<\/div>\n\t\t\t\t<\/div>\n\t\t\t\t\t<\/div>\n\t\t<\/div>\n\t\t\t\t\t<\/div>\n\t\t<\/section>\n\t\t\t\t<section class=\"elementor-section elementor-top-section elementor-element elementor-element-e573122 elementor-section-boxed elementor-section-height-default elementor-section-height-default\" data-id=\"e573122\" data-element_type=\"section\">\n\t\t\t\t\t\t<div class=\"elementor-container elementor-column-gap-default\">\n\t\t\t\t\t<div class=\"elementor-column elementor-col-100 elementor-top-column elementor-element elementor-element-106ef7d\" data-id=\"106ef7d\" data-element_type=\"column\">\n\t\t\t<div class=\"elementor-widget-wrap elementor-element-populated\">\n\t\t\t\t\t\t<div class=\"elementor-element elementor-element-37cdeb8 elementor-widget elementor-widget-heading\" data-id=\"37cdeb8\" data-element_type=\"widget\" data-widget_type=\"heading.default\">\n\t\t\t\t<div class=\"elementor-widget-container\">\n\t\t\t<h2 class=\"elementor-heading-title elementor-size-default\">Resultados esperados<\/h2>\t\t<\/div>\n\t\t\t\t<\/div>\n\t\t\t\t<div class=\"elementor-element elementor-element-3f8bbe3 elementor-widget elementor-widget-text-editor\" data-id=\"3f8bbe3\" data-element_type=\"widget\" data-widget_type=\"text-editor.default\">\n\t\t\t\t<div class=\"elementor-widget-container\">\n\t\t\t\t\t\t\t<p>O processo de produ\u00e7\u00e3o do conhecimento coletivo deve orientar-se nas diferentes fases evolutivas e\u00a0<span style=\"color: black;font-size: 1rem\">culturais existentes. Diante isso, o<\/span><span style=\"color: black;font-size: 1rem\">s\u00a0<\/span><span style=\"color: black;font-size: 1rem\">resultados estimados com a participa\u00e7\u00e3o dos Petianos nas disciplinas de gradua\u00e7\u00e3o, devem\u00a0<\/span><span style=\"color: black;font-size: 1rem\">proporcionar uma transposi\u00e7\u00e3o dos aspectos instrumentais caracter\u00edsticos da \u00e1rea e atingir novos\u00a0<\/span><span style=\"color: black;font-size: 1rem\">caminhos para a composi\u00e7\u00e3o da identidade da Educa\u00e7\u00e3o F\u00edsica, como campo de atua\u00e7\u00e3o profissional.<\/span><\/p>\t\t\t\t\t\t<\/div>\n\t\t\t\t<\/div>\n\t\t\t\t\t<\/div>\n\t\t<\/div>\n\t\t\t\t\t<\/div>\n\t\t<\/section>\n\t\t\t\t<section class=\"elementor-section elementor-top-section elementor-element elementor-element-a46d455 elementor-section-boxed elementor-section-height-default elementor-section-height-default\" data-id=\"a46d455\" data-element_type=\"section\">\n\t\t\t\t\t\t<div class=\"elementor-container elementor-column-gap-default\">\n\t\t\t\t\t<div class=\"elementor-column elementor-col-100 elementor-top-column elementor-element elementor-element-608317f\" data-id=\"608317f\" data-element_type=\"column\">\n\t\t\t<div class=\"elementor-widget-wrap elementor-element-populated\">\n\t\t\t\t\t\t<div class=\"elementor-element elementor-element-2d1957d elementor-widget elementor-widget-heading\" data-id=\"2d1957d\" data-element_type=\"widget\" data-widget_type=\"heading.default\">\n\t\t\t\t<div class=\"elementor-widget-container\">\n\t\t\t<h2 class=\"elementor-heading-title elementor-size-default\">Resultados obtidos <\/h2>\t\t<\/div>\n\t\t\t\t<\/div>\n\t\t\t\t\t<\/div>\n\t\t<\/div>\n\t\t\t\t\t<\/div>\n\t\t<\/section>\n\t\t\t\t<\/div>\n\t\t","protected":false},"excerpt":{"rendered":"<p>Introdu\u00e7\u00e3o O grupo PET Educa\u00e7\u00e3o F\u00edsica intenciona contribuir de forma pioneira \u00e0 aproxima\u00e7\u00e3o dos\u00a0curr\u00edculos dos cursos de Licenciatura e Bacharelado atrav\u00e9s do desenvolvimento cient\u00edfico, cultural,\u00a0art\u00edstico e tecnol\u00f3gico.\u00a0Diante disso, a atividade pretende desenvolver a atua\u00e7\u00e3o dos alunos de forma objetiva no apoio\u00a0a reformula\u00e7\u00e3o curricular em desenvolvimento nos cursos de\u00a0Licenciatura e Bacharelado do CEFD\/UFSM.\u00a0 Metodologia Acreditamos que [&hellip;]<\/p>\n","protected":false},"author":4288,"featured_media":0,"parent":0,"menu_order":0,"comment_status":"closed","ping_status":"closed","template":"","meta":{"footnotes":""},"categories":[],"tags":[],"class_list":["post-78","page","type-page","status-publish","hentry"],"acf":[],"_links":{"self":[{"href":"https:\/\/www.ufsm.br\/pet\/educacao-fisica\/wp-json\/wp\/v2\/pages\/78","targetHints":{"allow":["GET"]}}],"collection":[{"href":"https:\/\/www.ufsm.br\/pet\/educacao-fisica\/wp-json\/wp\/v2\/pages"}],"about":[{"href":"https:\/\/www.ufsm.br\/pet\/educacao-fisica\/wp-json\/wp\/v2\/types\/page"}],"author":[{"embeddable":true,"href":"https:\/\/www.ufsm.br\/pet\/educacao-fisica\/wp-json\/wp\/v2\/users\/4288"}],"replies":[{"embeddable":true,"href":"https:\/\/www.ufsm.br\/pet\/educacao-fisica\/wp-json\/wp\/v2\/comments?post=78"}],"version-history":[{"count":0,"href":"https:\/\/www.ufsm.br\/pet\/educacao-fisica\/wp-json\/wp\/v2\/pages\/78\/revisions"}],"wp:attachment":[{"href":"https:\/\/www.ufsm.br\/pet\/educacao-fisica\/wp-json\/wp\/v2\/media?parent=78"}],"wp:term":[{"taxonomy":"category","embeddable":true,"href":"https:\/\/www.ufsm.br\/pet\/educacao-fisica\/wp-json\/wp\/v2\/categories?post=78"},{"taxonomy":"post_tag","embeddable":true,"href":"https:\/\/www.ufsm.br\/pet\/educacao-fisica\/wp-json\/wp\/v2\/tags?post=78"}],"curies":[{"name":"wp","href":"https:\/\/api.w.org\/{rel}","templated":true}]}}