{"id":80,"date":"2021-06-14T21:59:42","date_gmt":"2021-06-15T00:59:42","guid":{"rendered":"https:\/\/www.ufsm.br\/pet\/educacao-fisica\/?page_id=80"},"modified":"2021-08-25T10:54:54","modified_gmt":"2021-08-25T13:54:54","slug":"atividades-de-ensino-junto-ao-programa-de-licenciaturas-do-cefd-ufsm","status":"publish","type":"page","link":"https:\/\/www.ufsm.br\/pet\/educacao-fisica\/atividades-de-ensino-junto-ao-programa-de-licenciaturas-do-cefd-ufsm","title":{"rendered":"ATIVIDADES DE ENSINO JUNTO AO PROGRAMA DE LICENCIATURAS DO CEFD UFSM"},"content":{"rendered":"\t\t<div data-elementor-type=\"wp-page\" data-elementor-id=\"80\" class=\"elementor elementor-80\">\n\t\t\t\t\t\t<section class=\"elementor-section elementor-top-section elementor-element elementor-element-07fa36d elementor-section-boxed elementor-section-height-default elementor-section-height-default\" data-id=\"07fa36d\" data-element_type=\"section\">\n\t\t\t\t\t\t<div class=\"elementor-container elementor-column-gap-default\">\n\t\t\t\t\t<div class=\"elementor-column elementor-col-100 elementor-top-column elementor-element elementor-element-9d05140\" data-id=\"9d05140\" data-element_type=\"column\">\n\t\t\t<div class=\"elementor-widget-wrap elementor-element-populated\">\n\t\t\t\t\t\t<div class=\"elementor-element elementor-element-4b10bba elementor-widget elementor-widget-heading\" data-id=\"4b10bba\" data-element_type=\"widget\" data-widget_type=\"heading.default\">\n\t\t\t\t<div class=\"elementor-widget-container\">\n\t\t\t<h2 class=\"elementor-heading-title elementor-size-default\">Introdu\u00e7\u00e3o <\/h2>\t\t<\/div>\n\t\t\t\t<\/div>\n\t\t\t\t<div class=\"elementor-element elementor-element-ccad583 elementor-widget elementor-widget-text-editor\" data-id=\"ccad583\" data-element_type=\"widget\" data-widget_type=\"text-editor.default\">\n\t\t\t\t<div class=\"elementor-widget-container\">\n\t\t\t\t\t\t\t<p><span style=\"color: #000000;font-size: 16px\">O Programa de Licenciaturas (PROLICEN) \u00e9 uma frente de a\u00e7\u00e3o da Pr\u00f3-Reitora de Gradua\u00e7\u00e3o (PROGRAD) que investe em projetos de ensino que atuam diretamente na qualidade dos cursos de forma\u00e7\u00e3o de professores, atrav\u00e9s de a\u00e7\u00f5es dirigidas \u00e0 integra\u00e7\u00e3o da UFSM com a rede p\u00fablica de Educa\u00e7\u00e3o B\u00e1sica. Na edi\u00e7\u00e3o atual, o PROLICEN encontra-se vinculado exclusivamente ao Programa UFSM em Rede. Com isso, a atividade tem por objetivo\u00a0<\/span><span style=\"color: #000000;font-size: 16px\">reconhecer as diferentes necessidades para a apresenta\u00e7\u00e3o e difus\u00e3o de conte\u00fados relacionados \u00e0 Educa\u00e7\u00e3o F\u00edsica e aos Esportes e\u00a0<\/span><span style=\"color: #000000;font-size: 16px\">Utilizar as tecnologias educacionais em rede para sustenta\u00e7\u00e3o, elabora\u00e7\u00e3o e constru\u00e7\u00e3o de produtos aplicados \u00e0 Educa\u00e7\u00e3o B\u00e1sica.\u00a0<\/span><\/p>\t\t\t\t\t\t<\/div>\n\t\t\t\t<\/div>\n\t\t\t\t\t<\/div>\n\t\t<\/div>\n\t\t\t\t\t<\/div>\n\t\t<\/section>\n\t\t\t\t<section class=\"elementor-section elementor-top-section elementor-element elementor-element-3fafe5e elementor-section-boxed elementor-section-height-default elementor-section-height-default\" data-id=\"3fafe5e\" data-element_type=\"section\">\n\t\t\t\t\t\t<div class=\"elementor-container elementor-column-gap-default\">\n\t\t\t\t\t<div class=\"elementor-column elementor-col-100 elementor-top-column elementor-element elementor-element-d6f7abd\" data-id=\"d6f7abd\" data-element_type=\"column\">\n\t\t\t<div class=\"elementor-widget-wrap elementor-element-populated\">\n\t\t\t\t\t\t<div class=\"elementor-element elementor-element-94d72ef elementor-widget elementor-widget-heading\" data-id=\"94d72ef\" data-element_type=\"widget\" data-widget_type=\"heading.default\">\n\t\t\t\t<div class=\"elementor-widget-container\">\n\t\t\t<h2 class=\"elementor-heading-title elementor-size-default\">Metodologia<\/h2>\t\t<\/div>\n\t\t\t\t<\/div>\n\t\t\t\t<div class=\"elementor-element elementor-element-60359e4 elementor-widget elementor-widget-text-editor\" data-id=\"60359e4\" data-element_type=\"widget\" data-widget_type=\"text-editor.default\">\n\t\t\t\t<div class=\"elementor-widget-container\">\n\t\t\t\t\t\t\t<p><span style=\"font-size: 1rem;color: black\">Com base no Laborat\u00f3rio de An\u00e1lise dos Cen\u00e1rios Esportivos na M\u00eddia (LACEM), os Petianos em conjunto com os bolsistas do PROLICEN CEFD\/UFSM, desenvolver\u00e3o roteiros para a estrutura\u00e7\u00e3o e o desenvolvimento de conte\u00fados radiof\u00f4nicos e televisivos, baseados nas necessidades dos diferentes n\u00edveis de ensino que envolvem a Educa\u00e7\u00e3o B\u00e1sica brasileira, em acordo a BNCC. O escopo te\u00f3rico, que sustenta o uso das tecnologias educacionais em rede, fundamentalmente naquilo que diz respeito a democratiza\u00e7\u00e3o, a emancipa\u00e7\u00e3o, a liberdade e a rela\u00e7\u00e3o do indiv\u00edduo-coletivo, ser\u00e1 o mote orientador das estrat\u00e9gias e m\u00e9todos em curso, junto \u00e0 produ\u00e7\u00e3o dos conte\u00fados para o atendimento\u00a0<\/span><span style=\"font-size: 16px;color: #000000\">em rede.<\/span><\/p>\t\t\t\t\t\t<\/div>\n\t\t\t\t<\/div>\n\t\t\t\t\t<\/div>\n\t\t<\/div>\n\t\t\t\t\t<\/div>\n\t\t<\/section>\n\t\t\t\t<section class=\"elementor-section elementor-top-section elementor-element elementor-element-b74fe28 elementor-section-boxed elementor-section-height-default elementor-section-height-default\" data-id=\"b74fe28\" data-element_type=\"section\">\n\t\t\t\t\t\t<div class=\"elementor-container elementor-column-gap-default\">\n\t\t\t\t\t<div class=\"elementor-column elementor-col-100 elementor-top-column elementor-element elementor-element-27186de\" data-id=\"27186de\" data-element_type=\"column\">\n\t\t\t<div class=\"elementor-widget-wrap elementor-element-populated\">\n\t\t\t\t\t\t<div class=\"elementor-element elementor-element-2ad0c97 elementor-widget elementor-widget-heading\" data-id=\"2ad0c97\" data-element_type=\"widget\" data-widget_type=\"heading.default\">\n\t\t\t\t<div class=\"elementor-widget-container\">\n\t\t\t<h2 class=\"elementor-heading-title elementor-size-default\">Resultados esperados<\/h2>\t\t<\/div>\n\t\t\t\t<\/div>\n\t\t\t\t<div class=\"elementor-element elementor-element-831f911 elementor-widget elementor-widget-text-editor\" data-id=\"831f911\" data-element_type=\"widget\" data-widget_type=\"text-editor.default\">\n\t\t\t\t<div class=\"elementor-widget-container\">\n\t\t\t\t\t\t\t<p>Estima-se que os Petianos, sedimentem o processo de rela\u00e7\u00e3o acad\u00eamica junto ao PROLICEN <span style=\"color: black;font-size: 1rem\">CEFD\/UFSM, no que diz respeito ao aprimoramento das a\u00e7\u00f5es de forma\u00e7\u00e3o dos cursos de l<\/span><span style=\"color: black;font-size: 1rem\">icenciatura e o fortalecimento da integra\u00e7\u00e3o da UFSM com a rede p\u00fablica de Educa\u00e7\u00e3o B\u00e1sica.&nbsp;<\/span><span style=\"color: black;font-size: 1rem\">Sobretudo, constituindo importante base de apoio e consulta para o material <\/span>desenvolvido, junto a&nbsp;<span style=\"color: black;font-size: 1rem\">um canal espec\u00edfico (FAROL UFSM) para o reposit\u00f3rio dos produtos elaborados.<\/span><\/p>\t\t\t\t\t\t<\/div>\n\t\t\t\t<\/div>\n\t\t\t\t\t<\/div>\n\t\t<\/div>\n\t\t\t\t\t<\/div>\n\t\t<\/section>\n\t\t\t\t<section class=\"elementor-section elementor-top-section elementor-element elementor-element-b8c6682 elementor-section-boxed elementor-section-height-default elementor-section-height-default\" data-id=\"b8c6682\" data-element_type=\"section\">\n\t\t\t\t\t\t<div class=\"elementor-container elementor-column-gap-default\">\n\t\t\t\t\t<div class=\"elementor-column elementor-col-100 elementor-top-column elementor-element elementor-element-9d17414\" data-id=\"9d17414\" data-element_type=\"column\">\n\t\t\t<div class=\"elementor-widget-wrap elementor-element-populated\">\n\t\t\t\t\t\t<div class=\"elementor-element elementor-element-755bfaa elementor-widget elementor-widget-heading\" data-id=\"755bfaa\" data-element_type=\"widget\" data-widget_type=\"heading.default\">\n\t\t\t\t<div class=\"elementor-widget-container\">\n\t\t\t<h2 class=\"elementor-heading-title elementor-size-default\">Resultados obtidos<\/h2>\t\t<\/div>\n\t\t\t\t<\/div>\n\t\t\t\t\t<\/div>\n\t\t<\/div>\n\t\t\t\t\t<\/div>\n\t\t<\/section>\n\t\t\t\t<\/div>\n\t\t","protected":false},"excerpt":{"rendered":"<p>Introdu\u00e7\u00e3o O Programa de Licenciaturas (PROLICEN) \u00e9 uma frente de a\u00e7\u00e3o da Pr\u00f3-Reitora de Gradua\u00e7\u00e3o (PROGRAD) que investe em projetos de ensino que atuam diretamente na qualidade dos cursos de forma\u00e7\u00e3o de professores, atrav\u00e9s de a\u00e7\u00f5es dirigidas \u00e0 integra\u00e7\u00e3o da UFSM com a rede p\u00fablica de Educa\u00e7\u00e3o B\u00e1sica. Na edi\u00e7\u00e3o atual, o PROLICEN encontra-se vinculado [&hellip;]<\/p>\n","protected":false},"author":4288,"featured_media":0,"parent":0,"menu_order":0,"comment_status":"closed","ping_status":"closed","template":"","meta":{"footnotes":""},"categories":[],"tags":[],"class_list":["post-80","page","type-page","status-publish","hentry"],"acf":[],"_links":{"self":[{"href":"https:\/\/www.ufsm.br\/pet\/educacao-fisica\/wp-json\/wp\/v2\/pages\/80","targetHints":{"allow":["GET"]}}],"collection":[{"href":"https:\/\/www.ufsm.br\/pet\/educacao-fisica\/wp-json\/wp\/v2\/pages"}],"about":[{"href":"https:\/\/www.ufsm.br\/pet\/educacao-fisica\/wp-json\/wp\/v2\/types\/page"}],"author":[{"embeddable":true,"href":"https:\/\/www.ufsm.br\/pet\/educacao-fisica\/wp-json\/wp\/v2\/users\/4288"}],"replies":[{"embeddable":true,"href":"https:\/\/www.ufsm.br\/pet\/educacao-fisica\/wp-json\/wp\/v2\/comments?post=80"}],"version-history":[{"count":0,"href":"https:\/\/www.ufsm.br\/pet\/educacao-fisica\/wp-json\/wp\/v2\/pages\/80\/revisions"}],"wp:attachment":[{"href":"https:\/\/www.ufsm.br\/pet\/educacao-fisica\/wp-json\/wp\/v2\/media?parent=80"}],"wp:term":[{"taxonomy":"category","embeddable":true,"href":"https:\/\/www.ufsm.br\/pet\/educacao-fisica\/wp-json\/wp\/v2\/categories?post=80"},{"taxonomy":"post_tag","embeddable":true,"href":"https:\/\/www.ufsm.br\/pet\/educacao-fisica\/wp-json\/wp\/v2\/tags?post=80"}],"curies":[{"name":"wp","href":"https:\/\/api.w.org\/{rel}","templated":true}]}}