{"id":82,"date":"2021-06-14T22:49:38","date_gmt":"2021-06-15T01:49:38","guid":{"rendered":"https:\/\/www.ufsm.br\/pet\/educacao-fisica\/?page_id=82"},"modified":"2021-08-25T10:57:57","modified_gmt":"2021-08-25T13:57:57","slug":"atividades-de-ensino-junto-ao-programa-institucional-de-bolsas-de-iniciacao-a-docencia-pibid-do-cefd-ufsm","status":"publish","type":"page","link":"https:\/\/www.ufsm.br\/pet\/educacao-fisica\/atividades-de-ensino-junto-ao-programa-institucional-de-bolsas-de-iniciacao-a-docencia-pibid-do-cefd-ufsm","title":{"rendered":"ATIVIDADES DE ENSINO JUNTO AO PROGRAMA INSTITUCIONAL DE BOLSAS DE INICIA\u00c7\u00c3O \u00c0 DOC\u00caNCIA PIBID DO CEFD UFSM"},"content":{"rendered":"\t\t<div data-elementor-type=\"wp-page\" data-elementor-id=\"82\" class=\"elementor elementor-82\">\n\t\t\t\t\t\t<section class=\"elementor-section elementor-top-section elementor-element elementor-element-b17936a elementor-section-boxed elementor-section-height-default elementor-section-height-default\" data-id=\"b17936a\" data-element_type=\"section\">\n\t\t\t\t\t\t<div class=\"elementor-container elementor-column-gap-default\">\n\t\t\t\t\t<div class=\"elementor-column elementor-col-100 elementor-top-column elementor-element elementor-element-bd7d2b9\" data-id=\"bd7d2b9\" data-element_type=\"column\">\n\t\t\t<div class=\"elementor-widget-wrap elementor-element-populated\">\n\t\t\t\t\t\t<div class=\"elementor-element elementor-element-6ddb94c elementor-widget elementor-widget-heading\" data-id=\"6ddb94c\" data-element_type=\"widget\" data-widget_type=\"heading.default\">\n\t\t\t\t<div class=\"elementor-widget-container\">\n\t\t\t<h2 class=\"elementor-heading-title elementor-size-default\">Introdu\u00e7\u00e3o <\/h2>\t\t<\/div>\n\t\t\t\t<\/div>\n\t\t\t\t<div class=\"elementor-element elementor-element-52cd7f0 elementor-widget elementor-widget-text-editor\" data-id=\"52cd7f0\" data-element_type=\"widget\" data-widget_type=\"text-editor.default\">\n\t\t\t\t<div class=\"elementor-widget-container\">\n\t\t\t\t\t\t\t<p><span style=\"color: #000000;font-size: 16px\">O PIBID integra a Pol\u00edtica Nacional de Forma\u00e7\u00e3o de Professores do Minist\u00e9rio da Educa\u00e7\u00e3o (MEC) e traz para os discentes, situados na primeira metade dos cursos de licenciatura, possibilidades de rela\u00e7\u00f5es pr\u00e1ticas com o cotidiano escolar (escolas p\u00fablicas de educa\u00e7\u00e3o b\u00e1sica). O Programa encontra-se ativo desde 2009, junto ao Centro de Educa\u00e7\u00e3o F\u00edsica e Desportos, estabelecendo importante papel na manuten\u00e7\u00e3o do curso de Licenciatura e na forma\u00e7\u00e3o de jovens professores. Neste sentido, se justifica a intera\u00e7\u00e3o entre Petianos e Pibidianos, no sentido de interagir em a\u00e7\u00f5es pr\u00e1ticas e aplicadas que possam auxiliar na apresenta\u00e7\u00e3o de novas perspectivas \u00e0 reformula\u00e7\u00e3o do fazer pedag\u00f3gico e da estrutura\u00e7\u00e3o curricular. Dessa forma, o o<\/span><span style=\"color: #000000;font-size: 16px\">bjetivo da atividade \u00e9 interagir nos processos de atualiza\u00e7\u00e3o para o curr\u00edculo do curso de Licenciatura, al\u00e9m de ampliar o comprometimento dos acad\u00eamicos e dos docentes com os projetos de Curso.<\/span><\/p>\t\t\t\t\t\t<\/div>\n\t\t\t\t<\/div>\n\t\t\t\t\t<\/div>\n\t\t<\/div>\n\t\t\t\t\t<\/div>\n\t\t<\/section>\n\t\t\t\t<section class=\"elementor-section elementor-top-section elementor-element elementor-element-732a4410 elementor-section-boxed elementor-section-height-default elementor-section-height-default\" data-id=\"732a4410\" data-element_type=\"section\">\n\t\t\t\t\t\t<div class=\"elementor-container elementor-column-gap-default\">\n\t\t\t\t\t<div class=\"elementor-column elementor-col-100 elementor-top-column elementor-element elementor-element-625fe88b\" data-id=\"625fe88b\" data-element_type=\"column\">\n\t\t\t<div class=\"elementor-widget-wrap elementor-element-populated\">\n\t\t\t\t\t\t<div class=\"elementor-element elementor-element-169d6a5 elementor-widget elementor-widget-heading\" data-id=\"169d6a5\" data-element_type=\"widget\" data-widget_type=\"heading.default\">\n\t\t\t\t<div class=\"elementor-widget-container\">\n\t\t\t<h2 class=\"elementor-heading-title elementor-size-default\">Metodologia <\/h2>\t\t<\/div>\n\t\t\t\t<\/div>\n\t\t\t\t<div class=\"elementor-element elementor-element-1896b2b elementor-widget elementor-widget-text-editor\" data-id=\"1896b2b\" data-element_type=\"widget\" data-widget_type=\"text-editor.default\">\n\t\t\t\t<div class=\"elementor-widget-container\">\n\t\t\t\t\t\t\t<p>Para a realiza\u00e7\u00e3o da atividade, os Petianos devem construir um cronograma de interven\u00e7\u00f5es conjuntas com os Pibidianos, no&nbsp;<span style=\"color: black;font-size: 1rem\">sentido de viabilizar pr\u00e1ticas no ambiente escolar, estabelecendo um fluxo para discuss\u00f5es sobre&nbsp;<\/span><span style=\"color: black;font-size: 1rem\">contextos did\u00e1tico-pedag\u00f3gicos acerca da Educa\u00e7\u00e3o F\u00edsica Escolar. Ao final de cada semestre letivo&nbsp;<\/span><span style=\"color: black;font-size: 1rem\">o Petiano deve produzir pelo menos um trabalho\/relat\u00f3rio de ensino, com o intuito de apresentar em&nbsp;<\/span><span style=\"color: black;font-size: 1rem\">semin\u00e1rios internos ou externos, encontros, congressos de ensino ou jornadas acad\u00eamicas.<\/span><\/p>\t\t\t\t\t\t<\/div>\n\t\t\t\t<\/div>\n\t\t\t\t\t<\/div>\n\t\t<\/div>\n\t\t\t\t\t<\/div>\n\t\t<\/section>\n\t\t\t\t<section class=\"elementor-section elementor-top-section elementor-element elementor-element-1f15282 elementor-section-boxed elementor-section-height-default elementor-section-height-default\" data-id=\"1f15282\" data-element_type=\"section\">\n\t\t\t\t\t\t<div class=\"elementor-container elementor-column-gap-default\">\n\t\t\t\t\t<div class=\"elementor-column elementor-col-100 elementor-top-column elementor-element elementor-element-9812d93\" data-id=\"9812d93\" data-element_type=\"column\">\n\t\t\t<div class=\"elementor-widget-wrap elementor-element-populated\">\n\t\t\t\t\t\t<div class=\"elementor-element elementor-element-843f700 elementor-widget elementor-widget-heading\" data-id=\"843f700\" data-element_type=\"widget\" data-widget_type=\"heading.default\">\n\t\t\t\t<div class=\"elementor-widget-container\">\n\t\t\t<h2 class=\"elementor-heading-title elementor-size-default\">Resultados esperados<\/h2>\t\t<\/div>\n\t\t\t\t<\/div>\n\t\t\t\t<div class=\"elementor-element elementor-element-24f2887 elementor-widget elementor-widget-text-editor\" data-id=\"24f2887\" data-element_type=\"widget\" data-widget_type=\"text-editor.default\">\n\t\t\t\t<div class=\"elementor-widget-container\">\n\t\t\t\t\t\t\t<div>Espera-se que os acad\u00eamicos se envolvam progressivamente, nas participa\u00e7\u00f5es relacionadas ao ensino, a uma l\u00f3gica de comprometimento com a coordena\u00e7\u00e3o do Curso de Licenciatura, na busca e na constru\u00e7\u00e3o\/produ\u00e7\u00e3o do conhecimento para al\u00e9m da simples transmiss\u00e3o e aquisi\u00e7\u00e3o de informa\u00e7\u00f5es. Ultrapassando o uso das metodologias tradicionais e atingindo espa\u00e7os para diversifica\u00e7\u00f5es did\u00e1tico-pedag\u00f3gicas, com perspectivas agregadoras para as atividades de pesquisa e de extens\u00e3o desenvolvidas pelo grupo PET Educa\u00e7\u00e3o F\u00edsica.<\/div>\t\t\t\t\t\t<\/div>\n\t\t\t\t<\/div>\n\t\t\t\t\t<\/div>\n\t\t<\/div>\n\t\t\t\t\t<\/div>\n\t\t<\/section>\n\t\t\t\t<section class=\"elementor-section elementor-top-section elementor-element elementor-element-cfea52d elementor-section-boxed elementor-section-height-default elementor-section-height-default\" data-id=\"cfea52d\" data-element_type=\"section\">\n\t\t\t\t\t\t<div class=\"elementor-container elementor-column-gap-default\">\n\t\t\t\t\t<div class=\"elementor-column elementor-col-100 elementor-top-column elementor-element elementor-element-99e834e\" data-id=\"99e834e\" data-element_type=\"column\">\n\t\t\t<div class=\"elementor-widget-wrap elementor-element-populated\">\n\t\t\t\t\t\t<div class=\"elementor-element elementor-element-9187ed8 elementor-widget elementor-widget-heading\" data-id=\"9187ed8\" data-element_type=\"widget\" data-widget_type=\"heading.default\">\n\t\t\t\t<div class=\"elementor-widget-container\">\n\t\t\t<h2 class=\"elementor-heading-title elementor-size-default\">Resultados obtidos <\/h2>\t\t<\/div>\n\t\t\t\t<\/div>\n\t\t\t\t\t<\/div>\n\t\t<\/div>\n\t\t\t\t\t<\/div>\n\t\t<\/section>\n\t\t\t\t<\/div>\n\t\t","protected":false},"excerpt":{"rendered":"<p>Introdu\u00e7\u00e3o O PIBID integra a Pol\u00edtica Nacional de Forma\u00e7\u00e3o de Professores do Minist\u00e9rio da Educa\u00e7\u00e3o (MEC) e traz para os discentes, situados na primeira metade dos cursos de licenciatura, possibilidades de rela\u00e7\u00f5es pr\u00e1ticas com o cotidiano escolar (escolas p\u00fablicas de educa\u00e7\u00e3o b\u00e1sica). O Programa encontra-se ativo desde 2009, junto ao Centro de Educa\u00e7\u00e3o F\u00edsica e [&hellip;]<\/p>\n","protected":false},"author":4288,"featured_media":0,"parent":0,"menu_order":0,"comment_status":"closed","ping_status":"closed","template":"","meta":{"footnotes":""},"categories":[],"tags":[],"class_list":["post-82","page","type-page","status-publish","hentry"],"acf":[],"_links":{"self":[{"href":"https:\/\/www.ufsm.br\/pet\/educacao-fisica\/wp-json\/wp\/v2\/pages\/82","targetHints":{"allow":["GET"]}}],"collection":[{"href":"https:\/\/www.ufsm.br\/pet\/educacao-fisica\/wp-json\/wp\/v2\/pages"}],"about":[{"href":"https:\/\/www.ufsm.br\/pet\/educacao-fisica\/wp-json\/wp\/v2\/types\/page"}],"author":[{"embeddable":true,"href":"https:\/\/www.ufsm.br\/pet\/educacao-fisica\/wp-json\/wp\/v2\/users\/4288"}],"replies":[{"embeddable":true,"href":"https:\/\/www.ufsm.br\/pet\/educacao-fisica\/wp-json\/wp\/v2\/comments?post=82"}],"version-history":[{"count":0,"href":"https:\/\/www.ufsm.br\/pet\/educacao-fisica\/wp-json\/wp\/v2\/pages\/82\/revisions"}],"wp:attachment":[{"href":"https:\/\/www.ufsm.br\/pet\/educacao-fisica\/wp-json\/wp\/v2\/media?parent=82"}],"wp:term":[{"taxonomy":"category","embeddable":true,"href":"https:\/\/www.ufsm.br\/pet\/educacao-fisica\/wp-json\/wp\/v2\/categories?post=82"},{"taxonomy":"post_tag","embeddable":true,"href":"https:\/\/www.ufsm.br\/pet\/educacao-fisica\/wp-json\/wp\/v2\/tags?post=82"}],"curies":[{"name":"wp","href":"https:\/\/api.w.org\/{rel}","templated":true}]}}