{"id":84,"date":"2021-06-14T22:56:59","date_gmt":"2021-06-15T01:56:59","guid":{"rendered":"https:\/\/www.ufsm.br\/pet\/educacao-fisica\/?page_id=84"},"modified":"2021-08-25T10:55:37","modified_gmt":"2021-08-25T13:55:37","slug":"atividades-de-ensino-junto-ao-programa-de-residencia-pedagogica-do-cefd-ufsm","status":"publish","type":"page","link":"https:\/\/www.ufsm.br\/pet\/educacao-fisica\/atividades-de-ensino-junto-ao-programa-de-residencia-pedagogica-do-cefd-ufsm","title":{"rendered":"ATIVIDADES DE ENSINO JUNTO AO PROGRAMA DE RESID\u00caNCIA PEDAG\u00d3GICA DO CEFD UFSM"},"content":{"rendered":"\t\t<div data-elementor-type=\"wp-page\" data-elementor-id=\"84\" class=\"elementor elementor-84\">\n\t\t\t\t\t\t<section class=\"elementor-section elementor-top-section elementor-element elementor-element-bacfde2 elementor-section-boxed elementor-section-height-default elementor-section-height-default\" data-id=\"bacfde2\" data-element_type=\"section\">\n\t\t\t\t\t\t<div class=\"elementor-container elementor-column-gap-default\">\n\t\t\t\t\t<div class=\"elementor-column elementor-col-100 elementor-top-column elementor-element elementor-element-13c372e\" data-id=\"13c372e\" data-element_type=\"column\">\n\t\t\t<div class=\"elementor-widget-wrap elementor-element-populated\">\n\t\t\t\t\t\t<div class=\"elementor-element elementor-element-9ed01a6 elementor-widget elementor-widget-heading\" data-id=\"9ed01a6\" data-element_type=\"widget\" data-widget_type=\"heading.default\">\n\t\t\t\t<div class=\"elementor-widget-container\">\n\t\t\t<h2 class=\"elementor-heading-title elementor-size-default\">Introdu\u00e7\u00e3o <\/h2>\t\t<\/div>\n\t\t\t\t<\/div>\n\t\t\t\t<div class=\"elementor-element elementor-element-aac7c44 elementor-widget elementor-widget-text-editor\" data-id=\"aac7c44\" data-element_type=\"widget\" data-widget_type=\"text-editor.default\">\n\t\t\t\t<div class=\"elementor-widget-container\">\n\t\t\t\t\t\t\t<p><span style=\"color: #000000;font-size: 16px\">O Programa de Resid\u00eancia Pedag\u00f3gica engloba a integra\u00e7\u00e3o entre Institui\u00e7\u00f5es de Ensino Superior (p\u00fablicas e privadas), Secretarias de Educa\u00e7\u00e3o e Escolas, com o objetivo de estruturar estrat\u00e9gias e planos, capacitados coletivamente \u00e0 oferta de uma forma\u00e7\u00e3o acad\u00eamica junto \u00e0s viv\u00eancias reais ocorridas no cotidiano escolar, fundamentalmente no que refere a melhoria do ensino p\u00fablico. O Programa atua em complementa\u00e7\u00e3o ao PIBID, envolvendo acad\u00eamicos que se encontram na segunda metade dos cursos de licenciatura. Neste sentido, o grupo PET Educa\u00e7\u00e3o F\u00edsica, adquire a possibilidade\u00a0<\/span><span style=\"color: #000000;font-size: 16px\">de estabelecer um processo cont\u00ednuo de rela\u00e7\u00e3o com os integrantes de todos os semestres do curso de Licenciatura, o que traz para os Petianos, uma gama variada de possibilidades, envolvendo a\u00e7\u00f5es de ensino, pesquisa e extens\u00e3o. Dessa maneira, o o<\/span><span style=\"color: #000000;font-size: 16px\">bjetivo da atividade \u00e9 reconhecer as diferentes necessidades presentes no processo formativo do curso de Licenciatura, al\u00e9m de interagir junto aos procedimentos de atualiza\u00e7\u00e3o para o curr\u00edculo do curso de Licenciatura e aprofundar o envolvimento dos acad\u00eamicos e dos docentes com os projetos de Curso.\u00a0<\/span><\/p>\t\t\t\t\t\t<\/div>\n\t\t\t\t<\/div>\n\t\t\t\t\t<\/div>\n\t\t<\/div>\n\t\t\t\t\t<\/div>\n\t\t<\/section>\n\t\t\t\t<section class=\"elementor-section elementor-top-section elementor-element elementor-element-7f57749 elementor-section-boxed elementor-section-height-default elementor-section-height-default\" data-id=\"7f57749\" data-element_type=\"section\">\n\t\t\t\t\t\t<div class=\"elementor-container elementor-column-gap-default\">\n\t\t\t\t\t<div class=\"elementor-column elementor-col-100 elementor-top-column elementor-element elementor-element-3594edc\" data-id=\"3594edc\" data-element_type=\"column\">\n\t\t\t<div class=\"elementor-widget-wrap elementor-element-populated\">\n\t\t\t\t\t\t<div class=\"elementor-element elementor-element-6132685 elementor-widget elementor-widget-heading\" data-id=\"6132685\" data-element_type=\"widget\" data-widget_type=\"heading.default\">\n\t\t\t\t<div class=\"elementor-widget-container\">\n\t\t\t<h2 class=\"elementor-heading-title elementor-size-default\">Metodologia<\/h2>\t\t<\/div>\n\t\t\t\t<\/div>\n\t\t\t\t<div class=\"elementor-element elementor-element-7012764 elementor-widget elementor-widget-text-editor\" data-id=\"7012764\" data-element_type=\"widget\" data-widget_type=\"text-editor.default\">\n\t\t\t\t<div class=\"elementor-widget-container\">\n\t\t\t\t\t\t\t<p>Os Petianos devem construir um cronograma de planejamento e atua\u00e7\u00f5es conjuntas com os\u00a0<span style=\"color: black;font-size: 1rem\">Residentes, no sentido de viabilizar a\u00e7\u00f5es pedag\u00f3gicas consistentes no ambiente escolar,\u00a0<\/span><span style=\"color: black;font-size: 1rem\">estabelecendo um fluxo para discuss\u00f5es sobre contextos did\u00e1tico-pedag\u00f3gicos acerca da Educa\u00e7\u00e3o\u00a0<\/span><span style=\"color: black;font-size: 1rem\">F\u00edsica Escolar, no que diz respeito a atua\u00e7\u00e3o profissional em aula. Ao final de cada semestre letivo\u00a0<\/span><span style=\"color: black;font-size: 1rem\">Petiano deve produzir pelo menos um trabalho\/relat\u00f3rio de ensino, com o intuito de apresentar em\u00a0<\/span><span style=\"color: black;font-size: 1rem\">semin\u00e1rios internos ou externos, encontros, congressos de ensino ou jornadas acad\u00eamicas.<\/span><\/p>\t\t\t\t\t\t<\/div>\n\t\t\t\t<\/div>\n\t\t\t\t\t<\/div>\n\t\t<\/div>\n\t\t\t\t\t<\/div>\n\t\t<\/section>\n\t\t\t\t<section class=\"elementor-section elementor-top-section elementor-element elementor-element-9069f10 elementor-section-boxed elementor-section-height-default elementor-section-height-default\" data-id=\"9069f10\" data-element_type=\"section\">\n\t\t\t\t\t\t<div class=\"elementor-container elementor-column-gap-default\">\n\t\t\t\t\t<div class=\"elementor-column elementor-col-100 elementor-top-column elementor-element elementor-element-18eda3f\" data-id=\"18eda3f\" data-element_type=\"column\">\n\t\t\t<div class=\"elementor-widget-wrap elementor-element-populated\">\n\t\t\t\t\t\t<div class=\"elementor-element elementor-element-842b7c1 elementor-widget elementor-widget-heading\" data-id=\"842b7c1\" data-element_type=\"widget\" data-widget_type=\"heading.default\">\n\t\t\t\t<div class=\"elementor-widget-container\">\n\t\t\t<h2 class=\"elementor-heading-title elementor-size-default\">Resultados esperados<\/h2>\t\t<\/div>\n\t\t\t\t<\/div>\n\t\t\t\t<div class=\"elementor-element elementor-element-c8b6eaa elementor-widget elementor-widget-text-editor\" data-id=\"c8b6eaa\" data-element_type=\"widget\" data-widget_type=\"text-editor.default\">\n\t\t\t\t<div class=\"elementor-widget-container\">\n\t\t\t\t\t\t\t<p>Estima-se que os Petianos, sedimentem o processo de rela\u00e7\u00e3o acad\u00eamica, estabelecido desde as\u00a0<span style=\"color: black;font-size: 1rem\">atividades realizadas junto ao PIBID, fortalecendo a l\u00f3gica de comprometimento com as\u00a0<\/span><span style=\"color: black;font-size: 1rem\">Coordena\u00e7\u00f5es dos cursos de Licenciatura e Bacharelado, na busca e na apresenta\u00e7\u00e3o de propostas\u00a0<\/span><span style=\"color: black;font-size: 1rem\">did\u00e1tico-pedag\u00f3gicas inovadoras, baseadas em elementos integradores para as atividades de\u00a0<\/span><span style=\"color: black;font-size: 1rem\">pesquisa e de extens\u00e3o desenvolvidas pelo grupo PET Educa\u00e7\u00e3o F\u00edsica.<\/span><\/p>\t\t\t\t\t\t<\/div>\n\t\t\t\t<\/div>\n\t\t\t\t\t<\/div>\n\t\t<\/div>\n\t\t\t\t\t<\/div>\n\t\t<\/section>\n\t\t\t\t<section class=\"elementor-section elementor-top-section elementor-element elementor-element-ffc90f6 elementor-section-boxed elementor-section-height-default elementor-section-height-default\" data-id=\"ffc90f6\" data-element_type=\"section\">\n\t\t\t\t\t\t<div class=\"elementor-container elementor-column-gap-default\">\n\t\t\t\t\t<div class=\"elementor-column elementor-col-100 elementor-top-column elementor-element elementor-element-7a33889\" data-id=\"7a33889\" data-element_type=\"column\">\n\t\t\t<div class=\"elementor-widget-wrap elementor-element-populated\">\n\t\t\t\t\t\t<div class=\"elementor-element elementor-element-c7dc3a8 elementor-widget elementor-widget-heading\" data-id=\"c7dc3a8\" data-element_type=\"widget\" data-widget_type=\"heading.default\">\n\t\t\t\t<div class=\"elementor-widget-container\">\n\t\t\t<h2 class=\"elementor-heading-title elementor-size-default\">Resultados obtidos<\/h2>\t\t<\/div>\n\t\t\t\t<\/div>\n\t\t\t\t\t<\/div>\n\t\t<\/div>\n\t\t\t\t\t<\/div>\n\t\t<\/section>\n\t\t\t\t<\/div>\n\t\t","protected":false},"excerpt":{"rendered":"<p>Introdu\u00e7\u00e3o O Programa de Resid\u00eancia Pedag\u00f3gica engloba a integra\u00e7\u00e3o entre Institui\u00e7\u00f5es de Ensino Superior (p\u00fablicas e privadas), Secretarias de Educa\u00e7\u00e3o e Escolas, com o objetivo de estruturar estrat\u00e9gias e planos, capacitados coletivamente \u00e0 oferta de uma forma\u00e7\u00e3o acad\u00eamica junto \u00e0s viv\u00eancias reais ocorridas no cotidiano escolar, fundamentalmente no que refere a melhoria do ensino p\u00fablico. [&hellip;]<\/p>\n","protected":false},"author":4288,"featured_media":0,"parent":0,"menu_order":0,"comment_status":"closed","ping_status":"closed","template":"","meta":{"footnotes":""},"categories":[],"tags":[],"class_list":["post-84","page","type-page","status-publish","hentry"],"acf":[],"_links":{"self":[{"href":"https:\/\/www.ufsm.br\/pet\/educacao-fisica\/wp-json\/wp\/v2\/pages\/84","targetHints":{"allow":["GET"]}}],"collection":[{"href":"https:\/\/www.ufsm.br\/pet\/educacao-fisica\/wp-json\/wp\/v2\/pages"}],"about":[{"href":"https:\/\/www.ufsm.br\/pet\/educacao-fisica\/wp-json\/wp\/v2\/types\/page"}],"author":[{"embeddable":true,"href":"https:\/\/www.ufsm.br\/pet\/educacao-fisica\/wp-json\/wp\/v2\/users\/4288"}],"replies":[{"embeddable":true,"href":"https:\/\/www.ufsm.br\/pet\/educacao-fisica\/wp-json\/wp\/v2\/comments?post=84"}],"version-history":[{"count":0,"href":"https:\/\/www.ufsm.br\/pet\/educacao-fisica\/wp-json\/wp\/v2\/pages\/84\/revisions"}],"wp:attachment":[{"href":"https:\/\/www.ufsm.br\/pet\/educacao-fisica\/wp-json\/wp\/v2\/media?parent=84"}],"wp:term":[{"taxonomy":"category","embeddable":true,"href":"https:\/\/www.ufsm.br\/pet\/educacao-fisica\/wp-json\/wp\/v2\/categories?post=84"},{"taxonomy":"post_tag","embeddable":true,"href":"https:\/\/www.ufsm.br\/pet\/educacao-fisica\/wp-json\/wp\/v2\/tags?post=84"}],"curies":[{"name":"wp","href":"https:\/\/api.w.org\/{rel}","templated":true}]}}