{"id":85,"date":"2021-06-16T20:30:22","date_gmt":"2021-06-16T23:30:22","guid":{"rendered":"https:\/\/www.ufsm.br\/pet\/educacao-fisica\/?page_id=85"},"modified":"2021-06-24T16:14:17","modified_gmt":"2021-06-24T19:14:17","slug":"elementor-85","status":"publish","type":"page","link":"https:\/\/www.ufsm.br\/pet\/educacao-fisica\/elementor-85","title":{"rendered":"ATIVIDADES DE EXTENS\u00c3O JUNTO AO II WORKSHOP DE PRESCRI\u00c7\u00c3O DE EXERC\u00cdCIOS F\u00cdSICOS"},"content":{"rendered":"\t\t<div data-elementor-type=\"wp-page\" data-elementor-id=\"85\" class=\"elementor elementor-85\">\n\t\t\t\t\t\t<section class=\"elementor-section elementor-top-section elementor-element elementor-element-6a64f49 elementor-section-boxed elementor-section-height-default elementor-section-height-default\" data-id=\"6a64f49\" data-element_type=\"section\">\n\t\t\t\t\t\t<div class=\"elementor-container elementor-column-gap-default\">\n\t\t\t\t\t<div class=\"elementor-column elementor-col-100 elementor-top-column elementor-element elementor-element-334651e\" data-id=\"334651e\" data-element_type=\"column\">\n\t\t\t<div class=\"elementor-widget-wrap elementor-element-populated\">\n\t\t\t\t\t\t<div class=\"elementor-element elementor-element-f8a1ad4 elementor-widget elementor-widget-heading\" data-id=\"f8a1ad4\" data-element_type=\"widget\" data-widget_type=\"heading.default\">\n\t\t\t\t<div class=\"elementor-widget-container\">\n\t\t\t<h2 class=\"elementor-heading-title elementor-size-default\">Introdu\u00e7\u00e3o<\/h2>\t\t<\/div>\n\t\t\t\t<\/div>\n\t\t\t\t<div class=\"elementor-element elementor-element-b28674f elementor-widget elementor-widget-text-editor\" data-id=\"b28674f\" data-element_type=\"widget\" data-widget_type=\"text-editor.default\">\n\t\t\t\t<div class=\"elementor-widget-container\">\n\t\t\t\t\t\t\t<p>O evento foi editado a primeira vez, no formato remoto, em 2020 e contou com uma excelente ades\u00e3o por parte do p\u00fablico, pois se tornou uma oportunidade para estudantes e profissionais de Educa\u00e7\u00e3o F\u00edsica, tanto Licenciatura como Bacharelado, aprender e\/ou agregar conhecimento sobre a prescri\u00e7\u00e3o de exerc\u00edcios f\u00edsicos para p\u00fablicos espec\u00edficos. Na oportunidade o mote de estrutura\u00e7\u00e3o e apresenta\u00e7\u00e3o trouxe importantes contribui\u00e7\u00f5es para que os professores produzissem seus treinamentos com os cuidados e orienta\u00e7\u00f5es necess\u00e1rias, fundamentalmente ao se deparar com alguns grupos espec\u00edficos; visando o objetivo e individualidade de cada aluno, dessa forma, evitando poss\u00edveis imprevistos na prescri\u00e7\u00e3o de exerc\u00edcios f\u00edsicos. Neste sentido, e por conta da repercuss\u00e3o do evento, o grupo PET EDUCA\u00c7\u00c3O F\u00cdSCA, vai organizar a segunda edi\u00e7\u00e3o, tamb\u00e9m no formato remoto e com abordagens ampliadas para o tema.\u00a0<\/p>\t\t\t\t\t\t<\/div>\n\t\t\t\t<\/div>\n\t\t\t\t\t<\/div>\n\t\t<\/div>\n\t\t\t\t\t<\/div>\n\t\t<\/section>\n\t\t\t\t<section class=\"elementor-section elementor-top-section elementor-element elementor-element-0d94d88 elementor-section-boxed elementor-section-height-default elementor-section-height-default\" data-id=\"0d94d88\" data-element_type=\"section\">\n\t\t\t\t\t\t<div class=\"elementor-container elementor-column-gap-default\">\n\t\t\t\t\t<div class=\"elementor-column elementor-col-100 elementor-top-column elementor-element elementor-element-f2889c9\" data-id=\"f2889c9\" data-element_type=\"column\">\n\t\t\t<div class=\"elementor-widget-wrap elementor-element-populated\">\n\t\t\t\t\t\t<div class=\"elementor-element elementor-element-8ecd4ae elementor-widget elementor-widget-heading\" data-id=\"8ecd4ae\" data-element_type=\"widget\" data-widget_type=\"heading.default\">\n\t\t\t\t<div class=\"elementor-widget-container\">\n\t\t\t<h2 class=\"elementor-heading-title elementor-size-default\">Metodologia<\/h2>\t\t<\/div>\n\t\t\t\t<\/div>\n\t\t\t\t<div class=\"elementor-element elementor-element-c05c017 elementor-widget elementor-widget-text-editor\" data-id=\"c05c017\" data-element_type=\"widget\" data-widget_type=\"text-editor.default\">\n\t\t\t\t<div class=\"elementor-widget-container\">\n\t\t\t\t\t\t\t<p>Os Petianos contar\u00e3o com o apoio do Laborat\u00f3rio de An\u00e1lise dos Cen\u00e1rios Esportivos na M\u00eddia para formatar a condi\u00e7\u00e3o remota do evento, bem como o reposit\u00f3rio, junto ao FAROL UFSM, para acesso posterior ao material produzido. Ao final de cada semestre letivo o Petiano deve produzir pelo menos um trabalho\/relat\u00f3rio de extens\u00e3o para apresentar em semin\u00e1rios internos ou externos, encontros, congressos de extens\u00e3o ou jornadas acad\u00eamicas de cunho extensionista.\u00a0<\/p>\t\t\t\t\t\t<\/div>\n\t\t\t\t<\/div>\n\t\t\t\t\t<\/div>\n\t\t<\/div>\n\t\t\t\t\t<\/div>\n\t\t<\/section>\n\t\t\t\t<section class=\"elementor-section elementor-top-section elementor-element elementor-element-6cd4cc4 elementor-section-boxed elementor-section-height-default elementor-section-height-default\" data-id=\"6cd4cc4\" data-element_type=\"section\">\n\t\t\t\t\t\t<div class=\"elementor-container elementor-column-gap-default\">\n\t\t\t\t\t<div class=\"elementor-column elementor-col-100 elementor-top-column elementor-element elementor-element-720ed3b\" data-id=\"720ed3b\" data-element_type=\"column\">\n\t\t\t<div class=\"elementor-widget-wrap elementor-element-populated\">\n\t\t\t\t\t\t<div class=\"elementor-element elementor-element-5c33008 elementor-widget elementor-widget-heading\" data-id=\"5c33008\" data-element_type=\"widget\" data-widget_type=\"heading.default\">\n\t\t\t\t<div class=\"elementor-widget-container\">\n\t\t\t<h2 class=\"elementor-heading-title elementor-size-default\">Resultados esperados<\/h2>\t\t<\/div>\n\t\t\t\t<\/div>\n\t\t\t\t<div class=\"elementor-element elementor-element-717cb0b elementor-widget elementor-widget-text-editor\" data-id=\"717cb0b\" data-element_type=\"widget\" data-widget_type=\"text-editor.default\">\n\t\t\t\t<div class=\"elementor-widget-container\">\n\t\t\t\t\t\t\t<p>Resultados \/ produtos esperados com a atividade: melhorias para o Curso, para a Educa\u00e7\u00e3o, para a sociedade, meios para a socializa\u00e7\u00e3o dos resultados, publica\u00e7\u00f5es, etc: Se espera que com a reedi\u00e7\u00e3o do evento, os integrantes do grupo PET EDUCA\u00c7\u00c3O F\u00cdSICA, possam adquirir maior experi\u00eancia acerca da realiza\u00e7\u00e3o de eventos cient\u00edficos, al\u00e9m de promover e incentivar a autonomia e a comunica\u00e7\u00e3o do Grupo. Estima-se que o p\u00fablico se sinta satisfeito com as tem\u00e1ticas e consiga absorver o conhecimento para aplicar em sua pr\u00e1tica profissional.<\/p>\t\t\t\t\t\t<\/div>\n\t\t\t\t<\/div>\n\t\t\t\t\t<\/div>\n\t\t<\/div>\n\t\t\t\t\t<\/div>\n\t\t<\/section>\n\t\t\t\t<section class=\"elementor-section elementor-top-section elementor-element elementor-element-3c6b342 elementor-section-boxed elementor-section-height-default elementor-section-height-default\" data-id=\"3c6b342\" data-element_type=\"section\">\n\t\t\t\t\t\t<div class=\"elementor-container elementor-column-gap-default\">\n\t\t\t\t\t<div class=\"elementor-column elementor-col-100 elementor-top-column elementor-element elementor-element-15a124b\" data-id=\"15a124b\" data-element_type=\"column\">\n\t\t\t<div class=\"elementor-widget-wrap elementor-element-populated\">\n\t\t\t\t\t\t<div class=\"elementor-element elementor-element-374ca83 elementor-widget elementor-widget-heading\" data-id=\"374ca83\" data-element_type=\"widget\" data-widget_type=\"heading.default\">\n\t\t\t\t<div class=\"elementor-widget-container\">\n\t\t\t<h2 class=\"elementor-heading-title elementor-size-default\">Resultados obtidos<\/h2>\t\t<\/div>\n\t\t\t\t<\/div>\n\t\t\t\t\t<\/div>\n\t\t<\/div>\n\t\t\t\t\t<\/div>\n\t\t<\/section>\n\t\t\t\t<\/div>\n\t\t","protected":false},"excerpt":{"rendered":"<p>Introdu\u00e7\u00e3o O evento foi editado a primeira vez, no formato remoto, em 2020 e contou com uma excelente ades\u00e3o por parte do p\u00fablico, pois se tornou uma oportunidade para estudantes e profissionais de Educa\u00e7\u00e3o F\u00edsica, tanto Licenciatura como Bacharelado, aprender e\/ou agregar conhecimento sobre a prescri\u00e7\u00e3o de exerc\u00edcios f\u00edsicos para p\u00fablicos espec\u00edficos. Na oportunidade o [&hellip;]<\/p>\n","protected":false},"author":4289,"featured_media":0,"parent":0,"menu_order":0,"comment_status":"closed","ping_status":"closed","template":"","meta":{"footnotes":""},"categories":[],"tags":[],"class_list":["post-85","page","type-page","status-publish","hentry"],"acf":[],"_links":{"self":[{"href":"https:\/\/www.ufsm.br\/pet\/educacao-fisica\/wp-json\/wp\/v2\/pages\/85","targetHints":{"allow":["GET"]}}],"collection":[{"href":"https:\/\/www.ufsm.br\/pet\/educacao-fisica\/wp-json\/wp\/v2\/pages"}],"about":[{"href":"https:\/\/www.ufsm.br\/pet\/educacao-fisica\/wp-json\/wp\/v2\/types\/page"}],"author":[{"embeddable":true,"href":"https:\/\/www.ufsm.br\/pet\/educacao-fisica\/wp-json\/wp\/v2\/users\/4289"}],"replies":[{"embeddable":true,"href":"https:\/\/www.ufsm.br\/pet\/educacao-fisica\/wp-json\/wp\/v2\/comments?post=85"}],"version-history":[{"count":0,"href":"https:\/\/www.ufsm.br\/pet\/educacao-fisica\/wp-json\/wp\/v2\/pages\/85\/revisions"}],"wp:attachment":[{"href":"https:\/\/www.ufsm.br\/pet\/educacao-fisica\/wp-json\/wp\/v2\/media?parent=85"}],"wp:term":[{"taxonomy":"category","embeddable":true,"href":"https:\/\/www.ufsm.br\/pet\/educacao-fisica\/wp-json\/wp\/v2\/categories?post=85"},{"taxonomy":"post_tag","embeddable":true,"href":"https:\/\/www.ufsm.br\/pet\/educacao-fisica\/wp-json\/wp\/v2\/tags?post=85"}],"curies":[{"name":"wp","href":"https:\/\/api.w.org\/{rel}","templated":true}]}}