{"id":86,"date":"2021-06-16T20:43:39","date_gmt":"2021-06-16T23:43:39","guid":{"rendered":"https:\/\/www.ufsm.br\/pet\/educacao-fisica\/?page_id=86"},"modified":"2021-06-24T16:16:28","modified_gmt":"2021-06-24T19:16:28","slug":"elementor-86","status":"publish","type":"page","link":"https:\/\/www.ufsm.br\/pet\/educacao-fisica\/elementor-86","title":{"rendered":"ATIVIDADES DE EXTENS\u00c3O JUNTO AO N\u00daCLEO DE ESTUDOS EM MEDIDAS E AVALIA\u00c7\u00c3O DOS EXERC\u00cdCIOS F\u00cdSICOS E SA\u00daDE"},"content":{"rendered":"\t\t<div data-elementor-type=\"wp-page\" data-elementor-id=\"86\" class=\"elementor elementor-86\">\n\t\t\t\t\t\t<section class=\"elementor-section elementor-top-section elementor-element elementor-element-ec6c4f7 elementor-section-boxed elementor-section-height-default elementor-section-height-default\" data-id=\"ec6c4f7\" data-element_type=\"section\">\n\t\t\t\t\t\t<div class=\"elementor-container elementor-column-gap-default\">\n\t\t\t\t\t<div class=\"elementor-column elementor-col-100 elementor-top-column elementor-element elementor-element-b1eb0ad\" data-id=\"b1eb0ad\" data-element_type=\"column\">\n\t\t\t<div class=\"elementor-widget-wrap elementor-element-populated\">\n\t\t\t\t\t\t<div class=\"elementor-element elementor-element-39ba98c elementor-widget elementor-widget-heading\" data-id=\"39ba98c\" data-element_type=\"widget\" data-widget_type=\"heading.default\">\n\t\t\t\t<div class=\"elementor-widget-container\">\n\t\t\t<h2 class=\"elementor-heading-title elementor-size-default\">Introdu\u00e7\u00e3o<\/h2>\t\t<\/div>\n\t\t\t\t<\/div>\n\t\t\t\t<div class=\"elementor-element elementor-element-e0ec54d elementor-widget elementor-widget-text-editor\" data-id=\"e0ec54d\" data-element_type=\"widget\" data-widget_type=\"text-editor.default\">\n\t\t\t\t<div class=\"elementor-widget-container\">\n\t\t\t\t\t\t\t<p>O N\u00facleo de Estudos em Medidas e Avalia\u00e7\u00e3o para a Educa\u00e7\u00e3o F\u00edsica e Sa\u00fade, foi criado em 2007, desde a sua cria\u00e7\u00e3o harmoniza um espa\u00e7o para estudos, discuss\u00f5es e atividades de extens\u00e3o, envolvendo profissionais e acad\u00eamicos da Educa\u00e7\u00e3o F\u00edsica, Fisioterapia, Psicologia, Nutri\u00e7\u00e3o e Medicina, interessados em temas relativos \u00e0 \u00e1rea de Medidas e Avalia\u00e7\u00e3o para a Educa\u00e7\u00e3o F\u00edsica e Sa\u00fade. No referente as atividades de extens\u00e3o, o n\u00facleo se constitui como um excelente espa\u00e7o para o desenvolvimento e estrutura\u00e7\u00e3o de a\u00e7\u00f5es extensionistas por parte dos Petianos, alguns inclusive j\u00e1 desenvolvem atividades junto ao n\u00facleo e encontram-se com v\u00ednculo regular com o projeto de extens\u00e3o que sustenta as atividades.\u00a0<\/p>\t\t\t\t\t\t<\/div>\n\t\t\t\t<\/div>\n\t\t\t\t\t<\/div>\n\t\t<\/div>\n\t\t\t\t\t<\/div>\n\t\t<\/section>\n\t\t\t\t<section class=\"elementor-section elementor-top-section elementor-element elementor-element-2e83b9e elementor-section-boxed elementor-section-height-default elementor-section-height-default\" data-id=\"2e83b9e\" data-element_type=\"section\">\n\t\t\t\t\t\t<div class=\"elementor-container elementor-column-gap-default\">\n\t\t\t\t\t<div class=\"elementor-column elementor-col-100 elementor-top-column elementor-element elementor-element-c436e61\" data-id=\"c436e61\" data-element_type=\"column\">\n\t\t\t<div class=\"elementor-widget-wrap elementor-element-populated\">\n\t\t\t\t\t\t<div class=\"elementor-element elementor-element-6a5ea70 elementor-widget elementor-widget-heading\" data-id=\"6a5ea70\" data-element_type=\"widget\" data-widget_type=\"heading.default\">\n\t\t\t\t<div class=\"elementor-widget-container\">\n\t\t\t<h2 class=\"elementor-heading-title elementor-size-default\">Metodologia<\/h2>\t\t<\/div>\n\t\t\t\t<\/div>\n\t\t\t\t<div class=\"elementor-element elementor-element-7f0fada elementor-widget elementor-widget-text-editor\" data-id=\"7f0fada\" data-element_type=\"widget\" data-widget_type=\"text-editor.default\">\n\t\t\t\t<div class=\"elementor-widget-container\">\n\t\t\t\t\t\t\t<p>Os Petianos devem buscar Professores\/Extensionistas junto aos cursos de Licenciatura e Bacharelado do CEFD\/UFSM para participarem de programas ou projetos de extens\u00e3o, tanto no aspecto individual ou em grupos extensionistas, em um programa, n\u00facleo ou projeto novo ou em andamento registrado no GAP\/CEFD. Ao final de cada semestre letivo o Petiano deve produzir pelo menos um trabalho\/relat\u00f3rio de extens\u00e3o para apresentar em semin\u00e1rios internos ou externos, encontros, congressos de extens\u00e3o ou jornadas acad\u00eamicas de cunho extensionista.<\/p>\t\t\t\t\t\t<\/div>\n\t\t\t\t<\/div>\n\t\t\t\t\t<\/div>\n\t\t<\/div>\n\t\t\t\t\t<\/div>\n\t\t<\/section>\n\t\t\t\t<section class=\"elementor-section elementor-top-section elementor-element elementor-element-4a1106b elementor-section-boxed elementor-section-height-default elementor-section-height-default\" data-id=\"4a1106b\" data-element_type=\"section\">\n\t\t\t\t\t\t<div class=\"elementor-container elementor-column-gap-default\">\n\t\t\t\t\t<div class=\"elementor-column elementor-col-100 elementor-top-column elementor-element elementor-element-35b6cc0\" data-id=\"35b6cc0\" data-element_type=\"column\">\n\t\t\t<div class=\"elementor-widget-wrap elementor-element-populated\">\n\t\t\t\t\t\t<div class=\"elementor-element elementor-element-b2e3cf9 elementor-widget elementor-widget-heading\" data-id=\"b2e3cf9\" data-element_type=\"widget\" data-widget_type=\"heading.default\">\n\t\t\t\t<div class=\"elementor-widget-container\">\n\t\t\t<h2 class=\"elementor-heading-title elementor-size-default\">Resultados esperados<\/h2>\t\t<\/div>\n\t\t\t\t<\/div>\n\t\t\t\t<div class=\"elementor-element elementor-element-7595f9e elementor-widget elementor-widget-text-editor\" data-id=\"7595f9e\" data-element_type=\"widget\" data-widget_type=\"text-editor.default\">\n\t\t\t\t<div class=\"elementor-widget-container\">\n\t\t\t\t\t\t\t<p>Resultados \/ produtos esperados com a atividade: melhorias para o Curso, para a Educa\u00e7\u00e3o, para a sociedade, meios para a socializa\u00e7\u00e3o dos resultados, publica\u00e7\u00f5es, etc: Se estima que os Petianos alcancem, no m\u00e9dio e no longo prazo, dentro das participa\u00e7\u00f5es extensionistas, um aperfei\u00e7oamento no sentido de envolvimentos com as necessidades comunit\u00e1rias que cercam a regi\u00e3o de abrang\u00eancia da UFSM; ampliando o conhecimento espec\u00edfico na \u00e1rea de atua\u00e7\u00e3o, bem como gerando uma participa\u00e7\u00e3o regular e progressiva junto ao universo extensionista, atrav\u00e9s de publica\u00e7\u00f5es e na forma\u00e7\u00e3o de novas frentes de atua\u00e7\u00e3o.<\/p>\t\t\t\t\t\t<\/div>\n\t\t\t\t<\/div>\n\t\t\t\t\t<\/div>\n\t\t<\/div>\n\t\t\t\t\t<\/div>\n\t\t<\/section>\n\t\t\t\t<section class=\"elementor-section elementor-top-section elementor-element elementor-element-1c98dfb elementor-section-boxed elementor-section-height-default elementor-section-height-default\" data-id=\"1c98dfb\" data-element_type=\"section\">\n\t\t\t\t\t\t<div class=\"elementor-container elementor-column-gap-default\">\n\t\t\t\t\t<div class=\"elementor-column elementor-col-100 elementor-top-column elementor-element elementor-element-4e830e4\" data-id=\"4e830e4\" data-element_type=\"column\">\n\t\t\t<div class=\"elementor-widget-wrap elementor-element-populated\">\n\t\t\t\t\t\t<div class=\"elementor-element elementor-element-6f2d367 elementor-widget elementor-widget-heading\" data-id=\"6f2d367\" data-element_type=\"widget\" data-widget_type=\"heading.default\">\n\t\t\t\t<div class=\"elementor-widget-container\">\n\t\t\t<h2 class=\"elementor-heading-title elementor-size-default\">Resultados obtidos<\/h2>\t\t<\/div>\n\t\t\t\t<\/div>\n\t\t\t\t\t<\/div>\n\t\t<\/div>\n\t\t\t\t\t<\/div>\n\t\t<\/section>\n\t\t\t\t<\/div>\n\t\t","protected":false},"excerpt":{"rendered":"<p>Introdu\u00e7\u00e3o O N\u00facleo de Estudos em Medidas e Avalia\u00e7\u00e3o para a Educa\u00e7\u00e3o F\u00edsica e Sa\u00fade, foi criado em 2007, desde a sua cria\u00e7\u00e3o harmoniza um espa\u00e7o para estudos, discuss\u00f5es e atividades de extens\u00e3o, envolvendo profissionais e acad\u00eamicos da Educa\u00e7\u00e3o F\u00edsica, Fisioterapia, Psicologia, Nutri\u00e7\u00e3o e Medicina, interessados em temas relativos \u00e0 \u00e1rea de Medidas e Avalia\u00e7\u00e3o [&hellip;]<\/p>\n","protected":false},"author":4289,"featured_media":0,"parent":0,"menu_order":0,"comment_status":"closed","ping_status":"closed","template":"","meta":{"footnotes":""},"categories":[],"tags":[],"class_list":["post-86","page","type-page","status-publish","hentry"],"acf":[],"_links":{"self":[{"href":"https:\/\/www.ufsm.br\/pet\/educacao-fisica\/wp-json\/wp\/v2\/pages\/86","targetHints":{"allow":["GET"]}}],"collection":[{"href":"https:\/\/www.ufsm.br\/pet\/educacao-fisica\/wp-json\/wp\/v2\/pages"}],"about":[{"href":"https:\/\/www.ufsm.br\/pet\/educacao-fisica\/wp-json\/wp\/v2\/types\/page"}],"author":[{"embeddable":true,"href":"https:\/\/www.ufsm.br\/pet\/educacao-fisica\/wp-json\/wp\/v2\/users\/4289"}],"replies":[{"embeddable":true,"href":"https:\/\/www.ufsm.br\/pet\/educacao-fisica\/wp-json\/wp\/v2\/comments?post=86"}],"version-history":[{"count":0,"href":"https:\/\/www.ufsm.br\/pet\/educacao-fisica\/wp-json\/wp\/v2\/pages\/86\/revisions"}],"wp:attachment":[{"href":"https:\/\/www.ufsm.br\/pet\/educacao-fisica\/wp-json\/wp\/v2\/media?parent=86"}],"wp:term":[{"taxonomy":"category","embeddable":true,"href":"https:\/\/www.ufsm.br\/pet\/educacao-fisica\/wp-json\/wp\/v2\/categories?post=86"},{"taxonomy":"post_tag","embeddable":true,"href":"https:\/\/www.ufsm.br\/pet\/educacao-fisica\/wp-json\/wp\/v2\/tags?post=86"}],"curies":[{"name":"wp","href":"https:\/\/api.w.org\/{rel}","templated":true}]}}