{"id":87,"date":"2021-06-16T21:26:46","date_gmt":"2021-06-17T00:26:46","guid":{"rendered":"https:\/\/www.ufsm.br\/pet\/educacao-fisica\/?page_id=87"},"modified":"2021-06-24T16:19:05","modified_gmt":"2021-06-24T19:19:05","slug":"elementor-87","status":"publish","type":"page","link":"https:\/\/www.ufsm.br\/pet\/educacao-fisica\/elementor-87","title":{"rendered":"ORGANIZA\u00c7\u00c3O DO INTERPET UFSM MAR\u00c7O 2021"},"content":{"rendered":"\t\t<div data-elementor-type=\"wp-page\" data-elementor-id=\"87\" class=\"elementor elementor-87\">\n\t\t\t\t\t\t<section class=\"elementor-section elementor-top-section elementor-element elementor-element-815f48f elementor-section-boxed elementor-section-height-default elementor-section-height-default\" data-id=\"815f48f\" data-element_type=\"section\">\n\t\t\t\t\t\t<div class=\"elementor-container elementor-column-gap-default\">\n\t\t\t\t\t<div class=\"elementor-column elementor-col-100 elementor-top-column elementor-element elementor-element-304627a\" data-id=\"304627a\" data-element_type=\"column\">\n\t\t\t<div class=\"elementor-widget-wrap elementor-element-populated\">\n\t\t\t\t\t\t<div class=\"elementor-element elementor-element-d68452c elementor-widget elementor-widget-heading\" data-id=\"d68452c\" data-element_type=\"widget\" data-widget_type=\"heading.default\">\n\t\t\t\t<div class=\"elementor-widget-container\">\n\t\t\t<h2 class=\"elementor-heading-title elementor-size-default\">Introdu\u00e7\u00e3o<\/h2>\t\t<\/div>\n\t\t\t\t<\/div>\n\t\t\t\t<div class=\"elementor-element elementor-element-5bad657 elementor-widget elementor-widget-text-editor\" data-id=\"5bad657\" data-element_type=\"widget\" data-widget_type=\"text-editor.default\">\n\t\t\t\t<div class=\"elementor-widget-container\">\n\t\t\t\t\t\t\t<p>Ao considerar o contexto das rela\u00e7\u00f5es produzidas a partir dos interesses pr\u00e1ticos estabelecidos no mundo vivido dos sujeitos, a UFSM, atrav\u00e9s do seu Plano de Desenvolvimento Institucional (PDI 2016-2026), compromete-se com o incremento de uma educa\u00e7\u00e3o integral e da inclus\u00e3o dos cidad\u00e3os ao ensino universit\u00e1rio; com o ensino voltado ao aperfei\u00e7oamento de profissionais, t\u00e9cnicos e pesquisadores de alto n\u00edvel. Al\u00e9m disso, a Institui\u00e7\u00e3o promove a pesquisa pura e aplicada, assim como a cria\u00e7\u00e3o cultural e o desenvolvimento do esp\u00edrito cient\u00edfico e do pensamento reflexivo, calcado em uma educa\u00e7\u00e3o profissional nos diversos n\u00edveis.<\/p>\t\t\t\t\t\t<\/div>\n\t\t\t\t<\/div>\n\t\t\t\t\t<\/div>\n\t\t<\/div>\n\t\t\t\t\t<\/div>\n\t\t<\/section>\n\t\t\t\t<section class=\"elementor-section elementor-top-section elementor-element elementor-element-9fbdd62 elementor-section-boxed elementor-section-height-default elementor-section-height-default\" data-id=\"9fbdd62\" data-element_type=\"section\">\n\t\t\t\t\t\t<div class=\"elementor-container elementor-column-gap-default\">\n\t\t\t\t\t<div class=\"elementor-column elementor-col-100 elementor-top-column elementor-element elementor-element-3fe0f3f\" data-id=\"3fe0f3f\" data-element_type=\"column\">\n\t\t\t<div class=\"elementor-widget-wrap elementor-element-populated\">\n\t\t\t\t\t\t<div class=\"elementor-element elementor-element-dd1812f elementor-widget elementor-widget-heading\" data-id=\"dd1812f\" data-element_type=\"widget\" data-widget_type=\"heading.default\">\n\t\t\t\t<div class=\"elementor-widget-container\">\n\t\t\t<h2 class=\"elementor-heading-title elementor-size-default\">Metodologia<\/h2>\t\t<\/div>\n\t\t\t\t<\/div>\n\t\t\t\t<div class=\"elementor-element elementor-element-e5bf460 elementor-widget elementor-widget-text-editor\" data-id=\"e5bf460\" data-element_type=\"widget\" data-widget_type=\"text-editor.default\">\n\t\t\t\t<div class=\"elementor-widget-container\">\n\t\t\t\t\t\t\t<p>A atividade ser\u00e1 realizada no m\u00eas de mar\u00e7o, configurando o terceiro evento da programa\u00e7\u00e3o anual dos grupos PET UFSM (INTERPET). Os dois grupos sorteados no in\u00edcio do ano, PET EDUCA\u00c7\u00c3O F\u00cdSICA e PET ZOOTECNIA, assumem a organiza\u00e7\u00e3o do encontro para os demais grupos. Os dois grupos devem elencar uma tem\u00e1tica de discuss\u00e3o para propor aos demais, encaminhando previamente para a prepara\u00e7\u00e3o de todos, propiciando dinamismos articulados durante a realiza\u00e7\u00e3o do evento.<\/p>\t\t\t\t\t\t<\/div>\n\t\t\t\t<\/div>\n\t\t\t\t\t<\/div>\n\t\t<\/div>\n\t\t\t\t\t<\/div>\n\t\t<\/section>\n\t\t\t\t<section class=\"elementor-section elementor-top-section elementor-element elementor-element-2a18c71 elementor-section-boxed elementor-section-height-default elementor-section-height-default\" data-id=\"2a18c71\" data-element_type=\"section\">\n\t\t\t\t\t\t<div class=\"elementor-container elementor-column-gap-default\">\n\t\t\t\t\t<div class=\"elementor-column elementor-col-100 elementor-top-column elementor-element elementor-element-b9ebc70\" data-id=\"b9ebc70\" data-element_type=\"column\">\n\t\t\t<div class=\"elementor-widget-wrap elementor-element-populated\">\n\t\t\t\t\t\t<div class=\"elementor-element elementor-element-bfecc05 elementor-widget elementor-widget-heading\" data-id=\"bfecc05\" data-element_type=\"widget\" data-widget_type=\"heading.default\">\n\t\t\t\t<div class=\"elementor-widget-container\">\n\t\t\t<h2 class=\"elementor-heading-title elementor-size-default\">Resultados esperados<\/h2>\t\t<\/div>\n\t\t\t\t<\/div>\n\t\t\t\t<div class=\"elementor-element elementor-element-f6d0272 elementor-widget elementor-widget-text-editor\" data-id=\"f6d0272\" data-element_type=\"widget\" data-widget_type=\"text-editor.default\">\n\t\t\t\t<div class=\"elementor-widget-container\">\n\t\t\t\t\t\t\t<p>Resultados \/ produtos esperados com a atividade: melhorias para o Curso, para a Educa\u00e7\u00e3o, para a sociedade, meios para a socializa\u00e7\u00e3o dos resultados, publica\u00e7\u00f5es, etc: A cada nova a\u00e7\u00e3o produzida tanto individualmente como no processo coletivo, priorizar-se-\u00e1 a originalidade na constru\u00e7\u00e3o de conceitos e no\u00e7\u00f5es, ligada \u00e0s experi\u00eancias que, em coopera\u00e7\u00e3o ser\u00e3o desenvolvidas. Na base de um processo de a\u00e7\u00e3o participativa de pessoas interagindo em fun\u00e7\u00e3o de necessidades, interesses e objetivos comuns. Fundamentalmente, buscar-se-\u00e1 um maior envolvimento nas a\u00e7\u00f5es de ensino, pesquisa e extens\u00e3o, se considerando a responsabilidade de toda comunidade acad\u00eamica.<\/p>\t\t\t\t\t\t<\/div>\n\t\t\t\t<\/div>\n\t\t\t\t\t<\/div>\n\t\t<\/div>\n\t\t\t\t\t<\/div>\n\t\t<\/section>\n\t\t\t\t<section class=\"elementor-section elementor-top-section elementor-element elementor-element-2fe32af elementor-section-boxed elementor-section-height-default elementor-section-height-default\" data-id=\"2fe32af\" data-element_type=\"section\">\n\t\t\t\t\t\t<div class=\"elementor-container elementor-column-gap-default\">\n\t\t\t\t\t<div class=\"elementor-column elementor-col-100 elementor-top-column elementor-element elementor-element-6327d77\" data-id=\"6327d77\" data-element_type=\"column\">\n\t\t\t<div class=\"elementor-widget-wrap elementor-element-populated\">\n\t\t\t\t\t\t<div class=\"elementor-element elementor-element-da1a8f2 elementor-widget elementor-widget-heading\" data-id=\"da1a8f2\" data-element_type=\"widget\" data-widget_type=\"heading.default\">\n\t\t\t\t<div class=\"elementor-widget-container\">\n\t\t\t<h2 class=\"elementor-heading-title elementor-size-default\">Resultados obtidos<\/h2>\t\t<\/div>\n\t\t\t\t<\/div>\n\t\t\t\t\t<\/div>\n\t\t<\/div>\n\t\t\t\t\t<\/div>\n\t\t<\/section>\n\t\t\t\t<\/div>\n\t\t","protected":false},"excerpt":{"rendered":"<p>Introdu\u00e7\u00e3o Ao considerar o contexto das rela\u00e7\u00f5es produzidas a partir dos interesses pr\u00e1ticos estabelecidos no mundo vivido dos sujeitos, a UFSM, atrav\u00e9s do seu Plano de Desenvolvimento Institucional (PDI 2016-2026), compromete-se com o incremento de uma educa\u00e7\u00e3o integral e da inclus\u00e3o dos cidad\u00e3os ao ensino universit\u00e1rio; com o ensino voltado ao aperfei\u00e7oamento de profissionais, t\u00e9cnicos [&hellip;]<\/p>\n","protected":false},"author":4289,"featured_media":0,"parent":0,"menu_order":0,"comment_status":"closed","ping_status":"closed","template":"","meta":{"footnotes":""},"categories":[],"tags":[],"class_list":["post-87","page","type-page","status-publish","hentry"],"acf":[],"_links":{"self":[{"href":"https:\/\/www.ufsm.br\/pet\/educacao-fisica\/wp-json\/wp\/v2\/pages\/87","targetHints":{"allow":["GET"]}}],"collection":[{"href":"https:\/\/www.ufsm.br\/pet\/educacao-fisica\/wp-json\/wp\/v2\/pages"}],"about":[{"href":"https:\/\/www.ufsm.br\/pet\/educacao-fisica\/wp-json\/wp\/v2\/types\/page"}],"author":[{"embeddable":true,"href":"https:\/\/www.ufsm.br\/pet\/educacao-fisica\/wp-json\/wp\/v2\/users\/4289"}],"replies":[{"embeddable":true,"href":"https:\/\/www.ufsm.br\/pet\/educacao-fisica\/wp-json\/wp\/v2\/comments?post=87"}],"version-history":[{"count":0,"href":"https:\/\/www.ufsm.br\/pet\/educacao-fisica\/wp-json\/wp\/v2\/pages\/87\/revisions"}],"wp:attachment":[{"href":"https:\/\/www.ufsm.br\/pet\/educacao-fisica\/wp-json\/wp\/v2\/media?parent=87"}],"wp:term":[{"taxonomy":"category","embeddable":true,"href":"https:\/\/www.ufsm.br\/pet\/educacao-fisica\/wp-json\/wp\/v2\/categories?post=87"},{"taxonomy":"post_tag","embeddable":true,"href":"https:\/\/www.ufsm.br\/pet\/educacao-fisica\/wp-json\/wp\/v2\/tags?post=87"}],"curies":[{"name":"wp","href":"https:\/\/api.w.org\/{rel}","templated":true}]}}