{"id":91,"date":"2021-06-24T12:54:22","date_gmt":"2021-06-24T15:54:22","guid":{"rendered":"https:\/\/www.ufsm.br\/pet\/educacao-fisica\/?page_id=91"},"modified":"2021-06-24T13:03:24","modified_gmt":"2021-06-24T16:03:24","slug":"atividades-de-pesquisa-dos-petianos-pet-educacao-fisica","status":"publish","type":"page","link":"https:\/\/www.ufsm.br\/pet\/educacao-fisica\/atividades-de-pesquisa-dos-petianos-pet-educacao-fisica","title":{"rendered":"ATIVIDADES DE PESQUISA DOS PETIANOS: PET EDUCA\u00c7\u00c3O F\u00cdSICA"},"content":{"rendered":"\t\t<div data-elementor-type=\"wp-page\" data-elementor-id=\"91\" class=\"elementor elementor-91\">\n\t\t\t\t\t\t<section class=\"elementor-section elementor-top-section elementor-element elementor-element-81c57c3 elementor-section-boxed elementor-section-height-default elementor-section-height-default\" data-id=\"81c57c3\" data-element_type=\"section\">\n\t\t\t\t\t\t<div class=\"elementor-container elementor-column-gap-default\">\n\t\t\t\t\t<div class=\"elementor-column elementor-col-100 elementor-top-column elementor-element elementor-element-ed2b0fd\" data-id=\"ed2b0fd\" data-element_type=\"column\">\n\t\t\t<div class=\"elementor-widget-wrap elementor-element-populated\">\n\t\t\t\t\t\t<div class=\"elementor-element elementor-element-d203e37 elementor-widget elementor-widget-heading\" data-id=\"d203e37\" data-element_type=\"widget\" data-widget_type=\"heading.default\">\n\t\t\t\t<div class=\"elementor-widget-container\">\n\t\t\t<h2 class=\"elementor-heading-title elementor-size-default\">Introdu\u00e7\u00e3o<\/h2>\t\t<\/div>\n\t\t\t\t<\/div>\n\t\t\t\t<div class=\"elementor-element elementor-element-d27ee3d elementor-widget elementor-widget-text-editor\" data-id=\"d27ee3d\" data-element_type=\"widget\" data-widget_type=\"text-editor.default\">\n\t\t\t\t<div class=\"elementor-widget-container\">\n\t\t\t\t\t\t\t<p>Os grupos PET se caracterizam pelo envolvimento com pesquisas cient\u00edficas. Neste contexto, cada Petiano deve se vincular a um projeto de pesquisa, com registro pertinente junto ao Gabinete de Projetos do Centro de Educa\u00e7\u00e3o F\u00edsica e Desportos da UFSM. Com o intuito de inicialmente ingressar em uma pesquisa, sob a orienta\u00e7\u00e3o e supervis\u00e3o de um professor\/pesquisador dos cursos de Licenciatura e Bacharelado, para posteriormente desenvolver o seu projeto de pesquisa.\u00a0<\/p>\t\t\t\t\t\t<\/div>\n\t\t\t\t<\/div>\n\t\t\t\t\t<\/div>\n\t\t<\/div>\n\t\t\t\t\t<\/div>\n\t\t<\/section>\n\t\t\t\t<section class=\"elementor-section elementor-top-section elementor-element elementor-element-c2d6c18 elementor-section-boxed elementor-section-height-default elementor-section-height-default\" data-id=\"c2d6c18\" data-element_type=\"section\">\n\t\t\t\t\t\t<div class=\"elementor-container elementor-column-gap-default\">\n\t\t\t\t\t<div class=\"elementor-column elementor-col-100 elementor-top-column elementor-element elementor-element-81746d2\" data-id=\"81746d2\" data-element_type=\"column\">\n\t\t\t<div class=\"elementor-widget-wrap elementor-element-populated\">\n\t\t\t\t\t\t<div class=\"elementor-element elementor-element-dc9a933 elementor-widget elementor-widget-heading\" data-id=\"dc9a933\" data-element_type=\"widget\" data-widget_type=\"heading.default\">\n\t\t\t\t<div class=\"elementor-widget-container\">\n\t\t\t<h2 class=\"elementor-heading-title elementor-size-default\">Metodologia<\/h2>\t\t<\/div>\n\t\t\t\t<\/div>\n\t\t\t\t<div class=\"elementor-element elementor-element-08b66ca elementor-widget elementor-widget-text-editor\" data-id=\"08b66ca\" data-element_type=\"widget\" data-widget_type=\"text-editor.default\">\n\t\t\t\t<div class=\"elementor-widget-container\">\n\t\t\t\t\t\t\t<p>Os Petianos devem buscar Professores\/Pesquisadores junto aos cursos de Licenciatura e Bacharelado do CEFD\/UFSM para participarem de pesquisas individuais ou em grupos de pesquisa, em um projeto novo ou em andamento registrado no GAP\/CEFD. Ao final de cada semestre letivo o Petiano deve produzir pelo menos um trabalho\/relat\u00f3rio de inicia\u00e7\u00e3o cient\u00edfica para apresentar em semin\u00e1rios internos ou externos, encontros, congressos de inicia\u00e7\u00e3o cient\u00edfica ou jornadas acad\u00eamicas.<\/p>\t\t\t\t\t\t<\/div>\n\t\t\t\t<\/div>\n\t\t\t\t\t<\/div>\n\t\t<\/div>\n\t\t\t\t\t<\/div>\n\t\t<\/section>\n\t\t\t\t<section class=\"elementor-section elementor-top-section elementor-element elementor-element-c54e9a2 elementor-section-boxed elementor-section-height-default elementor-section-height-default\" data-id=\"c54e9a2\" data-element_type=\"section\">\n\t\t\t\t\t\t<div class=\"elementor-container elementor-column-gap-default\">\n\t\t\t\t\t<div class=\"elementor-column elementor-col-100 elementor-top-column elementor-element elementor-element-0a15618\" data-id=\"0a15618\" data-element_type=\"column\">\n\t\t\t<div class=\"elementor-widget-wrap elementor-element-populated\">\n\t\t\t\t\t\t<div class=\"elementor-element elementor-element-a8734ec elementor-widget elementor-widget-heading\" data-id=\"a8734ec\" data-element_type=\"widget\" data-widget_type=\"heading.default\">\n\t\t\t\t<div class=\"elementor-widget-container\">\n\t\t\t<h2 class=\"elementor-heading-title elementor-size-default\">Resultados esperados<\/h2>\t\t<\/div>\n\t\t\t\t<\/div>\n\t\t\t\t<div class=\"elementor-element elementor-element-f4b8a2a elementor-widget elementor-widget-text-editor\" data-id=\"f4b8a2a\" data-element_type=\"widget\" data-widget_type=\"text-editor.default\">\n\t\t\t\t<div class=\"elementor-widget-container\">\n\t\t\t\t\t\t\t<p>Resultados \/ produtos esperados com a atividade: melhorias para o Curso, para a Educa\u00e7\u00e3o, para a sociedade, meios para a socializa\u00e7\u00e3o dos resultados, publica\u00e7\u00f5es, etc: A atividade busca a estimula\u00e7\u00e3o progressiva para os membros do grupo PET EDUCA\u00c7\u00c3O F\u00cdSCA, no sentido de lev\u00e1-los a percorrer diversos caminhos de pesquisa, aumentando o conhecimento espec\u00edfico na \u00e1rea de atua\u00e7\u00e3o, bem como gerando uma participa\u00e7\u00e3o regular junto ao universo investigativo, atrav\u00e9s de publica\u00e7\u00f5es e na forma\u00e7\u00e3o de jovens pesquisadores.\u00a0<\/p>\t\t\t\t\t\t<\/div>\n\t\t\t\t<\/div>\n\t\t\t\t\t<\/div>\n\t\t<\/div>\n\t\t\t\t\t<\/div>\n\t\t<\/section>\n\t\t\t\t<section class=\"elementor-section elementor-top-section elementor-element elementor-element-136c169 elementor-section-boxed elementor-section-height-default elementor-section-height-default\" data-id=\"136c169\" data-element_type=\"section\">\n\t\t\t\t\t\t<div class=\"elementor-container elementor-column-gap-default\">\n\t\t\t\t\t<div class=\"elementor-column elementor-col-100 elementor-top-column elementor-element elementor-element-c1e67a4\" data-id=\"c1e67a4\" data-element_type=\"column\">\n\t\t\t<div class=\"elementor-widget-wrap elementor-element-populated\">\n\t\t\t\t\t\t<div class=\"elementor-element elementor-element-f576ca4 elementor-widget elementor-widget-heading\" data-id=\"f576ca4\" data-element_type=\"widget\" data-widget_type=\"heading.default\">\n\t\t\t\t<div class=\"elementor-widget-container\">\n\t\t\t<h2 class=\"elementor-heading-title elementor-size-default\">Resultados obtidos<\/h2>\t\t<\/div>\n\t\t\t\t<\/div>\n\t\t\t\t\t<\/div>\n\t\t<\/div>\n\t\t\t\t\t<\/div>\n\t\t<\/section>\n\t\t\t\t<\/div>\n\t\t","protected":false},"excerpt":{"rendered":"<p>Introdu\u00e7\u00e3o Os grupos PET se caracterizam pelo envolvimento com pesquisas cient\u00edficas. Neste contexto, cada Petiano deve se vincular a um projeto de pesquisa, com registro pertinente junto ao Gabinete de Projetos do Centro de Educa\u00e7\u00e3o F\u00edsica e Desportos da UFSM. Com o intuito de inicialmente ingressar em uma pesquisa, sob a orienta\u00e7\u00e3o e supervis\u00e3o de [&hellip;]<\/p>\n","protected":false},"author":4287,"featured_media":0,"parent":0,"menu_order":0,"comment_status":"closed","ping_status":"closed","template":"","meta":{"footnotes":""},"categories":[],"tags":[],"class_list":["post-91","page","type-page","status-publish","hentry"],"acf":[],"_links":{"self":[{"href":"https:\/\/www.ufsm.br\/pet\/educacao-fisica\/wp-json\/wp\/v2\/pages\/91","targetHints":{"allow":["GET"]}}],"collection":[{"href":"https:\/\/www.ufsm.br\/pet\/educacao-fisica\/wp-json\/wp\/v2\/pages"}],"about":[{"href":"https:\/\/www.ufsm.br\/pet\/educacao-fisica\/wp-json\/wp\/v2\/types\/page"}],"author":[{"embeddable":true,"href":"https:\/\/www.ufsm.br\/pet\/educacao-fisica\/wp-json\/wp\/v2\/users\/4287"}],"replies":[{"embeddable":true,"href":"https:\/\/www.ufsm.br\/pet\/educacao-fisica\/wp-json\/wp\/v2\/comments?post=91"}],"version-history":[{"count":0,"href":"https:\/\/www.ufsm.br\/pet\/educacao-fisica\/wp-json\/wp\/v2\/pages\/91\/revisions"}],"wp:attachment":[{"href":"https:\/\/www.ufsm.br\/pet\/educacao-fisica\/wp-json\/wp\/v2\/media?parent=91"}],"wp:term":[{"taxonomy":"category","embeddable":true,"href":"https:\/\/www.ufsm.br\/pet\/educacao-fisica\/wp-json\/wp\/v2\/categories?post=91"},{"taxonomy":"post_tag","embeddable":true,"href":"https:\/\/www.ufsm.br\/pet\/educacao-fisica\/wp-json\/wp\/v2\/tags?post=91"}],"curies":[{"name":"wp","href":"https:\/\/api.w.org\/{rel}","templated":true}]}}