{"id":92,"date":"2021-06-24T13:13:11","date_gmt":"2021-06-24T16:13:11","guid":{"rendered":"https:\/\/www.ufsm.br\/pet\/educacao-fisica\/?page_id=92"},"modified":"2021-06-24T13:14:00","modified_gmt":"2021-06-24T16:14:00","slug":"seminarios-de-pesquisa-do-pet-educacao-fisica","status":"publish","type":"page","link":"https:\/\/www.ufsm.br\/pet\/educacao-fisica\/seminarios-de-pesquisa-do-pet-educacao-fisica","title":{"rendered":"SEMIN\u00c1RIOS DE PESQUISA DO PET EDUCA\u00c7\u00c3O F\u00cdSICA"},"content":{"rendered":"\t\t<div data-elementor-type=\"wp-page\" data-elementor-id=\"92\" class=\"elementor elementor-92\">\n\t\t\t\t\t\t<section class=\"elementor-section elementor-top-section elementor-element elementor-element-dec9465 elementor-section-boxed elementor-section-height-default elementor-section-height-default\" data-id=\"dec9465\" data-element_type=\"section\">\n\t\t\t\t\t\t<div class=\"elementor-container elementor-column-gap-default\">\n\t\t\t\t\t<div class=\"elementor-column elementor-col-100 elementor-top-column elementor-element elementor-element-22b1d45\" data-id=\"22b1d45\" data-element_type=\"column\">\n\t\t\t<div class=\"elementor-widget-wrap elementor-element-populated\">\n\t\t\t\t\t\t<div class=\"elementor-element elementor-element-4372917 elementor-widget elementor-widget-heading\" data-id=\"4372917\" data-element_type=\"widget\" data-widget_type=\"heading.default\">\n\t\t\t\t<div class=\"elementor-widget-container\">\n\t\t\t<h2 class=\"elementor-heading-title elementor-size-default\">Introdu\u00e7\u00e3o<\/h2>\t\t<\/div>\n\t\t\t\t<\/div>\n\t\t\t\t<div class=\"elementor-element elementor-element-894021d elementor-widget elementor-widget-text-editor\" data-id=\"894021d\" data-element_type=\"widget\" data-widget_type=\"text-editor.default\">\n\t\t\t\t<div class=\"elementor-widget-container\">\n\t\t\t\t\t\t\t<p>A proposta se orienta na rela\u00e7\u00e3o com interesses pr\u00e1ticos advindos do mundo em que os sujeitos vivem, bem como de problemas profissionais encontrados na rela\u00e7\u00e3o \u00e0s contextualiza\u00e7\u00f5es reais. Na contram\u00e3o definida por opera\u00e7\u00f5es em que os docentes desenvolvem conceitos j\u00e1 aprendidos, em um processo de reprodu\u00e7\u00e3o cont\u00ednuo, os Petianos buscar\u00e3o ressignificar os conceitos e as tematiza\u00e7\u00f5es a partir dos objetos escolhidos para suas investiga\u00e7\u00f5es.<\/p>\t\t\t\t\t\t<\/div>\n\t\t\t\t<\/div>\n\t\t\t\t\t<\/div>\n\t\t<\/div>\n\t\t\t\t\t<\/div>\n\t\t<\/section>\n\t\t\t\t<section class=\"elementor-section elementor-top-section elementor-element elementor-element-3a069de elementor-section-boxed elementor-section-height-default elementor-section-height-default\" data-id=\"3a069de\" data-element_type=\"section\">\n\t\t\t\t\t\t<div class=\"elementor-container elementor-column-gap-default\">\n\t\t\t\t\t<div class=\"elementor-column elementor-col-100 elementor-top-column elementor-element elementor-element-0ef08d7\" data-id=\"0ef08d7\" data-element_type=\"column\">\n\t\t\t<div class=\"elementor-widget-wrap elementor-element-populated\">\n\t\t\t\t\t\t<div class=\"elementor-element elementor-element-ace4c33 elementor-widget elementor-widget-heading\" data-id=\"ace4c33\" data-element_type=\"widget\" data-widget_type=\"heading.default\">\n\t\t\t\t<div class=\"elementor-widget-container\">\n\t\t\t<h2 class=\"elementor-heading-title elementor-size-default\">Metodologia<\/h2>\t\t<\/div>\n\t\t\t\t<\/div>\n\t\t\t\t<div class=\"elementor-element elementor-element-f1e5fca elementor-widget elementor-widget-text-editor\" data-id=\"f1e5fca\" data-element_type=\"widget\" data-widget_type=\"text-editor.default\">\n\t\t\t\t<div class=\"elementor-widget-container\">\n\t\t\t\t\t\t\t<p>O Petiano ser\u00e1 estimulado a refletir sobre sua forma\u00e7\u00e3o, de forma constante dentro dos cursos de Licenciatura e Bacharelado, a partir do entendimento das implica\u00e7\u00f5es sist\u00eamicas, estruturais e educacionais que envolvem uma forma\u00e7\u00e3o integral e global. Com vistas ao desenvolvimento cient\u00edfico e human\u00edstico, enfatizando fundamentos da \u00e9tica e da cidadania a serem considerados para cada \u00e1rea do conhecimento; esclarecendo abrang\u00eancias da heterogeneidade social necess\u00e1rias \u00e0 constitui\u00e7\u00e3o de uma conscientiza\u00e7\u00e3o mais apurada.<\/p>\t\t\t\t\t\t<\/div>\n\t\t\t\t<\/div>\n\t\t\t\t\t<\/div>\n\t\t<\/div>\n\t\t\t\t\t<\/div>\n\t\t<\/section>\n\t\t\t\t<section class=\"elementor-section elementor-top-section elementor-element elementor-element-6b114e6 elementor-section-boxed elementor-section-height-default elementor-section-height-default\" data-id=\"6b114e6\" data-element_type=\"section\">\n\t\t\t\t\t\t<div class=\"elementor-container elementor-column-gap-default\">\n\t\t\t\t\t<div class=\"elementor-column elementor-col-100 elementor-top-column elementor-element elementor-element-83d0c03\" data-id=\"83d0c03\" data-element_type=\"column\">\n\t\t\t<div class=\"elementor-widget-wrap elementor-element-populated\">\n\t\t\t\t\t\t<div class=\"elementor-element elementor-element-47f9855 elementor-widget elementor-widget-heading\" data-id=\"47f9855\" data-element_type=\"widget\" data-widget_type=\"heading.default\">\n\t\t\t\t<div class=\"elementor-widget-container\">\n\t\t\t<h2 class=\"elementor-heading-title elementor-size-default\">Resultados esperados<\/h2>\t\t<\/div>\n\t\t\t\t<\/div>\n\t\t\t\t<div class=\"elementor-element elementor-element-191f3a7 elementor-widget elementor-widget-text-editor\" data-id=\"191f3a7\" data-element_type=\"widget\" data-widget_type=\"text-editor.default\">\n\t\t\t\t<div class=\"elementor-widget-container\">\n\t\t\t\t\t\t\t<p>Resultados \/ produtos esperados com a atividade: melhorias para o Curso, para a Educa\u00e7\u00e3o, para a sociedade, meios para a socializa\u00e7\u00e3o dos resultados, publica\u00e7\u00f5es, etc: Reorganiza\u00e7\u00e3o constante dos acad\u00eamicos \u00e0s diferentes etapas do conhecimento e sua extens\u00e3o no intuito de ampliar as perspectivas de atua\u00e7\u00e3o profissional. Estimulando a elabora\u00e7\u00e3o de investiga\u00e7\u00f5es com caracter\u00edsticas multi e interdisciplinares, permitindo uma vis\u00e3o global do campo de trabalho e suas alternativas. Despertando o interesse dos Petianos \u00e0 produ\u00e7\u00e3o cient\u00edfica, para al\u00e9m do trabalho investigativo, a exemplo de resumos, artigos, ensaios e cap\u00edtulos de livros.<\/p>\t\t\t\t\t\t<\/div>\n\t\t\t\t<\/div>\n\t\t\t\t\t<\/div>\n\t\t<\/div>\n\t\t\t\t\t<\/div>\n\t\t<\/section>\n\t\t\t\t<section class=\"elementor-section elementor-top-section elementor-element elementor-element-0207fc5 elementor-section-boxed elementor-section-height-default elementor-section-height-default\" data-id=\"0207fc5\" data-element_type=\"section\">\n\t\t\t\t\t\t<div class=\"elementor-container elementor-column-gap-default\">\n\t\t\t\t\t<div class=\"elementor-column elementor-col-100 elementor-top-column elementor-element elementor-element-4c63a6a\" data-id=\"4c63a6a\" data-element_type=\"column\">\n\t\t\t<div class=\"elementor-widget-wrap elementor-element-populated\">\n\t\t\t\t\t\t<div class=\"elementor-element elementor-element-6033fc5 elementor-widget elementor-widget-heading\" data-id=\"6033fc5\" data-element_type=\"widget\" data-widget_type=\"heading.default\">\n\t\t\t\t<div class=\"elementor-widget-container\">\n\t\t\t<h2 class=\"elementor-heading-title elementor-size-default\">Resultados obtidos<\/h2>\t\t<\/div>\n\t\t\t\t<\/div>\n\t\t\t\t\t<\/div>\n\t\t<\/div>\n\t\t\t\t\t<\/div>\n\t\t<\/section>\n\t\t\t\t<\/div>\n\t\t","protected":false},"excerpt":{"rendered":"<p>Introdu\u00e7\u00e3o A proposta se orienta na rela\u00e7\u00e3o com interesses pr\u00e1ticos advindos do mundo em que os sujeitos vivem, bem como de problemas profissionais encontrados na rela\u00e7\u00e3o \u00e0s contextualiza\u00e7\u00f5es reais. Na contram\u00e3o definida por opera\u00e7\u00f5es em que os docentes desenvolvem conceitos j\u00e1 aprendidos, em um processo de reprodu\u00e7\u00e3o cont\u00ednuo, os Petianos buscar\u00e3o ressignificar os conceitos e [&hellip;]<\/p>\n","protected":false},"author":4287,"featured_media":0,"parent":0,"menu_order":0,"comment_status":"closed","ping_status":"closed","template":"","meta":{"footnotes":""},"categories":[],"tags":[],"class_list":["post-92","page","type-page","status-publish","hentry"],"acf":[],"_links":{"self":[{"href":"https:\/\/www.ufsm.br\/pet\/educacao-fisica\/wp-json\/wp\/v2\/pages\/92","targetHints":{"allow":["GET"]}}],"collection":[{"href":"https:\/\/www.ufsm.br\/pet\/educacao-fisica\/wp-json\/wp\/v2\/pages"}],"about":[{"href":"https:\/\/www.ufsm.br\/pet\/educacao-fisica\/wp-json\/wp\/v2\/types\/page"}],"author":[{"embeddable":true,"href":"https:\/\/www.ufsm.br\/pet\/educacao-fisica\/wp-json\/wp\/v2\/users\/4287"}],"replies":[{"embeddable":true,"href":"https:\/\/www.ufsm.br\/pet\/educacao-fisica\/wp-json\/wp\/v2\/comments?post=92"}],"version-history":[{"count":0,"href":"https:\/\/www.ufsm.br\/pet\/educacao-fisica\/wp-json\/wp\/v2\/pages\/92\/revisions"}],"wp:attachment":[{"href":"https:\/\/www.ufsm.br\/pet\/educacao-fisica\/wp-json\/wp\/v2\/media?parent=92"}],"wp:term":[{"taxonomy":"category","embeddable":true,"href":"https:\/\/www.ufsm.br\/pet\/educacao-fisica\/wp-json\/wp\/v2\/categories?post=92"},{"taxonomy":"post_tag","embeddable":true,"href":"https:\/\/www.ufsm.br\/pet\/educacao-fisica\/wp-json\/wp\/v2\/tags?post=92"}],"curies":[{"name":"wp","href":"https:\/\/api.w.org\/{rel}","templated":true}]}}