{"id":93,"date":"2021-06-24T14:39:30","date_gmt":"2021-06-24T17:39:30","guid":{"rendered":"https:\/\/www.ufsm.br\/pet\/educacao-fisica\/?page_id=93"},"modified":"2021-06-24T14:42:13","modified_gmt":"2021-06-24T17:42:13","slug":"reunioes-semanais","status":"publish","type":"page","link":"https:\/\/www.ufsm.br\/pet\/educacao-fisica\/reunioes-semanais","title":{"rendered":"REUNI\u00d5ES SEMANAIS"},"content":{"rendered":"\t\t<div data-elementor-type=\"wp-page\" data-elementor-id=\"93\" class=\"elementor elementor-93\">\n\t\t\t\t\t\t<section class=\"elementor-section elementor-top-section elementor-element elementor-element-f8c155a elementor-section-boxed elementor-section-height-default elementor-section-height-default\" data-id=\"f8c155a\" data-element_type=\"section\">\n\t\t\t\t\t\t<div class=\"elementor-container elementor-column-gap-default\">\n\t\t\t\t\t<div class=\"elementor-column elementor-col-100 elementor-top-column elementor-element elementor-element-8d0c980\" data-id=\"8d0c980\" data-element_type=\"column\">\n\t\t\t<div class=\"elementor-widget-wrap elementor-element-populated\">\n\t\t\t\t\t\t<div class=\"elementor-element elementor-element-bfa4f39 elementor-widget elementor-widget-heading\" data-id=\"bfa4f39\" data-element_type=\"widget\" data-widget_type=\"heading.default\">\n\t\t\t\t<div class=\"elementor-widget-container\">\n\t\t\t<h2 class=\"elementor-heading-title elementor-size-default\">Introdu\u00e7\u00e3o<\/h2>\t\t<\/div>\n\t\t\t\t<\/div>\n\t\t\t\t<div class=\"elementor-element elementor-element-10e2364 elementor-widget elementor-widget-text-editor\" data-id=\"10e2364\" data-element_type=\"widget\" data-widget_type=\"text-editor.default\">\n\t\t\t\t<div class=\"elementor-widget-container\">\n\t\t\t\t\t\t\t<p>Os encontros semanais re\u00fanem os integrantes do PET EDUCA\u00c7\u00c3O F\u00cdSICA, ou colaboradores, para a discuss\u00e3o de assuntos pr\u00e9-definidos (pautados) ou para assuntos inclu\u00eddos em pauta, em conformidade as necessidades devidamente justificadas, antes do in\u00edcio de cada reuni\u00e3o. A obrigatoriedade da presen\u00e7a para o Tutor e os Petianos, segue as normativas apontadas junto ao Manual de Orienta\u00e7\u00f5es B\u00e1sicas do PET, bem como as normativas existentes no Regimento Interno do Grupo PET Educa\u00e7\u00e3o F\u00edsica, reestruturado em novembro de 2020. Nas reuni\u00f5es s\u00e3o debatidos e definidos diversos assuntos pertinentes ao PET, a exemplo da organiza\u00e7\u00e3o de minicursos, da defini\u00e7\u00e3o dos Petianos respons\u00e1veis por alguma atividade a ser realizada, de altera\u00e7\u00f5es no regimento interno, dos repasses internos, efetiva\u00e7\u00e3o de projetos com a comunidade, entre tantos outros.<\/p>\t\t\t\t\t\t<\/div>\n\t\t\t\t<\/div>\n\t\t\t\t\t<\/div>\n\t\t<\/div>\n\t\t\t\t\t<\/div>\n\t\t<\/section>\n\t\t\t\t<section class=\"elementor-section elementor-top-section elementor-element elementor-element-3880c92 elementor-section-boxed elementor-section-height-default elementor-section-height-default\" data-id=\"3880c92\" data-element_type=\"section\">\n\t\t\t\t\t\t<div class=\"elementor-container elementor-column-gap-default\">\n\t\t\t\t\t<div class=\"elementor-column elementor-col-100 elementor-top-column elementor-element elementor-element-67f4f89\" data-id=\"67f4f89\" data-element_type=\"column\">\n\t\t\t<div class=\"elementor-widget-wrap elementor-element-populated\">\n\t\t\t\t\t\t<div class=\"elementor-element elementor-element-fc964d4 elementor-widget elementor-widget-heading\" data-id=\"fc964d4\" data-element_type=\"widget\" data-widget_type=\"heading.default\">\n\t\t\t\t<div class=\"elementor-widget-container\">\n\t\t\t<h2 class=\"elementor-heading-title elementor-size-default\">Metodologia<\/h2>\t\t<\/div>\n\t\t\t\t<\/div>\n\t\t\t\t<div class=\"elementor-element elementor-element-fd9ae4c elementor-widget elementor-widget-text-editor\" data-id=\"fd9ae4c\" data-element_type=\"widget\" data-widget_type=\"text-editor.default\">\n\t\t\t\t<div class=\"elementor-widget-container\">\n\t\t\t\t\t\t\t<p>No per\u00edodo de distanciamento social, provocado pela Covid-19, as reuni\u00f5es ocorrem nas ter\u00e7as e quintas-feiras, a partir das 21:00 horas, se observando a dura\u00e7\u00e3o de uma hora para a totaliza\u00e7\u00e3o do tempo da reuni\u00e3o. Quando alguma pauta n\u00e3o \u00e9 contemplada, acontece a transfer\u00eancia da mesma para a pr\u00f3xima reuni\u00e3o. Quando houver o retorno presencial das atividades do grupo, o hor\u00e1rio das reuni\u00f5es ser\u00e1 restitu\u00eddo para as segundas e quartas-feiras, se observando o hor\u00e1rio das 12:00 horas para a realiza\u00e7\u00e3o das mesmas, com o tempo de dura\u00e7\u00e3o igual ao referido anteriormente, junto \u00e0 sala do PET EDUCA\u00c7\u00c3O F\u00cdSICA, no Centro de Educa\u00e7\u00e3o F\u00edsica e Desportos. A cada reuni\u00e3o, um Petiano ser\u00e1 respons\u00e1vel pela confec\u00e7\u00e3o da ata, em conformidade a uma ordem estabelecida; a ata dever\u00e1 ser entregue para a leitura do grupo, 24 horas antes da pr\u00f3xima reuni\u00e3o, para vota\u00e7\u00e3o e aprova\u00e7\u00e3o no in\u00edcio da reuni\u00e3o seguinte.\u00a0<\/p>\t\t\t\t\t\t<\/div>\n\t\t\t\t<\/div>\n\t\t\t\t\t<\/div>\n\t\t<\/div>\n\t\t\t\t\t<\/div>\n\t\t<\/section>\n\t\t\t\t<section class=\"elementor-section elementor-top-section elementor-element elementor-element-536cb6a elementor-section-boxed elementor-section-height-default elementor-section-height-default\" data-id=\"536cb6a\" data-element_type=\"section\">\n\t\t\t\t\t\t<div class=\"elementor-container elementor-column-gap-default\">\n\t\t\t\t\t<div class=\"elementor-column elementor-col-100 elementor-top-column elementor-element elementor-element-1cb8116\" data-id=\"1cb8116\" data-element_type=\"column\">\n\t\t\t<div class=\"elementor-widget-wrap elementor-element-populated\">\n\t\t\t\t\t\t<div class=\"elementor-element elementor-element-139d42b elementor-widget elementor-widget-heading\" data-id=\"139d42b\" data-element_type=\"widget\" data-widget_type=\"heading.default\">\n\t\t\t\t<div class=\"elementor-widget-container\">\n\t\t\t<h2 class=\"elementor-heading-title elementor-size-default\">Resultados esperados<\/h2>\t\t<\/div>\n\t\t\t\t<\/div>\n\t\t\t\t<div class=\"elementor-element elementor-element-323c387 elementor-widget elementor-widget-text-editor\" data-id=\"323c387\" data-element_type=\"widget\" data-widget_type=\"text-editor.default\">\n\t\t\t\t<div class=\"elementor-widget-container\">\n\t\t\t\t\t\t\t<p>Resultados \/ produtos esperados com a atividade: melhorias para o Curso, para a Educa\u00e7\u00e3o, para a sociedade, meios para a socializa\u00e7\u00e3o dos resultados, publica\u00e7\u00f5es, etc: Os resultados estimados com as reuni\u00f5es, dizem respeito a consolida\u00e7\u00e3o do trabalho coletivo e do protagonismo dos Petianos, no sentido de apoiar a proatividade e dar cada vez mais autonomia para o crescimento e o envolvimento junto \u00e0s atividades de ensino, pesquisa e extens\u00e3o. Posicionando os acad\u00eamicos em um contexto de debates e reflex\u00f5es constantes, voltados a melhoria dos cursos de Licenciatura e Bacharelado. O car\u00e1ter agregador das reuni\u00f5es \u00e9 o principal ponto de converg\u00eancia para a apresenta\u00e7\u00e3o de diversos pontos de vista, bem como o estabelecimento de interlocu\u00e7\u00f5es plurais, importantes \u00e0 constru\u00e7\u00e3o do conhecimento na \u00e1rea.<\/p>\t\t\t\t\t\t<\/div>\n\t\t\t\t<\/div>\n\t\t\t\t\t<\/div>\n\t\t<\/div>\n\t\t\t\t\t<\/div>\n\t\t<\/section>\n\t\t\t\t<section class=\"elementor-section elementor-top-section elementor-element elementor-element-28cc841 elementor-section-boxed elementor-section-height-default elementor-section-height-default\" data-id=\"28cc841\" data-element_type=\"section\">\n\t\t\t\t\t\t<div class=\"elementor-container elementor-column-gap-default\">\n\t\t\t\t\t<div class=\"elementor-column elementor-col-100 elementor-top-column elementor-element elementor-element-98d1250\" data-id=\"98d1250\" data-element_type=\"column\">\n\t\t\t<div class=\"elementor-widget-wrap elementor-element-populated\">\n\t\t\t\t\t\t<div class=\"elementor-element elementor-element-bc35281 elementor-widget elementor-widget-heading\" data-id=\"bc35281\" data-element_type=\"widget\" data-widget_type=\"heading.default\">\n\t\t\t\t<div class=\"elementor-widget-container\">\n\t\t\t<h2 class=\"elementor-heading-title elementor-size-default\">Resultados obtidos<\/h2>\t\t<\/div>\n\t\t\t\t<\/div>\n\t\t\t\t\t<\/div>\n\t\t<\/div>\n\t\t\t\t\t<\/div>\n\t\t<\/section>\n\t\t\t\t<\/div>\n\t\t","protected":false},"excerpt":{"rendered":"<p>Introdu\u00e7\u00e3o Os encontros semanais re\u00fanem os integrantes do PET EDUCA\u00c7\u00c3O F\u00cdSICA, ou colaboradores, para a discuss\u00e3o de assuntos pr\u00e9-definidos (pautados) ou para assuntos inclu\u00eddos em pauta, em conformidade as necessidades devidamente justificadas, antes do in\u00edcio de cada reuni\u00e3o. A obrigatoriedade da presen\u00e7a para o Tutor e os Petianos, segue as normativas apontadas junto ao Manual [&hellip;]<\/p>\n","protected":false},"author":4287,"featured_media":0,"parent":0,"menu_order":0,"comment_status":"closed","ping_status":"closed","template":"","meta":{"footnotes":""},"categories":[],"tags":[],"class_list":["post-93","page","type-page","status-publish","hentry"],"acf":[],"_links":{"self":[{"href":"https:\/\/www.ufsm.br\/pet\/educacao-fisica\/wp-json\/wp\/v2\/pages\/93","targetHints":{"allow":["GET"]}}],"collection":[{"href":"https:\/\/www.ufsm.br\/pet\/educacao-fisica\/wp-json\/wp\/v2\/pages"}],"about":[{"href":"https:\/\/www.ufsm.br\/pet\/educacao-fisica\/wp-json\/wp\/v2\/types\/page"}],"author":[{"embeddable":true,"href":"https:\/\/www.ufsm.br\/pet\/educacao-fisica\/wp-json\/wp\/v2\/users\/4287"}],"replies":[{"embeddable":true,"href":"https:\/\/www.ufsm.br\/pet\/educacao-fisica\/wp-json\/wp\/v2\/comments?post=93"}],"version-history":[{"count":0,"href":"https:\/\/www.ufsm.br\/pet\/educacao-fisica\/wp-json\/wp\/v2\/pages\/93\/revisions"}],"wp:attachment":[{"href":"https:\/\/www.ufsm.br\/pet\/educacao-fisica\/wp-json\/wp\/v2\/media?parent=93"}],"wp:term":[{"taxonomy":"category","embeddable":true,"href":"https:\/\/www.ufsm.br\/pet\/educacao-fisica\/wp-json\/wp\/v2\/categories?post=93"},{"taxonomy":"post_tag","embeddable":true,"href":"https:\/\/www.ufsm.br\/pet\/educacao-fisica\/wp-json\/wp\/v2\/tags?post=93"}],"curies":[{"name":"wp","href":"https:\/\/api.w.org\/{rel}","templated":true}]}}