{"id":94,"date":"2021-06-24T14:50:39","date_gmt":"2021-06-24T17:50:39","guid":{"rendered":"https:\/\/www.ufsm.br\/pet\/educacao-fisica\/?page_id=94"},"modified":"2021-06-24T14:52:47","modified_gmt":"2021-06-24T17:52:47","slug":"avaliacao-interna-do-pet-educacao-fisica","status":"publish","type":"page","link":"https:\/\/www.ufsm.br\/pet\/educacao-fisica\/avaliacao-interna-do-pet-educacao-fisica","title":{"rendered":"AVALIA\u00c7\u00c3O INTERNA DO PET EDUCA\u00c7\u00c3O F\u00cdSICA"},"content":{"rendered":"\t\t<div data-elementor-type=\"wp-page\" data-elementor-id=\"94\" class=\"elementor elementor-94\">\n\t\t\t\t\t\t<section class=\"elementor-section elementor-top-section elementor-element elementor-element-c3ada26 elementor-section-boxed elementor-section-height-default elementor-section-height-default\" data-id=\"c3ada26\" data-element_type=\"section\">\n\t\t\t\t\t\t<div class=\"elementor-container elementor-column-gap-default\">\n\t\t\t\t\t<div class=\"elementor-column elementor-col-100 elementor-top-column elementor-element elementor-element-ea81574\" data-id=\"ea81574\" data-element_type=\"column\">\n\t\t\t<div class=\"elementor-widget-wrap elementor-element-populated\">\n\t\t\t\t\t\t<div class=\"elementor-element elementor-element-b8e79d2 elementor-widget elementor-widget-heading\" data-id=\"b8e79d2\" data-element_type=\"widget\" data-widget_type=\"heading.default\">\n\t\t\t\t<div class=\"elementor-widget-container\">\n\t\t\t<h2 class=\"elementor-heading-title elementor-size-default\">Introdu\u00e7\u00e3o<\/h2>\t\t<\/div>\n\t\t\t\t<\/div>\n\t\t\t\t<div class=\"elementor-element elementor-element-e1794f6 elementor-widget elementor-widget-text-editor\" data-id=\"e1794f6\" data-element_type=\"widget\" data-widget_type=\"text-editor.default\">\n\t\t\t\t<div class=\"elementor-widget-container\">\n\t\t\t\t\t\t\t<p>A atividade consiste na avalia\u00e7\u00e3o interna do grupo PET EDUCA\u00c7\u00c3O F\u00cdSICA, na busca de melhorias para as respectivas desenvolturas junto ao ensino, a pesquisa e a extens\u00e3o, ligadas aos integrantes do Grupo, bem como para a estrutura\u00e7\u00e3o e desenvolvimento das atividades promovidas.\u00a0<\/p>\t\t\t\t\t\t<\/div>\n\t\t\t\t<\/div>\n\t\t\t\t\t<\/div>\n\t\t<\/div>\n\t\t\t\t\t<\/div>\n\t\t<\/section>\n\t\t\t\t<section class=\"elementor-section elementor-top-section elementor-element elementor-element-fe456b4 elementor-section-boxed elementor-section-height-default elementor-section-height-default\" data-id=\"fe456b4\" data-element_type=\"section\">\n\t\t\t\t\t\t<div class=\"elementor-container elementor-column-gap-default\">\n\t\t\t\t\t<div class=\"elementor-column elementor-col-100 elementor-top-column elementor-element elementor-element-9b73dd0\" data-id=\"9b73dd0\" data-element_type=\"column\">\n\t\t\t<div class=\"elementor-widget-wrap elementor-element-populated\">\n\t\t\t\t\t\t<div class=\"elementor-element elementor-element-20fba28 elementor-widget elementor-widget-heading\" data-id=\"20fba28\" data-element_type=\"widget\" data-widget_type=\"heading.default\">\n\t\t\t\t<div class=\"elementor-widget-container\">\n\t\t\t<h2 class=\"elementor-heading-title elementor-size-default\">Metodologia<\/h2>\t\t<\/div>\n\t\t\t\t<\/div>\n\t\t\t\t<div class=\"elementor-element elementor-element-2936d52 elementor-widget elementor-widget-text-editor\" data-id=\"2936d52\" data-element_type=\"widget\" data-widget_type=\"text-editor.default\">\n\t\t\t\t<div class=\"elementor-widget-container\">\n\t\t\t\t\t\t\t<p>A realiza\u00e7\u00e3o da atividade recobre o desenvolvimento conjunto de estrat\u00e9gias para a avalia\u00e7\u00e3o, em acordo ao reconhecimento das necessidades processuais encontradas a cada atividade desenvolvida. O processo de avalia\u00e7\u00e3o \u00e9 um caminho que necessita de dedica\u00e7\u00e3o e constante verifica\u00e7\u00e3o para a sua melhor adequa\u00e7\u00e3o e aplica\u00e7\u00e3o.<\/p>\t\t\t\t\t\t<\/div>\n\t\t\t\t<\/div>\n\t\t\t\t\t<\/div>\n\t\t<\/div>\n\t\t\t\t\t<\/div>\n\t\t<\/section>\n\t\t\t\t<section class=\"elementor-section elementor-top-section elementor-element elementor-element-3558687 elementor-section-boxed elementor-section-height-default elementor-section-height-default\" data-id=\"3558687\" data-element_type=\"section\">\n\t\t\t\t\t\t<div class=\"elementor-container elementor-column-gap-default\">\n\t\t\t\t\t<div class=\"elementor-column elementor-col-100 elementor-top-column elementor-element elementor-element-cb690ba\" data-id=\"cb690ba\" data-element_type=\"column\">\n\t\t\t<div class=\"elementor-widget-wrap elementor-element-populated\">\n\t\t\t\t\t\t<div class=\"elementor-element elementor-element-6df1612 elementor-widget elementor-widget-heading\" data-id=\"6df1612\" data-element_type=\"widget\" data-widget_type=\"heading.default\">\n\t\t\t\t<div class=\"elementor-widget-container\">\n\t\t\t<h2 class=\"elementor-heading-title elementor-size-default\">Resultados esperados<\/h2>\t\t<\/div>\n\t\t\t\t<\/div>\n\t\t\t\t<div class=\"elementor-element elementor-element-0f23675 elementor-widget elementor-widget-text-editor\" data-id=\"0f23675\" data-element_type=\"widget\" data-widget_type=\"text-editor.default\">\n\t\t\t\t<div class=\"elementor-widget-container\">\n\t\t\t\t\t\t\t<p>Resultados \/ produtos esperados com a atividade: melhorias para o Curso, para a Educa\u00e7\u00e3o, para a sociedade, meios para a socializa\u00e7\u00e3o dos resultados, publica\u00e7\u00f5es, etc: A maior preocupa\u00e7\u00e3o \u00e9 a garantia de um processo democr\u00e1tico para a descri\u00e7\u00e3o e a an\u00e1lise das necessidades individuais e coletivas, se observando para tanto, as normativas existentes e hierarquias previamente estabelecidas. Tamb\u00e9m se estima que os direitos e os deveres ganhem o devido entendimento conjunto para a proje\u00e7\u00e3o da excel\u00eancia do grupo PET EDUCA\u00c7\u00c3O F\u00cdSCA.<\/p>\t\t\t\t\t\t<\/div>\n\t\t\t\t<\/div>\n\t\t\t\t\t<\/div>\n\t\t<\/div>\n\t\t\t\t\t<\/div>\n\t\t<\/section>\n\t\t\t\t<section class=\"elementor-section elementor-top-section elementor-element elementor-element-f7e1ff2 elementor-section-boxed elementor-section-height-default elementor-section-height-default\" data-id=\"f7e1ff2\" data-element_type=\"section\">\n\t\t\t\t\t\t<div class=\"elementor-container elementor-column-gap-default\">\n\t\t\t\t\t<div class=\"elementor-column elementor-col-100 elementor-top-column elementor-element elementor-element-f72c841\" data-id=\"f72c841\" data-element_type=\"column\">\n\t\t\t<div class=\"elementor-widget-wrap elementor-element-populated\">\n\t\t\t\t\t\t<div class=\"elementor-element elementor-element-28ec185 elementor-widget elementor-widget-heading\" data-id=\"28ec185\" data-element_type=\"widget\" data-widget_type=\"heading.default\">\n\t\t\t\t<div class=\"elementor-widget-container\">\n\t\t\t<h2 class=\"elementor-heading-title elementor-size-default\">Resultados obtidos<\/h2>\t\t<\/div>\n\t\t\t\t<\/div>\n\t\t\t\t\t<\/div>\n\t\t<\/div>\n\t\t\t\t\t<\/div>\n\t\t<\/section>\n\t\t\t\t<\/div>\n\t\t","protected":false},"excerpt":{"rendered":"<p>Introdu\u00e7\u00e3o A atividade consiste na avalia\u00e7\u00e3o interna do grupo PET EDUCA\u00c7\u00c3O F\u00cdSICA, na busca de melhorias para as respectivas desenvolturas junto ao ensino, a pesquisa e a extens\u00e3o, ligadas aos integrantes do Grupo, bem como para a estrutura\u00e7\u00e3o e desenvolvimento das atividades promovidas.\u00a0 Metodologia A realiza\u00e7\u00e3o da atividade recobre o desenvolvimento conjunto de estrat\u00e9gias para [&hellip;]<\/p>\n","protected":false},"author":4287,"featured_media":0,"parent":0,"menu_order":0,"comment_status":"closed","ping_status":"closed","template":"","meta":{"footnotes":""},"categories":[],"tags":[],"class_list":["post-94","page","type-page","status-publish","hentry"],"acf":[],"_links":{"self":[{"href":"https:\/\/www.ufsm.br\/pet\/educacao-fisica\/wp-json\/wp\/v2\/pages\/94","targetHints":{"allow":["GET"]}}],"collection":[{"href":"https:\/\/www.ufsm.br\/pet\/educacao-fisica\/wp-json\/wp\/v2\/pages"}],"about":[{"href":"https:\/\/www.ufsm.br\/pet\/educacao-fisica\/wp-json\/wp\/v2\/types\/page"}],"author":[{"embeddable":true,"href":"https:\/\/www.ufsm.br\/pet\/educacao-fisica\/wp-json\/wp\/v2\/users\/4287"}],"replies":[{"embeddable":true,"href":"https:\/\/www.ufsm.br\/pet\/educacao-fisica\/wp-json\/wp\/v2\/comments?post=94"}],"version-history":[{"count":0,"href":"https:\/\/www.ufsm.br\/pet\/educacao-fisica\/wp-json\/wp\/v2\/pages\/94\/revisions"}],"wp:attachment":[{"href":"https:\/\/www.ufsm.br\/pet\/educacao-fisica\/wp-json\/wp\/v2\/media?parent=94"}],"wp:term":[{"taxonomy":"category","embeddable":true,"href":"https:\/\/www.ufsm.br\/pet\/educacao-fisica\/wp-json\/wp\/v2\/categories?post=94"},{"taxonomy":"post_tag","embeddable":true,"href":"https:\/\/www.ufsm.br\/pet\/educacao-fisica\/wp-json\/wp\/v2\/tags?post=94"}],"curies":[{"name":"wp","href":"https:\/\/api.w.org\/{rel}","templated":true}]}}