{"id":95,"date":"2021-06-24T14:57:09","date_gmt":"2021-06-24T17:57:09","guid":{"rendered":"https:\/\/www.ufsm.br\/pet\/educacao-fisica\/?page_id=95"},"modified":"2021-06-24T14:59:21","modified_gmt":"2021-06-24T17:59:21","slug":"elaboracao-de-um-plano-de-midia-para-o-grupo-pet-educacao-fisica","status":"publish","type":"page","link":"https:\/\/www.ufsm.br\/pet\/educacao-fisica\/elaboracao-de-um-plano-de-midia-para-o-grupo-pet-educacao-fisica","title":{"rendered":"ELABORA\u00c7\u00c3O DE UM PLANO DE M\u00cdDIA PARA O GRUPO PET EDUCA\u00c7\u00c3O F\u00cdSICA"},"content":{"rendered":"\t\t<div data-elementor-type=\"wp-page\" data-elementor-id=\"95\" class=\"elementor elementor-95\">\n\t\t\t\t\t\t<section class=\"elementor-section elementor-top-section elementor-element elementor-element-b8ba7b1 elementor-section-boxed elementor-section-height-default elementor-section-height-default\" data-id=\"b8ba7b1\" data-element_type=\"section\">\n\t\t\t\t\t\t<div class=\"elementor-container elementor-column-gap-default\">\n\t\t\t\t\t<div class=\"elementor-column elementor-col-100 elementor-top-column elementor-element elementor-element-066673d\" data-id=\"066673d\" data-element_type=\"column\">\n\t\t\t<div class=\"elementor-widget-wrap elementor-element-populated\">\n\t\t\t\t\t\t<div class=\"elementor-element elementor-element-2d40852 elementor-widget elementor-widget-heading\" data-id=\"2d40852\" data-element_type=\"widget\" data-widget_type=\"heading.default\">\n\t\t\t\t<div class=\"elementor-widget-container\">\n\t\t\t<h2 class=\"elementor-heading-title elementor-size-default\">Introdu\u00e7\u00e3o<\/h2>\t\t<\/div>\n\t\t\t\t<\/div>\n\t\t\t\t<div class=\"elementor-element elementor-element-7d5c54a elementor-widget elementor-widget-text-editor\" data-id=\"7d5c54a\" data-element_type=\"widget\" data-widget_type=\"text-editor.default\">\n\t\t\t\t<div class=\"elementor-widget-container\">\n\t\t\t\t\t\t\t<p>O plano de m\u00eddia estabelece uma conjuntura de aproxima\u00e7\u00e3o otimizada entre as diferentes unidades de comunica\u00e7\u00e3o existentes na UFSM, com a inten\u00e7\u00e3o de ampliar e dinamizar as atividades desenvolvidas junto ao grupo PET EDUCA\u00c7\u00c3O F\u00cdSICA. A justificativa em desenvolver um plano espec\u00edfico, encerra a busca e a escolha das melhores alternativas comunicacionais existentes, para cada a\u00e7\u00e3o planejada e estruturada atrav\u00e9s do grupo.\u00a0<\/p>\t\t\t\t\t\t<\/div>\n\t\t\t\t<\/div>\n\t\t\t\t\t<\/div>\n\t\t<\/div>\n\t\t\t\t\t<\/div>\n\t\t<\/section>\n\t\t\t\t<section class=\"elementor-section elementor-top-section elementor-element elementor-element-9358a57 elementor-section-boxed elementor-section-height-default elementor-section-height-default\" data-id=\"9358a57\" data-element_type=\"section\">\n\t\t\t\t\t\t<div class=\"elementor-container elementor-column-gap-default\">\n\t\t\t\t\t<div class=\"elementor-column elementor-col-100 elementor-top-column elementor-element elementor-element-80c05a4\" data-id=\"80c05a4\" data-element_type=\"column\">\n\t\t\t<div class=\"elementor-widget-wrap elementor-element-populated\">\n\t\t\t\t\t\t<div class=\"elementor-element elementor-element-cbb6f1b elementor-widget elementor-widget-heading\" data-id=\"cbb6f1b\" data-element_type=\"widget\" data-widget_type=\"heading.default\">\n\t\t\t\t<div class=\"elementor-widget-container\">\n\t\t\t<h2 class=\"elementor-heading-title elementor-size-default\">Metodologia<\/h2>\t\t<\/div>\n\t\t\t\t<\/div>\n\t\t\t\t<div class=\"elementor-element elementor-element-5cb1962 elementor-widget elementor-widget-text-editor\" data-id=\"5cb1962\" data-element_type=\"widget\" data-widget_type=\"text-editor.default\">\n\t\t\t\t<div class=\"elementor-widget-container\">\n\t\t\t\t\t\t\t<p>A atividade ser\u00e1 realizada, considerando o p\u00fablico-alvo constitu\u00eddo em cada processo de divulga\u00e7\u00e3o estruturado pelo grupo, verificando novas potencialidades de aplica\u00e7\u00e3o comunicacional, em conson\u00e2ncia as tecnologias existentes. Para tanto, tamb\u00e9m se deve considerar, \u00e1reas e locais de atua\u00e7\u00e3o, possibilidades de divulga\u00e7\u00e3o e difus\u00e3o, bem como a valoriza\u00e7\u00e3o dos conte\u00fados e as a\u00e7\u00f5es de amplia\u00e7\u00e3o dos processos comunicacionais envolvidos.<\/p>\t\t\t\t\t\t<\/div>\n\t\t\t\t<\/div>\n\t\t\t\t\t<\/div>\n\t\t<\/div>\n\t\t\t\t\t<\/div>\n\t\t<\/section>\n\t\t\t\t<section class=\"elementor-section elementor-top-section elementor-element elementor-element-056e832 elementor-section-boxed elementor-section-height-default elementor-section-height-default\" data-id=\"056e832\" data-element_type=\"section\">\n\t\t\t\t\t\t<div class=\"elementor-container elementor-column-gap-default\">\n\t\t\t\t\t<div class=\"elementor-column elementor-col-100 elementor-top-column elementor-element elementor-element-9201279\" data-id=\"9201279\" data-element_type=\"column\">\n\t\t\t<div class=\"elementor-widget-wrap elementor-element-populated\">\n\t\t\t\t\t\t<div class=\"elementor-element elementor-element-d3c1b28 elementor-widget elementor-widget-heading\" data-id=\"d3c1b28\" data-element_type=\"widget\" data-widget_type=\"heading.default\">\n\t\t\t\t<div class=\"elementor-widget-container\">\n\t\t\t<h2 class=\"elementor-heading-title elementor-size-default\">Resultados esperados<\/h2>\t\t<\/div>\n\t\t\t\t<\/div>\n\t\t\t\t<div class=\"elementor-element elementor-element-2880b2d elementor-widget elementor-widget-text-editor\" data-id=\"2880b2d\" data-element_type=\"widget\" data-widget_type=\"text-editor.default\">\n\t\t\t\t<div class=\"elementor-widget-container\">\n\t\t\t\t\t\t\t<p>Resultados \/ produtos esperados com a atividade: melhorias para o Curso, para a Educa\u00e7\u00e3o, para a sociedade, meios para a socializa\u00e7\u00e3o dos resultados, publica\u00e7\u00f5es, etc: A cria\u00e7\u00e3o da p\u00e1gina do grupo PET Educa\u00e7\u00e3o F\u00edsica, para a ancoragem de todos os outros elementos de divulga\u00e7\u00e3o e difus\u00e3o apresentados no plano de m\u00eddia (unidades comunicacionais e redes sociais), com o intuito de definir p\u00fablicos-alvo, focos de aplica\u00e7\u00e3o midi\u00e1tica, parcerias institucionais, \u00e1reas de atua\u00e7\u00e3o, valoriza\u00e7\u00e3o dos diversos conte\u00fados abordados e propostas para a amplia\u00e7\u00e3o gradual do plano em desenvolvimento.\u00a0<\/p>\t\t\t\t\t\t<\/div>\n\t\t\t\t<\/div>\n\t\t\t\t\t<\/div>\n\t\t<\/div>\n\t\t\t\t\t<\/div>\n\t\t<\/section>\n\t\t\t\t<section class=\"elementor-section elementor-top-section elementor-element elementor-element-5e434d4 elementor-section-boxed elementor-section-height-default elementor-section-height-default\" data-id=\"5e434d4\" data-element_type=\"section\">\n\t\t\t\t\t\t<div class=\"elementor-container elementor-column-gap-default\">\n\t\t\t\t\t<div class=\"elementor-column elementor-col-100 elementor-top-column elementor-element elementor-element-da07a15\" data-id=\"da07a15\" data-element_type=\"column\">\n\t\t\t<div class=\"elementor-widget-wrap elementor-element-populated\">\n\t\t\t\t\t\t<div class=\"elementor-element elementor-element-ff250ef elementor-widget elementor-widget-heading\" data-id=\"ff250ef\" data-element_type=\"widget\" data-widget_type=\"heading.default\">\n\t\t\t\t<div class=\"elementor-widget-container\">\n\t\t\t<h2 class=\"elementor-heading-title elementor-size-default\">Resultados obtidos<\/h2>\t\t<\/div>\n\t\t\t\t<\/div>\n\t\t\t\t\t<\/div>\n\t\t<\/div>\n\t\t\t\t\t<\/div>\n\t\t<\/section>\n\t\t\t\t<\/div>\n\t\t","protected":false},"excerpt":{"rendered":"<p>Introdu\u00e7\u00e3o O plano de m\u00eddia estabelece uma conjuntura de aproxima\u00e7\u00e3o otimizada entre as diferentes unidades de comunica\u00e7\u00e3o existentes na UFSM, com a inten\u00e7\u00e3o de ampliar e dinamizar as atividades desenvolvidas junto ao grupo PET EDUCA\u00c7\u00c3O F\u00cdSICA. A justificativa em desenvolver um plano espec\u00edfico, encerra a busca e a escolha das melhores alternativas comunicacionais existentes, para [&hellip;]<\/p>\n","protected":false},"author":4287,"featured_media":0,"parent":0,"menu_order":0,"comment_status":"closed","ping_status":"closed","template":"","meta":{"footnotes":""},"categories":[],"tags":[],"class_list":["post-95","page","type-page","status-publish","hentry"],"acf":[],"_links":{"self":[{"href":"https:\/\/www.ufsm.br\/pet\/educacao-fisica\/wp-json\/wp\/v2\/pages\/95","targetHints":{"allow":["GET"]}}],"collection":[{"href":"https:\/\/www.ufsm.br\/pet\/educacao-fisica\/wp-json\/wp\/v2\/pages"}],"about":[{"href":"https:\/\/www.ufsm.br\/pet\/educacao-fisica\/wp-json\/wp\/v2\/types\/page"}],"author":[{"embeddable":true,"href":"https:\/\/www.ufsm.br\/pet\/educacao-fisica\/wp-json\/wp\/v2\/users\/4287"}],"replies":[{"embeddable":true,"href":"https:\/\/www.ufsm.br\/pet\/educacao-fisica\/wp-json\/wp\/v2\/comments?post=95"}],"version-history":[{"count":0,"href":"https:\/\/www.ufsm.br\/pet\/educacao-fisica\/wp-json\/wp\/v2\/pages\/95\/revisions"}],"wp:attachment":[{"href":"https:\/\/www.ufsm.br\/pet\/educacao-fisica\/wp-json\/wp\/v2\/media?parent=95"}],"wp:term":[{"taxonomy":"category","embeddable":true,"href":"https:\/\/www.ufsm.br\/pet\/educacao-fisica\/wp-json\/wp\/v2\/categories?post=95"},{"taxonomy":"post_tag","embeddable":true,"href":"https:\/\/www.ufsm.br\/pet\/educacao-fisica\/wp-json\/wp\/v2\/tags?post=95"}],"curies":[{"name":"wp","href":"https:\/\/api.w.org\/{rel}","templated":true}]}}