{"id":273,"date":"2025-09-09T13:44:16","date_gmt":"2025-09-09T16:44:16","guid":{"rendered":"https:\/\/www.ufsm.br\/pet\/educom-clima\/?page_id=273"},"modified":"2025-09-15T13:10:21","modified_gmt":"2025-09-15T16:10:21","slug":"ensino","status":"publish","type":"page","link":"https:\/\/www.ufsm.br\/pet\/educom-clima\/ensino","title":{"rendered":"Ensino"},"content":{"rendered":"\t\t<div data-elementor-type=\"wp-page\" data-elementor-id=\"273\" class=\"elementor elementor-273\">\n\t\t\t\t\t\t<section class=\"elementor-section elementor-top-section elementor-element elementor-element-cfd07f5 elementor-section-boxed elementor-section-height-default elementor-section-height-default\" data-id=\"cfd07f5\" data-element_type=\"section\">\n\t\t\t\t\t\t<div class=\"elementor-container elementor-column-gap-default\">\n\t\t\t\t\t<div class=\"elementor-column elementor-col-100 elementor-top-column elementor-element elementor-element-1bb98b6\" data-id=\"1bb98b6\" data-element_type=\"column\">\n\t\t\t<div class=\"elementor-widget-wrap elementor-element-populated\">\n\t\t\t\t\t\t<div class=\"elementor-element elementor-element-0c4ebd5 elementor-widget elementor-widget-image\" data-id=\"0c4ebd5\" data-element_type=\"widget\" data-widget_type=\"image.default\">\n\t\t\t\t<div class=\"elementor-widget-container\">\n\t\t\t\t\t\t\t\t\t\t\t\t\t<img fetchpriority=\"high\" decoding=\"async\" width=\"1162\" height=\"280\" src=\"https:\/\/www.ufsm.br\/app\/uploads\/sites\/955\/2025\/09\/Banner-site-1.jpg\" class=\"attachment-1536x1536 size-1536x1536 wp-image-275\" alt=\"\" srcset=\"https:\/\/www.ufsm.br\/app\/uploads\/sites\/955\/2025\/09\/Banner-site-1.jpg 1162w, https:\/\/www.ufsm.br\/app\/uploads\/sites\/955\/2025\/09\/Banner-site-1-300x72.jpg 300w, https:\/\/www.ufsm.br\/app\/uploads\/sites\/955\/2025\/09\/Banner-site-1-1024x247.jpg 1024w, https:\/\/www.ufsm.br\/app\/uploads\/sites\/955\/2025\/09\/Banner-site-1-768x185.jpg 768w\" sizes=\"(max-width: 1162px) 100vw, 1162px\" \/>\t\t\t\t\t\t\t\t\t\t\t\t\t<\/div>\n\t\t\t\t<\/div>\n\t\t\t\t\t<\/div>\n\t\t<\/div>\n\t\t\t\t\t<\/div>\n\t\t<\/section>\n\t\t\t\t<section class=\"elementor-section elementor-top-section elementor-element elementor-element-1724221 elementor-section-boxed elementor-section-height-default elementor-section-height-default\" data-id=\"1724221\" data-element_type=\"section\">\n\t\t\t\t\t\t<div class=\"elementor-container elementor-column-gap-default\">\n\t\t\t\t\t<div class=\"elementor-column elementor-col-100 elementor-top-column elementor-element elementor-element-e31427f\" data-id=\"e31427f\" data-element_type=\"column\">\n\t\t\t<div class=\"elementor-widget-wrap elementor-element-populated\">\n\t\t\t\t\t\t<div class=\"elementor-element elementor-element-3f5caad elementor-widget elementor-widget-text-editor\" data-id=\"3f5caad\" data-element_type=\"widget\" data-widget_type=\"text-editor.default\">\n\t\t\t\t<div class=\"elementor-widget-container\">\n\t\t\t\t\t\t\t<p>O <strong>Momento de Leitura<\/strong> \u00e9 um encontro quinzenal aberto \u00e0 comunidade acad\u00eamica, dedicado \u00e0 leitura e discuss\u00e3o de textos sobre comunica\u00e7\u00e3o e mudan\u00e7as clim\u00e1ticas. Essa atividade busca estimular o desenvolvimento de uma vis\u00e3o cr\u00edtica sobre temas atuais e a troca de ideias entre os participantes. Durante os encontros, o ch\u00e1 \u00e9 oferecido como um gesto de acolhimento e conforto, criando um ambiente leve e convidativo para o aprendizado cont\u00ednuo. Os encontros ocorrem na sala 202, das 13h \u00e0s 13h30, e n\u00e3o \u00e9 necess\u00e1rio inscri\u00e7\u00e3o pr\u00e9via.<\/p>\t\t\t\t\t\t<\/div>\n\t\t\t\t<\/div>\n\t\t\t\t\t<\/div>\n\t\t<\/div>\n\t\t\t\t\t<\/div>\n\t\t<\/section>\n\t\t\t\t<section class=\"elementor-section elementor-top-section elementor-element elementor-element-d3400b9 elementor-section-boxed elementor-section-height-default elementor-section-height-default\" data-id=\"d3400b9\" data-element_type=\"section\">\n\t\t\t\t\t\t<div class=\"elementor-container elementor-column-gap-default\">\n\t\t\t\t\t<div class=\"elementor-column elementor-col-100 elementor-top-column elementor-element elementor-element-51855fe\" data-id=\"51855fe\" data-element_type=\"column\">\n\t\t\t<div class=\"elementor-widget-wrap elementor-element-populated\">\n\t\t\t\t\t\t<div class=\"elementor-element elementor-element-68a0116 elementor-arrows-position-inside elementor-pagination-position-outside elementor-widget elementor-widget-image-carousel\" data-id=\"68a0116\" data-element_type=\"widget\" data-settings=\"{&quot;navigation&quot;:&quot;both&quot;,&quot;autoplay&quot;:&quot;yes&quot;,&quot;pause_on_hover&quot;:&quot;yes&quot;,&quot;pause_on_interaction&quot;:&quot;yes&quot;,&quot;autoplay_speed&quot;:5000,&quot;infinite&quot;:&quot;yes&quot;,&quot;speed&quot;:500}\" data-widget_type=\"image-carousel.default\">\n\t\t\t\t<div class=\"elementor-widget-container\">\n\t\t\t\t\t<div class=\"elementor-image-carousel-wrapper swiper\" dir=\"ltr\">\n\t\t\t<div class=\"elementor-image-carousel swiper-wrapper\" aria-live=\"off\">\n\t\t\t\t\t\t\t\t<div class=\"swiper-slide\" role=\"group\" aria-roledescription=\"slide\" aria-label=\"1 of 3\"><figure class=\"swiper-slide-inner\"><img decoding=\"async\" class=\"swiper-slide-image\" src=\"https:\/\/www.ufsm.br\/app\/uploads\/sites\/955\/2025\/09\/IMG-20250514-WA0011-768x576.jpg\" alt=\"IMG-20250514-WA0011\" \/><\/figure><\/div><div class=\"swiper-slide\" role=\"group\" aria-roledescription=\"slide\" aria-label=\"2 of 3\"><figure class=\"swiper-slide-inner\"><img decoding=\"async\" class=\"swiper-slide-image\" src=\"https:\/\/www.ufsm.br\/app\/uploads\/sites\/955\/2025\/09\/IMG-20250430-WA0017-768x576.jpg\" alt=\"IMG-20250430-WA0017\" \/><\/figure><\/div><div class=\"swiper-slide\" role=\"group\" aria-roledescription=\"slide\" aria-label=\"3 of 3\"><figure class=\"swiper-slide-inner\"><img decoding=\"async\" class=\"swiper-slide-image\" src=\"https:\/\/www.ufsm.br\/app\/uploads\/sites\/955\/2025\/09\/IMG-20250416-WA0020-768x576.jpg\" alt=\"IMG-20250416-WA0020\" \/><\/figure><\/div>\t\t\t<\/div>\n\t\t\t\t\t\t\t\t\t\t\t\t<div class=\"elementor-swiper-button elementor-swiper-button-prev\" role=\"button\" tabindex=\"0\">\n\t\t\t\t\t\t<i aria-hidden=\"true\" class=\"eicon-chevron-left\"><\/i>\t\t\t\t\t<\/div>\n\t\t\t\t\t<div class=\"elementor-swiper-button elementor-swiper-button-next\" role=\"button\" tabindex=\"0\">\n\t\t\t\t\t\t<i aria-hidden=\"true\" class=\"eicon-chevron-right\"><\/i>\t\t\t\t\t<\/div>\n\t\t\t\t\n\t\t\t\t\t\t\t\t\t<div class=\"swiper-pagination\"><\/div>\n\t\t\t\t\t\t\t\t\t<\/div>\n\t\t\t\t<\/div>\n\t\t\t\t<\/div>\n\t\t\t\t\t<\/div>\n\t\t<\/div>\n\t\t\t\t\t<\/div>\n\t\t<\/section>\n\t\t\t\t<\/div>\n\t\t","protected":false},"excerpt":{"rendered":"<p>O Momento de Leitura \u00e9 um encontro quinzenal aberto \u00e0 comunidade acad\u00eamica, dedicado \u00e0 leitura e discuss\u00e3o de textos sobre comunica\u00e7\u00e3o e mudan\u00e7as clim\u00e1ticas. Essa atividade busca estimular o desenvolvimento de uma vis\u00e3o cr\u00edtica sobre temas atuais e a troca de ideias entre os participantes. Durante os encontros, o ch\u00e1 \u00e9 oferecido como um gesto [&hellip;]<\/p>\n","protected":false},"author":8455,"featured_media":0,"parent":0,"menu_order":0,"comment_status":"closed","ping_status":"closed","template":"","meta":{"footnotes":""},"categories":[],"tags":[],"class_list":["post-273","page","type-page","status-publish","hentry"],"acf":[],"_links":{"self":[{"href":"https:\/\/www.ufsm.br\/pet\/educom-clima\/wp-json\/wp\/v2\/pages\/273","targetHints":{"allow":["GET"]}}],"collection":[{"href":"https:\/\/www.ufsm.br\/pet\/educom-clima\/wp-json\/wp\/v2\/pages"}],"about":[{"href":"https:\/\/www.ufsm.br\/pet\/educom-clima\/wp-json\/wp\/v2\/types\/page"}],"author":[{"embeddable":true,"href":"https:\/\/www.ufsm.br\/pet\/educom-clima\/wp-json\/wp\/v2\/users\/8455"}],"replies":[{"embeddable":true,"href":"https:\/\/www.ufsm.br\/pet\/educom-clima\/wp-json\/wp\/v2\/comments?post=273"}],"version-history":[{"count":0,"href":"https:\/\/www.ufsm.br\/pet\/educom-clima\/wp-json\/wp\/v2\/pages\/273\/revisions"}],"wp:attachment":[{"href":"https:\/\/www.ufsm.br\/pet\/educom-clima\/wp-json\/wp\/v2\/media?parent=273"}],"wp:term":[{"taxonomy":"category","embeddable":true,"href":"https:\/\/www.ufsm.br\/pet\/educom-clima\/wp-json\/wp\/v2\/categories?post=273"},{"taxonomy":"post_tag","embeddable":true,"href":"https:\/\/www.ufsm.br\/pet\/educom-clima\/wp-json\/wp\/v2\/tags?post=273"}],"curies":[{"name":"wp","href":"https:\/\/api.w.org\/{rel}","templated":true}]}}