{"id":297,"date":"2025-09-15T12:19:58","date_gmt":"2025-09-15T15:19:58","guid":{"rendered":"https:\/\/www.ufsm.br\/pet\/educom-clima\/?page_id=297"},"modified":"2025-09-15T13:01:05","modified_gmt":"2025-09-15T16:01:05","slug":"brasil-em-chamas-cardeal-roncalli","status":"publish","type":"page","link":"https:\/\/www.ufsm.br\/pet\/educom-clima\/brasil-em-chamas-cardeal-roncalli","title":{"rendered":"Brasil em Chamas | Cardeal Roncalli"},"content":{"rendered":"\t\t<div data-elementor-type=\"wp-page\" data-elementor-id=\"297\" class=\"elementor elementor-297\">\n\t\t\t\t\t\t<section class=\"elementor-section elementor-top-section elementor-element elementor-element-7ca6ee9 elementor-section-boxed elementor-section-height-default elementor-section-height-default\" data-id=\"7ca6ee9\" data-element_type=\"section\">\n\t\t\t\t\t\t<div class=\"elementor-container elementor-column-gap-default\">\n\t\t\t\t\t<div class=\"elementor-column elementor-col-100 elementor-top-column elementor-element elementor-element-f91b563\" data-id=\"f91b563\" data-element_type=\"column\">\n\t\t\t<div class=\"elementor-widget-wrap elementor-element-populated\">\n\t\t\t\t\t\t<div class=\"elementor-element elementor-element-b34ad3c elementor-widget elementor-widget-text-editor\" data-id=\"b34ad3c\" data-element_type=\"widget\" data-widget_type=\"text-editor.default\">\n\t\t\t\t<div class=\"elementor-widget-container\">\n\t\t\t\t\t\t\t<p>Nos dia 15 de novembro, <span style=\"font-weight: 400\">o PET Educom Clima promoveu a oficina Brasil em Chamas com estudantes do 1\u00ba ano do ensino m\u00e9dio da Escola Estadual de Ensino M\u00e9dio Cardeal Roncalli. Est\u00e1 \u00e9 a segunda edi\u00e7\u00e3o da oficina que o grupo promove com estudantes de Frederico Westphalen e t\u00eam o objetivo de sensibilizar os jovens para os impactos das queimadas no Brasil, utilizando uma abordagem interativa que combina dados, imagens e express\u00e3o art\u00edstica.\u00a0<\/span><\/p>\n<p><span style=\"font-weight: 400\">A atividade iniciou com uma conversa sobre as causas e o impacto das queimadas no meio ambiente, o papel da comunica\u00e7\u00e3o em tempos de desastres clim\u00e1ticos e como poder\u00edamos conscientizar as pessoas sobre os impactos das mudan\u00e7as clim\u00e1ticas. Al\u00e9m de refletir sobre a COP-30, que ser\u00e1 realizada dos dias 10 \u00e0 21 de novembro, em Bel\u00e9m.\u00a0<\/span><\/p>\n<p><span style=\"font-weight: 400\">Com a proximidade da COP-30, a tem\u00e1tica desta segunda edi\u00e7\u00e3o foi adaptada e os alunos foram convidados a produzir cartazes imaginando que seriam representantes do Brasil na COP-30 e que precisariam apresentar uma solu\u00e7\u00e3o para enfrentar as mudan\u00e7as clim\u00e1ticas em nosso pa\u00eds. Os cartazes foram produzidos com colagens, tintas e desenhos, e ap\u00f3s a produ\u00e7\u00e3o cada grupo apresentou suas ideias, simulando o papel de delegados(as) do Brasil na confer\u00eancia.<\/span><\/p>\n<p>O PET Educom Clima \u00e9 um grupo vinculado aos cursos de Jornalismo e Rela\u00e7\u00f5es P\u00fablicas da UFSM \u2013 Campus Frederico Westphalen. Criado em 2024 pela professora Cl\u00e1udia Herte de Moraes, o grupo utiliza a educomunica\u00e7\u00e3o como ferramenta para promover a conscientiza\u00e7\u00e3o sobre as mudan\u00e7as clim\u00e1ticas e combater a desinforma\u00e7\u00e3o. Por meio de atividades como oficinas, palestras e produ\u00e7\u00f5es audiovisuais, o PET Educom Clima busca desenvolver o pensamento cr\u00edtico e a cidadania ambiental nos estudantes.<\/p>\t\t\t\t\t\t<\/div>\n\t\t\t\t<\/div>\n\t\t\t\t\t<\/div>\n\t\t<\/div>\n\t\t\t\t\t<\/div>\n\t\t<\/section>\n\t\t\t\t<section class=\"elementor-section elementor-top-section elementor-element elementor-element-a35b4b7 elementor-section-boxed elementor-section-height-default elementor-section-height-default\" data-id=\"a35b4b7\" data-element_type=\"section\">\n\t\t\t\t\t\t<div class=\"elementor-container elementor-column-gap-default\">\n\t\t\t\t\t<div class=\"elementor-column elementor-col-100 elementor-top-column elementor-element elementor-element-4f3624b\" data-id=\"4f3624b\" data-element_type=\"column\">\n\t\t\t<div class=\"elementor-widget-wrap elementor-element-populated\">\n\t\t\t\t\t\t<div class=\"elementor-element elementor-element-309a9fd elementor-widget elementor-widget-image-gallery\" data-id=\"309a9fd\" data-element_type=\"widget\" data-widget_type=\"image-gallery.default\">\n\t\t\t\t<div class=\"elementor-widget-container\">\n\t\t\t\t\t<div class=\"elementor-image-gallery\">\n\t\t\t<div id='gallery-1' class='gallery galleryid-297 gallery-columns-4 gallery-size-sow-carousel-default'><figure class='gallery-item'>\n\t\t\t<div class='gallery-icon landscape'>\n\t\t\t\t<a data-elementor-open-lightbox=\"yes\" data-elementor-lightbox-slideshow=\"309a9fd\" data-elementor-lightbox-title=\"IMG_7018\" data-e-action-hash=\"#elementor-action%3Aaction%3Dlightbox%26settings%3DeyJpZCI6MzIzLCJ1cmwiOiJodHRwczpcL1wvd3d3LnVmc20uYnJcL2FwcFwvdXBsb2Fkc1wvc2l0ZXNcLzk1NVwvMjAyNVwvMDlcL0lNR183MDE4LmpwZyIsInNsaWRlc2hvdyI6IjMwOWE5ZmQifQ%3D%3D\" href='https:\/\/www.ufsm.br\/app\/uploads\/sites\/955\/2025\/09\/IMG_7018.jpg'><img decoding=\"async\" width=\"272\" height=\"182\" src=\"https:\/\/www.ufsm.br\/app\/uploads\/sites\/955\/2025\/09\/IMG_7018-272x182.jpg\" class=\"attachment-sow-carousel-default size-sow-carousel-default\" alt=\"\" \/><\/a>\n\t\t\t<\/div><\/figure><figure class='gallery-item'>\n\t\t\t<div class='gallery-icon landscape'>\n\t\t\t\t<a data-elementor-open-lightbox=\"yes\" data-elementor-lightbox-slideshow=\"309a9fd\" data-elementor-lightbox-title=\"IMG_7006 (1)\" data-e-action-hash=\"#elementor-action%3Aaction%3Dlightbox%26settings%3DeyJpZCI6MzIwLCJ1cmwiOiJodHRwczpcL1wvd3d3LnVmc20uYnJcL2FwcFwvdXBsb2Fkc1wvc2l0ZXNcLzk1NVwvMjAyNVwvMDlcL0lNR183MDA2LTEuanBnIiwic2xpZGVzaG93IjoiMzA5YTlmZCJ9\" href='https:\/\/www.ufsm.br\/app\/uploads\/sites\/955\/2025\/09\/IMG_7006-1.jpg'><img decoding=\"async\" width=\"272\" height=\"182\" src=\"https:\/\/www.ufsm.br\/app\/uploads\/sites\/955\/2025\/09\/IMG_7006-1-272x182.jpg\" class=\"attachment-sow-carousel-default size-sow-carousel-default\" alt=\"\" \/><\/a>\n\t\t\t<\/div><\/figure><figure class='gallery-item'>\n\t\t\t<div class='gallery-icon landscape'>\n\t\t\t\t<a data-elementor-open-lightbox=\"yes\" data-elementor-lightbox-slideshow=\"309a9fd\" data-elementor-lightbox-title=\"IMG_6993\" data-e-action-hash=\"#elementor-action%3Aaction%3Dlightbox%26settings%3DeyJpZCI6MzE5LCJ1cmwiOiJodHRwczpcL1wvd3d3LnVmc20uYnJcL2FwcFwvdXBsb2Fkc1wvc2l0ZXNcLzk1NVwvMjAyNVwvMDlcL0lNR182OTkzLmpwZyIsInNsaWRlc2hvdyI6IjMwOWE5ZmQifQ%3D%3D\" href='https:\/\/www.ufsm.br\/app\/uploads\/sites\/955\/2025\/09\/IMG_6993.jpg'><img decoding=\"async\" width=\"272\" height=\"182\" src=\"https:\/\/www.ufsm.br\/app\/uploads\/sites\/955\/2025\/09\/IMG_6993-272x182.jpg\" class=\"attachment-sow-carousel-default size-sow-carousel-default\" alt=\"\" \/><\/a>\n\t\t\t<\/div><\/figure><figure class='gallery-item'>\n\t\t\t<div class='gallery-icon landscape'>\n\t\t\t\t<a data-elementor-open-lightbox=\"yes\" data-elementor-lightbox-slideshow=\"309a9fd\" data-elementor-lightbox-title=\"IMG_6944\" data-e-action-hash=\"#elementor-action%3Aaction%3Dlightbox%26settings%3DeyJpZCI6MzE4LCJ1cmwiOiJodHRwczpcL1wvd3d3LnVmc20uYnJcL2FwcFwvdXBsb2Fkc1wvc2l0ZXNcLzk1NVwvMjAyNVwvMDlcL0lNR182OTQ0LmpwZyIsInNsaWRlc2hvdyI6IjMwOWE5ZmQifQ%3D%3D\" href='https:\/\/www.ufsm.br\/app\/uploads\/sites\/955\/2025\/09\/IMG_6944.jpg'><img loading=\"lazy\" decoding=\"async\" width=\"272\" height=\"182\" src=\"https:\/\/www.ufsm.br\/app\/uploads\/sites\/955\/2025\/09\/IMG_6944-272x182.jpg\" class=\"attachment-sow-carousel-default size-sow-carousel-default\" alt=\"\" \/><\/a>\n\t\t\t<\/div><\/figure><figure class='gallery-item'>\n\t\t\t<div class='gallery-icon landscape'>\n\t\t\t\t<a data-elementor-open-lightbox=\"yes\" data-elementor-lightbox-slideshow=\"309a9fd\" data-elementor-lightbox-title=\"IMG_6932\" data-e-action-hash=\"#elementor-action%3Aaction%3Dlightbox%26settings%3DeyJpZCI6MzE3LCJ1cmwiOiJodHRwczpcL1wvd3d3LnVmc20uYnJcL2FwcFwvdXBsb2Fkc1wvc2l0ZXNcLzk1NVwvMjAyNVwvMDlcL0lNR182OTMyLmpwZyIsInNsaWRlc2hvdyI6IjMwOWE5ZmQifQ%3D%3D\" href='https:\/\/www.ufsm.br\/app\/uploads\/sites\/955\/2025\/09\/IMG_6932.jpg'><img loading=\"lazy\" decoding=\"async\" width=\"272\" height=\"182\" src=\"https:\/\/www.ufsm.br\/app\/uploads\/sites\/955\/2025\/09\/IMG_6932-272x182.jpg\" class=\"attachment-sow-carousel-default size-sow-carousel-default\" alt=\"\" \/><\/a>\n\t\t\t<\/div><\/figure><figure class='gallery-item'>\n\t\t\t<div class='gallery-icon landscape'>\n\t\t\t\t<a data-elementor-open-lightbox=\"yes\" data-elementor-lightbox-slideshow=\"309a9fd\" data-elementor-lightbox-title=\"IMG_7037\" data-e-action-hash=\"#elementor-action%3Aaction%3Dlightbox%26settings%3DeyJpZCI6MzE1LCJ1cmwiOiJodHRwczpcL1wvd3d3LnVmc20uYnJcL2FwcFwvdXBsb2Fkc1wvc2l0ZXNcLzk1NVwvMjAyNVwvMDlcL0lNR183MDM3LmpwZyIsInNsaWRlc2hvdyI6IjMwOWE5ZmQifQ%3D%3D\" href='https:\/\/www.ufsm.br\/app\/uploads\/sites\/955\/2025\/09\/IMG_7037.jpg'><img loading=\"lazy\" decoding=\"async\" width=\"272\" height=\"182\" src=\"https:\/\/www.ufsm.br\/app\/uploads\/sites\/955\/2025\/09\/IMG_7037-272x182.jpg\" class=\"attachment-sow-carousel-default size-sow-carousel-default\" alt=\"\" \/><\/a>\n\t\t\t<\/div><\/figure><figure class='gallery-item'>\n\t\t\t<div class='gallery-icon landscape'>\n\t\t\t\t<a data-elementor-open-lightbox=\"yes\" data-elementor-lightbox-slideshow=\"309a9fd\" data-elementor-lightbox-title=\"20250915_094843\" data-e-action-hash=\"#elementor-action%3Aaction%3Dlightbox%26settings%3DeyJpZCI6MzE0LCJ1cmwiOiJodHRwczpcL1wvd3d3LnVmc20uYnJcL2FwcFwvdXBsb2Fkc1wvc2l0ZXNcLzk1NVwvMjAyNVwvMDlcLzIwMjUwOTE1XzA5NDg0My5qcGciLCJzbGlkZXNob3ciOiIzMDlhOWZkIn0%3D\" href='https:\/\/www.ufsm.br\/app\/uploads\/sites\/955\/2025\/09\/20250915_094843.jpg'><img loading=\"lazy\" decoding=\"async\" width=\"272\" height=\"182\" src=\"https:\/\/www.ufsm.br\/app\/uploads\/sites\/955\/2025\/09\/20250915_094843-272x182.jpg\" class=\"attachment-sow-carousel-default size-sow-carousel-default\" alt=\"\" \/><\/a>\n\t\t\t<\/div><\/figure><figure class='gallery-item'>\n\t\t\t<div class='gallery-icon landscape'>\n\t\t\t\t<a data-elementor-open-lightbox=\"yes\" data-elementor-lightbox-slideshow=\"309a9fd\" data-elementor-lightbox-title=\"20250915_094552\" data-e-action-hash=\"#elementor-action%3Aaction%3Dlightbox%26settings%3DeyJpZCI6MzEzLCJ1cmwiOiJodHRwczpcL1wvd3d3LnVmc20uYnJcL2FwcFwvdXBsb2Fkc1wvc2l0ZXNcLzk1NVwvMjAyNVwvMDlcLzIwMjUwOTE1XzA5NDU1Mi5qcGciLCJzbGlkZXNob3ciOiIzMDlhOWZkIn0%3D\" href='https:\/\/www.ufsm.br\/app\/uploads\/sites\/955\/2025\/09\/20250915_094552.jpg'><img loading=\"lazy\" decoding=\"async\" width=\"272\" height=\"182\" src=\"https:\/\/www.ufsm.br\/app\/uploads\/sites\/955\/2025\/09\/20250915_094552-272x182.jpg\" class=\"attachment-sow-carousel-default size-sow-carousel-default\" alt=\"\" \/><\/a>\n\t\t\t<\/div><\/figure><figure class='gallery-item'>\n\t\t\t<div class='gallery-icon landscape'>\n\t\t\t\t<a data-elementor-open-lightbox=\"yes\" data-elementor-lightbox-slideshow=\"309a9fd\" data-elementor-lightbox-title=\"20250915_094430\" data-e-action-hash=\"#elementor-action%3Aaction%3Dlightbox%26settings%3DeyJpZCI6MzEyLCJ1cmwiOiJodHRwczpcL1wvd3d3LnVmc20uYnJcL2FwcFwvdXBsb2Fkc1wvc2l0ZXNcLzk1NVwvMjAyNVwvMDlcLzIwMjUwOTE1XzA5NDQzMC5qcGciLCJzbGlkZXNob3ciOiIzMDlhOWZkIn0%3D\" href='https:\/\/www.ufsm.br\/app\/uploads\/sites\/955\/2025\/09\/20250915_094430.jpg'><img loading=\"lazy\" decoding=\"async\" width=\"272\" height=\"182\" src=\"https:\/\/www.ufsm.br\/app\/uploads\/sites\/955\/2025\/09\/20250915_094430-272x182.jpg\" class=\"attachment-sow-carousel-default size-sow-carousel-default\" alt=\"\" \/><\/a>\n\t\t\t<\/div><\/figure><figure class='gallery-item'>\n\t\t\t<div class='gallery-icon landscape'>\n\t\t\t\t<a data-elementor-open-lightbox=\"yes\" data-elementor-lightbox-slideshow=\"309a9fd\" data-elementor-lightbox-title=\"20250915_094411\" data-e-action-hash=\"#elementor-action%3Aaction%3Dlightbox%26settings%3DeyJpZCI6MzExLCJ1cmwiOiJodHRwczpcL1wvd3d3LnVmc20uYnJcL2FwcFwvdXBsb2Fkc1wvc2l0ZXNcLzk1NVwvMjAyNVwvMDlcLzIwMjUwOTE1XzA5NDQxMS5qcGciLCJzbGlkZXNob3ciOiIzMDlhOWZkIn0%3D\" href='https:\/\/www.ufsm.br\/app\/uploads\/sites\/955\/2025\/09\/20250915_094411.jpg'><img loading=\"lazy\" decoding=\"async\" width=\"272\" height=\"182\" src=\"https:\/\/www.ufsm.br\/app\/uploads\/sites\/955\/2025\/09\/20250915_094411-272x182.jpg\" class=\"attachment-sow-carousel-default size-sow-carousel-default\" alt=\"\" \/><\/a>\n\t\t\t<\/div><\/figure><figure class='gallery-item'>\n\t\t\t<div class='gallery-icon landscape'>\n\t\t\t\t<a data-elementor-open-lightbox=\"yes\" data-elementor-lightbox-slideshow=\"309a9fd\" data-elementor-lightbox-title=\"20250915_094305\" data-e-action-hash=\"#elementor-action%3Aaction%3Dlightbox%26settings%3DeyJpZCI6MzEwLCJ1cmwiOiJodHRwczpcL1wvd3d3LnVmc20uYnJcL2FwcFwvdXBsb2Fkc1wvc2l0ZXNcLzk1NVwvMjAyNVwvMDlcLzIwMjUwOTE1XzA5NDMwNS5qcGciLCJzbGlkZXNob3ciOiIzMDlhOWZkIn0%3D\" href='https:\/\/www.ufsm.br\/app\/uploads\/sites\/955\/2025\/09\/20250915_094305.jpg'><img loading=\"lazy\" decoding=\"async\" width=\"272\" height=\"182\" src=\"https:\/\/www.ufsm.br\/app\/uploads\/sites\/955\/2025\/09\/20250915_094305-272x182.jpg\" class=\"attachment-sow-carousel-default size-sow-carousel-default\" alt=\"\" \/><\/a>\n\t\t\t<\/div><\/figure><figure class='gallery-item'>\n\t\t\t<div class='gallery-icon landscape'>\n\t\t\t\t<a data-elementor-open-lightbox=\"yes\" data-elementor-lightbox-slideshow=\"309a9fd\" data-elementor-lightbox-title=\"20250915_094239\" data-e-action-hash=\"#elementor-action%3Aaction%3Dlightbox%26settings%3DeyJpZCI6MzA5LCJ1cmwiOiJodHRwczpcL1wvd3d3LnVmc20uYnJcL2FwcFwvdXBsb2Fkc1wvc2l0ZXNcLzk1NVwvMjAyNVwvMDlcLzIwMjUwOTE1XzA5NDIzOS5qcGciLCJzbGlkZXNob3ciOiIzMDlhOWZkIn0%3D\" href='https:\/\/www.ufsm.br\/app\/uploads\/sites\/955\/2025\/09\/20250915_094239.jpg'><img loading=\"lazy\" decoding=\"async\" width=\"272\" height=\"182\" src=\"https:\/\/www.ufsm.br\/app\/uploads\/sites\/955\/2025\/09\/20250915_094239-272x182.jpg\" class=\"attachment-sow-carousel-default size-sow-carousel-default\" alt=\"\" \/><\/a>\n\t\t\t<\/div><\/figure><figure class='gallery-item'>\n\t\t\t<div class='gallery-icon portrait'>\n\t\t\t\t<a data-elementor-open-lightbox=\"yes\" data-elementor-lightbox-slideshow=\"309a9fd\" data-elementor-lightbox-title=\"20250915_093900\" data-e-action-hash=\"#elementor-action%3Aaction%3Dlightbox%26settings%3DeyJpZCI6MzA4LCJ1cmwiOiJodHRwczpcL1wvd3d3LnVmc20uYnJcL2FwcFwvdXBsb2Fkc1wvc2l0ZXNcLzk1NVwvMjAyNVwvMDlcLzIwMjUwOTE1XzA5MzkwMC5qcGciLCJzbGlkZXNob3ciOiIzMDlhOWZkIn0%3D\" href='https:\/\/www.ufsm.br\/app\/uploads\/sites\/955\/2025\/09\/20250915_093900.jpg'><img loading=\"lazy\" decoding=\"async\" width=\"272\" height=\"182\" src=\"https:\/\/www.ufsm.br\/app\/uploads\/sites\/955\/2025\/09\/20250915_093900-272x182.jpg\" class=\"attachment-sow-carousel-default size-sow-carousel-default\" alt=\"\" \/><\/a>\n\t\t\t<\/div><\/figure><figure class='gallery-item'>\n\t\t\t<div class='gallery-icon landscape'>\n\t\t\t\t<a data-elementor-open-lightbox=\"yes\" data-elementor-lightbox-slideshow=\"309a9fd\" data-elementor-lightbox-title=\"20250915_093737\" data-e-action-hash=\"#elementor-action%3Aaction%3Dlightbox%26settings%3DeyJpZCI6MzA3LCJ1cmwiOiJodHRwczpcL1wvd3d3LnVmc20uYnJcL2FwcFwvdXBsb2Fkc1wvc2l0ZXNcLzk1NVwvMjAyNVwvMDlcLzIwMjUwOTE1XzA5MzczNy5qcGciLCJzbGlkZXNob3ciOiIzMDlhOWZkIn0%3D\" href='https:\/\/www.ufsm.br\/app\/uploads\/sites\/955\/2025\/09\/20250915_093737.jpg'><img loading=\"lazy\" decoding=\"async\" width=\"272\" height=\"182\" src=\"https:\/\/www.ufsm.br\/app\/uploads\/sites\/955\/2025\/09\/20250915_093737-272x182.jpg\" class=\"attachment-sow-carousel-default size-sow-carousel-default\" alt=\"\" \/><\/a>\n\t\t\t<\/div><\/figure><figure class='gallery-item'>\n\t\t\t<div class='gallery-icon landscape'>\n\t\t\t\t<a data-elementor-open-lightbox=\"yes\" data-elementor-lightbox-slideshow=\"309a9fd\" data-elementor-lightbox-title=\"20250915_091458\" data-e-action-hash=\"#elementor-action%3Aaction%3Dlightbox%26settings%3DeyJpZCI6MzA2LCJ1cmwiOiJodHRwczpcL1wvd3d3LnVmc20uYnJcL2FwcFwvdXBsb2Fkc1wvc2l0ZXNcLzk1NVwvMjAyNVwvMDlcLzIwMjUwOTE1XzA5MTQ1OC5qcGciLCJzbGlkZXNob3ciOiIzMDlhOWZkIn0%3D\" href='https:\/\/www.ufsm.br\/app\/uploads\/sites\/955\/2025\/09\/20250915_091458.jpg'><img loading=\"lazy\" decoding=\"async\" width=\"272\" height=\"182\" src=\"https:\/\/www.ufsm.br\/app\/uploads\/sites\/955\/2025\/09\/20250915_091458-272x182.jpg\" class=\"attachment-sow-carousel-default size-sow-carousel-default\" alt=\"\" \/><\/a>\n\t\t\t<\/div><\/figure><figure class='gallery-item'>\n\t\t\t<div class='gallery-icon landscape'>\n\t\t\t\t<a data-elementor-open-lightbox=\"yes\" data-elementor-lightbox-slideshow=\"309a9fd\" data-elementor-lightbox-title=\"20250915_090847\" data-e-action-hash=\"#elementor-action%3Aaction%3Dlightbox%26settings%3DeyJpZCI6MzA1LCJ1cmwiOiJodHRwczpcL1wvd3d3LnVmc20uYnJcL2FwcFwvdXBsb2Fkc1wvc2l0ZXNcLzk1NVwvMjAyNVwvMDlcLzIwMjUwOTE1XzA5MDg0Ny5qcGciLCJzbGlkZXNob3ciOiIzMDlhOWZkIn0%3D\" href='https:\/\/www.ufsm.br\/app\/uploads\/sites\/955\/2025\/09\/20250915_090847.jpg'><img loading=\"lazy\" decoding=\"async\" width=\"272\" height=\"182\" src=\"https:\/\/www.ufsm.br\/app\/uploads\/sites\/955\/2025\/09\/20250915_090847-272x182.jpg\" class=\"attachment-sow-carousel-default size-sow-carousel-default\" alt=\"\" \/><\/a>\n\t\t\t<\/div><\/figure><figure class='gallery-item'>\n\t\t\t<div class='gallery-icon portrait'>\n\t\t\t\t<a data-elementor-open-lightbox=\"yes\" data-elementor-lightbox-slideshow=\"309a9fd\" data-elementor-lightbox-title=\"20250915_084825\" data-e-action-hash=\"#elementor-action%3Aaction%3Dlightbox%26settings%3DeyJpZCI6MzA0LCJ1cmwiOiJodHRwczpcL1wvd3d3LnVmc20uYnJcL2FwcFwvdXBsb2Fkc1wvc2l0ZXNcLzk1NVwvMjAyNVwvMDlcLzIwMjUwOTE1XzA4NDgyNS5qcGciLCJzbGlkZXNob3ciOiIzMDlhOWZkIn0%3D\" href='https:\/\/www.ufsm.br\/app\/uploads\/sites\/955\/2025\/09\/20250915_084825.jpg'><img loading=\"lazy\" decoding=\"async\" width=\"272\" height=\"182\" src=\"https:\/\/www.ufsm.br\/app\/uploads\/sites\/955\/2025\/09\/20250915_084825-272x182.jpg\" class=\"attachment-sow-carousel-default size-sow-carousel-default\" alt=\"\" \/><\/a>\n\t\t\t<\/div><\/figure><figure class='gallery-item'>\n\t\t\t<div class='gallery-icon landscape'>\n\t\t\t\t<a data-elementor-open-lightbox=\"yes\" data-elementor-lightbox-slideshow=\"309a9fd\" data-elementor-lightbox-title=\"20250915_084627\" data-e-action-hash=\"#elementor-action%3Aaction%3Dlightbox%26settings%3DeyJpZCI6MzAyLCJ1cmwiOiJodHRwczpcL1wvd3d3LnVmc20uYnJcL2FwcFwvdXBsb2Fkc1wvc2l0ZXNcLzk1NVwvMjAyNVwvMDlcLzIwMjUwOTE1XzA4NDYyNy5qcGciLCJzbGlkZXNob3ciOiIzMDlhOWZkIn0%3D\" href='https:\/\/www.ufsm.br\/app\/uploads\/sites\/955\/2025\/09\/20250915_084627.jpg'><img loading=\"lazy\" decoding=\"async\" width=\"272\" height=\"182\" src=\"https:\/\/www.ufsm.br\/app\/uploads\/sites\/955\/2025\/09\/20250915_084627-272x182.jpg\" class=\"attachment-sow-carousel-default size-sow-carousel-default\" alt=\"\" \/><\/a>\n\t\t\t<\/div><\/figure><figure class='gallery-item'>\n\t\t\t<div class='gallery-icon portrait'>\n\t\t\t\t<a data-elementor-open-lightbox=\"yes\" data-elementor-lightbox-slideshow=\"309a9fd\" data-elementor-lightbox-title=\"20250915_084558\" data-e-action-hash=\"#elementor-action%3Aaction%3Dlightbox%26settings%3DeyJpZCI6MzAxLCJ1cmwiOiJodHRwczpcL1wvd3d3LnVmc20uYnJcL2FwcFwvdXBsb2Fkc1wvc2l0ZXNcLzk1NVwvMjAyNVwvMDlcLzIwMjUwOTE1XzA4NDU1OC5qcGciLCJzbGlkZXNob3ciOiIzMDlhOWZkIn0%3D\" href='https:\/\/www.ufsm.br\/app\/uploads\/sites\/955\/2025\/09\/20250915_084558.jpg'><img loading=\"lazy\" decoding=\"async\" width=\"272\" height=\"182\" src=\"https:\/\/www.ufsm.br\/app\/uploads\/sites\/955\/2025\/09\/20250915_084558-272x182.jpg\" class=\"attachment-sow-carousel-default size-sow-carousel-default\" alt=\"\" \/><\/a>\n\t\t\t<\/div><\/figure><figure class='gallery-item'>\n\t\t\t<div class='gallery-icon portrait'>\n\t\t\t\t<a data-elementor-open-lightbox=\"yes\" data-elementor-lightbox-slideshow=\"309a9fd\" data-elementor-lightbox-title=\"20250915_084503\" data-e-action-hash=\"#elementor-action%3Aaction%3Dlightbox%26settings%3DeyJpZCI6MzAwLCJ1cmwiOiJodHRwczpcL1wvd3d3LnVmc20uYnJcL2FwcFwvdXBsb2Fkc1wvc2l0ZXNcLzk1NVwvMjAyNVwvMDlcLzIwMjUwOTE1XzA4NDUwMy5qcGciLCJzbGlkZXNob3ciOiIzMDlhOWZkIn0%3D\" href='https:\/\/www.ufsm.br\/app\/uploads\/sites\/955\/2025\/09\/20250915_084503.jpg'><img loading=\"lazy\" decoding=\"async\" width=\"272\" height=\"182\" src=\"https:\/\/www.ufsm.br\/app\/uploads\/sites\/955\/2025\/09\/20250915_084503-272x182.jpg\" class=\"attachment-sow-carousel-default size-sow-carousel-default\" alt=\"\" \/><\/a>\n\t\t\t<\/div><\/figure><figure class='gallery-item'>\n\t\t\t<div class='gallery-icon portrait'>\n\t\t\t\t<a data-elementor-open-lightbox=\"yes\" data-elementor-lightbox-slideshow=\"309a9fd\" data-elementor-lightbox-title=\"20250915_084341\" data-e-action-hash=\"#elementor-action%3Aaction%3Dlightbox%26settings%3DeyJpZCI6Mjk5LCJ1cmwiOiJodHRwczpcL1wvd3d3LnVmc20uYnJcL2FwcFwvdXBsb2Fkc1wvc2l0ZXNcLzk1NVwvMjAyNVwvMDlcLzIwMjUwOTE1XzA4NDM0MS5qcGciLCJzbGlkZXNob3ciOiIzMDlhOWZkIn0%3D\" href='https:\/\/www.ufsm.br\/app\/uploads\/sites\/955\/2025\/09\/20250915_084341.jpg'><img loading=\"lazy\" decoding=\"async\" width=\"272\" height=\"182\" src=\"https:\/\/www.ufsm.br\/app\/uploads\/sites\/955\/2025\/09\/20250915_084341-272x182.jpg\" class=\"attachment-sow-carousel-default size-sow-carousel-default\" alt=\"\" \/><\/a>\n\t\t\t<\/div><\/figure><figure class='gallery-item'>\n\t\t\t<div class='gallery-icon portrait'>\n\t\t\t\t<a data-elementor-open-lightbox=\"yes\" data-elementor-lightbox-slideshow=\"309a9fd\" data-elementor-lightbox-title=\"20250915_084330\" data-e-action-hash=\"#elementor-action%3Aaction%3Dlightbox%26settings%3DeyJpZCI6Mjk4LCJ1cmwiOiJodHRwczpcL1wvd3d3LnVmc20uYnJcL2FwcFwvdXBsb2Fkc1wvc2l0ZXNcLzk1NVwvMjAyNVwvMDlcLzIwMjUwOTE1XzA4NDMzMC5qcGciLCJzbGlkZXNob3ciOiIzMDlhOWZkIn0%3D\" href='https:\/\/www.ufsm.br\/app\/uploads\/sites\/955\/2025\/09\/20250915_084330.jpg'><img loading=\"lazy\" decoding=\"async\" width=\"272\" height=\"182\" src=\"https:\/\/www.ufsm.br\/app\/uploads\/sites\/955\/2025\/09\/20250915_084330-272x182.jpg\" class=\"attachment-sow-carousel-default size-sow-carousel-default\" alt=\"\" \/><\/a>\n\t\t\t<\/div><\/figure>\n\t\t<\/div>\n\t\t<\/div>\n\t\t\t\t<\/div>\n\t\t\t\t<\/div>\n\t\t\t\t\t<\/div>\n\t\t<\/div>\n\t\t\t\t\t<\/div>\n\t\t<\/section>\n\t\t\t\t<\/div>\n\t\t","protected":false},"excerpt":{"rendered":"<p>Nos dia 15 de novembro, o PET Educom Clima promoveu a oficina Brasil em Chamas com estudantes do 1\u00ba ano do ensino m\u00e9dio da Escola Estadual de Ensino M\u00e9dio Cardeal Roncalli. Est\u00e1 \u00e9 a segunda edi\u00e7\u00e3o da oficina que o grupo promove com estudantes de Frederico Westphalen e t\u00eam o objetivo de sensibilizar os jovens [&hellip;]<\/p>\n","protected":false},"author":8455,"featured_media":0,"parent":0,"menu_order":0,"comment_status":"closed","ping_status":"closed","template":"","meta":{"footnotes":""},"categories":[],"tags":[],"class_list":["post-297","page","type-page","status-publish","hentry"],"acf":[],"_links":{"self":[{"href":"https:\/\/www.ufsm.br\/pet\/educom-clima\/wp-json\/wp\/v2\/pages\/297","targetHints":{"allow":["GET"]}}],"collection":[{"href":"https:\/\/www.ufsm.br\/pet\/educom-clima\/wp-json\/wp\/v2\/pages"}],"about":[{"href":"https:\/\/www.ufsm.br\/pet\/educom-clima\/wp-json\/wp\/v2\/types\/page"}],"author":[{"embeddable":true,"href":"https:\/\/www.ufsm.br\/pet\/educom-clima\/wp-json\/wp\/v2\/users\/8455"}],"replies":[{"embeddable":true,"href":"https:\/\/www.ufsm.br\/pet\/educom-clima\/wp-json\/wp\/v2\/comments?post=297"}],"version-history":[{"count":0,"href":"https:\/\/www.ufsm.br\/pet\/educom-clima\/wp-json\/wp\/v2\/pages\/297\/revisions"}],"wp:attachment":[{"href":"https:\/\/www.ufsm.br\/pet\/educom-clima\/wp-json\/wp\/v2\/media?parent=297"}],"wp:term":[{"taxonomy":"category","embeddable":true,"href":"https:\/\/www.ufsm.br\/pet\/educom-clima\/wp-json\/wp\/v2\/categories?post=297"},{"taxonomy":"post_tag","embeddable":true,"href":"https:\/\/www.ufsm.br\/pet\/educom-clima\/wp-json\/wp\/v2\/tags?post=297"}],"curies":[{"name":"wp","href":"https:\/\/api.w.org\/{rel}","templated":true}]}}