{"id":324,"date":"2025-09-15T13:02:09","date_gmt":"2025-09-15T16:02:09","guid":{"rendered":"https:\/\/www.ufsm.br\/pet\/educom-clima\/?page_id=324"},"modified":"2025-09-15T13:07:42","modified_gmt":"2025-09-15T16:07:42","slug":"oficina-de-divulgacao-de-projetos-em-educomunicacao-ambiental-cecsa","status":"publish","type":"page","link":"https:\/\/www.ufsm.br\/pet\/educom-clima\/oficina-de-divulgacao-de-projetos-em-educomunicacao-ambiental-cecsa","title":{"rendered":"Oficina de Divulga\u00e7\u00e3o de Projetos em Educomunica\u00e7\u00e3o Ambiental |  CECSA"},"content":{"rendered":"\t\t<div data-elementor-type=\"wp-page\" data-elementor-id=\"324\" class=\"elementor elementor-324\">\n\t\t\t\t\t\t<section class=\"elementor-section elementor-top-section elementor-element elementor-element-2d484be elementor-section-boxed elementor-section-height-default elementor-section-height-default\" data-id=\"2d484be\" data-element_type=\"section\">\n\t\t\t\t\t\t<div class=\"elementor-container elementor-column-gap-default\">\n\t\t\t\t\t<div class=\"elementor-column elementor-col-100 elementor-top-column elementor-element elementor-element-ad23f6e\" data-id=\"ad23f6e\" data-element_type=\"column\">\n\t\t\t<div class=\"elementor-widget-wrap elementor-element-populated\">\n\t\t\t\t\t\t<div class=\"elementor-element elementor-element-ed04778 elementor-widget elementor-widget-text-editor\" data-id=\"ed04778\" data-element_type=\"widget\" data-widget_type=\"text-editor.default\">\n\t\t\t\t<div class=\"elementor-widget-container\">\n\t\t\t\t\t\t\t<p>No dia 04 de abril, no campus da UFSM\/FW, ocorreu a segunda oficina sobre educomunica\u00e7\u00e3o ambiental organizada pelo grupo PET Educom Clima. A atividade faz parte de uma colabora\u00e7\u00e3o do grupo PET com o Centro de Educa\u00e7\u00e3o e Coopera\u00e7\u00e3o Socioambiental do Noroeste Ga\u00facho (CECSA) e teve como tema a divulga\u00e7\u00e3o de projetos em educa\u00e7\u00e3o ambiental, com objetivo de expandir a comunica\u00e7\u00e3o de atividades das institui\u00e7\u00f5es de Frederico Westphalen e regi\u00e3o.<\/p>\n<p>Os bolsistas do grupo PET Educom Clima, J\u00falia Weber, Julia Gonsalo de Carvalho e Marcos Castro foram respons\u00e1veis por ministrar a palestra, explicando quest\u00f5es relacionadas \u00e0 divulga\u00e7\u00e3o de materiais ambientais e as diferentes redes sociais.\u00a0<\/p>\n<p>Por fim, ap\u00f3s a palestra, os presentes foram convidados a gravarem v\u00eddeos para serem postados nas redes sociais do grupo PET e em colabora\u00e7\u00e3o com as institui\u00e7\u00f5es representadas. Desta forma, ser\u00e1 ampliada a divulga\u00e7\u00e3o dos projetos de educa\u00e7\u00e3o ambiental da regi\u00e3o.<\/p>\t\t\t\t\t\t<\/div>\n\t\t\t\t<\/div>\n\t\t\t\t\t<\/div>\n\t\t<\/div>\n\t\t\t\t\t<\/div>\n\t\t<\/section>\n\t\t\t\t<section class=\"elementor-section elementor-top-section elementor-element elementor-element-91d2ed1 elementor-section-boxed elementor-section-height-default elementor-section-height-default\" data-id=\"91d2ed1\" data-element_type=\"section\">\n\t\t\t\t\t\t<div class=\"elementor-container elementor-column-gap-default\">\n\t\t\t\t\t<div class=\"elementor-column elementor-col-100 elementor-top-column elementor-element elementor-element-8be496c\" data-id=\"8be496c\" data-element_type=\"column\">\n\t\t\t<div class=\"elementor-widget-wrap elementor-element-populated\">\n\t\t\t\t\t\t<div class=\"elementor-element elementor-element-d535477 elementor-widget elementor-widget-image-gallery\" data-id=\"d535477\" data-element_type=\"widget\" data-widget_type=\"image-gallery.default\">\n\t\t\t\t<div class=\"elementor-widget-container\">\n\t\t\t\t\t<div class=\"elementor-image-gallery\">\n\t\t\t<div id='gallery-1' class='gallery galleryid-324 gallery-columns-4 gallery-size-sow-carousel-default'><figure class='gallery-item'>\n\t\t\t<div class='gallery-icon landscape'>\n\t\t\t\t<a data-elementor-open-lightbox=\"yes\" data-elementor-lightbox-slideshow=\"d535477\" data-elementor-lightbox-title=\"DSC_0258\" data-e-action-hash=\"#elementor-action%3Aaction%3Dlightbox%26settings%3DeyJpZCI6MTIzLCJ1cmwiOiJodHRwczpcL1wvd3d3LnVmc20uYnJcL2FwcFwvdXBsb2Fkc1wvc2l0ZXNcLzk1NVwvMjAyNVwvMDRcL0RTQ18wMjU4LmpwZyIsInNsaWRlc2hvdyI6ImQ1MzU0NzcifQ%3D%3D\" href='https:\/\/www.ufsm.br\/app\/uploads\/sites\/955\/2025\/04\/DSC_0258.jpg'><img decoding=\"async\" width=\"272\" height=\"182\" src=\"https:\/\/www.ufsm.br\/app\/uploads\/sites\/955\/2025\/04\/DSC_0258-272x182.jpg\" class=\"attachment-sow-carousel-default size-sow-carousel-default\" alt=\"\" srcset=\"https:\/\/www.ufsm.br\/app\/uploads\/sites\/955\/2025\/04\/DSC_0258-272x182.jpg 272w, https:\/\/www.ufsm.br\/app\/uploads\/sites\/955\/2025\/04\/DSC_0258-300x200.jpg 300w, https:\/\/www.ufsm.br\/app\/uploads\/sites\/955\/2025\/04\/DSC_0258-1024x683.jpg 1024w, https:\/\/www.ufsm.br\/app\/uploads\/sites\/955\/2025\/04\/DSC_0258-768x512.jpg 768w, https:\/\/www.ufsm.br\/app\/uploads\/sites\/955\/2025\/04\/DSC_0258-1536x1024.jpg 1536w, https:\/\/www.ufsm.br\/app\/uploads\/sites\/955\/2025\/04\/DSC_0258.jpg 1920w\" sizes=\"(max-width: 272px) 100vw, 272px\" \/><\/a>\n\t\t\t<\/div><\/figure><figure class='gallery-item'>\n\t\t\t<div class='gallery-icon landscape'>\n\t\t\t\t<a data-elementor-open-lightbox=\"yes\" data-elementor-lightbox-slideshow=\"d535477\" data-elementor-lightbox-title=\"DSC_0096\" data-e-action-hash=\"#elementor-action%3Aaction%3Dlightbox%26settings%3DeyJpZCI6MTI0LCJ1cmwiOiJodHRwczpcL1wvd3d3LnVmc20uYnJcL2FwcFwvdXBsb2Fkc1wvc2l0ZXNcLzk1NVwvMjAyNVwvMDRcL0RTQ18wMDk2LmpwZyIsInNsaWRlc2hvdyI6ImQ1MzU0NzcifQ%3D%3D\" href='https:\/\/www.ufsm.br\/app\/uploads\/sites\/955\/2025\/04\/DSC_0096.jpg'><img decoding=\"async\" width=\"272\" height=\"182\" src=\"https:\/\/www.ufsm.br\/app\/uploads\/sites\/955\/2025\/04\/DSC_0096-272x182.jpg\" class=\"attachment-sow-carousel-default size-sow-carousel-default\" alt=\"\" srcset=\"https:\/\/www.ufsm.br\/app\/uploads\/sites\/955\/2025\/04\/DSC_0096-272x182.jpg 272w, https:\/\/www.ufsm.br\/app\/uploads\/sites\/955\/2025\/04\/DSC_0096-300x200.jpg 300w, https:\/\/www.ufsm.br\/app\/uploads\/sites\/955\/2025\/04\/DSC_0096-1024x683.jpg 1024w, https:\/\/www.ufsm.br\/app\/uploads\/sites\/955\/2025\/04\/DSC_0096-768x512.jpg 768w, https:\/\/www.ufsm.br\/app\/uploads\/sites\/955\/2025\/04\/DSC_0096-1536x1024.jpg 1536w, https:\/\/www.ufsm.br\/app\/uploads\/sites\/955\/2025\/04\/DSC_0096.jpg 1920w\" sizes=\"(max-width: 272px) 100vw, 272px\" \/><\/a>\n\t\t\t<\/div><\/figure><figure class='gallery-item'>\n\t\t\t<div class='gallery-icon landscape'>\n\t\t\t\t<a data-elementor-open-lightbox=\"yes\" data-elementor-lightbox-slideshow=\"d535477\" data-elementor-lightbox-title=\"DSC_0092\" data-e-action-hash=\"#elementor-action%3Aaction%3Dlightbox%26settings%3DeyJpZCI6MTI1LCJ1cmwiOiJodHRwczpcL1wvd3d3LnVmc20uYnJcL2FwcFwvdXBsb2Fkc1wvc2l0ZXNcLzk1NVwvMjAyNVwvMDRcL0RTQ18wMDkyLmpwZyIsInNsaWRlc2hvdyI6ImQ1MzU0NzcifQ%3D%3D\" href='https:\/\/www.ufsm.br\/app\/uploads\/sites\/955\/2025\/04\/DSC_0092.jpg'><img decoding=\"async\" width=\"272\" height=\"182\" src=\"https:\/\/www.ufsm.br\/app\/uploads\/sites\/955\/2025\/04\/DSC_0092-272x182.jpg\" class=\"attachment-sow-carousel-default size-sow-carousel-default\" alt=\"\" srcset=\"https:\/\/www.ufsm.br\/app\/uploads\/sites\/955\/2025\/04\/DSC_0092-272x182.jpg 272w, https:\/\/www.ufsm.br\/app\/uploads\/sites\/955\/2025\/04\/DSC_0092-300x200.jpg 300w, https:\/\/www.ufsm.br\/app\/uploads\/sites\/955\/2025\/04\/DSC_0092-1024x683.jpg 1024w, https:\/\/www.ufsm.br\/app\/uploads\/sites\/955\/2025\/04\/DSC_0092-768x512.jpg 768w, https:\/\/www.ufsm.br\/app\/uploads\/sites\/955\/2025\/04\/DSC_0092-1536x1024.jpg 1536w, https:\/\/www.ufsm.br\/app\/uploads\/sites\/955\/2025\/04\/DSC_0092.jpg 1920w\" sizes=\"(max-width: 272px) 100vw, 272px\" \/><\/a>\n\t\t\t<\/div><\/figure><figure class='gallery-item'>\n\t\t\t<div class='gallery-icon landscape'>\n\t\t\t\t<a data-elementor-open-lightbox=\"yes\" data-elementor-lightbox-slideshow=\"d535477\" data-elementor-lightbox-title=\"DSC_0276\" data-e-action-hash=\"#elementor-action%3Aaction%3Dlightbox%26settings%3DeyJpZCI6MTIyLCJ1cmwiOiJodHRwczpcL1wvd3d3LnVmc20uYnJcL2FwcFwvdXBsb2Fkc1wvc2l0ZXNcLzk1NVwvMjAyNVwvMDRcL0RTQ18wMjc2LmpwZyIsInNsaWRlc2hvdyI6ImQ1MzU0NzcifQ%3D%3D\" href='https:\/\/www.ufsm.br\/app\/uploads\/sites\/955\/2025\/04\/DSC_0276.jpg'><img loading=\"lazy\" decoding=\"async\" width=\"272\" height=\"182\" src=\"https:\/\/www.ufsm.br\/app\/uploads\/sites\/955\/2025\/04\/DSC_0276-272x182.jpg\" class=\"attachment-sow-carousel-default size-sow-carousel-default\" alt=\"\" srcset=\"https:\/\/www.ufsm.br\/app\/uploads\/sites\/955\/2025\/04\/DSC_0276-272x182.jpg 272w, https:\/\/www.ufsm.br\/app\/uploads\/sites\/955\/2025\/04\/DSC_0276-300x200.jpg 300w, https:\/\/www.ufsm.br\/app\/uploads\/sites\/955\/2025\/04\/DSC_0276-1024x683.jpg 1024w, https:\/\/www.ufsm.br\/app\/uploads\/sites\/955\/2025\/04\/DSC_0276-768x512.jpg 768w, https:\/\/www.ufsm.br\/app\/uploads\/sites\/955\/2025\/04\/DSC_0276-1536x1024.jpg 1536w, https:\/\/www.ufsm.br\/app\/uploads\/sites\/955\/2025\/04\/DSC_0276.jpg 1920w\" sizes=\"(max-width: 272px) 100vw, 272px\" \/><\/a>\n\t\t\t<\/div><\/figure><figure class='gallery-item'>\n\t\t\t<div class='gallery-icon landscape'>\n\t\t\t\t<a data-elementor-open-lightbox=\"yes\" data-elementor-lightbox-slideshow=\"d535477\" data-elementor-lightbox-title=\"IMG_4924\" data-e-action-hash=\"#elementor-action%3Aaction%3Dlightbox%26settings%3DeyJpZCI6MTIxLCJ1cmwiOiJodHRwczpcL1wvd3d3LnVmc20uYnJcL2FwcFwvdXBsb2Fkc1wvc2l0ZXNcLzk1NVwvMjAyNVwvMDRcL0lNR180OTI0LmpwZyIsInNsaWRlc2hvdyI6ImQ1MzU0NzcifQ%3D%3D\" href='https:\/\/www.ufsm.br\/app\/uploads\/sites\/955\/2025\/04\/IMG_4924.jpg'><img loading=\"lazy\" decoding=\"async\" width=\"272\" height=\"182\" src=\"https:\/\/www.ufsm.br\/app\/uploads\/sites\/955\/2025\/04\/IMG_4924-272x182.jpg\" class=\"attachment-sow-carousel-default size-sow-carousel-default\" alt=\"\" srcset=\"https:\/\/www.ufsm.br\/app\/uploads\/sites\/955\/2025\/04\/IMG_4924-272x182.jpg 272w, https:\/\/www.ufsm.br\/app\/uploads\/sites\/955\/2025\/04\/IMG_4924-300x202.jpg 300w, https:\/\/www.ufsm.br\/app\/uploads\/sites\/955\/2025\/04\/IMG_4924-768x518.jpg 768w, https:\/\/www.ufsm.br\/app\/uploads\/sites\/955\/2025\/04\/IMG_4924-1536x1036.jpg 1536w\" sizes=\"(max-width: 272px) 100vw, 272px\" \/><\/a>\n\t\t\t<\/div><\/figure><figure class='gallery-item'>\n\t\t\t<div class='gallery-icon landscape'>\n\t\t\t\t<a data-elementor-open-lightbox=\"yes\" data-elementor-lightbox-slideshow=\"d535477\" data-elementor-lightbox-title=\"DSC_0062\" data-e-action-hash=\"#elementor-action%3Aaction%3Dlightbox%26settings%3DeyJpZCI6MTI2LCJ1cmwiOiJodHRwczpcL1wvd3d3LnVmc20uYnJcL2FwcFwvdXBsb2Fkc1wvc2l0ZXNcLzk1NVwvMjAyNVwvMDRcL0RTQ18wMDYyLmpwZyIsInNsaWRlc2hvdyI6ImQ1MzU0NzcifQ%3D%3D\" href='https:\/\/www.ufsm.br\/app\/uploads\/sites\/955\/2025\/04\/DSC_0062.jpg'><img loading=\"lazy\" decoding=\"async\" width=\"272\" height=\"182\" src=\"https:\/\/www.ufsm.br\/app\/uploads\/sites\/955\/2025\/04\/DSC_0062-272x182.jpg\" class=\"attachment-sow-carousel-default size-sow-carousel-default\" alt=\"\" srcset=\"https:\/\/www.ufsm.br\/app\/uploads\/sites\/955\/2025\/04\/DSC_0062-272x182.jpg 272w, https:\/\/www.ufsm.br\/app\/uploads\/sites\/955\/2025\/04\/DSC_0062-300x200.jpg 300w, https:\/\/www.ufsm.br\/app\/uploads\/sites\/955\/2025\/04\/DSC_0062-1024x683.jpg 1024w, https:\/\/www.ufsm.br\/app\/uploads\/sites\/955\/2025\/04\/DSC_0062-768x512.jpg 768w, https:\/\/www.ufsm.br\/app\/uploads\/sites\/955\/2025\/04\/DSC_0062-1536x1024.jpg 1536w, https:\/\/www.ufsm.br\/app\/uploads\/sites\/955\/2025\/04\/DSC_0062.jpg 1920w\" sizes=\"(max-width: 272px) 100vw, 272px\" \/><\/a>\n\t\t\t<\/div><\/figure><figure class='gallery-item'>\n\t\t\t<div class='gallery-icon landscape'>\n\t\t\t\t<a data-elementor-open-lightbox=\"yes\" data-elementor-lightbox-slideshow=\"d535477\" data-elementor-lightbox-title=\"DSC_0018\" data-e-action-hash=\"#elementor-action%3Aaction%3Dlightbox%26settings%3DeyJpZCI6MTI3LCJ1cmwiOiJodHRwczpcL1wvd3d3LnVmc20uYnJcL2FwcFwvdXBsb2Fkc1wvc2l0ZXNcLzk1NVwvMjAyNVwvMDRcL0RTQ18wMDE4LmpwZyIsInNsaWRlc2hvdyI6ImQ1MzU0NzcifQ%3D%3D\" href='https:\/\/www.ufsm.br\/app\/uploads\/sites\/955\/2025\/04\/DSC_0018.jpg'><img loading=\"lazy\" decoding=\"async\" width=\"272\" height=\"182\" src=\"https:\/\/www.ufsm.br\/app\/uploads\/sites\/955\/2025\/04\/DSC_0018-272x182.jpg\" class=\"attachment-sow-carousel-default size-sow-carousel-default\" alt=\"\" srcset=\"https:\/\/www.ufsm.br\/app\/uploads\/sites\/955\/2025\/04\/DSC_0018-272x182.jpg 272w, https:\/\/www.ufsm.br\/app\/uploads\/sites\/955\/2025\/04\/DSC_0018-300x200.jpg 300w, https:\/\/www.ufsm.br\/app\/uploads\/sites\/955\/2025\/04\/DSC_0018-1024x683.jpg 1024w, https:\/\/www.ufsm.br\/app\/uploads\/sites\/955\/2025\/04\/DSC_0018-768x512.jpg 768w, https:\/\/www.ufsm.br\/app\/uploads\/sites\/955\/2025\/04\/DSC_0018-1536x1024.jpg 1536w, https:\/\/www.ufsm.br\/app\/uploads\/sites\/955\/2025\/04\/DSC_0018.jpg 1920w\" sizes=\"(max-width: 272px) 100vw, 272px\" \/><\/a>\n\t\t\t<\/div><\/figure>\n\t\t<\/div>\n\t\t<\/div>\n\t\t\t\t<\/div>\n\t\t\t\t<\/div>\n\t\t\t\t\t<\/div>\n\t\t<\/div>\n\t\t\t\t\t<\/div>\n\t\t<\/section>\n\t\t\t\t<\/div>\n\t\t","protected":false},"excerpt":{"rendered":"<p>No dia 04 de abril, no campus da UFSM\/FW, ocorreu a segunda oficina sobre educomunica\u00e7\u00e3o ambiental organizada pelo grupo PET Educom Clima. A atividade faz parte de uma colabora\u00e7\u00e3o do grupo PET com o Centro de Educa\u00e7\u00e3o e Coopera\u00e7\u00e3o Socioambiental do Noroeste Ga\u00facho (CECSA) e teve como tema a divulga\u00e7\u00e3o de projetos em educa\u00e7\u00e3o ambiental, [&hellip;]<\/p>\n","protected":false},"author":8455,"featured_media":0,"parent":0,"menu_order":0,"comment_status":"closed","ping_status":"closed","template":"","meta":{"footnotes":""},"categories":[],"tags":[],"class_list":["post-324","page","type-page","status-publish","hentry"],"acf":[],"_links":{"self":[{"href":"https:\/\/www.ufsm.br\/pet\/educom-clima\/wp-json\/wp\/v2\/pages\/324","targetHints":{"allow":["GET"]}}],"collection":[{"href":"https:\/\/www.ufsm.br\/pet\/educom-clima\/wp-json\/wp\/v2\/pages"}],"about":[{"href":"https:\/\/www.ufsm.br\/pet\/educom-clima\/wp-json\/wp\/v2\/types\/page"}],"author":[{"embeddable":true,"href":"https:\/\/www.ufsm.br\/pet\/educom-clima\/wp-json\/wp\/v2\/users\/8455"}],"replies":[{"embeddable":true,"href":"https:\/\/www.ufsm.br\/pet\/educom-clima\/wp-json\/wp\/v2\/comments?post=324"}],"version-history":[{"count":0,"href":"https:\/\/www.ufsm.br\/pet\/educom-clima\/wp-json\/wp\/v2\/pages\/324\/revisions"}],"wp:attachment":[{"href":"https:\/\/www.ufsm.br\/pet\/educom-clima\/wp-json\/wp\/v2\/media?parent=324"}],"wp:term":[{"taxonomy":"category","embeddable":true,"href":"https:\/\/www.ufsm.br\/pet\/educom-clima\/wp-json\/wp\/v2\/categories?post=324"},{"taxonomy":"post_tag","embeddable":true,"href":"https:\/\/www.ufsm.br\/pet\/educom-clima\/wp-json\/wp\/v2\/tags?post=324"}],"curies":[{"name":"wp","href":"https:\/\/api.w.org\/{rel}","templated":true}]}}