{"id":70,"date":"2025-02-19T16:05:45","date_gmt":"2025-02-19T19:05:45","guid":{"rendered":"https:\/\/www.ufsm.br\/pet\/educom-clima\/?page_id=70"},"modified":"2025-02-21T01:31:31","modified_gmt":"2025-02-21T04:31:31","slug":"sobre-o-pet","status":"publish","type":"page","link":"https:\/\/www.ufsm.br\/pet\/educom-clima\/sobre-o-pet","title":{"rendered":"Sobre o PET"},"content":{"rendered":"\t\t<div data-elementor-type=\"wp-page\" data-elementor-id=\"70\" class=\"elementor elementor-70\">\n\t\t\t\t\t\t<section class=\"elementor-section elementor-top-section elementor-element elementor-element-e2e61ff elementor-section-boxed elementor-section-height-default elementor-section-height-default\" data-id=\"e2e61ff\" data-element_type=\"section\">\n\t\t\t\t\t\t<div class=\"elementor-container elementor-column-gap-default\">\n\t\t\t\t\t<div class=\"elementor-column elementor-col-100 elementor-top-column elementor-element elementor-element-f45960a\" data-id=\"f45960a\" data-element_type=\"column\">\n\t\t\t<div class=\"elementor-widget-wrap elementor-element-populated\">\n\t\t\t\t\t\t<div class=\"elementor-element elementor-element-09b5ea2 elementor-widget elementor-widget-text-editor\" data-id=\"09b5ea2\" data-element_type=\"widget\" data-widget_type=\"text-editor.default\">\n\t\t\t\t<div class=\"elementor-widget-container\">\n\t\t\t\t\t\t\t<p><span style=\"font-weight: 400\">O PET Educom Clima, formado por estudantes de Jornalismo e de Rela\u00e7\u00f5es P\u00fablicas da UFSM, campus Frederico Westphalen, prop\u00f5e-se a organizar ensino, pesquisa e extens\u00e3o em um contexto de aprendizagem orientada, qualificando os participantes para desafios relacionados \u00e0 integridade da informa\u00e7\u00e3o, educomunica\u00e7\u00e3o socioambiental, educa\u00e7\u00e3o midi\u00e1tica e mudan\u00e7as clim\u00e1ticas.<\/span><\/p><p><strong>Miss\u00e3o: <span style=\"font-weight: 400\">nossa miss\u00e3o \u00e9 capacitar futuros profissionais em educomunica\u00e7\u00e3o clim\u00e1tica e educa\u00e7\u00e3o midi\u00e1tica, promovendo uma sociedade informada, a preserva\u00e7\u00e3o ambiental, o combate \u00e0 desinforma\u00e7\u00e3o e o uso \u00e9tico da tecnologia.<\/span><\/strong><\/p><p><b>Vis\u00e3o:<\/b><span style=\"font-weight: 400\"> Ser um grupo de refer\u00eancia na promo\u00e7\u00e3o da integridade da informa\u00e7\u00e3o e na forma\u00e7\u00e3o de comunicadores comprometidos com a justi\u00e7a socioambiental e o combate \u00e0 desinforma\u00e7\u00e3o.<\/span><\/p><p><b>Valores:<\/b><\/p><ul><li style=\"font-weight: 400\"><b>Compromisso com a Sustentabilidade:<\/b><span style=\"font-weight: 400\"> Priorizamos a\u00e7\u00f5es que promovam a conserva\u00e7\u00e3o do meio ambiente e o uso da comunica\u00e7\u00e3o para informar sobre a crise clim\u00e1tica.<\/span><\/li><li style=\"font-weight: 400\"><b>Integridade da Informa\u00e7\u00e3o:<\/b><span style=\"font-weight: 400\"> Defendemos a precis\u00e3o, consist\u00eancia e confiabilidade das informa\u00e7\u00f5es como pilares fundamentais da comunica\u00e7\u00e3o.<\/span><\/li><li style=\"font-weight: 400\"><b>Educa\u00e7\u00e3o Transformadora:<\/b><span style=\"font-weight: 400\"> Acreditamos no poder da educa\u00e7\u00e3o para formar cidad\u00e3os cr\u00edticos e engajados com as causas clim\u00e1ticas e sociais.<\/span><\/li><li style=\"font-weight: 400\"><b>Respeito e Inclus\u00e3o:<\/b><span> Valorizamos a diversidade de ideias, culturas e perspectivas, promovendo um ambiente de colabora\u00e7\u00e3o e respeito m\u00fatuo.<\/span><\/li><\/ul>\t\t\t\t\t\t<\/div>\n\t\t\t\t<\/div>\n\t\t\t\t\t<\/div>\n\t\t<\/div>\n\t\t\t\t\t<\/div>\n\t\t<\/section>\n\t\t\t\t<\/div>\n\t\t","protected":false},"excerpt":{"rendered":"<p>O PET Educom Clima, formado por estudantes de Jornalismo e de Rela\u00e7\u00f5es P\u00fablicas da UFSM, campus Frederico Westphalen, prop\u00f5e-se a organizar ensino, pesquisa e extens\u00e3o em um contexto de aprendizagem orientada, qualificando os participantes para desafios relacionados \u00e0 integridade da informa\u00e7\u00e3o, educomunica\u00e7\u00e3o socioambiental, educa\u00e7\u00e3o midi\u00e1tica e mudan\u00e7as clim\u00e1ticas. Miss\u00e3o: nossa miss\u00e3o \u00e9 capacitar futuros profissionais [&hellip;]<\/p>\n","protected":false},"author":8455,"featured_media":0,"parent":0,"menu_order":0,"comment_status":"closed","ping_status":"closed","template":"","meta":{"footnotes":""},"categories":[],"tags":[],"class_list":["post-70","page","type-page","status-publish","hentry"],"acf":[],"_links":{"self":[{"href":"https:\/\/www.ufsm.br\/pet\/educom-clima\/wp-json\/wp\/v2\/pages\/70","targetHints":{"allow":["GET"]}}],"collection":[{"href":"https:\/\/www.ufsm.br\/pet\/educom-clima\/wp-json\/wp\/v2\/pages"}],"about":[{"href":"https:\/\/www.ufsm.br\/pet\/educom-clima\/wp-json\/wp\/v2\/types\/page"}],"author":[{"embeddable":true,"href":"https:\/\/www.ufsm.br\/pet\/educom-clima\/wp-json\/wp\/v2\/users\/8455"}],"replies":[{"embeddable":true,"href":"https:\/\/www.ufsm.br\/pet\/educom-clima\/wp-json\/wp\/v2\/comments?post=70"}],"version-history":[{"count":0,"href":"https:\/\/www.ufsm.br\/pet\/educom-clima\/wp-json\/wp\/v2\/pages\/70\/revisions"}],"wp:attachment":[{"href":"https:\/\/www.ufsm.br\/pet\/educom-clima\/wp-json\/wp\/v2\/media?parent=70"}],"wp:term":[{"taxonomy":"category","embeddable":true,"href":"https:\/\/www.ufsm.br\/pet\/educom-clima\/wp-json\/wp\/v2\/categories?post=70"},{"taxonomy":"post_tag","embeddable":true,"href":"https:\/\/www.ufsm.br\/pet\/educom-clima\/wp-json\/wp\/v2\/tags?post=70"}],"curies":[{"name":"wp","href":"https:\/\/api.w.org\/{rel}","templated":true}]}}