{"id":22,"date":"2019-05-14T17:01:42","date_gmt":"2019-05-14T20:01:42","guid":{"rendered":"https:\/\/www.ufsm.br\/template-laboratprio\/?page_id=22"},"modified":"2021-06-15T14:28:33","modified_gmt":"2021-06-15T17:28:33","slug":"informacoes-gerais","status":"publish","type":"page","link":"https:\/\/www.ufsm.br\/pet\/enfermagem-pm\/informacoes-gerais","title":{"rendered":"Sobre"},"content":{"rendered":"\n<p><span style=\"font-weight: 400\">O Programa de Educa\u00e7\u00e3o Tutorial &#8211; PET Enfermagem da UFSM &#8211; Campus Palmeira das Miss\u00f5es foi institu\u00eddo no ano de 2010 e tem por objetivo proporcionar aos alunos integrantes e aos demais acad\u00eamicos do Curso de Enfermagem uma forma\u00e7\u00e3o integral e generalista, numa perspectiva human\u00edstica, cr\u00edtica e reflexiva, por meio da realiza\u00e7\u00e3o de atividades baseadas no trip\u00e9 universit\u00e1rio e direcionadas \u00e0 comunidade local e regional.\u00a0<\/span><\/p>\n<p><span style=\"font-weight: 400\">Atualmente, o grupo possui 12 acad\u00eamicos bolsistas, cinco acad\u00eamicos n\u00e3o bolsistas e \u00e9 coordenado por uma Docente tutora e uma Docente cotutora.<\/span><\/p>\n","protected":false},"excerpt":{"rendered":"<p>O Programa de Educa\u00e7\u00e3o Tutorial &#8211; PET Enfermagem da UFSM &#8211; Campus Palmeira das Miss\u00f5es foi institu\u00eddo no ano de 2010 e tem por objetivo proporcionar aos alunos integrantes e aos demais acad\u00eamicos do Curso de Enfermagem uma forma\u00e7\u00e3o integral e generalista, numa perspectiva human\u00edstica, cr\u00edtica e reflexiva, por meio da realiza\u00e7\u00e3o de atividades baseadas [&hellip;]<\/p>\n","protected":false},"author":8,"featured_media":0,"parent":0,"menu_order":0,"comment_status":"closed","ping_status":"closed","template":"","meta":{"footnotes":""},"categories":[],"tags":[],"class_list":["post-22","page","type-page","status-publish","hentry"],"acf":[],"_links":{"self":[{"href":"https:\/\/www.ufsm.br\/pet\/enfermagem-pm\/wp-json\/wp\/v2\/pages\/22","targetHints":{"allow":["GET"]}}],"collection":[{"href":"https:\/\/www.ufsm.br\/pet\/enfermagem-pm\/wp-json\/wp\/v2\/pages"}],"about":[{"href":"https:\/\/www.ufsm.br\/pet\/enfermagem-pm\/wp-json\/wp\/v2\/types\/page"}],"author":[{"embeddable":true,"href":"https:\/\/www.ufsm.br\/pet\/enfermagem-pm\/wp-json\/wp\/v2\/users\/8"}],"replies":[{"embeddable":true,"href":"https:\/\/www.ufsm.br\/pet\/enfermagem-pm\/wp-json\/wp\/v2\/comments?post=22"}],"version-history":[{"count":0,"href":"https:\/\/www.ufsm.br\/pet\/enfermagem-pm\/wp-json\/wp\/v2\/pages\/22\/revisions"}],"wp:attachment":[{"href":"https:\/\/www.ufsm.br\/pet\/enfermagem-pm\/wp-json\/wp\/v2\/media?parent=22"}],"wp:term":[{"taxonomy":"category","embeddable":true,"href":"https:\/\/www.ufsm.br\/pet\/enfermagem-pm\/wp-json\/wp\/v2\/categories?post=22"},{"taxonomy":"post_tag","embeddable":true,"href":"https:\/\/www.ufsm.br\/pet\/enfermagem-pm\/wp-json\/wp\/v2\/tags?post=22"}],"curies":[{"name":"wp","href":"https:\/\/api.w.org\/{rel}","templated":true}]}}