{"id":23,"date":"2019-05-14T17:02:03","date_gmt":"2019-05-14T20:02:03","guid":{"rendered":"https:\/\/www.ufsm.br\/template-laboratprio\/?page_id=23"},"modified":"2026-03-10T16:54:32","modified_gmt":"2026-03-10T19:54:32","slug":"integrantes","status":"publish","type":"page","link":"https:\/\/www.ufsm.br\/pet\/enfermagem-pm\/integrantes","title":{"rendered":"Integrantes"},"content":{"rendered":"\t\t<div data-elementor-type=\"wp-page\" data-elementor-id=\"23\" class=\"elementor elementor-23\">\n\t\t\t\t\t\t<section class=\"elementor-section elementor-top-section elementor-element elementor-element-3ca44c1 elementor-section-boxed elementor-section-height-default elementor-section-height-default\" data-id=\"3ca44c1\" data-element_type=\"section\">\n\t\t\t\t\t\t<div class=\"elementor-container elementor-column-gap-default\">\n\t\t\t\t\t<div class=\"elementor-column elementor-col-100 elementor-top-column elementor-element elementor-element-86b1f17\" data-id=\"86b1f17\" data-element_type=\"column\">\n\t\t\t<div class=\"elementor-widget-wrap elementor-element-populated\">\n\t\t\t\t\t\t<div class=\"elementor-element elementor-element-6777d86 gallery-spacing-custom elementor-widget elementor-widget-image-gallery\" data-id=\"6777d86\" data-element_type=\"widget\" data-widget_type=\"image-gallery.default\">\n\t\t\t\t<div class=\"elementor-widget-container\">\n\t\t\t\t\t<div class=\"elementor-image-gallery\">\n\t\t\t<div id='gallery-1' class='gallery galleryid-23 gallery-columns-3 gallery-size-medium_large'><figure class='gallery-item'>\n\t\t\t<div class='gallery-icon landscape'>\n\t\t\t\t<a data-elementor-open-lightbox=\"yes\" data-elementor-lightbox-slideshow=\"6777d86\" data-elementor-lightbox-title=\"Integrantes PET Enfermagem\" data-e-action-hash=\"#elementor-action%3Aaction%3Dlightbox%26settings%3DeyJpZCI6MzAxLCJ1cmwiOiJodHRwczpcL1wvd3d3LnVmc20uYnJcL2FwcFwvdXBsb2Fkc1wvc2l0ZXNcLzg0MFwvMjAyNVwvMDVcL0ludGVncmFudGVzLVBFVC1FbmZlcm1hZ2VtLmpwZyIsInNsaWRlc2hvdyI6IjY3NzdkODYifQ%3D%3D\" href='https:\/\/www.ufsm.br\/app\/uploads\/sites\/840\/2025\/05\/Integrantes-PET-Enfermagem.jpg'><img fetchpriority=\"high\" decoding=\"async\" width=\"768\" height=\"768\" src=\"https:\/\/www.ufsm.br\/app\/uploads\/sites\/840\/2025\/05\/Integrantes-PET-Enfermagem-768x768.jpg\" class=\"attachment-medium_large size-medium_large\" alt=\"\" aria-describedby=\"gallery-1-301\" srcset=\"https:\/\/www.ufsm.br\/app\/uploads\/sites\/840\/2025\/05\/Integrantes-PET-Enfermagem-768x768.jpg 768w, https:\/\/www.ufsm.br\/app\/uploads\/sites\/840\/2025\/05\/Integrantes-PET-Enfermagem-300x300.jpg 300w, https:\/\/www.ufsm.br\/app\/uploads\/sites\/840\/2025\/05\/Integrantes-PET-Enfermagem-1024x1024.jpg 1024w, https:\/\/www.ufsm.br\/app\/uploads\/sites\/840\/2025\/05\/Integrantes-PET-Enfermagem-150x150.jpg 150w, https:\/\/www.ufsm.br\/app\/uploads\/sites\/840\/2025\/05\/Integrantes-PET-Enfermagem.jpg 1080w\" sizes=\"(max-width: 768px) 100vw, 768px\" \/><\/a>\n\t\t\t<\/div>\n\t\t\t\t<figcaption class='wp-caption-text gallery-caption' id='gallery-1-301'>\n\t\t\t\tProf\u00aa Leila\n\t\t\t\t<\/figcaption><\/figure><figure class='gallery-item'>\n\t\t\t<div class='gallery-icon landscape'>\n\t\t\t\t<a data-elementor-open-lightbox=\"yes\" data-elementor-lightbox-slideshow=\"6777d86\" data-elementor-lightbox-title=\"Integrantes PET Enfermagem (1)\" data-e-action-hash=\"#elementor-action%3Aaction%3Dlightbox%26settings%3DeyJpZCI6MzAwLCJ1cmwiOiJodHRwczpcL1wvd3d3LnVmc20uYnJcL2FwcFwvdXBsb2Fkc1wvc2l0ZXNcLzg0MFwvMjAyNVwvMDVcL0ludGVncmFudGVzLVBFVC1FbmZlcm1hZ2VtLTEuanBnIiwic2xpZGVzaG93IjoiNjc3N2Q4NiJ9\" href='https:\/\/www.ufsm.br\/app\/uploads\/sites\/840\/2025\/05\/Integrantes-PET-Enfermagem-1.jpg'><img decoding=\"async\" width=\"768\" height=\"768\" src=\"https:\/\/www.ufsm.br\/app\/uploads\/sites\/840\/2025\/05\/Integrantes-PET-Enfermagem-1-768x768.jpg\" class=\"attachment-medium_large size-medium_large\" alt=\"\" aria-describedby=\"gallery-1-300\" srcset=\"https:\/\/www.ufsm.br\/app\/uploads\/sites\/840\/2025\/05\/Integrantes-PET-Enfermagem-1-768x768.jpg 768w, https:\/\/www.ufsm.br\/app\/uploads\/sites\/840\/2025\/05\/Integrantes-PET-Enfermagem-1-300x300.jpg 300w, https:\/\/www.ufsm.br\/app\/uploads\/sites\/840\/2025\/05\/Integrantes-PET-Enfermagem-1-1024x1024.jpg 1024w, https:\/\/www.ufsm.br\/app\/uploads\/sites\/840\/2025\/05\/Integrantes-PET-Enfermagem-1-150x150.jpg 150w, https:\/\/www.ufsm.br\/app\/uploads\/sites\/840\/2025\/05\/Integrantes-PET-Enfermagem-1.jpg 1080w\" sizes=\"(max-width: 768px) 100vw, 768px\" \/><\/a>\n\t\t\t<\/div>\n\t\t\t\t<figcaption class='wp-caption-text gallery-caption' id='gallery-1-300'>\n\t\t\t\tProf\u00aa Marin\u00eas\n\t\t\t\t<\/figcaption><\/figure><figure class='gallery-item'>\n\t\t\t<div class='gallery-icon landscape'>\n\t\t\t\t<a data-elementor-open-lightbox=\"yes\" data-elementor-lightbox-slideshow=\"6777d86\" data-elementor-lightbox-title=\"Integrantes PET Enfermagem (16)\" data-e-action-hash=\"#elementor-action%3Aaction%3Dlightbox%26settings%3DeyJpZCI6MzE4LCJ1cmwiOiJodHRwczpcL1wvd3d3LnVmc20uYnJcL2FwcFwvdXBsb2Fkc1wvc2l0ZXNcLzg0MFwvMjAyNVwvMDVcL0ludGVncmFudGVzLVBFVC1FbmZlcm1hZ2VtLTE2LmpwZyIsInNsaWRlc2hvdyI6IjY3NzdkODYifQ%3D%3D\" href='https:\/\/www.ufsm.br\/app\/uploads\/sites\/840\/2025\/05\/Integrantes-PET-Enfermagem-16.jpg'><img decoding=\"async\" width=\"768\" height=\"768\" src=\"https:\/\/www.ufsm.br\/app\/uploads\/sites\/840\/2025\/05\/Integrantes-PET-Enfermagem-16-768x768.jpg\" class=\"attachment-medium_large size-medium_large\" alt=\"\" aria-describedby=\"gallery-1-318\" srcset=\"https:\/\/www.ufsm.br\/app\/uploads\/sites\/840\/2025\/05\/Integrantes-PET-Enfermagem-16-768x768.jpg 768w, https:\/\/www.ufsm.br\/app\/uploads\/sites\/840\/2025\/05\/Integrantes-PET-Enfermagem-16-300x300.jpg 300w, https:\/\/www.ufsm.br\/app\/uploads\/sites\/840\/2025\/05\/Integrantes-PET-Enfermagem-16-1024x1024.jpg 1024w, https:\/\/www.ufsm.br\/app\/uploads\/sites\/840\/2025\/05\/Integrantes-PET-Enfermagem-16-150x150.jpg 150w, https:\/\/www.ufsm.br\/app\/uploads\/sites\/840\/2025\/05\/Integrantes-PET-Enfermagem-16.jpg 1080w\" sizes=\"(max-width: 768px) 100vw, 768px\" \/><\/a>\n\t\t\t<\/div>\n\t\t\t\t<figcaption class='wp-caption-text gallery-caption' id='gallery-1-318'>\n\t\t\t\tGiovana\n\t\t\t\t<\/figcaption><\/figure><figure class='gallery-item'>\n\t\t\t<div class='gallery-icon landscape'>\n\t\t\t\t<a data-elementor-open-lightbox=\"yes\" data-elementor-lightbox-slideshow=\"6777d86\" data-elementor-lightbox-title=\"Integrantes PET Enfermagem (17)\" data-e-action-hash=\"#elementor-action%3Aaction%3Dlightbox%26settings%3DeyJpZCI6MzE3LCJ1cmwiOiJodHRwczpcL1wvd3d3LnVmc20uYnJcL2FwcFwvdXBsb2Fkc1wvc2l0ZXNcLzg0MFwvMjAyNVwvMDVcL0ludGVncmFudGVzLVBFVC1FbmZlcm1hZ2VtLTE3LmpwZyIsInNsaWRlc2hvdyI6IjY3NzdkODYifQ%3D%3D\" href='https:\/\/www.ufsm.br\/app\/uploads\/sites\/840\/2025\/05\/Integrantes-PET-Enfermagem-17.jpg'><img loading=\"lazy\" decoding=\"async\" width=\"768\" height=\"768\" src=\"https:\/\/www.ufsm.br\/app\/uploads\/sites\/840\/2025\/05\/Integrantes-PET-Enfermagem-17-768x768.jpg\" class=\"attachment-medium_large size-medium_large\" alt=\"\" aria-describedby=\"gallery-1-317\" srcset=\"https:\/\/www.ufsm.br\/app\/uploads\/sites\/840\/2025\/05\/Integrantes-PET-Enfermagem-17-768x768.jpg 768w, https:\/\/www.ufsm.br\/app\/uploads\/sites\/840\/2025\/05\/Integrantes-PET-Enfermagem-17-300x300.jpg 300w, https:\/\/www.ufsm.br\/app\/uploads\/sites\/840\/2025\/05\/Integrantes-PET-Enfermagem-17-1024x1024.jpg 1024w, https:\/\/www.ufsm.br\/app\/uploads\/sites\/840\/2025\/05\/Integrantes-PET-Enfermagem-17-150x150.jpg 150w, https:\/\/www.ufsm.br\/app\/uploads\/sites\/840\/2025\/05\/Integrantes-PET-Enfermagem-17.jpg 1080w\" sizes=\"(max-width: 768px) 100vw, 768px\" \/><\/a>\n\t\t\t<\/div>\n\t\t\t\t<figcaption class='wp-caption-text gallery-caption' id='gallery-1-317'>\n\t\t\t\tJ\u00falia\n\t\t\t\t<\/figcaption><\/figure><figure class='gallery-item'>\n\t\t\t<div class='gallery-icon landscape'>\n\t\t\t\t<a data-elementor-open-lightbox=\"yes\" data-elementor-lightbox-slideshow=\"6777d86\" data-elementor-lightbox-title=\"Integrantes PET Enfermagem (12)\" data-e-action-hash=\"#elementor-action%3Aaction%3Dlightbox%26settings%3DeyJpZCI6MzE0LCJ1cmwiOiJodHRwczpcL1wvd3d3LnVmc20uYnJcL2FwcFwvdXBsb2Fkc1wvc2l0ZXNcLzg0MFwvMjAyNVwvMDVcL0ludGVncmFudGVzLVBFVC1FbmZlcm1hZ2VtLTEyLmpwZyIsInNsaWRlc2hvdyI6IjY3NzdkODYifQ%3D%3D\" href='https:\/\/www.ufsm.br\/app\/uploads\/sites\/840\/2025\/05\/Integrantes-PET-Enfermagem-12.jpg'><img loading=\"lazy\" decoding=\"async\" width=\"768\" height=\"768\" src=\"https:\/\/www.ufsm.br\/app\/uploads\/sites\/840\/2025\/05\/Integrantes-PET-Enfermagem-12-768x768.jpg\" class=\"attachment-medium_large size-medium_large\" alt=\"\" aria-describedby=\"gallery-1-314\" srcset=\"https:\/\/www.ufsm.br\/app\/uploads\/sites\/840\/2025\/05\/Integrantes-PET-Enfermagem-12-768x768.jpg 768w, https:\/\/www.ufsm.br\/app\/uploads\/sites\/840\/2025\/05\/Integrantes-PET-Enfermagem-12-300x300.jpg 300w, https:\/\/www.ufsm.br\/app\/uploads\/sites\/840\/2025\/05\/Integrantes-PET-Enfermagem-12-1024x1024.jpg 1024w, https:\/\/www.ufsm.br\/app\/uploads\/sites\/840\/2025\/05\/Integrantes-PET-Enfermagem-12-150x150.jpg 150w, https:\/\/www.ufsm.br\/app\/uploads\/sites\/840\/2025\/05\/Integrantes-PET-Enfermagem-12.jpg 1080w\" sizes=\"(max-width: 768px) 100vw, 768px\" \/><\/a>\n\t\t\t<\/div>\n\t\t\t\t<figcaption class='wp-caption-text gallery-caption' id='gallery-1-314'>\n\t\t\t\tPaula\n\t\t\t\t<\/figcaption><\/figure><figure class='gallery-item'>\n\t\t\t<div class='gallery-icon landscape'>\n\t\t\t\t<a data-elementor-open-lightbox=\"yes\" data-elementor-lightbox-slideshow=\"6777d86\" data-elementor-lightbox-title=\"Integrantes PET Enfermagem (13)\" data-e-action-hash=\"#elementor-action%3Aaction%3Dlightbox%26settings%3DeyJpZCI6MzEzLCJ1cmwiOiJodHRwczpcL1wvd3d3LnVmc20uYnJcL2FwcFwvdXBsb2Fkc1wvc2l0ZXNcLzg0MFwvMjAyNVwvMDVcL0ludGVncmFudGVzLVBFVC1FbmZlcm1hZ2VtLTEzLmpwZyIsInNsaWRlc2hvdyI6IjY3NzdkODYifQ%3D%3D\" href='https:\/\/www.ufsm.br\/app\/uploads\/sites\/840\/2025\/05\/Integrantes-PET-Enfermagem-13.jpg'><img loading=\"lazy\" decoding=\"async\" width=\"768\" height=\"768\" src=\"https:\/\/www.ufsm.br\/app\/uploads\/sites\/840\/2025\/05\/Integrantes-PET-Enfermagem-13-768x768.jpg\" class=\"attachment-medium_large size-medium_large\" alt=\"\" aria-describedby=\"gallery-1-313\" srcset=\"https:\/\/www.ufsm.br\/app\/uploads\/sites\/840\/2025\/05\/Integrantes-PET-Enfermagem-13-768x768.jpg 768w, https:\/\/www.ufsm.br\/app\/uploads\/sites\/840\/2025\/05\/Integrantes-PET-Enfermagem-13-300x300.jpg 300w, https:\/\/www.ufsm.br\/app\/uploads\/sites\/840\/2025\/05\/Integrantes-PET-Enfermagem-13-1024x1024.jpg 1024w, https:\/\/www.ufsm.br\/app\/uploads\/sites\/840\/2025\/05\/Integrantes-PET-Enfermagem-13-150x150.jpg 150w, https:\/\/www.ufsm.br\/app\/uploads\/sites\/840\/2025\/05\/Integrantes-PET-Enfermagem-13.jpg 1080w\" sizes=\"(max-width: 768px) 100vw, 768px\" \/><\/a>\n\t\t\t<\/div>\n\t\t\t\t<figcaption class='wp-caption-text gallery-caption' id='gallery-1-313'>\n\t\t\t\tVit\u00f3ria\n\t\t\t\t<\/figcaption><\/figure><figure class='gallery-item'>\n\t\t\t<div class='gallery-icon landscape'>\n\t\t\t\t<a data-elementor-open-lightbox=\"yes\" data-elementor-lightbox-slideshow=\"6777d86\" data-elementor-lightbox-title=\"Integrantes PET Enfermagem (14)\" data-e-action-hash=\"#elementor-action%3Aaction%3Dlightbox%26settings%3DeyJpZCI6MzEyLCJ1cmwiOiJodHRwczpcL1wvd3d3LnVmc20uYnJcL2FwcFwvdXBsb2Fkc1wvc2l0ZXNcLzg0MFwvMjAyNVwvMDVcL0ludGVncmFudGVzLVBFVC1FbmZlcm1hZ2VtLTE0LmpwZyIsInNsaWRlc2hvdyI6IjY3NzdkODYifQ%3D%3D\" href='https:\/\/www.ufsm.br\/app\/uploads\/sites\/840\/2025\/05\/Integrantes-PET-Enfermagem-14.jpg'><img loading=\"lazy\" decoding=\"async\" width=\"768\" height=\"768\" src=\"https:\/\/www.ufsm.br\/app\/uploads\/sites\/840\/2025\/05\/Integrantes-PET-Enfermagem-14-768x768.jpg\" class=\"attachment-medium_large size-medium_large\" alt=\"\" aria-describedby=\"gallery-1-312\" srcset=\"https:\/\/www.ufsm.br\/app\/uploads\/sites\/840\/2025\/05\/Integrantes-PET-Enfermagem-14-768x768.jpg 768w, https:\/\/www.ufsm.br\/app\/uploads\/sites\/840\/2025\/05\/Integrantes-PET-Enfermagem-14-300x300.jpg 300w, https:\/\/www.ufsm.br\/app\/uploads\/sites\/840\/2025\/05\/Integrantes-PET-Enfermagem-14-1024x1024.jpg 1024w, https:\/\/www.ufsm.br\/app\/uploads\/sites\/840\/2025\/05\/Integrantes-PET-Enfermagem-14-150x150.jpg 150w, https:\/\/www.ufsm.br\/app\/uploads\/sites\/840\/2025\/05\/Integrantes-PET-Enfermagem-14.jpg 1080w\" sizes=\"(max-width: 768px) 100vw, 768px\" \/><\/a>\n\t\t\t<\/div>\n\t\t\t\t<figcaption class='wp-caption-text gallery-caption' id='gallery-1-312'>\n\t\t\t\tMaria Eduarda\n\t\t\t\t<\/figcaption><\/figure><figure class='gallery-item'>\n\t\t\t<div class='gallery-icon landscape'>\n\t\t\t\t<a data-elementor-open-lightbox=\"yes\" data-elementor-lightbox-slideshow=\"6777d86\" data-elementor-lightbox-title=\"Integrantes PET Enfermagem (15)\" data-e-action-hash=\"#elementor-action%3Aaction%3Dlightbox%26settings%3DeyJpZCI6MzExLCJ1cmwiOiJodHRwczpcL1wvd3d3LnVmc20uYnJcL2FwcFwvdXBsb2Fkc1wvc2l0ZXNcLzg0MFwvMjAyNVwvMDVcL0ludGVncmFudGVzLVBFVC1FbmZlcm1hZ2VtLTE1LmpwZyIsInNsaWRlc2hvdyI6IjY3NzdkODYifQ%3D%3D\" href='https:\/\/www.ufsm.br\/app\/uploads\/sites\/840\/2025\/05\/Integrantes-PET-Enfermagem-15.jpg'><img loading=\"lazy\" decoding=\"async\" width=\"768\" height=\"768\" src=\"https:\/\/www.ufsm.br\/app\/uploads\/sites\/840\/2025\/05\/Integrantes-PET-Enfermagem-15-768x768.jpg\" class=\"attachment-medium_large size-medium_large\" alt=\"\" aria-describedby=\"gallery-1-311\" srcset=\"https:\/\/www.ufsm.br\/app\/uploads\/sites\/840\/2025\/05\/Integrantes-PET-Enfermagem-15-768x768.jpg 768w, https:\/\/www.ufsm.br\/app\/uploads\/sites\/840\/2025\/05\/Integrantes-PET-Enfermagem-15-300x300.jpg 300w, https:\/\/www.ufsm.br\/app\/uploads\/sites\/840\/2025\/05\/Integrantes-PET-Enfermagem-15-1024x1024.jpg 1024w, https:\/\/www.ufsm.br\/app\/uploads\/sites\/840\/2025\/05\/Integrantes-PET-Enfermagem-15-150x150.jpg 150w, https:\/\/www.ufsm.br\/app\/uploads\/sites\/840\/2025\/05\/Integrantes-PET-Enfermagem-15.jpg 1080w\" sizes=\"(max-width: 768px) 100vw, 768px\" \/><\/a>\n\t\t\t<\/div>\n\t\t\t\t<figcaption class='wp-caption-text gallery-caption' id='gallery-1-311'>\n\t\t\t\tAinah\n\t\t\t\t<\/figcaption><\/figure><figure class='gallery-item'>\n\t\t\t<div class='gallery-icon landscape'>\n\t\t\t\t<a data-elementor-open-lightbox=\"yes\" data-elementor-lightbox-slideshow=\"6777d86\" data-elementor-lightbox-title=\"Integrantes PET Enfermagem (5)\" data-e-action-hash=\"#elementor-action%3Aaction%3Dlightbox%26settings%3DeyJpZCI6MzEwLCJ1cmwiOiJodHRwczpcL1wvd3d3LnVmc20uYnJcL2FwcFwvdXBsb2Fkc1wvc2l0ZXNcLzg0MFwvMjAyNVwvMDVcL0ludGVncmFudGVzLVBFVC1FbmZlcm1hZ2VtLTUuanBnIiwic2xpZGVzaG93IjoiNjc3N2Q4NiJ9\" href='https:\/\/www.ufsm.br\/app\/uploads\/sites\/840\/2025\/05\/Integrantes-PET-Enfermagem-5.jpg'><img loading=\"lazy\" decoding=\"async\" width=\"768\" height=\"768\" src=\"https:\/\/www.ufsm.br\/app\/uploads\/sites\/840\/2025\/05\/Integrantes-PET-Enfermagem-5-768x768.jpg\" class=\"attachment-medium_large size-medium_large\" alt=\"\" aria-describedby=\"gallery-1-310\" srcset=\"https:\/\/www.ufsm.br\/app\/uploads\/sites\/840\/2025\/05\/Integrantes-PET-Enfermagem-5-768x768.jpg 768w, https:\/\/www.ufsm.br\/app\/uploads\/sites\/840\/2025\/05\/Integrantes-PET-Enfermagem-5-300x300.jpg 300w, https:\/\/www.ufsm.br\/app\/uploads\/sites\/840\/2025\/05\/Integrantes-PET-Enfermagem-5-1024x1024.jpg 1024w, https:\/\/www.ufsm.br\/app\/uploads\/sites\/840\/2025\/05\/Integrantes-PET-Enfermagem-5-150x150.jpg 150w, https:\/\/www.ufsm.br\/app\/uploads\/sites\/840\/2025\/05\/Integrantes-PET-Enfermagem-5.jpg 1080w\" sizes=\"(max-width: 768px) 100vw, 768px\" \/><\/a>\n\t\t\t<\/div>\n\t\t\t\t<figcaption class='wp-caption-text gallery-caption' id='gallery-1-310'>\n\t\t\t\tVanessa\n\t\t\t\t<\/figcaption><\/figure><figure class='gallery-item'>\n\t\t\t<div class='gallery-icon landscape'>\n\t\t\t\t<a data-elementor-open-lightbox=\"yes\" data-elementor-lightbox-slideshow=\"6777d86\" data-elementor-lightbox-title=\"Integrantes PET Enfermagem (6)\" data-e-action-hash=\"#elementor-action%3Aaction%3Dlightbox%26settings%3DeyJpZCI6MzA5LCJ1cmwiOiJodHRwczpcL1wvd3d3LnVmc20uYnJcL2FwcFwvdXBsb2Fkc1wvc2l0ZXNcLzg0MFwvMjAyNVwvMDVcL0ludGVncmFudGVzLVBFVC1FbmZlcm1hZ2VtLTYuanBnIiwic2xpZGVzaG93IjoiNjc3N2Q4NiJ9\" href='https:\/\/www.ufsm.br\/app\/uploads\/sites\/840\/2025\/05\/Integrantes-PET-Enfermagem-6.jpg'><img loading=\"lazy\" decoding=\"async\" width=\"768\" height=\"768\" src=\"https:\/\/www.ufsm.br\/app\/uploads\/sites\/840\/2025\/05\/Integrantes-PET-Enfermagem-6-768x768.jpg\" class=\"attachment-medium_large size-medium_large\" alt=\"\" aria-describedby=\"gallery-1-309\" srcset=\"https:\/\/www.ufsm.br\/app\/uploads\/sites\/840\/2025\/05\/Integrantes-PET-Enfermagem-6-768x768.jpg 768w, https:\/\/www.ufsm.br\/app\/uploads\/sites\/840\/2025\/05\/Integrantes-PET-Enfermagem-6-300x300.jpg 300w, https:\/\/www.ufsm.br\/app\/uploads\/sites\/840\/2025\/05\/Integrantes-PET-Enfermagem-6-1024x1024.jpg 1024w, https:\/\/www.ufsm.br\/app\/uploads\/sites\/840\/2025\/05\/Integrantes-PET-Enfermagem-6-150x150.jpg 150w, https:\/\/www.ufsm.br\/app\/uploads\/sites\/840\/2025\/05\/Integrantes-PET-Enfermagem-6.jpg 1080w\" sizes=\"(max-width: 768px) 100vw, 768px\" \/><\/a>\n\t\t\t<\/div>\n\t\t\t\t<figcaption class='wp-caption-text gallery-caption' id='gallery-1-309'>\n\t\t\t\tIurri\n\t\t\t\t<\/figcaption><\/figure><figure class='gallery-item'>\n\t\t\t<div class='gallery-icon landscape'>\n\t\t\t\t<a data-elementor-open-lightbox=\"yes\" data-elementor-lightbox-slideshow=\"6777d86\" data-elementor-lightbox-title=\"Integrantes PET Enfermagem (7)\" data-e-action-hash=\"#elementor-action%3Aaction%3Dlightbox%26settings%3DeyJpZCI6MzA4LCJ1cmwiOiJodHRwczpcL1wvd3d3LnVmc20uYnJcL2FwcFwvdXBsb2Fkc1wvc2l0ZXNcLzg0MFwvMjAyNVwvMDVcL0ludGVncmFudGVzLVBFVC1FbmZlcm1hZ2VtLTcuanBnIiwic2xpZGVzaG93IjoiNjc3N2Q4NiJ9\" href='https:\/\/www.ufsm.br\/app\/uploads\/sites\/840\/2025\/05\/Integrantes-PET-Enfermagem-7.jpg'><img loading=\"lazy\" decoding=\"async\" width=\"768\" height=\"768\" src=\"https:\/\/www.ufsm.br\/app\/uploads\/sites\/840\/2025\/05\/Integrantes-PET-Enfermagem-7-768x768.jpg\" class=\"attachment-medium_large size-medium_large\" alt=\"\" aria-describedby=\"gallery-1-308\" srcset=\"https:\/\/www.ufsm.br\/app\/uploads\/sites\/840\/2025\/05\/Integrantes-PET-Enfermagem-7-768x768.jpg 768w, https:\/\/www.ufsm.br\/app\/uploads\/sites\/840\/2025\/05\/Integrantes-PET-Enfermagem-7-300x300.jpg 300w, https:\/\/www.ufsm.br\/app\/uploads\/sites\/840\/2025\/05\/Integrantes-PET-Enfermagem-7-1024x1024.jpg 1024w, https:\/\/www.ufsm.br\/app\/uploads\/sites\/840\/2025\/05\/Integrantes-PET-Enfermagem-7-150x150.jpg 150w, https:\/\/www.ufsm.br\/app\/uploads\/sites\/840\/2025\/05\/Integrantes-PET-Enfermagem-7.jpg 1080w\" sizes=\"(max-width: 768px) 100vw, 768px\" \/><\/a>\n\t\t\t<\/div>\n\t\t\t\t<figcaption class='wp-caption-text gallery-caption' id='gallery-1-308'>\n\t\t\t\tGlenda\n\t\t\t\t<\/figcaption><\/figure><figure class='gallery-item'>\n\t\t\t<div class='gallery-icon landscape'>\n\t\t\t\t<a data-elementor-open-lightbox=\"yes\" data-elementor-lightbox-slideshow=\"6777d86\" data-elementor-lightbox-title=\"Integrantes PET Enfermagem (8)\" data-e-action-hash=\"#elementor-action%3Aaction%3Dlightbox%26settings%3DeyJpZCI6MzA3LCJ1cmwiOiJodHRwczpcL1wvd3d3LnVmc20uYnJcL2FwcFwvdXBsb2Fkc1wvc2l0ZXNcLzg0MFwvMjAyNVwvMDVcL0ludGVncmFudGVzLVBFVC1FbmZlcm1hZ2VtLTguanBnIiwic2xpZGVzaG93IjoiNjc3N2Q4NiJ9\" href='https:\/\/www.ufsm.br\/app\/uploads\/sites\/840\/2025\/05\/Integrantes-PET-Enfermagem-8.jpg'><img loading=\"lazy\" decoding=\"async\" width=\"768\" height=\"768\" src=\"https:\/\/www.ufsm.br\/app\/uploads\/sites\/840\/2025\/05\/Integrantes-PET-Enfermagem-8-768x768.jpg\" class=\"attachment-medium_large size-medium_large\" alt=\"\" aria-describedby=\"gallery-1-307\" srcset=\"https:\/\/www.ufsm.br\/app\/uploads\/sites\/840\/2025\/05\/Integrantes-PET-Enfermagem-8-768x768.jpg 768w, https:\/\/www.ufsm.br\/app\/uploads\/sites\/840\/2025\/05\/Integrantes-PET-Enfermagem-8-300x300.jpg 300w, https:\/\/www.ufsm.br\/app\/uploads\/sites\/840\/2025\/05\/Integrantes-PET-Enfermagem-8-1024x1024.jpg 1024w, https:\/\/www.ufsm.br\/app\/uploads\/sites\/840\/2025\/05\/Integrantes-PET-Enfermagem-8-150x150.jpg 150w, https:\/\/www.ufsm.br\/app\/uploads\/sites\/840\/2025\/05\/Integrantes-PET-Enfermagem-8.jpg 1080w\" sizes=\"(max-width: 768px) 100vw, 768px\" \/><\/a>\n\t\t\t<\/div>\n\t\t\t\t<figcaption class='wp-caption-text gallery-caption' id='gallery-1-307'>\n\t\t\t\tLarissa\n\t\t\t\t<\/figcaption><\/figure><figure class='gallery-item'>\n\t\t\t<div class='gallery-icon landscape'>\n\t\t\t\t<a data-elementor-open-lightbox=\"yes\" data-elementor-lightbox-slideshow=\"6777d86\" data-elementor-lightbox-title=\"Integrantes PET Enfermagem (9)\" data-e-action-hash=\"#elementor-action%3Aaction%3Dlightbox%26settings%3DeyJpZCI6MzA2LCJ1cmwiOiJodHRwczpcL1wvd3d3LnVmc20uYnJcL2FwcFwvdXBsb2Fkc1wvc2l0ZXNcLzg0MFwvMjAyNVwvMDVcL0ludGVncmFudGVzLVBFVC1FbmZlcm1hZ2VtLTkuanBnIiwic2xpZGVzaG93IjoiNjc3N2Q4NiJ9\" href='https:\/\/www.ufsm.br\/app\/uploads\/sites\/840\/2025\/05\/Integrantes-PET-Enfermagem-9.jpg'><img loading=\"lazy\" decoding=\"async\" width=\"768\" height=\"768\" src=\"https:\/\/www.ufsm.br\/app\/uploads\/sites\/840\/2025\/05\/Integrantes-PET-Enfermagem-9-768x768.jpg\" class=\"attachment-medium_large size-medium_large\" alt=\"\" aria-describedby=\"gallery-1-306\" srcset=\"https:\/\/www.ufsm.br\/app\/uploads\/sites\/840\/2025\/05\/Integrantes-PET-Enfermagem-9-768x768.jpg 768w, https:\/\/www.ufsm.br\/app\/uploads\/sites\/840\/2025\/05\/Integrantes-PET-Enfermagem-9-300x300.jpg 300w, https:\/\/www.ufsm.br\/app\/uploads\/sites\/840\/2025\/05\/Integrantes-PET-Enfermagem-9-1024x1024.jpg 1024w, https:\/\/www.ufsm.br\/app\/uploads\/sites\/840\/2025\/05\/Integrantes-PET-Enfermagem-9-150x150.jpg 150w, https:\/\/www.ufsm.br\/app\/uploads\/sites\/840\/2025\/05\/Integrantes-PET-Enfermagem-9.jpg 1080w\" sizes=\"(max-width: 768px) 100vw, 768px\" \/><\/a>\n\t\t\t<\/div>\n\t\t\t\t<figcaption class='wp-caption-text gallery-caption' id='gallery-1-306'>\n\t\t\t\tLeomar\n\t\t\t\t<\/figcaption><\/figure><figure class='gallery-item'>\n\t\t\t<div class='gallery-icon landscape'>\n\t\t\t\t<a data-elementor-open-lightbox=\"yes\" data-elementor-lightbox-slideshow=\"6777d86\" data-elementor-lightbox-title=\"Integrantes PET Enfermagem (10)\" data-e-action-hash=\"#elementor-action%3Aaction%3Dlightbox%26settings%3DeyJpZCI6MzA1LCJ1cmwiOiJodHRwczpcL1wvd3d3LnVmc20uYnJcL2FwcFwvdXBsb2Fkc1wvc2l0ZXNcLzg0MFwvMjAyNVwvMDVcL0ludGVncmFudGVzLVBFVC1FbmZlcm1hZ2VtLTEwLmpwZyIsInNsaWRlc2hvdyI6IjY3NzdkODYifQ%3D%3D\" href='https:\/\/www.ufsm.br\/app\/uploads\/sites\/840\/2025\/05\/Integrantes-PET-Enfermagem-10.jpg'><img loading=\"lazy\" decoding=\"async\" width=\"768\" height=\"768\" src=\"https:\/\/www.ufsm.br\/app\/uploads\/sites\/840\/2025\/05\/Integrantes-PET-Enfermagem-10-768x768.jpg\" class=\"attachment-medium_large size-medium_large\" alt=\"\" aria-describedby=\"gallery-1-305\" srcset=\"https:\/\/www.ufsm.br\/app\/uploads\/sites\/840\/2025\/05\/Integrantes-PET-Enfermagem-10-768x768.jpg 768w, https:\/\/www.ufsm.br\/app\/uploads\/sites\/840\/2025\/05\/Integrantes-PET-Enfermagem-10-300x300.jpg 300w, https:\/\/www.ufsm.br\/app\/uploads\/sites\/840\/2025\/05\/Integrantes-PET-Enfermagem-10-1024x1024.jpg 1024w, https:\/\/www.ufsm.br\/app\/uploads\/sites\/840\/2025\/05\/Integrantes-PET-Enfermagem-10-150x150.jpg 150w, https:\/\/www.ufsm.br\/app\/uploads\/sites\/840\/2025\/05\/Integrantes-PET-Enfermagem-10.jpg 1080w\" sizes=\"(max-width: 768px) 100vw, 768px\" \/><\/a>\n\t\t\t<\/div>\n\t\t\t\t<figcaption class='wp-caption-text gallery-caption' id='gallery-1-305'>\n\t\t\t\tDjuliana\n\t\t\t\t<\/figcaption><\/figure>\n\t\t<\/div>\n\t\t<\/div>\n\t\t\t\t<\/div>\n\t\t\t\t<\/div>\n\t\t\t\t\t<\/div>\n\t\t<\/div>\n\t\t\t\t\t<\/div>\n\t\t<\/section>\n\t\t\t\t<section class=\"elementor-section elementor-top-section elementor-element elementor-element-e8bbf36 elementor-section-boxed elementor-section-height-default elementor-section-height-default\" data-id=\"e8bbf36\" data-element_type=\"section\">\n\t\t\t\t\t\t<div class=\"elementor-container elementor-column-gap-default\">\n\t\t\t\t\t<div class=\"elementor-column elementor-col-100 elementor-top-column elementor-element elementor-element-276eb56\" data-id=\"276eb56\" data-element_type=\"column\">\n\t\t\t<div class=\"elementor-widget-wrap elementor-element-populated\">\n\t\t\t\t\t\t<section class=\"elementor-section elementor-inner-section elementor-element elementor-element-aa01e28 elementor-section-boxed elementor-section-height-default elementor-section-height-default\" data-id=\"aa01e28\" data-element_type=\"section\">\n\t\t\t\t\t\t<div class=\"elementor-container elementor-column-gap-default\">\n\t\t\t\t\t<div class=\"elementor-column elementor-col-50 elementor-inner-column elementor-element elementor-element-8b3a5cd\" data-id=\"8b3a5cd\" data-element_type=\"column\">\n\t\t\t<div class=\"elementor-widget-wrap\">\n\t\t\t\t\t\t\t<\/div>\n\t\t<\/div>\n\t\t\t\t<div class=\"elementor-column elementor-col-50 elementor-inner-column elementor-element elementor-element-f3ebece\" data-id=\"f3ebece\" data-element_type=\"column\">\n\t\t\t<div class=\"elementor-widget-wrap\">\n\t\t\t\t\t\t\t<\/div>\n\t\t<\/div>\n\t\t\t\t\t<\/div>\n\t\t<\/section>\n\t\t\t\t\t<\/div>\n\t\t<\/div>\n\t\t\t\t\t<\/div>\n\t\t<\/section>\n\t\t\t\t<\/div>\n\t\t","protected":false},"excerpt":{"rendered":"<p>Prof\u00aa Leila Prof\u00aa Marin\u00eas Giovana J\u00falia Paula Vit\u00f3ria Maria Eduarda Ainah Vanessa Iurri Glenda Larissa Leomar Djuliana<\/p>\n","protected":false},"author":124,"featured_media":0,"parent":0,"menu_order":0,"comment_status":"closed","ping_status":"closed","template":"","meta":{"footnotes":""},"categories":[],"tags":[],"class_list":["post-23","page","type-page","status-publish","hentry"],"acf":[],"_links":{"self":[{"href":"https:\/\/www.ufsm.br\/pet\/enfermagem-pm\/wp-json\/wp\/v2\/pages\/23","targetHints":{"allow":["GET"]}}],"collection":[{"href":"https:\/\/www.ufsm.br\/pet\/enfermagem-pm\/wp-json\/wp\/v2\/pages"}],"about":[{"href":"https:\/\/www.ufsm.br\/pet\/enfermagem-pm\/wp-json\/wp\/v2\/types\/page"}],"author":[{"embeddable":true,"href":"https:\/\/www.ufsm.br\/pet\/enfermagem-pm\/wp-json\/wp\/v2\/users\/124"}],"replies":[{"embeddable":true,"href":"https:\/\/www.ufsm.br\/pet\/enfermagem-pm\/wp-json\/wp\/v2\/comments?post=23"}],"version-history":[{"count":0,"href":"https:\/\/www.ufsm.br\/pet\/enfermagem-pm\/wp-json\/wp\/v2\/pages\/23\/revisions"}],"wp:attachment":[{"href":"https:\/\/www.ufsm.br\/pet\/enfermagem-pm\/wp-json\/wp\/v2\/media?parent=23"}],"wp:term":[{"taxonomy":"category","embeddable":true,"href":"https:\/\/www.ufsm.br\/pet\/enfermagem-pm\/wp-json\/wp\/v2\/categories?post=23"},{"taxonomy":"post_tag","embeddable":true,"href":"https:\/\/www.ufsm.br\/pet\/enfermagem-pm\/wp-json\/wp\/v2\/tags?post=23"}],"curies":[{"name":"wp","href":"https:\/\/api.w.org\/{rel}","templated":true}]}}