{"id":43,"date":"2020-01-07T10:36:12","date_gmt":"2020-01-07T13:36:12","guid":{"rendered":"https:\/\/www.ufsm.br\/pet-enfermagem-pm\/?page_id=43"},"modified":"2020-10-23T10:10:50","modified_gmt":"2020-10-23T13:10:50","slug":"atividades","status":"publish","type":"page","link":"https:\/\/www.ufsm.br\/pet\/enfermagem-pm\/atividades","title":{"rendered":"Atividades"},"content":{"rendered":"\t\t<div data-elementor-type=\"wp-page\" data-elementor-id=\"43\" class=\"elementor elementor-43\">\n\t\t\t\t\t\t<section class=\"elementor-section elementor-top-section elementor-element elementor-element-8cbe6ee elementor-section-boxed elementor-section-height-default elementor-section-height-default\" data-id=\"8cbe6ee\" data-element_type=\"section\">\n\t\t\t\t\t\t<div class=\"elementor-container elementor-column-gap-default\">\n\t\t\t\t\t<div class=\"elementor-column elementor-col-100 elementor-top-column elementor-element elementor-element-e33fcef\" data-id=\"e33fcef\" data-element_type=\"column\">\n\t\t\t<div class=\"elementor-widget-wrap elementor-element-populated\">\n\t\t\t\t\t\t<div class=\"elementor-element elementor-element-bb7df3a elementor-widget elementor-widget-text-editor\" data-id=\"bb7df3a\" data-element_type=\"widget\" data-widget_type=\"text-editor.default\">\n\t\t\t\t<div class=\"elementor-widget-container\">\n\t\t\t\t\t\t\t<p>O Programa de Educa\u00e7\u00e3o Tutorial &#8211; PET Enfermagem da UFSM &#8211; Campus Palmeira das Miss\u00f5es desenvolve in\u00fameras atividades, dentre as quais destacamos:<\/p>\n<p><ul><li>Compartilha PET e GEPESMG: grupos de estudos sobre tem\u00e1ticas voltadas \u00e0 sa\u00fade; o segundo, voltado especialmente \u00e0 \u00e1rea de Sa\u00fade Mental e Gerontologia;<\/li><li>Programa \u201cR\u00e1dio e Sa\u00fade\u201d: realizado semanalmente, \u00e0s quartas-feiras, na R\u00e1dio Landell FM 87.9, \u00e0s 16:45;<\/li><li>Atividades em Grupos de Conviv\u00eancia de Idosos;<\/li><li>Atividades de extens\u00e3o no Lar do Idoso S\u00e3o Vicente de Paulo de Palmeira das Miss\u00f5es;<\/li><li>Atividades grupais com m\u00e3es de alunos vinculados a uma Associa\u00e7\u00e3o de Pais e Amigos dos Excepcionais (APAE);<\/li><li>Publica\u00e7\u00e3o semanal no Jornal Express\u00e3o Regional;<\/li><li>Organiza\u00e7\u00e3o de palestras e minicursos;<\/li><li>Realiza\u00e7\u00e3o de pesquisas cient\u00edficas.<\/li><\/ul><\/p>\n\n\n\n\n\n\n\n<div>&nbsp;<\/div>\t\t\t\t\t\t<\/div>\n\t\t\t\t<\/div>\n\t\t\t\t\t<\/div>\n\t\t<\/div>\n\t\t\t\t\t<\/div>\n\t\t<\/section>\n\t\t\t\t<\/div>\n\t\t","protected":false},"excerpt":{"rendered":"<p>O Programa de Educa\u00e7\u00e3o Tutorial &#8211; PET Enfermagem da UFSM &#8211; Campus Palmeira das Miss\u00f5es desenvolve in\u00fameras atividades, dentre as quais destacamos: Compartilha PET e GEPESMG: grupos de estudos sobre tem\u00e1ticas voltadas \u00e0 sa\u00fade; o segundo, voltado especialmente \u00e0 \u00e1rea de Sa\u00fade Mental e Gerontologia; Programa \u201cR\u00e1dio e Sa\u00fade\u201d: realizado semanalmente, \u00e0s quartas-feiras, na R\u00e1dio [&hellip;]<\/p>\n","protected":false},"author":2223,"featured_media":0,"parent":0,"menu_order":0,"comment_status":"closed","ping_status":"closed","template":"","meta":{"footnotes":""},"categories":[],"tags":[],"class_list":["post-43","page","type-page","status-publish","hentry"],"acf":[],"_links":{"self":[{"href":"https:\/\/www.ufsm.br\/pet\/enfermagem-pm\/wp-json\/wp\/v2\/pages\/43","targetHints":{"allow":["GET"]}}],"collection":[{"href":"https:\/\/www.ufsm.br\/pet\/enfermagem-pm\/wp-json\/wp\/v2\/pages"}],"about":[{"href":"https:\/\/www.ufsm.br\/pet\/enfermagem-pm\/wp-json\/wp\/v2\/types\/page"}],"author":[{"embeddable":true,"href":"https:\/\/www.ufsm.br\/pet\/enfermagem-pm\/wp-json\/wp\/v2\/users\/2223"}],"replies":[{"embeddable":true,"href":"https:\/\/www.ufsm.br\/pet\/enfermagem-pm\/wp-json\/wp\/v2\/comments?post=43"}],"version-history":[{"count":0,"href":"https:\/\/www.ufsm.br\/pet\/enfermagem-pm\/wp-json\/wp\/v2\/pages\/43\/revisions"}],"wp:attachment":[{"href":"https:\/\/www.ufsm.br\/pet\/enfermagem-pm\/wp-json\/wp\/v2\/media?parent=43"}],"wp:term":[{"taxonomy":"category","embeddable":true,"href":"https:\/\/www.ufsm.br\/pet\/enfermagem-pm\/wp-json\/wp\/v2\/categories?post=43"},{"taxonomy":"post_tag","embeddable":true,"href":"https:\/\/www.ufsm.br\/pet\/enfermagem-pm\/wp-json\/wp\/v2\/tags?post=43"}],"curies":[{"name":"wp","href":"https:\/\/api.w.org\/{rel}","templated":true}]}}