{"id":26,"date":"2019-05-14T17:03:27","date_gmt":"2019-05-14T20:03:27","guid":{"rendered":"https:\/\/www.ufsm.br\/template-laboratprio\/?page_id=26"},"modified":"2024-03-19T12:45:54","modified_gmt":"2024-03-19T15:45:54","slug":"contato","status":"publish","type":"page","link":"https:\/\/www.ufsm.br\/pet\/enfermagem\/contato","title":{"rendered":"Contato"},"content":{"rendered":"\t\t<div data-elementor-type=\"wp-page\" data-elementor-id=\"26\" class=\"elementor elementor-26\">\n\t\t\t\t\t\t<section class=\"elementor-section elementor-top-section elementor-element elementor-element-7eca958f elementor-section-boxed elementor-section-height-default elementor-section-height-default\" data-id=\"7eca958f\" data-element_type=\"section\">\n\t\t\t\t\t\t<div class=\"elementor-container elementor-column-gap-default\">\n\t\t\t\t\t<div class=\"elementor-column elementor-col-100 elementor-top-column elementor-element elementor-element-7ceb7fa1\" data-id=\"7ceb7fa1\" data-element_type=\"column\">\n\t\t\t<div class=\"elementor-widget-wrap elementor-element-populated\">\n\t\t\t\t\t\t<div class=\"elementor-element elementor-element-4a9948fc elementor-widget__width-initial elementor-widget elementor-widget-text-editor\" data-id=\"4a9948fc\" data-element_type=\"widget\" data-widget_type=\"text-editor.default\">\n\t\t\t\t<div class=\"elementor-widget-container\">\n\t\t\t\t\t\t\t<p><!-- wp:tadv\/classic-paragraph --><span style=\"color: #003366\"><b>Quer falar com a gente?<\/b><\/span><\/p>\n<ul>\n<li><span style=\"color: #1c1c1c;font-size: 16px\">Acesse nossa p\u00e1gina no Facebook:\u00a0<\/span><a href=\"https:\/\/www.facebook.com\/petenf.ufsm\/\">@petenf.ufsm<\/a><\/li>\n<li>Acesse nosso Instagram: <a href=\"https:\/\/www.instagram.com\/petenfermagemufsm?igsh=aGNmNzRjbzdvdnhv\">@petenfermagemufsm<\/a><\/li>\n<li>Nos mande um e-mail: petenfermagemufsm2013@gmail.com\u00a0<\/li>\n<\/ul>\n<p><em><span style=\"color: #000000;font-size: 16px\">Estamos\u00a0<\/span><span style=\"color: #000000;font-size: 16px\">localizados Centro de Ci\u00eancia da Sa\u00fade (pr\u00e9dio n\u00famero 26), 4\u00ba andar, sala 1438.\u00a0<\/span><\/em><\/p>\n<p><!-- \/wp:tadv\/classic-paragraph --><\/p>\t\t\t\t\t\t<\/div>\n\t\t\t\t<\/div>\n\t\t\t\t\t<\/div>\n\t\t<\/div>\n\t\t\t\t\t<\/div>\n\t\t<\/section>\n\t\t\t\t<\/div>\n\t\t","protected":false},"excerpt":{"rendered":"<p>Quer falar com a gente? Acesse nossa p\u00e1gina no Facebook:\u00a0@petenf.ufsm Acesse nosso Instagram: @petenfermagemufsm Nos mande um e-mail: petenfermagemufsm2013@gmail.com\u00a0 Estamos\u00a0localizados Centro de Ci\u00eancia da Sa\u00fade (pr\u00e9dio n\u00famero 26), 4\u00ba andar, sala 1438.\u00a0<\/p>\n","protected":false},"author":124,"featured_media":0,"parent":0,"menu_order":0,"comment_status":"closed","ping_status":"closed","template":"","meta":{"footnotes":""},"categories":[],"tags":[],"class_list":["post-26","page","type-page","status-publish","hentry"],"acf":[],"_links":{"self":[{"href":"https:\/\/www.ufsm.br\/pet\/enfermagem\/wp-json\/wp\/v2\/pages\/26","targetHints":{"allow":["GET"]}}],"collection":[{"href":"https:\/\/www.ufsm.br\/pet\/enfermagem\/wp-json\/wp\/v2\/pages"}],"about":[{"href":"https:\/\/www.ufsm.br\/pet\/enfermagem\/wp-json\/wp\/v2\/types\/page"}],"author":[{"embeddable":true,"href":"https:\/\/www.ufsm.br\/pet\/enfermagem\/wp-json\/wp\/v2\/users\/124"}],"replies":[{"embeddable":true,"href":"https:\/\/www.ufsm.br\/pet\/enfermagem\/wp-json\/wp\/v2\/comments?post=26"}],"version-history":[{"count":0,"href":"https:\/\/www.ufsm.br\/pet\/enfermagem\/wp-json\/wp\/v2\/pages\/26\/revisions"}],"wp:attachment":[{"href":"https:\/\/www.ufsm.br\/pet\/enfermagem\/wp-json\/wp\/v2\/media?parent=26"}],"wp:term":[{"taxonomy":"category","embeddable":true,"href":"https:\/\/www.ufsm.br\/pet\/enfermagem\/wp-json\/wp\/v2\/categories?post=26"},{"taxonomy":"post_tag","embeddable":true,"href":"https:\/\/www.ufsm.br\/pet\/enfermagem\/wp-json\/wp\/v2\/tags?post=26"}],"curies":[{"name":"wp","href":"https:\/\/api.w.org\/{rel}","templated":true}]}}