{"id":22,"date":"2019-05-14T17:01:42","date_gmt":"2019-05-14T20:01:42","guid":{"rendered":"https:\/\/www.ufsm.br\/template-laboratprio\/?page_id=22"},"modified":"2023-11-15T12:25:23","modified_gmt":"2023-11-15T15:25:23","slug":"informacoes-gerais","status":"publish","type":"page","link":"https:\/\/www.ufsm.br\/pet\/engenharia-florestal\/informacoes-gerais","title":{"rendered":"Sobre"},"content":{"rendered":"\n<p>O Programa de Educa\u00e7\u00e3o Tutorial (PET) foi criado para apoiar atividades acad\u00eamicas que integram ensino, pesquisa e extens\u00e3o. Formado por grupos tutoriais de aprendizagem, o PET propicia aos alunos participantes, sob a orienta\u00e7\u00e3o de um tutor, a realiza\u00e7\u00e3o de atividades extracurriculares que complementem a forma\u00e7\u00e3o acad\u00eamica do estudante e atendam \u00e0s necessidades do pr\u00f3prio curso de gradua\u00e7\u00e3o, visando a integra\u00e7\u00e3o no mercado profissional como tamb\u00e9m o desenvolvimento de estudos de programas de p\u00f3s gradua\u00e7\u00e3o.<\/p>\n<p>Al\u00e9m disso, o grupo PET tende a valorizar e solidificar o trabalho j\u00e1 desenvolvido pelos professores, t\u00e9cnicos e acad\u00eamicos, refletindo em maior valoriza\u00e7\u00e3o e interesse pelos cursos ofertados no campus, combate \u00e0 evas\u00e3o, redu\u00e7\u00e3o das taxas de reten\u00e7\u00e3o e eventuais transfer\u00eancias para outros centros educacionais. A proposta do grupo PET estar\u00e1 vinculada ao Curso de Engenharia Florestal, buscando \u00e0 interdisciplinaridade com os cursos pr\u00f3ximos.<\/p>\n<p>O PET foi criado em 1979 e durante 20 anos, permaneceu sob o acompanhamento e avalia\u00e7\u00e3o da Capes. O programa passou a ser vinculado \u00e0 Secretaria de Educa\u00e7\u00e3o Superior \u2013 SESu\/MEC, a partir do ano 2000.<br \/>Na Universidade Federal de Santa Maria, campus de Frederico Westphalen o programa passou a ser vinculado ao curso de Engenharia Florestal em janeiro de 2013.<\/p>\n<p>Atualmente o grupo PET conta com cinco eixos norteadores, s\u00e3o eles: PET Ensino, PET Pesquisa, PET Extens\u00e3o, PET Qualifica e PET Comunica\u00e7\u00e3o. Cada um destes eixos norteadores possui projetos e atividades que s\u00e3o desenvolvidas durante o ano pelo grupo. O <strong>PET Ensino<\/strong>, envolve atividades que abordem o ensino de alguma ferramenta ou atividade, como por exemplo, cursos e capacita\u00e7\u00f5es para a comunidade acad\u00eamica. O <strong>PET Pesquisa<\/strong>, abrange a pesquisa universit\u00e1ria, onde problem\u00e1ticas a serem resolvidas s\u00e3o elaboradas e pensadas pelos PETianos para assim serem desenvolvidas, atrav\u00e9s de pesquisa \u00e0 campo ou laboratorial. O <strong>PET Extens\u00e3o<\/strong>, busca partilhar um conhecimento espec\u00edfico advindo da pesquisa &#8211; e aplicado no ensino &#8211; com a sociedade. \u00c9 por meio da extens\u00e3o que a universidade presta sua contribui\u00e7\u00e3o social aos membros externos da comunidade acad\u00eamica de maneira pr\u00e1tica e direta. O PET faz isso atrav\u00e9s de atividades, como por exemplo, doa\u00e7\u00e3o de mudas. O <strong>PET Qualifica<\/strong> busca desenvolver habilidades dos PETianos, tanto pessoais como profissionais, por meio de imers\u00f5es e capacita\u00e7\u00f5es. E o <strong>PET Comunica\u00e7\u00e3o<\/strong> prop\u00f5e uma divulga\u00e7\u00e3o do Grupo PET, mostrando para a sociedade acad\u00eamica e regional o que o grupo promove.<\/p>\n<p><strong>Miss\u00e3o:<\/strong> <span class=\"OYPEnA text-decoration-none text-strikethrough-none\">Contribuir, junto \u00e0 institui\u00e7\u00e3o, para uma forma\u00e7\u00e3o ampla e de qualidade, a fim de construir valores e desenvolver a\u00e7\u00f5es em prol da sociedade.<\/span><\/p>\n<p><strong>Vis\u00e3o:<\/strong> <span class=\"OYPEnA text-decoration-none text-strikethrough-none\">Ser uma equipe integrada, em que os membros se sintam pertencentes e tenham orgulho de levar o nome do PET Engenharia Florestal.<\/span><\/p>\n<p><strong>Valores:<\/strong> <span class=\"OYPEnA text-decoration-none text-strikethrough-none\">Respeito, <\/span><span class=\"OYPEnA text-decoration-none text-strikethrough-none\">Empatia, <\/span><span class=\"OYPEnA text-decoration-none text-strikethrough-none\">Dedica\u00e7\u00e3o, <\/span><span class=\"OYPEnA text-decoration-none text-strikethrough-none\">Uni\u00e3o, <\/span><span class=\"OYPEnA text-decoration-none text-strikethrough-none\">Proatividade e <\/span><span class=\"OYPEnA text-decoration-none text-strikethrough-none\">Solidariedade.<\/span><\/p>\n<p><strong>Logo PET Engenharia Florestal<\/strong><\/p>\n<p><img fetchpriority=\"high\" decoding=\"async\" class=\"alignnone size-medium wp-image-582\" src=\"https:\/\/www.ufsm.br\/app\/uploads\/sites\/778\/2022\/07\/logo-PET-300x300.jpg\" alt=\"\" width=\"300\" height=\"300\" srcset=\"https:\/\/www.ufsm.br\/app\/uploads\/sites\/778\/2022\/07\/logo-PET-300x300.jpg 300w, https:\/\/www.ufsm.br\/app\/uploads\/sites\/778\/2022\/07\/logo-PET-1024x1024.jpg 1024w, https:\/\/www.ufsm.br\/app\/uploads\/sites\/778\/2022\/07\/logo-PET-150x150.jpg 150w, https:\/\/www.ufsm.br\/app\/uploads\/sites\/778\/2022\/07\/logo-PET-768x768.jpg 768w, https:\/\/www.ufsm.br\/app\/uploads\/sites\/778\/2022\/07\/logo-PET.jpg 1280w\" sizes=\"(max-width: 300px) 100vw, 300px\" \/><\/p>\n<p>\u00a0<\/p>\n","protected":false},"excerpt":{"rendered":"<p>O Programa de Educa\u00e7\u00e3o Tutorial (PET) foi criado para apoiar atividades acad\u00eamicas que integram ensino, pesquisa e extens\u00e3o. Formado por grupos tutoriais de aprendizagem, o PET propicia aos alunos participantes, sob a orienta\u00e7\u00e3o de um tutor, a realiza\u00e7\u00e3o de atividades extracurriculares que complementem a forma\u00e7\u00e3o acad\u00eamica do estudante e atendam \u00e0s necessidades do pr\u00f3prio curso [&hellip;]<\/p>\n","protected":false},"author":8,"featured_media":0,"parent":0,"menu_order":0,"comment_status":"closed","ping_status":"closed","template":"","meta":{"footnotes":""},"categories":[],"tags":[],"class_list":["post-22","page","type-page","status-publish","hentry"],"acf":[],"_links":{"self":[{"href":"https:\/\/www.ufsm.br\/pet\/engenharia-florestal\/wp-json\/wp\/v2\/pages\/22","targetHints":{"allow":["GET"]}}],"collection":[{"href":"https:\/\/www.ufsm.br\/pet\/engenharia-florestal\/wp-json\/wp\/v2\/pages"}],"about":[{"href":"https:\/\/www.ufsm.br\/pet\/engenharia-florestal\/wp-json\/wp\/v2\/types\/page"}],"author":[{"embeddable":true,"href":"https:\/\/www.ufsm.br\/pet\/engenharia-florestal\/wp-json\/wp\/v2\/users\/8"}],"replies":[{"embeddable":true,"href":"https:\/\/www.ufsm.br\/pet\/engenharia-florestal\/wp-json\/wp\/v2\/comments?post=22"}],"version-history":[{"count":0,"href":"https:\/\/www.ufsm.br\/pet\/engenharia-florestal\/wp-json\/wp\/v2\/pages\/22\/revisions"}],"wp:attachment":[{"href":"https:\/\/www.ufsm.br\/pet\/engenharia-florestal\/wp-json\/wp\/v2\/media?parent=22"}],"wp:term":[{"taxonomy":"category","embeddable":true,"href":"https:\/\/www.ufsm.br\/pet\/engenharia-florestal\/wp-json\/wp\/v2\/categories?post=22"},{"taxonomy":"post_tag","embeddable":true,"href":"https:\/\/www.ufsm.br\/pet\/engenharia-florestal\/wp-json\/wp\/v2\/tags?post=22"}],"curies":[{"name":"wp","href":"https:\/\/api.w.org\/{rel}","templated":true}]}}