{"id":1043,"date":"2025-10-21T07:54:43","date_gmt":"2025-10-21T10:54:43","guid":{"rendered":"https:\/\/www.ufsm.br\/pet\/letras\/?page_id=1043"},"modified":"2025-11-26T23:14:43","modified_gmt":"2025-11-27T02:14:43","slug":"publicacoes","status":"publish","type":"page","link":"https:\/\/www.ufsm.br\/pet\/letras\/publicacoes","title":{"rendered":"Publica\u00e7\u00f5es"},"content":{"rendered":"\n\n\n\n\n<details class=\"wp-block-details is-layout-flow wp-block-details-is-layout-flow\"><summary>O cat\u00e1logo&nbsp; <em>Semanas de Letras: 60 anos dos Cursos de Letras da UFSM<\/em> foi organizado pelas professoras Ta\u00eds da Silva Martins (tutora do grupo PET Letras) e Andrea do Roccio Souto (coordenadora do projeto PRALELIT e parceira do grupo PET Letras). Trata-se de um cat\u00e1logo que traz \u00e0 tona arquivos institucionais relacionados \u00e0s 26 edi\u00e7\u00f5es das Semanas de Letras da UFSM.&nbsp; Esta obra \u00e9 resultado de um trabalho colaborativo, realizado a muitas m\u00e3os:&nbsp; estudantes participantes do projeto Hist\u00f3ria do conhecimento lingu\u00edstico: sujeito, arquivo e mem\u00f3ria, petianos e petianas e alunas da disciplina Hist\u00f3ria das Ideias Lingu\u00edsticas (2\u00ba semestre de 2025).&nbsp;<\/summary>\n<figure class=\"wp-block-image size-full\"><img fetchpriority=\"high\" decoding=\"async\" width=\"991\" height=\"760\" src=\"https:\/\/www.ufsm.br\/app\/uploads\/sites\/777\/2025\/10\/image-1.jpg\" alt=\"\" class=\"wp-image-1046\" srcset=\"https:\/\/www.ufsm.br\/app\/uploads\/sites\/777\/2025\/10\/image-1.jpg 991w, https:\/\/www.ufsm.br\/app\/uploads\/sites\/777\/2025\/10\/image-1-300x230.jpg 300w, https:\/\/www.ufsm.br\/app\/uploads\/sites\/777\/2025\/10\/image-1-768x589.jpg 768w\" sizes=\"(max-width: 991px) 100vw, 991px\" \/><\/figure>\n<\/details>\n\n\n\n\n<div class=\"wp-block-image\">\n<figure class=\"aligncenter size-full is-resized\"><img decoding=\"async\" width=\"991\" height=\"760\" src=\"https:\/\/www.ufsm.br\/app\/uploads\/sites\/777\/2025\/10\/image-2.jpg\" alt=\"\" class=\"wp-image-1047\" style=\"width:698px;height:auto\" srcset=\"https:\/\/www.ufsm.br\/app\/uploads\/sites\/777\/2025\/10\/image-2.jpg 991w, https:\/\/www.ufsm.br\/app\/uploads\/sites\/777\/2025\/10\/image-2-300x230.jpg 300w, https:\/\/www.ufsm.br\/app\/uploads\/sites\/777\/2025\/10\/image-2-768x589.jpg 768w\" sizes=\"(max-width: 991px) 100vw, 991px\" \/><\/figure>\n<\/div>\n\n\n\n\n\n\n<p>Para acessar o e-book,\u00a0 <a href=\"https:\/\/drive.google.com\/file\/d\/1gPBNufayax1BGm9Hp_GRQTihCRkkZzGo\/view?usp=drive_link\">clique aqui<\/a>\u00a0 (em breve tamb\u00e9m estar\u00e1 dispon\u00edvel na p\u00e1gina do <a href=\"https:\/\/www.ufsm.br\/editoras\/ppgl\">PPGL Editores<\/a>)<\/p>\n\n\n\n\n","protected":false},"excerpt":{"rendered":"<p>Para acessar o e-book,\u00a0 clique aqui\u00a0 (em breve tamb\u00e9m estar\u00e1 dispon\u00edvel na p\u00e1gina do PPGL Editores)<\/p>\n","protected":false},"author":1621,"featured_media":0,"parent":0,"menu_order":0,"comment_status":"closed","ping_status":"closed","template":"","meta":{"footnotes":""},"categories":[],"tags":[],"class_list":["post-1043","page","type-page","status-publish","hentry"],"acf":[],"_links":{"self":[{"href":"https:\/\/www.ufsm.br\/pet\/letras\/wp-json\/wp\/v2\/pages\/1043","targetHints":{"allow":["GET"]}}],"collection":[{"href":"https:\/\/www.ufsm.br\/pet\/letras\/wp-json\/wp\/v2\/pages"}],"about":[{"href":"https:\/\/www.ufsm.br\/pet\/letras\/wp-json\/wp\/v2\/types\/page"}],"author":[{"embeddable":true,"href":"https:\/\/www.ufsm.br\/pet\/letras\/wp-json\/wp\/v2\/users\/1621"}],"replies":[{"embeddable":true,"href":"https:\/\/www.ufsm.br\/pet\/letras\/wp-json\/wp\/v2\/comments?post=1043"}],"version-history":[{"count":0,"href":"https:\/\/www.ufsm.br\/pet\/letras\/wp-json\/wp\/v2\/pages\/1043\/revisions"}],"wp:attachment":[{"href":"https:\/\/www.ufsm.br\/pet\/letras\/wp-json\/wp\/v2\/media?parent=1043"}],"wp:term":[{"taxonomy":"category","embeddable":true,"href":"https:\/\/www.ufsm.br\/pet\/letras\/wp-json\/wp\/v2\/categories?post=1043"},{"taxonomy":"post_tag","embeddable":true,"href":"https:\/\/www.ufsm.br\/pet\/letras\/wp-json\/wp\/v2\/tags?post=1043"}],"curies":[{"name":"wp","href":"https:\/\/api.w.org\/{rel}","templated":true}]}}