{"id":2,"date":"2019-05-14T15:59:30","date_gmt":"2019-05-14T18:59:30","guid":{"rendered":"https:\/\/www.ufsm.br\/laboratorios-larp\/?page_id=2"},"modified":"2022-04-27T09:47:39","modified_gmt":"2022-04-27T12:47:39","slug":"pagina-inicial","status":"publish","type":"page","link":"https:\/\/www.ufsm.br\/pet\/letras\/","title":{"rendered":"P\u00e1gina inicial"},"content":{"rendered":"\t\t<div data-elementor-type=\"wp-post\" data-elementor-id=\"2\" class=\"elementor elementor-2\">\n\t\t\t\t\t\t<section class=\"elementor-section elementor-top-section elementor-element elementor-element-6e6b627 elementor-section-boxed elementor-section-height-default elementor-section-height-default\" data-id=\"6e6b627\" data-element_type=\"section\">\n\t\t\t\t\t\t<div class=\"elementor-container elementor-column-gap-default\">\n\t\t\t\t\t<div class=\"elementor-column elementor-col-100 elementor-top-column elementor-element elementor-element-e6a3f8d\" data-id=\"e6a3f8d\" data-element_type=\"column\">\n\t\t\t<div class=\"elementor-widget-wrap elementor-element-populated\">\n\t\t\t\t\t\t<div class=\"elementor-element elementor-element-628992a elementor-widget elementor-widget-image\" data-id=\"628992a\" data-element_type=\"widget\" data-widget_type=\"image.default\">\n\t\t\t\t<div class=\"elementor-widget-container\">\n\t\t\t\t\t\t\t\t\t\t\t\t\t<img fetchpriority=\"high\" decoding=\"async\" width=\"579\" height=\"194\" src=\"https:\/\/www.ufsm.br\/app\/uploads\/sites\/777\/2020\/12\/Pet-Letras.png\" class=\"attachment-large size-large wp-image-709\" alt=\"\" srcset=\"https:\/\/www.ufsm.br\/app\/uploads\/sites\/777\/2020\/12\/Pet-Letras.png 579w, https:\/\/www.ufsm.br\/app\/uploads\/sites\/777\/2020\/12\/Pet-Letras-300x101.png 300w\" sizes=\"(max-width: 579px) 100vw, 579px\" \/>\t\t\t\t\t\t\t\t\t\t\t\t\t<\/div>\n\t\t\t\t<\/div>\n\t\t\t\t\t<\/div>\n\t\t<\/div>\n\t\t\t\t\t<\/div>\n\t\t<\/section>\n\t\t\t\t<section class=\"elementor-section elementor-top-section elementor-element elementor-element-31fda3f1 elementor-section-boxed elementor-section-height-default elementor-section-height-default\" data-id=\"31fda3f1\" data-element_type=\"section\">\n\t\t\t\t\t\t<div class=\"elementor-container elementor-column-gap-default\">\n\t\t\t\t\t<div class=\"elementor-column elementor-col-100 elementor-top-column elementor-element elementor-element-7c1b024\" data-id=\"7c1b024\" data-element_type=\"column\">\n\t\t\t<div class=\"elementor-widget-wrap elementor-element-populated\">\n\t\t\t\t\t\t<div class=\"elementor-element elementor-element-8d9b83a elementor-widget elementor-widget-heading\" data-id=\"8d9b83a\" data-element_type=\"widget\" data-widget_type=\"heading.default\">\n\t\t\t\t<div class=\"elementor-widget-container\">\n\t\t\t<h5 class=\"elementor-heading-title elementor-size-default\">Apresenta\u00e7\u00e3o<\/h5>\t\t<\/div>\n\t\t\t\t<\/div>\n\t\t\t\t<div class=\"elementor-element elementor-element-c8da605 elementor-widget elementor-widget-text-editor\" data-id=\"c8da605\" data-element_type=\"widget\" data-widget_type=\"text-editor.default\">\n\t\t\t\t<div class=\"elementor-widget-container\">\n\t\t\t\t\t\t\t<p>O PET Letras\/Laborat\u00f3rio Corpus \u2013 Programa de Educa\u00e7\u00e3o Tutorial dos Cursos de Letras \u00e9 formado por 18 estudantes dos Cursos de Letras (Licenciaturas e Bacharelado) da UFSM. O PET \u00e9 um projeto institucional financiado pelo MEC, ligado \u00e0 Pr\u00f3-Reitoria de Gradua\u00e7\u00e3o, e, no Curso de Letras, especificamente, volta-se ao desenvolvimento de atividades diversas de Ensino, Pesquisa e Extens\u00e3o, que qualificam a forma\u00e7\u00e3o em Letras e contribuem para a forma\u00e7\u00e3o cidad\u00e3 da comunidade em geral. Entre estas atividades, destacam-se as oficinas destinadas aos alunos de gradua\u00e7\u00e3o em Letras e aos professores do Ensino B\u00e1sico, organiza\u00e7\u00e3o e editora\u00e7\u00e3o da Revista Ideias (peri\u00f3dico voltado para os alunos de Gradua\u00e7\u00e3o em Letras da UFSM), o podcast Vozes do 40A, entre outras. Atualmente, o grupo PET Letras \u00e9 coordenado pela tutora Profa. Dra. Ta\u00eds da Silva Martins.<\/p>\t\t\t\t\t\t<\/div>\n\t\t\t\t<\/div>\n\t\t\t\t\t<\/div>\n\t\t<\/div>\n\t\t\t\t\t<\/div>\n\t\t<\/section>\n\t\t\t\t<section class=\"elementor-section elementor-top-section elementor-element elementor-element-95cfaa0 elementor-section-boxed elementor-section-height-default elementor-section-height-default\" data-id=\"95cfaa0\" data-element_type=\"section\">\n\t\t\t\t\t\t<div class=\"elementor-container elementor-column-gap-default\">\n\t\t\t\t\t<div class=\"elementor-column elementor-col-100 elementor-top-column elementor-element elementor-element-62177c6\" data-id=\"62177c6\" data-element_type=\"column\">\n\t\t\t<div class=\"elementor-widget-wrap elementor-element-populated\">\n\t\t\t\t\t\t<div class=\"elementor-element elementor-element-db29142 elementor-widget elementor-widget-heading\" data-id=\"db29142\" data-element_type=\"widget\" data-widget_type=\"heading.default\">\n\t\t\t\t<div class=\"elementor-widget-container\">\n\t\t\t<h5 class=\"elementor-heading-title elementor-size-default\">Utilidades<\/h5>\t\t<\/div>\n\t\t\t\t<\/div>\n\t\t\t\t\t<\/div>\n\t\t<\/div>\n\t\t\t\t\t<\/div>\n\t\t<\/section>\n\t\t\t\t<section class=\"elementor-section elementor-top-section elementor-element elementor-element-cbcbab1 elementor-section-boxed elementor-section-height-default elementor-section-height-default\" data-id=\"cbcbab1\" data-element_type=\"section\" data-settings=\"{&quot;background_background&quot;:&quot;classic&quot;}\">\n\t\t\t\t\t\t<div class=\"elementor-container elementor-column-gap-default\">\n\t\t\t\t\t<div class=\"elementor-column elementor-col-33 elementor-top-column elementor-element elementor-element-7ced7d9\" data-id=\"7ced7d9\" data-element_type=\"column\">\n\t\t\t<div class=\"elementor-widget-wrap elementor-element-populated\">\n\t\t\t\t\t\t<div class=\"elementor-element elementor-element-a73846c elementor-view-default elementor-position-top elementor-mobile-position-top elementor-widget elementor-widget-icon-box\" data-id=\"a73846c\" data-element_type=\"widget\" data-widget_type=\"icon-box.default\">\n\t\t\t\t<div class=\"elementor-widget-container\">\n\t\t\t\t\t<div class=\"elementor-icon-box-wrapper\">\n\n\t\t\t\t\t\t<div class=\"elementor-icon-box-icon\">\n\t\t\t\t<a href=\"https:\/\/www.ufsm.br\/pet\/letras\/integrantes\/\" class=\"elementor-icon elementor-animation-bounce-in\" tabindex=\"-1\">\n\t\t\t\t<i aria-hidden=\"true\" class=\"fas fa-people-carry\"><\/i>\t\t\t\t<\/a>\n\t\t\t<\/div>\n\t\t\t\n\t\t\t\t\t\t<div class=\"elementor-icon-box-content\">\n\n\t\t\t\t\t\t\t\t\t<h3 class=\"elementor-icon-box-title\">\n\t\t\t\t\t\t<a href=\"https:\/\/www.ufsm.br\/pet\/letras\/integrantes\/\" >\n\t\t\t\t\t\t\tIntegrantes\t\t\t\t\t\t<\/a>\n\t\t\t\t\t<\/h3>\n\t\t\t\t\n\t\t\t\t\n\t\t\t<\/div>\n\t\t\t\n\t\t<\/div>\n\t\t\t\t<\/div>\n\t\t\t\t<\/div>\n\t\t\t\t\t<\/div>\n\t\t<\/div>\n\t\t\t\t<div class=\"elementor-column elementor-col-33 elementor-top-column elementor-element elementor-element-1a42a37\" data-id=\"1a42a37\" data-element_type=\"column\">\n\t\t\t<div class=\"elementor-widget-wrap elementor-element-populated\">\n\t\t\t\t\t\t<div class=\"elementor-element elementor-element-df44aa8 elementor-view-default elementor-position-top elementor-mobile-position-top elementor-widget elementor-widget-icon-box\" data-id=\"df44aa8\" data-element_type=\"widget\" data-widget_type=\"icon-box.default\">\n\t\t\t\t<div class=\"elementor-widget-container\">\n\t\t\t\t\t<div class=\"elementor-icon-box-wrapper\">\n\n\t\t\t\t\t\t<div class=\"elementor-icon-box-icon\">\n\t\t\t\t<a href=\"https:\/\/www.ufsm.br\/pet\/letras\/atividades\/\" class=\"elementor-icon elementor-animation-bounce-in\" tabindex=\"-1\">\n\t\t\t\t<i aria-hidden=\"true\" class=\"fas fa-sitemap\"><\/i>\t\t\t\t<\/a>\n\t\t\t<\/div>\n\t\t\t\n\t\t\t\t\t\t<div class=\"elementor-icon-box-content\">\n\n\t\t\t\t\t\t\t\t\t<h3 class=\"elementor-icon-box-title\">\n\t\t\t\t\t\t<a href=\"https:\/\/www.ufsm.br\/pet\/letras\/atividades\/\" >\n\t\t\t\t\t\t\tAtividades\t\t\t\t\t\t<\/a>\n\t\t\t\t\t<\/h3>\n\t\t\t\t\n\t\t\t\t\n\t\t\t<\/div>\n\t\t\t\n\t\t<\/div>\n\t\t\t\t<\/div>\n\t\t\t\t<\/div>\n\t\t\t\t\t<\/div>\n\t\t<\/div>\n\t\t\t\t<div class=\"elementor-column elementor-col-33 elementor-top-column elementor-element elementor-element-6bfb0cc\" data-id=\"6bfb0cc\" data-element_type=\"column\">\n\t\t\t<div class=\"elementor-widget-wrap elementor-element-populated\">\n\t\t\t\t\t\t<div class=\"elementor-element elementor-element-dd0590d elementor-view-default elementor-position-top elementor-mobile-position-top elementor-widget elementor-widget-icon-box\" data-id=\"dd0590d\" data-element_type=\"widget\" data-widget_type=\"icon-box.default\">\n\t\t\t\t<div class=\"elementor-widget-container\">\n\t\t\t\t\t<div class=\"elementor-icon-box-wrapper\">\n\n\t\t\t\t\t\t<div class=\"elementor-icon-box-icon\">\n\t\t\t\t<a href=\"https:\/\/www.ufsm.br\/pet\/letras\/galeria\/\" class=\"elementor-icon elementor-animation-bounce-in\" tabindex=\"-1\">\n\t\t\t\t<i aria-hidden=\"true\" class=\"fas fa-camera\"><\/i>\t\t\t\t<\/a>\n\t\t\t<\/div>\n\t\t\t\n\t\t\t\t\t\t<div class=\"elementor-icon-box-content\">\n\n\t\t\t\t\t\t\t\t\t<h3 class=\"elementor-icon-box-title\">\n\t\t\t\t\t\t<a href=\"https:\/\/www.ufsm.br\/pet\/letras\/galeria\/\" >\n\t\t\t\t\t\t\tGaleria de Fotos\t\t\t\t\t\t<\/a>\n\t\t\t\t\t<\/h3>\n\t\t\t\t\n\t\t\t\t\n\t\t\t<\/div>\n\t\t\t\n\t\t<\/div>\n\t\t\t\t<\/div>\n\t\t\t\t<\/div>\n\t\t\t\t\t<\/div>\n\t\t<\/div>\n\t\t\t\t\t<\/div>\n\t\t<\/section>\n\t\t\t\t<section class=\"elementor-section elementor-top-section elementor-element elementor-element-88b985d elementor-section-boxed elementor-section-height-default elementor-section-height-default\" data-id=\"88b985d\" data-element_type=\"section\">\n\t\t\t\t\t\t<div class=\"elementor-container elementor-column-gap-default\">\n\t\t\t\t\t<div class=\"elementor-column elementor-col-100 elementor-top-column elementor-element elementor-element-6ada55a\" data-id=\"6ada55a\" data-element_type=\"column\">\n\t\t\t<div class=\"elementor-widget-wrap elementor-element-populated\">\n\t\t\t\t\t\t<div class=\"elementor-element elementor-element-1d9a11f elementor-widget elementor-widget-wp-widget-ufsm_noticias_widget\" data-id=\"1d9a11f\" data-element_type=\"widget\" data-widget_type=\"wp-widget-ufsm_noticias_widget.default\">\n\t\t\t\t<div class=\"elementor-widget-container\">\n\t\t\t<h5 class='titulo-conteudos'>Not\u00edcias<\/h5><div class='widget-noticias-inside'>\n                        <div class=\"row\">\n                                    <div class=\"col-12 col-lg-12 pb-4\">\n                                        \n                                            <span class='categoria-publicacao-widget'>\n                            Not\u00edcias                        <\/span>\n                        <br>\n                                        \n                    \n                    <a class=\"noticias-widget-title d-block \"  title=\"REVISTA IDEIAS &#8211; Edi\u00e7\u00e3o n\u00b0 34\" href=\"https:\/\/www.ufsm.br\/pet\/letras\/2025\/11\/24\/revista-ideias-edicao-n-34\">\n                                                REVISTA IDEIAS &#8211; Edi\u00e7\u00e3o n\u00b0 34                    <\/a>\n                    \n                                            <div class=\"noticias-widget-introtext\">\n                            A edi\u00e7\u00e3o de n\u00famero 34 da Revista Ideias j\u00e1 est\u00e1 dispon\u00edvel no formato digital.O projeto da Revista Ideias visa divulgar, fomentar e dar visibilidade ao conhecimento cient\u00edfico, art\u00edstico e cultural a partir da publica\u00e7\u00e3o de resenhas e artigos acad\u00eamicos dos&hellip;                        <\/div>\n                    \n                                        \n                                        \n                                            \n                                                    <div title=\"Publicado em 24\/11\/2025 - 21:18\" class=\"data-publicacao-widget\">\n                                <i  class=\"far fa-clock\"><\/i>\n                                24\/11\/2025 - 21:18                            <\/div>\n                                                                <\/div>\n                            <\/div>\n                    <div class=\"row\">\n                                    <div class=\"col-12 col-lg-12 pb-4\">\n                                        \n                                            <span class='categoria-publicacao-widget'>\n                            Not\u00edcias                        <\/span>\n                        <br>\n                                        \n                    \n                    <a class=\"noticias-widget-title d-block \"  title=\"IX Semin\u00e1rio Interno do PET Letras\" href=\"https:\/\/www.ufsm.br\/pet\/letras\/2024\/11\/05\/ix-seminario-interno-do-pet-letras\">\n                                                IX Semin\u00e1rio Interno do PET Letras                    <\/a>\n                    \n                                            <div class=\"noticias-widget-introtext\">\n                            No \u00faltimo dia 18 de setembro foi realizado o IX Semin\u00e1rio Interno PET Letras. O evento acontece anualmente, sendo um espa\u00e7o onde os petianos do PET Letras tem a oportunidade de apresentar o que est\u00e3o pesquisando para a comunidade. Confira&hellip;                        <\/div>\n                    \n                                        \n                                        \n                                            \n                                                    <div title=\"Publicado em 05\/11\/2024 - 21:08\" class=\"data-publicacao-widget\">\n                                <i  class=\"far fa-clock\"><\/i>\n                                05\/11\/2024 - 21:08                            <\/div>\n                                                                <\/div>\n                            <\/div>\n                    <div class=\"row\">\n                                    <div class=\"col-12 col-lg-12 pb-4\">\n                                        \n                                            <span class='categoria-publicacao-widget'>\n                            Not\u00edcias                        <\/span>\n                        <br>\n                                        \n                    \n                    <a class=\"noticias-widget-title d-block \"  title=\"REVISTA IDEIAS &#8211; Edi\u00e7\u00e3o n\u00b0 33\" href=\"https:\/\/www.ufsm.br\/pet\/letras\/2023\/12\/13\/revista-ideias-edicao-n-33\">\n                                                REVISTA IDEIAS &#8211; Edi\u00e7\u00e3o n\u00b0 33                    <\/a>\n                    \n                                            <div class=\"noticias-widget-introtext\">\n                            A edi\u00e7\u00e3o de n\u00famero 33 da Revista Ideias j\u00e1 est\u00e1 dispon\u00edvel no formato digital. O projeto da Revista Ideias visa divulgar, fomentar e dar visibilidade ao conhecimento cient\u00edfico, art\u00edstico e cultural a partir da publica\u00e7\u00e3o de resenhas e artigos acad\u00eamicos&hellip;                        <\/div>\n                    \n                                        \n                                        \n                                            \n                                                    <div title=\"Publicado em 13\/12\/2023 - 16:11\" class=\"data-publicacao-widget\">\n                                <i  class=\"far fa-clock\"><\/i>\n                                13\/12\/2023 - 16:11                            <\/div>\n                                                                <\/div>\n                            <\/div>\n                    <div class=\"row\">\n                                    <div class=\"col-12 col-lg-12 pb-4\">\n                                        \n                                            <span class='categoria-publicacao-widget'>\n                            Not\u00edcias                        <\/span>\n                        <br>\n                                        \n                    \n                    <a class=\"noticias-widget-title d-block \"  title=\"&#8220;Impulsionando Saberes: oficina de escrita&#8221; recebe pr\u00eamio de melhor projeto na \u00e1rea de Letras &#8211; XXV SULPET\" href=\"https:\/\/www.ufsm.br\/pet\/letras\/2023\/10\/11\/impulsionando-saberes-recebe-premio-de-melhor-projeto-na-area-de-letras-xxv-sulpet\">\n                                                &#8220;Impulsionando Saberes: oficina de escrita&#8221; recebe pr\u00eamio de melhor projeto na \u00e1rea de Letras &#8211; XXV SULPET                    <\/a>\n                    \n                                            <div class=\"noticias-widget-introtext\">\n                            Nos dias 22 e 23 de setembro de 2023 aconteceu o XXV SULPET &#8211; Encontro dos Grupos PET da Regi\u00e3o Sul, realizado de forma online. O evento teve como foco reunir os grupos PET da regi\u00e3o Sul para refletir sobre&hellip;                        <\/div>\n                    \n                                        \n                                        \n                                            \n                                                    <div title=\"Publicado em 11\/10\/2023 - 13:58\" class=\"data-publicacao-widget\">\n                                <i  class=\"far fa-clock\"><\/i>\n                                11\/10\/2023 - 13:58                            <\/div>\n                                                                <\/div>\n                            <\/div>\n                    <div class=\"row\">\n                                    <div class=\"col-12 col-lg-12 pb-4\">\n                                        \n                                            <span class='categoria-publicacao-widget'>\n                            Edital, Not\u00edcias                        <\/span>\n                        <br>\n                                        \n                    \n                    <a class=\"noticias-widget-title d-block \"  title=\"Venha participar do PET LETRAS!\" href=\"https:\/\/www.ufsm.br\/pet\/letras\/2023\/09\/01\/venha-participar-do-pet-letras\">\n                                                Venha participar do PET LETRAS!                    <\/a>\n                    \n                                            <div class=\"noticias-widget-introtext\">\n                            SELE\u00c7\u00c3O DE ESTUDANTES BOLSISTAS E N\u00c3O BOLSISTAS DO PROGRAMA DE EDUCA\u00c7\u00c3O TUTORIAL (PET) &#8211; LETRAS\u00a0 Encontram-se abertas, do 01 de setembro at\u00e9 o dia 08 de setembro de 2023, as inscri\u00e7\u00f5es para o processo de sele\u00e7\u00e3o de bolsistas e de&hellip;                        <\/div>\n                    \n                                        \n                                        \n                                            \n                                                    <div title=\"Publicado em 01\/09\/2023 - 19:11\" class=\"data-publicacao-widget\">\n                                <i  class=\"far fa-clock\"><\/i>\n                                01\/09\/2023 - 19:11                            <\/div>\n                                                                <\/div>\n                            <\/div>\n            <\/div>\n<div class=\"leia-mais p-1\">\n                <a href=\"https:\/\/www.ufsm.br\/pet\/letras\/busca\/?q=&area=post&orderby=date&sites%5B%5D=777\">\n            LEIA MAIS            <span class=\"icon-box\">\n                <span class=\"bg-ufsm-widget-icon\">\n                    <i class=\"fas fa-chevron-right\" aria-hidden=\"true\"><\/i>\n                <\/span>\n            <\/span>\n        <\/a>\n    <\/div>\n\t\t<\/div>\n\t\t\t\t<\/div>\n\t\t\t\t\t<\/div>\n\t\t<\/div>\n\t\t\t\t\t<\/div>\n\t\t<\/section>\n\t\t\t\t<\/div>\n\t\t","protected":false},"excerpt":{"rendered":"<p>Apresenta\u00e7\u00e3o O PET Letras\/Laborat\u00f3rio Corpus \u2013 Programa de Educa\u00e7\u00e3o Tutorial dos Cursos de Letras \u00e9 formado por 18 estudantes dos Cursos de Letras (Licenciaturas e Bacharelado) da UFSM. O PET \u00e9 um projeto institucional financiado pelo MEC, ligado \u00e0 Pr\u00f3-Reitoria de Gradua\u00e7\u00e3o, e, no Curso de Letras, especificamente, volta-se ao desenvolvimento de atividades diversas de [&hellip;]<\/p>\n","protected":false},"author":26,"featured_media":0,"parent":0,"menu_order":0,"comment_status":"closed","ping_status":"open","template":"","meta":{"footnotes":""},"categories":[],"tags":[],"class_list":["post-2","page","type-page","status-publish","hentry"],"acf":[],"_links":{"self":[{"href":"https:\/\/www.ufsm.br\/pet\/letras\/wp-json\/wp\/v2\/pages\/2","targetHints":{"allow":["GET"]}}],"collection":[{"href":"https:\/\/www.ufsm.br\/pet\/letras\/wp-json\/wp\/v2\/pages"}],"about":[{"href":"https:\/\/www.ufsm.br\/pet\/letras\/wp-json\/wp\/v2\/types\/page"}],"author":[{"embeddable":true,"href":"https:\/\/www.ufsm.br\/pet\/letras\/wp-json\/wp\/v2\/users\/26"}],"replies":[{"embeddable":true,"href":"https:\/\/www.ufsm.br\/pet\/letras\/wp-json\/wp\/v2\/comments?post=2"}],"version-history":[{"count":0,"href":"https:\/\/www.ufsm.br\/pet\/letras\/wp-json\/wp\/v2\/pages\/2\/revisions"}],"wp:attachment":[{"href":"https:\/\/www.ufsm.br\/pet\/letras\/wp-json\/wp\/v2\/media?parent=2"}],"wp:term":[{"taxonomy":"category","embeddable":true,"href":"https:\/\/www.ufsm.br\/pet\/letras\/wp-json\/wp\/v2\/categories?post=2"},{"taxonomy":"post_tag","embeddable":true,"href":"https:\/\/www.ufsm.br\/pet\/letras\/wp-json\/wp\/v2\/tags?post=2"}],"curies":[{"name":"wp","href":"https:\/\/api.w.org\/{rel}","templated":true}]}}