{"id":22,"date":"2019-05-14T17:01:42","date_gmt":"2019-05-14T20:01:42","guid":{"rendered":"https:\/\/www.ufsm.br\/template-laboratprio\/?page_id=22"},"modified":"2021-06-07T09:49:43","modified_gmt":"2021-06-07T12:49:43","slug":"informacoes-gerais","status":"publish","type":"page","link":"https:\/\/www.ufsm.br\/pet\/letras\/informacoes-gerais","title":{"rendered":"Sobre"},"content":{"rendered":"\n<p>O Programa de Educa\u00e7\u00e3o Tutorial dos Crusos de Letras (PET Letras) \u00e9 um dos v\u00e1rios grupos do Programa de Educa\u00e7\u00e3o Tutorial funanciados pelo Minist\u00e9rio da Educa\u00e7\u00e3o e da Cultura (MEC) desde de seu in\u00edcio. O PET visa incentivar\/ estimular atividades de pesquisa, ensino e extens\u00e3o nos alunos de gradua\u00e7\u00e3o. Nesse sentido o Programa tem como objetivo fazer os discentes entrarem em contato com a comunidade e a partir dos conhecimentos adquiridos dentro do ambiente universit\u00e1rio. Assim todos\/as Petianos\/as t\u00eam na sua ess\u00eancia a vontade de formular solu\u00e7\u00f5es e melhorias para a sociedade. Tamb\u00e9m, atrav\u00e9s das atividades desenvolvidas pelo programa, o\/a aluno\/a passa a ter uma forma\u00e7\u00e3o acad\u00eamica mais completa para atuar enquanto sujeito dentro de sua comunidade.<\/p>\n<p>Ainda sobre o PET Letras, surge na Universidade Federal de Santa Maria, no ano de 2010, o <strong>PET Letras\/Laborat\u00f3rio Corpus<\/strong>, programa que abrange os cursos de Licenciatura e Bacharelado em<a href=\"https:\/\/www.ufsm.br\/cursos\/graduacao\/santa-maria\/letras\/\"> Letras<\/a> da <a href=\"https:\/\/www.ufsm.br\">UFSM<\/a>. Nosso grupo conta, atualmente, com 18 <a href=\"https:\/\/www.ufsm.br\/pet\/letras\/integrantes\/\">acad\u00eamicos\/as<\/a>, sendo eles 12 bolsistas e 6 volunt\u00e1rios\/as, juntamente com nossa tutora. Assim, desenvolvemos diversas atividades e <a href=\"https:\/\/www.ufsm.br\/pet\/letras\/projetos\/\">projetos<\/a> dentro e fora da universidade, sendo eles: o podcast <em>Vozes do 40A<\/em>, o programa <em>Ecos do Vozes<\/em>, <em>Revista Ideias<\/em>, o <em>PET \u00e9 Letras: rodas de conversa<\/em>, e o projeto de pesquisa \u201c<em>Manualiza\u00e7\u00e3o do saber Lingu\u00edstico: o processo de produ\u00e7\u00e3o de guias de linguagem Inclusiva<\/em>\u201d. Al\u00e9m disso, todos os integrantes est\u00e3o envolvidos em grupos de estudos e projetos em diversas fontes de pesquisas de estudos da linguagem.<\/p>\n<p>Quer saber um pouco mais sobre n\u00f3s? \u00a0<\/p>\n<p>Estamos no <a href=\"https:\/\/www.facebook.com\/PET-Letras-Laborat\u00f3rio-Corpus-UFSM-286575814698076\/\">Facebook <\/a>\u00a0e no <a href=\"https:\/\/www.instagram.com\/petletraslabcorpus\/\">Instagram<\/a>.<\/p>\n","protected":false},"excerpt":{"rendered":"<p>O Programa de Educa\u00e7\u00e3o Tutorial dos Crusos de Letras (PET Letras) \u00e9 um dos v\u00e1rios grupos do Programa de Educa\u00e7\u00e3o Tutorial funanciados pelo Minist\u00e9rio da Educa\u00e7\u00e3o e da Cultura (MEC) desde de seu in\u00edcio. O PET visa incentivar\/ estimular atividades de pesquisa, ensino e extens\u00e3o nos alunos de gradua\u00e7\u00e3o. Nesse sentido o Programa tem como [&hellip;]<\/p>\n","protected":false},"author":8,"featured_media":0,"parent":0,"menu_order":0,"comment_status":"closed","ping_status":"closed","template":"","meta":{"footnotes":""},"categories":[],"tags":[],"class_list":["post-22","page","type-page","status-publish","hentry"],"acf":[],"_links":{"self":[{"href":"https:\/\/www.ufsm.br\/pet\/letras\/wp-json\/wp\/v2\/pages\/22","targetHints":{"allow":["GET"]}}],"collection":[{"href":"https:\/\/www.ufsm.br\/pet\/letras\/wp-json\/wp\/v2\/pages"}],"about":[{"href":"https:\/\/www.ufsm.br\/pet\/letras\/wp-json\/wp\/v2\/types\/page"}],"author":[{"embeddable":true,"href":"https:\/\/www.ufsm.br\/pet\/letras\/wp-json\/wp\/v2\/users\/8"}],"replies":[{"embeddable":true,"href":"https:\/\/www.ufsm.br\/pet\/letras\/wp-json\/wp\/v2\/comments?post=22"}],"version-history":[{"count":0,"href":"https:\/\/www.ufsm.br\/pet\/letras\/wp-json\/wp\/v2\/pages\/22\/revisions"}],"wp:attachment":[{"href":"https:\/\/www.ufsm.br\/pet\/letras\/wp-json\/wp\/v2\/media?parent=22"}],"wp:term":[{"taxonomy":"category","embeddable":true,"href":"https:\/\/www.ufsm.br\/pet\/letras\/wp-json\/wp\/v2\/categories?post=22"},{"taxonomy":"post_tag","embeddable":true,"href":"https:\/\/www.ufsm.br\/pet\/letras\/wp-json\/wp\/v2\/tags?post=22"}],"curies":[{"name":"wp","href":"https:\/\/api.w.org\/{rel}","templated":true}]}}